{"id":76918,"date":"2021-12-10T09:19:05","date_gmt":"2021-12-10T08:19:05","guid":{"rendered":"http:\/\/www.adac971.com\/?post_type=product&#038;p=76918"},"modified":"2021-12-10T09:38:09","modified_gmt":"2021-12-10T08:38:09","slug":"regart-photographie","status":"publish","type":"product","link":"https:\/\/www.adac971.com\/index.php\/product\/regart-photographie\/","title":{"rendered":"REG&rsquo;ART PHOTOGRAPHIE"},"content":{"rendered":"<h1 class=\"wpsestyles orange-message\">10% sur les forfaits de prestations (mariage, naissance,grossesse,shooting \u00e0 l&rsquo;heure) et 20 % sur les tirages photos prises par le photographe<\/h1>\n<p><span class=\"PBLongTxt\">Sur pr\u00e9sentation de la carte ADAC 971 (sauf sur les promotions, soldes et ventes flash, remise non cumulable)<\/span><\/p>\n<div>\u00a0<\/div>\n<table>\n<tbody>\n<tr>\n<td width=\"45\"><img loading=\"lazy\" class=\"alignnone size-full wp-image-75435\" src=\"http:\/\/adaccomumu.cluster028.hosting.ovh.net\/wp-content\/uploads\/2020\/08\/icone-tel-3.png\" alt=\"\" width=\"40\" height=\"37\" \/><\/td>\n<td width=\"19\">\u00a0<\/td>\n<td width=\"555\">\u00a00690 72 20 20<\/td>\n<\/tr>\n<tr>\n<td width=\"45\"><img loading=\"lazy\" class=\"alignnone size-full wp-image-75433\" src=\"http:\/\/adaccomumu.cluster028.hosting.ovh.net\/wp-content\/uploads\/2020\/08\/icone-adresse-2.png\" alt=\"\" width=\"32\" height=\"40\" \/><\/td>\n<td width=\"19\">\u00a0<\/td>\n<td width=\"555\">\n<p>5 lot GOURDINE Convenance 97122 BAIE-MAHAULT<\/p>\n<\/td>\n<\/tr>\n<tr>\n<td width=\"45\"><img loading=\"lazy\" class=\"alignnone size-full wp-image-75432\" src=\"http:\/\/adaccomumu.cluster028.hosting.ovh.net\/wp-content\/uploads\/2020\/08\/clock-1.png\" alt=\"\" width=\"40\" height=\"40\" \/><\/td>\n<td width=\"19\">\u00a0<\/td>\n<td width=\"555\">\u00a0<\/td>\n<\/tr>\n<tr>\n<td width=\"45\"><img loading=\"lazy\" class=\"alignnone size-full wp-image-75436\" src=\"http:\/\/adaccomumu.cluster028.hosting.ovh.net\/wp-content\/uploads\/2020\/08\/mail-icone-2.jpg\" alt=\"\" width=\"40\" height=\"30\" \/><\/td>\n<td width=\"19\">\u00a0<\/td>\n<td width=\"555\">\n<div class=\"dwo3fsh8 g5ia77u1 rt8b4zig n8ej3o3l agehan2d sk4xxmp2 rq0escxv q9uorilb kvgmc6g5 cxmmr5t8 oygrvhab hcukyx3x jb3vyjys rz4wbd8a qt6c0cv9 a8nywdso l9j0dhe7 i1ao9s8h k4urcfbm\">\n<div class=\"j83agx80 cbu4d94t sj5x9vvc cxgpxx05\">\n<div class=\"rq0escxv l9j0dhe7 du4w35lb j83agx80 pfnyh3mw jifvfom9 ll8tlv6m owycx6da btwxx1t3 hv4rvrfc dati1w0a jb3vyjys b5q2rw42 lq239pai mysgfdmx hddg9phg\">\n<div class=\"rq0escxv l9j0dhe7 du4w35lb j83agx80 cbu4d94t g5gj957u d2edcug0 hpfvmrgz rj1gh0hx buofh1pr o8rfisnq p8fzw8mz pcp91wgn iuny7tx3 ipjc6fyt\">\n<div class=\"j83agx80 cbu4d94t ew0dbk1b irj2b8pg\">\n<div class=\"qzhwtbm6 knvmm38d\">\n<div class=\"dwo3fsh8 g5ia77u1 rt8b4zig n8ej3o3l agehan2d sk4xxmp2 rq0escxv q9uorilb kvgmc6g5 cxmmr5t8 oygrvhab hcukyx3x jb3vyjys rz4wbd8a qt6c0cv9 a8nywdso l9j0dhe7 i1ao9s8h k4urcfbm\">\n<div class=\"j83agx80 cbu4d94t sj5x9vvc cxgpxx05\">\n<div class=\"rq0escxv l9j0dhe7 du4w35lb j83agx80 pfnyh3mw jifvfom9 ll8tlv6m owycx6da btwxx1t3 hv4rvrfc dati1w0a jb3vyjys b5q2rw42 lq239pai mysgfdmx hddg9phg\">\n<div class=\"rq0escxv l9j0dhe7 du4w35lb j83agx80 cbu4d94t g5gj957u d2edcug0 hpfvmrgz rj1gh0hx buofh1pr o8rfisnq p8fzw8mz pcp91wgn iuny7tx3 ipjc6fyt\">\n<div class=\"j83agx80 cbu4d94t ew0dbk1b irj2b8pg\">\n<div class=\"qzhwtbm6 knvmm38d\">\n<div class=\"dwo3fsh8 g5ia77u1 rt8b4zig n8ej3o3l agehan2d sk4xxmp2 rq0escxv q9uorilb kvgmc6g5 cxmmr5t8 oygrvhab hcukyx3x jb3vyjys rz4wbd8a qt6c0cv9 a8nywdso l9j0dhe7 i1ao9s8h k4urcfbm\">\n<div class=\"j83agx80 cbu4d94t sj5x9vvc cxgpxx05\">\n<div class=\"rq0escxv l9j0dhe7 du4w35lb j83agx80 pfnyh3mw jifvfom9 ll8tlv6m owycx6da btwxx1t3 hv4rvrfc dati1w0a jb3vyjys b5q2rw42 lq239pai mysgfdmx hddg9phg\">\n<div class=\"rq0escxv l9j0dhe7 du4w35lb j83agx80 cbu4d94t g5gj957u d2edcug0 hpfvmrgz rj1gh0hx buofh1pr o8rfisnq p8fzw8mz pcp91wgn iuny7tx3 ipjc6fyt\">\n<div class=\"j83agx80 cbu4d94t ew0dbk1b irj2b8pg\">\n<div class=\"qzhwtbm6 knvmm38d\">\n<div class=\"dwo3fsh8 g5ia77u1 rt8b4zig n8ej3o3l agehan2d sk4xxmp2 rq0escxv q9uorilb kvgmc6g5 cxmmr5t8 oygrvhab hcukyx3x jb3vyjys rz4wbd8a qt6c0cv9 a8nywdso l9j0dhe7 i1ao9s8h k4urcfbm\">\n<div class=\"j83agx80 cbu4d94t sj5x9vvc cxgpxx05\">\n<div class=\"rq0escxv l9j0dhe7 du4w35lb j83agx80 pfnyh3mw jifvfom9 ll8tlv6m owycx6da btwxx1t3 hv4rvrfc dati1w0a jb3vyjys b5q2rw42 lq239pai mysgfdmx hddg9phg\">\n<div class=\"rq0escxv l9j0dhe7 du4w35lb j83agx80 cbu4d94t g5gj957u d2edcug0 hpfvmrgz rj1gh0hx buofh1pr o8rfisnq p8fzw8mz pcp91wgn iuny7tx3 ipjc6fyt\">\n<div class=\"j83agx80 cbu4d94t ew0dbk1b irj2b8pg\">\n<div class=\"qzhwtbm6 knvmm38d\">\n<div class=\"dwo3fsh8 g5ia77u1 rt8b4zig n8ej3o3l agehan2d sk4xxmp2 rq0escxv q9uorilb kvgmc6g5 cxmmr5t8 oygrvhab hcukyx3x jb3vyjys rz4wbd8a qt6c0cv9 a8nywdso l9j0dhe7 i1ao9s8h k4urcfbm\">\n<div class=\"j83agx80 cbu4d94t sj5x9vvc cxgpxx05\">\n<div class=\"rq0escxv l9j0dhe7 du4w35lb j83agx80 pfnyh3mw jifvfom9 ll8tlv6m owycx6da btwxx1t3 hv4rvrfc dati1w0a jb3vyjys b5q2rw42 lq239pai mysgfdmx hddg9phg\">\n<div class=\"rq0escxv l9j0dhe7 du4w35lb j83agx80 cbu4d94t g5gj957u d2edcug0 hpfvmrgz rj1gh0hx buofh1pr o8rfisnq p8fzw8mz pcp91wgn iuny7tx3 ipjc6fyt\">\n<div class=\"j83agx80 cbu4d94t ew0dbk1b irj2b8pg\">\n<div class=\"qzhwtbm6 knvmm38d\">\n<div class=\"dwo3fsh8 g5ia77u1 rt8b4zig n8ej3o3l agehan2d sk4xxmp2 rq0escxv q9uorilb kvgmc6g5 cxmmr5t8 oygrvhab hcukyx3x jb3vyjys rz4wbd8a qt6c0cv9 a8nywdso l9j0dhe7 i1ao9s8h k4urcfbm\">\n<div class=\"j83agx80 cbu4d94t sj5x9vvc cxgpxx05\">\n<div class=\"rq0escxv l9j0dhe7 du4w35lb j83agx80 pfnyh3mw jifvfom9 ll8tlv6m owycx6da btwxx1t3 hv4rvrfc dati1w0a jb3vyjys b5q2rw42 lq239pai mysgfdmx hddg9phg\">\n<div class=\"rq0escxv l9j0dhe7 du4w35lb j83agx80 cbu4d94t g5gj957u d2edcug0 hpfvmrgz rj1gh0hx buofh1pr o8rfisnq p8fzw8mz pcp91wgn iuny7tx3 ipjc6fyt\">\n<div class=\"j83agx80 cbu4d94t ew0dbk1b irj2b8pg\">\n<div class=\"qzhwtbm6 knvmm38d\">\n<div class=\"dwo3fsh8 g5ia77u1 rt8b4zig n8ej3o3l agehan2d sk4xxmp2 rq0escxv q9uorilb kvgmc6g5 cxmmr5t8 oygrvhab hcukyx3x jb3vyjys rz4wbd8a qt6c0cv9 a8nywdso l9j0dhe7 i1ao9s8h k4urcfbm\">\n<div class=\"j83agx80 cbu4d94t sj5x9vvc cxgpxx05\">\n<div class=\"rq0escxv l9j0dhe7 du4w35lb j83agx80 pfnyh3mw jifvfom9 ll8tlv6m owycx6da btwxx1t3 hv4rvrfc dati1w0a jb3vyjys b5q2rw42 lq239pai mysgfdmx hddg9phg\">\n<div class=\"rq0escxv l9j0dhe7 du4w35lb j83agx80 cbu4d94t g5gj957u d2edcug0 hpfvmrgz rj1gh0hx buofh1pr o8rfisnq p8fzw8mz pcp91wgn iuny7tx3 ipjc6fyt\">\n<div class=\"j83agx80 cbu4d94t ew0dbk1b irj2b8pg\">\n<div class=\"qzhwtbm6 knvmm38d\">regartphotographie@gmail.com<\/div>\n<\/div>\n<\/div>\n<\/div>\n<\/div>\n<\/div>\n<\/div>\n<\/div>\n<\/div>\n<\/div>\n<\/div>\n<\/div>\n<\/div>\n<\/div>\n<\/div>\n<\/div>\n<\/div>\n<\/div>\n<\/div>\n<\/div>\n<\/div>\n<\/div>\n<\/div>\n<\/div>\n<\/div>\n<\/div>\n<\/div>\n<\/div>\n<\/div>\n<\/div>\n<\/div>\n<\/div>\n<\/div>\n<\/div>\n<\/div>\n<\/div>\n<\/div>\n<\/div>\n<\/div>\n<\/div>\n<\/div>\n<\/div>\n<\/td>\n<\/tr>\n<tr>\n<td width=\"45\"><img loading=\"lazy\" class=\"alignnone size-full wp-image-75434\" src=\"http:\/\/adaccomumu.cluster028.hosting.ovh.net\/wp-content\/uploads\/2020\/08\/icone-site-2.png\" alt=\"\" width=\"40\" height=\"39\" \/><\/td>\n<td width=\"19\">\u00a0<\/td>\n<td width=\"555\"><a href=\"https:\/\/www.jingoo.com\/reg'art-photographie\/portfolio.php\" target=\"_blank\" rel=\"noopener noreferrer\">REG&rsquo;ART PHOTOGRAPHIE<\/a><\/td>\n<\/tr>\n<tr>\n<td width=\"45\"><img loading=\"lazy\" class=\"alignnone size-full wp-image-75490\" src=\"http:\/\/adaccomumu.cluster028.hosting.ovh.net\/wp-content\/uploads\/2020\/08\/facebook.png\" alt=\"\" width=\"40\" height=\"40\" \/><\/td>\n<td width=\"19\">\u00a0<\/td>\n<td width=\"555\"><a href=\"https:\/\/www.facebook.com\/regartphotographie\" target=\"_blank\" rel=\"noopener noreferrer\">https:\/\/www.facebook.com\/regartphotographie<\/a><\/td>\n<\/tr>\n<\/tbody>\n<\/table>\n<div class=\"block-text \">\u00a0<\/div>\n<div>\n<div class=\"dwo3fsh8 g5ia77u1 rt8b4zig n8ej3o3l agehan2d sk4xxmp2 rq0escxv q9uorilb kvgmc6g5 cxmmr5t8 oygrvhab hcukyx3x jb3vyjys rz4wbd8a qt6c0cv9 a8nywdso l9j0dhe7 i1ao9s8h k4urcfbm\">\n<div class=\"j83agx80 cbu4d94t sj5x9vvc cxgpxx05\">\n<div class=\"rq0escxv l9j0dhe7 du4w35lb j83agx80 pfnyh3mw jifvfom9 ll8tlv6m owycx6da btwxx1t3 hv4rvrfc dati1w0a jb3vyjys b5q2rw42 lq239pai mysgfdmx hddg9phg\">\n<div class=\"rq0escxv l9j0dhe7 du4w35lb j83agx80 cbu4d94t g5gj957u d2edcug0 hpfvmrgz rj1gh0hx buofh1pr o8rfisnq p8fzw8mz pcp91wgn iuny7tx3 ipjc6fyt\">\n<div class=\"j83agx80 cbu4d94t ew0dbk1b irj2b8pg\">\n<div class=\"qzhwtbm6 knvmm38d\">\n<div class=\"j83agx80 cbu4d94t ew0dbk1b irj2b8pg\">\n<div class=\"qzhwtbm6 knvmm38d\">\n<div class=\"kvgmc6g5 cxmmr5t8 oygrvhab hcukyx3x c1et5uql\">\n<div dir=\"auto\">\n<p class=\"GtAk2e\">Arr\u00eater le temps ce centi\u00e8me de seconde pour faire passer des \u00e9motions &#8230;&#8230;<\/p>\n<div class=\"carousel-slider-outer carousel-slider-outer-images carousel-slider-outer-76919\">\n\t<style type=\"text\/css\">\n            #id-76919 .carousel-slider-nav-icon {\n                fill: #f1f1f1\n            }\n            #id-76919 .carousel-slider-nav-icon:hover {\n                fill: #00d1b2\n            }\n            #id-76919 .owl-prev,\n            #id-76919 .owl-next,\n            #id-76919 .carousel-slider-nav-icon {\n                height: 48px;\n                width: 48px\n            }\n            #id-76919.arrows-outside .owl-prev {\n                left: -48px\n            }\n            #id-76919.arrows-outside .owl-next {\n                right: -48px\n            }\n        \n\t\t    #id-76919 .owl-dots .owl-dot span {\n                background-color: #f1f1f1;\n                width: 10px;\n                height: 10px;\n            }\n            #id-76919 .owl-dots .owl-dot.active span,\n            #id-76919 .owl-dots .owl-dot:hover span {\n                background-color: #00d1b2\n            }\n\t\t<\/style>\t<div id=\"id-76919\" class=\"owl-carousel carousel-slider arrows-outside arrows-visible-hover dots-hidden dots-center dots-square\" data-slide-type=\"image-carousel\" data-margin=\"10\" data-slide-by=\"1\" data-loop=\"true\" data-lazy-load=\"false\" data-stage-padding=\"0\" data-auto-width=\"false\" data-dots=\"false\" data-nav=\"true\" data-autoplay=\"true\" data-autoplay-timeout=\"5000\" data-autoplay-speed=\"500\" data-autoplay-hover-pause=\"false\" data-colums=\"4\" data-colums-desktop=\"4\" data-colums-small-desktop=\"4\" data-colums-tablet=\"3\" data-colums-small-tablet=\"2\" data-colums-mobile=\"1\">\n\t\t<div class=\"carousel-slider__item\"><img width=\"150\" height=\"150\" src=\"https:\/\/www.adac971.com\/wp-content\/uploads\/2020\/10\/15272258_1153416464727028_7230627916727494930_o-150x150.jpg\" class=\"attachment-thumbnail size-thumbnail\" alt=\"\" loading=\"lazy\" srcset=\"https:\/\/www.adac971.com\/wp-content\/uploads\/2020\/10\/15272258_1153416464727028_7230627916727494930_o-150x150.jpg 150w, https:\/\/www.adac971.com\/wp-content\/uploads\/2020\/10\/15272258_1153416464727028_7230627916727494930_o-100x100.jpg 100w, https:\/\/www.adac971.com\/wp-content\/uploads\/2020\/10\/15272258_1153416464727028_7230627916727494930_o-300x300.jpg 300w, https:\/\/www.adac971.com\/wp-content\/uploads\/2020\/10\/15272258_1153416464727028_7230627916727494930_o-75x75.jpg 75w, https:\/\/www.adac971.com\/wp-content\/uploads\/2020\/10\/15272258_1153416464727028_7230627916727494930_o-50x50.jpg 50w\" sizes=\"(max-width: 150px) 100vw, 150px\" \/><\/div><div class=\"carousel-slider__item\"><img width=\"150\" height=\"150\" src=\"https:\/\/www.adac971.com\/wp-content\/uploads\/2020\/10\/21056141_1405481839520488_3124451888819914227_o-150x150.jpg\" class=\"attachment-thumbnail size-thumbnail\" alt=\"\" loading=\"lazy\" srcset=\"https:\/\/www.adac971.com\/wp-content\/uploads\/2020\/10\/21056141_1405481839520488_3124451888819914227_o-150x150.jpg 150w, https:\/\/www.adac971.com\/wp-content\/uploads\/2020\/10\/21056141_1405481839520488_3124451888819914227_o-100x100.jpg 100w, https:\/\/www.adac971.com\/wp-content\/uploads\/2020\/10\/21056141_1405481839520488_3124451888819914227_o-300x300.jpg 300w, https:\/\/www.adac971.com\/wp-content\/uploads\/2020\/10\/21056141_1405481839520488_3124451888819914227_o-75x75.jpg 75w, https:\/\/www.adac971.com\/wp-content\/uploads\/2020\/10\/21056141_1405481839520488_3124451888819914227_o-50x50.jpg 50w\" sizes=\"(max-width: 150px) 100vw, 150px\" \/><\/div><div class=\"carousel-slider__item\"><img width=\"150\" height=\"150\" src=\"https:\/\/www.adac971.com\/wp-content\/uploads\/2020\/10\/60085093_2129826453752686_3511752534668607488_n-150x150.jpg\" class=\"attachment-thumbnail size-thumbnail\" alt=\"\" loading=\"lazy\" srcset=\"https:\/\/www.adac971.com\/wp-content\/uploads\/2020\/10\/60085093_2129826453752686_3511752534668607488_n-150x150.jpg 150w, https:\/\/www.adac971.com\/wp-content\/uploads\/2020\/10\/60085093_2129826453752686_3511752534668607488_n-100x100.jpg 100w, https:\/\/www.adac971.com\/wp-content\/uploads\/2020\/10\/60085093_2129826453752686_3511752534668607488_n-300x300.jpg 300w, https:\/\/www.adac971.com\/wp-content\/uploads\/2020\/10\/60085093_2129826453752686_3511752534668607488_n-75x75.jpg 75w, https:\/\/www.adac971.com\/wp-content\/uploads\/2020\/10\/60085093_2129826453752686_3511752534668607488_n-50x50.jpg 50w\" sizes=\"(max-width: 150px) 100vw, 150px\" \/><\/div><div class=\"carousel-slider__item\"><img width=\"150\" height=\"150\" src=\"https:\/\/www.adac971.com\/wp-content\/uploads\/2020\/10\/67654115_2260153914053272_7526878668107284480_n-150x150.jpg\" class=\"attachment-thumbnail size-thumbnail\" alt=\"\" loading=\"lazy\" srcset=\"https:\/\/www.adac971.com\/wp-content\/uploads\/2020\/10\/67654115_2260153914053272_7526878668107284480_n-150x150.jpg 150w, https:\/\/www.adac971.com\/wp-content\/uploads\/2020\/10\/67654115_2260153914053272_7526878668107284480_n-100x100.jpg 100w, https:\/\/www.adac971.com\/wp-content\/uploads\/2020\/10\/67654115_2260153914053272_7526878668107284480_n-300x300.jpg 300w, https:\/\/www.adac971.com\/wp-content\/uploads\/2020\/10\/67654115_2260153914053272_7526878668107284480_n-75x75.jpg 75w, https:\/\/www.adac971.com\/wp-content\/uploads\/2020\/10\/67654115_2260153914053272_7526878668107284480_n-50x50.jpg 50w\" sizes=\"(max-width: 150px) 100vw, 150px\" \/><\/div><div class=\"carousel-slider__item\"><img width=\"150\" height=\"150\" src=\"https:\/\/www.adac971.com\/wp-content\/uploads\/2020\/10\/67717309_2279077382160925_530191503415312384_n-150x150.jpg\" class=\"attachment-thumbnail size-thumbnail\" alt=\"\" loading=\"lazy\" srcset=\"https:\/\/www.adac971.com\/wp-content\/uploads\/2020\/10\/67717309_2279077382160925_530191503415312384_n-150x150.jpg 150w, https:\/\/www.adac971.com\/wp-content\/uploads\/2020\/10\/67717309_2279077382160925_530191503415312384_n-100x100.jpg 100w, https:\/\/www.adac971.com\/wp-content\/uploads\/2020\/10\/67717309_2279077382160925_530191503415312384_n-300x300.jpg 300w, https:\/\/www.adac971.com\/wp-content\/uploads\/2020\/10\/67717309_2279077382160925_530191503415312384_n-75x75.jpg 75w, https:\/\/www.adac971.com\/wp-content\/uploads\/2020\/10\/67717309_2279077382160925_530191503415312384_n-50x50.jpg 50w\" sizes=\"(max-width: 150px) 100vw, 150px\" \/><\/div><div class=\"carousel-slider__item\"><img width=\"150\" height=\"150\" src=\"https:\/\/www.adac971.com\/wp-content\/uploads\/2020\/10\/81283096_2585046411564019_9113683060355760128_n-150x150.jpg\" class=\"attachment-thumbnail size-thumbnail\" alt=\"\" loading=\"lazy\" srcset=\"https:\/\/www.adac971.com\/wp-content\/uploads\/2020\/10\/81283096_2585046411564019_9113683060355760128_n-150x150.jpg 150w, https:\/\/www.adac971.com\/wp-content\/uploads\/2020\/10\/81283096_2585046411564019_9113683060355760128_n-100x100.jpg 100w, https:\/\/www.adac971.com\/wp-content\/uploads\/2020\/10\/81283096_2585046411564019_9113683060355760128_n-300x300.jpg 300w, https:\/\/www.adac971.com\/wp-content\/uploads\/2020\/10\/81283096_2585046411564019_9113683060355760128_n-75x75.jpg 75w, https:\/\/www.adac971.com\/wp-content\/uploads\/2020\/10\/81283096_2585046411564019_9113683060355760128_n-50x50.jpg 50w\" sizes=\"(max-width: 150px) 100vw, 150px\" \/><\/div>\t<\/div><!-- #id-## -->\n<\/div>\n\n<\/div>\n<\/div>\n<\/div>\n<\/div>\n<\/div>\n<\/div>\n<\/div>\n<\/div>\n<\/div>\n<\/div>\n<\/div>\n","protected":false},"excerpt":{"rendered":"<p>10% sur les forfaits de prestations (mariage, naissance,grossesse,shooting \u00e0 l&rsquo;heure) et 20 % sur les tirages photos prises par le photographe Sur pr\u00e9sentation de la carte ADAC 971 (sauf sur les promotions, soldes et ventes flash, remise non cumulable) \u00a0 \u00a0 \u00a00690 72 20 20 \u00a0 5 lot GOURDINE Convenance 97122 BAIE-MAHAULT \u00a0 \u00a0 \u00a0 [&hellip;]<\/p>\n","protected":false},"featured_media":76926,"template":"","meta":[],"_links":{"self":[{"href":"https:\/\/www.adac971.com\/index.php\/wp-json\/wp\/v2\/product\/76918"}],"collection":[{"href":"https:\/\/www.adac971.com\/index.php\/wp-json\/wp\/v2\/product"}],"about":[{"href":"https:\/\/www.adac971.com\/index.php\/wp-json\/wp\/v2\/types\/product"}],"wp:featuredmedia":[{"embeddable":true,"href":"https:\/\/www.adac971.com\/index.php\/wp-json\/wp\/v2\/media\/76926"}],"wp:attachment":[{"href":"https:\/\/www.adac971.com\/index.php\/wp-json\/wp\/v2\/media?parent=76918"}],"curies":[{"name":"wp","href":"https:\/\/api.w.org\/{rel}","templated":true}]}}