{"id":76905,"date":"2021-12-10T08:58:19","date_gmt":"2021-12-10T07:58:19","guid":{"rendered":"http:\/\/www.adac971.com\/?post_type=product&#038;p=76905"},"modified":"2021-12-10T09:16:41","modified_gmt":"2021-12-10T08:16:41","slug":"pierre-et-vacances","status":"publish","type":"product","link":"https:\/\/www.adac971.com\/index.php\/product\/pierre-et-vacances\/","title":{"rendered":"PIERRE ET VACANCES"},"content":{"rendered":"<h1 class=\"wpsestyles orange-message\">22% de r\u00e9duction sur l&rsquo;h\u00e9bergement<\/h1>\n<p><span class=\"PBLongTxt\">Sur pr\u00e9sentation de la carte ADAC 971 (sauf sur les promotions, soldes et ventes flash, remise non cumulable)<\/span><\/p>\n<div>\u00a0<\/div>\n<table>\n<tbody>\n<tr>\n<td width=\"45\"><img loading=\"lazy\" class=\"alignnone size-full wp-image-75435\" src=\"http:\/\/adaccomumu.cluster028.hosting.ovh.net\/wp-content\/uploads\/2020\/08\/icone-tel-3.png\" alt=\"\" width=\"40\" height=\"37\" \/><\/td>\n<td width=\"19\">\u00a0<\/td>\n<td width=\"555\">0590 47 00 00<\/td>\n<\/tr>\n<tr>\n<td width=\"45\"><img loading=\"lazy\" class=\"alignnone size-full wp-image-75433\" src=\"http:\/\/adaccomumu.cluster028.hosting.ovh.net\/wp-content\/uploads\/2020\/08\/icone-adresse-2.png\" alt=\"\" width=\"32\" height=\"40\" \/><\/td>\n<td width=\"19\">\u00a0<\/td>\n<td width=\"555\">\n<p>\u00a0SEO Pointe le helleux, 97180 Ste-Anne<\/p>\n<\/td>\n<\/tr>\n<tr>\n<td width=\"45\"><img loading=\"lazy\" class=\"alignnone size-full wp-image-75432\" src=\"http:\/\/adaccomumu.cluster028.hosting.ovh.net\/wp-content\/uploads\/2020\/08\/clock-1.png\" alt=\"\" width=\"40\" height=\"40\" \/><\/td>\n<td width=\"19\">\u00a0<\/td>\n<td width=\"555\">\u00a0<\/td>\n<\/tr>\n<tr>\n<td width=\"45\"><img loading=\"lazy\" class=\"alignnone size-full wp-image-75436\" src=\"http:\/\/adaccomumu.cluster028.hosting.ovh.net\/wp-content\/uploads\/2020\/08\/mail-icone-2.jpg\" alt=\"\" width=\"40\" height=\"30\" \/><\/td>\n<td width=\"19\">\u00a0<\/td>\n<td width=\"555\">\n<div class=\"dwo3fsh8 g5ia77u1 rt8b4zig n8ej3o3l agehan2d sk4xxmp2 rq0escxv q9uorilb kvgmc6g5 cxmmr5t8 oygrvhab hcukyx3x jb3vyjys rz4wbd8a qt6c0cv9 a8nywdso l9j0dhe7 i1ao9s8h k4urcfbm\">\n<div class=\"j83agx80 cbu4d94t sj5x9vvc cxgpxx05\">\n<div class=\"rq0escxv l9j0dhe7 du4w35lb j83agx80 pfnyh3mw jifvfom9 ll8tlv6m owycx6da btwxx1t3 hv4rvrfc dati1w0a jb3vyjys b5q2rw42 lq239pai mysgfdmx hddg9phg\">\n<div class=\"rq0escxv l9j0dhe7 du4w35lb j83agx80 cbu4d94t g5gj957u d2edcug0 hpfvmrgz rj1gh0hx buofh1pr o8rfisnq p8fzw8mz pcp91wgn iuny7tx3 ipjc6fyt\">\n<div class=\"j83agx80 cbu4d94t ew0dbk1b irj2b8pg\">\n<div class=\"qzhwtbm6 knvmm38d\">\n<div class=\"dwo3fsh8 g5ia77u1 rt8b4zig n8ej3o3l agehan2d sk4xxmp2 rq0escxv q9uorilb kvgmc6g5 cxmmr5t8 oygrvhab hcukyx3x jb3vyjys rz4wbd8a qt6c0cv9 a8nywdso l9j0dhe7 i1ao9s8h k4urcfbm\">\n<div class=\"j83agx80 cbu4d94t sj5x9vvc cxgpxx05\">\n<div class=\"rq0escxv l9j0dhe7 du4w35lb j83agx80 pfnyh3mw jifvfom9 ll8tlv6m owycx6da btwxx1t3 hv4rvrfc dati1w0a jb3vyjys b5q2rw42 lq239pai mysgfdmx hddg9phg\">\n<div class=\"rq0escxv l9j0dhe7 du4w35lb j83agx80 cbu4d94t g5gj957u d2edcug0 hpfvmrgz rj1gh0hx buofh1pr o8rfisnq p8fzw8mz pcp91wgn iuny7tx3 ipjc6fyt\">\n<div class=\"j83agx80 cbu4d94t ew0dbk1b irj2b8pg\">\n<div class=\"qzhwtbm6 knvmm38d\">\n<div class=\"dwo3fsh8 g5ia77u1 rt8b4zig n8ej3o3l agehan2d sk4xxmp2 rq0escxv q9uorilb kvgmc6g5 cxmmr5t8 oygrvhab hcukyx3x jb3vyjys rz4wbd8a qt6c0cv9 a8nywdso l9j0dhe7 i1ao9s8h k4urcfbm\">\n<div class=\"j83agx80 cbu4d94t sj5x9vvc cxgpxx05\">\n<div class=\"rq0escxv l9j0dhe7 du4w35lb j83agx80 pfnyh3mw jifvfom9 ll8tlv6m owycx6da btwxx1t3 hv4rvrfc dati1w0a jb3vyjys b5q2rw42 lq239pai mysgfdmx hddg9phg\">\n<div class=\"rq0escxv l9j0dhe7 du4w35lb j83agx80 cbu4d94t g5gj957u d2edcug0 hpfvmrgz rj1gh0hx buofh1pr o8rfisnq p8fzw8mz pcp91wgn iuny7tx3 ipjc6fyt\">\n<div class=\"j83agx80 cbu4d94t ew0dbk1b irj2b8pg\">\n<div class=\"qzhwtbm6 knvmm38d\">\n<div class=\"dwo3fsh8 g5ia77u1 rt8b4zig n8ej3o3l agehan2d sk4xxmp2 rq0escxv q9uorilb kvgmc6g5 cxmmr5t8 oygrvhab hcukyx3x jb3vyjys rz4wbd8a qt6c0cv9 a8nywdso l9j0dhe7 i1ao9s8h k4urcfbm\">\n<div class=\"j83agx80 cbu4d94t sj5x9vvc cxgpxx05\">\n<div class=\"rq0escxv l9j0dhe7 du4w35lb j83agx80 pfnyh3mw jifvfom9 ll8tlv6m owycx6da btwxx1t3 hv4rvrfc dati1w0a jb3vyjys b5q2rw42 lq239pai mysgfdmx hddg9phg\">\n<div class=\"rq0escxv l9j0dhe7 du4w35lb j83agx80 cbu4d94t g5gj957u d2edcug0 hpfvmrgz rj1gh0hx buofh1pr o8rfisnq p8fzw8mz pcp91wgn iuny7tx3 ipjc6fyt\">\n<div class=\"j83agx80 cbu4d94t ew0dbk1b irj2b8pg\">\n<div class=\"qzhwtbm6 knvmm38d\">\n<div class=\"dwo3fsh8 g5ia77u1 rt8b4zig n8ej3o3l agehan2d sk4xxmp2 rq0escxv q9uorilb kvgmc6g5 cxmmr5t8 oygrvhab hcukyx3x jb3vyjys rz4wbd8a qt6c0cv9 a8nywdso l9j0dhe7 i1ao9s8h k4urcfbm\">\n<div class=\"j83agx80 cbu4d94t sj5x9vvc cxgpxx05\">\n<div class=\"rq0escxv l9j0dhe7 du4w35lb j83agx80 pfnyh3mw jifvfom9 ll8tlv6m owycx6da btwxx1t3 hv4rvrfc dati1w0a jb3vyjys b5q2rw42 lq239pai mysgfdmx hddg9phg\">\n<div class=\"rq0escxv l9j0dhe7 du4w35lb j83agx80 cbu4d94t g5gj957u d2edcug0 hpfvmrgz rj1gh0hx buofh1pr o8rfisnq p8fzw8mz pcp91wgn iuny7tx3 ipjc6fyt\">\n<div class=\"j83agx80 cbu4d94t ew0dbk1b irj2b8pg\">\n<div class=\"qzhwtbm6 knvmm38d\">\n<div class=\"dwo3fsh8 g5ia77u1 rt8b4zig n8ej3o3l agehan2d sk4xxmp2 rq0escxv q9uorilb kvgmc6g5 cxmmr5t8 oygrvhab hcukyx3x jb3vyjys rz4wbd8a qt6c0cv9 a8nywdso l9j0dhe7 i1ao9s8h k4urcfbm\">\n<div class=\"j83agx80 cbu4d94t sj5x9vvc cxgpxx05\">\n<div class=\"rq0escxv l9j0dhe7 du4w35lb j83agx80 pfnyh3mw jifvfom9 ll8tlv6m owycx6da btwxx1t3 hv4rvrfc dati1w0a jb3vyjys b5q2rw42 lq239pai mysgfdmx hddg9phg\">\n<div class=\"rq0escxv l9j0dhe7 du4w35lb j83agx80 cbu4d94t g5gj957u d2edcug0 hpfvmrgz rj1gh0hx buofh1pr o8rfisnq p8fzw8mz pcp91wgn iuny7tx3 ipjc6fyt\">\n<div class=\"j83agx80 cbu4d94t ew0dbk1b irj2b8pg\">\n<div class=\"qzhwtbm6 knvmm38d\">\n<div class=\"dwo3fsh8 g5ia77u1 rt8b4zig n8ej3o3l agehan2d sk4xxmp2 rq0escxv q9uorilb kvgmc6g5 cxmmr5t8 oygrvhab hcukyx3x jb3vyjys rz4wbd8a qt6c0cv9 a8nywdso l9j0dhe7 i1ao9s8h k4urcfbm\">\n<div class=\"j83agx80 cbu4d94t sj5x9vvc cxgpxx05\">\n<div class=\"rq0escxv l9j0dhe7 du4w35lb j83agx80 pfnyh3mw jifvfom9 ll8tlv6m owycx6da btwxx1t3 hv4rvrfc dati1w0a jb3vyjys b5q2rw42 lq239pai mysgfdmx hddg9phg\">\n<div class=\"rq0escxv l9j0dhe7 du4w35lb j83agx80 cbu4d94t g5gj957u d2edcug0 hpfvmrgz rj1gh0hx buofh1pr o8rfisnq p8fzw8mz pcp91wgn iuny7tx3 ipjc6fyt\">\n<div class=\"j83agx80 cbu4d94t ew0dbk1b irj2b8pg\">\n<div class=\"qzhwtbm6 knvmm38d\">\u00a0<\/div>\n<\/div>\n<\/div>\n<\/div>\n<\/div>\n<\/div>\n<\/div>\n<\/div>\n<\/div>\n<\/div>\n<\/div>\n<\/div>\n<\/div>\n<\/div>\n<\/div>\n<\/div>\n<\/div>\n<\/div>\n<\/div>\n<\/div>\n<\/div>\n<\/div>\n<\/div>\n<\/div>\n<\/div>\n<\/div>\n<\/div>\n<\/div>\n<\/div>\n<\/div>\n<\/div>\n<\/div>\n<\/div>\n<\/div>\n<\/div>\n<\/div>\n<\/div>\n<\/div>\n<\/div>\n<\/div>\n<\/div>\n<\/div>\n<\/td>\n<\/tr>\n<tr>\n<td width=\"45\"><img loading=\"lazy\" class=\"alignnone size-full wp-image-75434\" src=\"http:\/\/adaccomumu.cluster028.hosting.ovh.net\/wp-content\/uploads\/2020\/08\/icone-site-2.png\" alt=\"\" width=\"40\" height=\"39\" \/><\/td>\n<td width=\"19\">\u00a0<\/td>\n<td width=\"555\"><a href=\"https:\/\/www.pierreetvacances.com\/fr-fr\/fp_SAL_location-village-sainte-anne\" target=\"_blank\" rel=\"noopener noreferrer\">www.pierreetvacances.com<\/a><\/td>\n<\/tr>\n<tr>\n<td width=\"45\"><img loading=\"lazy\" class=\"alignnone size-full wp-image-75490\" src=\"http:\/\/adaccomumu.cluster028.hosting.ovh.net\/wp-content\/uploads\/2020\/08\/facebook.png\" alt=\"\" width=\"40\" height=\"40\" \/><\/td>\n<td width=\"19\">\u00a0<\/td>\n<td width=\"555\"><a href=\"https:\/\/www.facebook.com\/pierreetvacances\" target=\"_blank\" rel=\"noopener noreferrer\">https:\/\/www.facebook.com\/pierreetvacances<\/a><\/td>\n<\/tr>\n<\/tbody>\n<\/table>\n<div class=\"block-text \">\u00a0<\/div>\n<div>\n<div class=\"dwo3fsh8 g5ia77u1 rt8b4zig n8ej3o3l agehan2d sk4xxmp2 rq0escxv q9uorilb kvgmc6g5 cxmmr5t8 oygrvhab hcukyx3x jb3vyjys rz4wbd8a qt6c0cv9 a8nywdso l9j0dhe7 i1ao9s8h k4urcfbm\">\n<div class=\"j83agx80 cbu4d94t sj5x9vvc cxgpxx05\">\n<div class=\"rq0escxv l9j0dhe7 du4w35lb j83agx80 pfnyh3mw jifvfom9 ll8tlv6m owycx6da btwxx1t3 hv4rvrfc dati1w0a jb3vyjys b5q2rw42 lq239pai mysgfdmx hddg9phg\">\n<div class=\"rq0escxv l9j0dhe7 du4w35lb j83agx80 cbu4d94t g5gj957u d2edcug0 hpfvmrgz rj1gh0hx buofh1pr o8rfisnq p8fzw8mz pcp91wgn iuny7tx3 ipjc6fyt\">\n<div class=\"j83agx80 cbu4d94t ew0dbk1b irj2b8pg\">\n<div class=\"qzhwtbm6 knvmm38d\">\n<div class=\"j83agx80 cbu4d94t ew0dbk1b irj2b8pg\">\n<div class=\"qzhwtbm6 knvmm38d\">\n<div class=\"kvgmc6g5 cxmmr5t8 oygrvhab hcukyx3x c1et5uql\">\n<div dir=\"auto\">\n<p class=\"GtAk2e\">Install\u00e9 au c\u0153ur d&rsquo;une for\u00eat tropicale, ce complexe insulaire en bord de plage se trouve \u00e0 7,6\u00a0km de la plage de Petit-Havre et \u00e0 10\u00a0km de l&rsquo;anse\u00a0des\u00a0Rochers.<\/p>\n<p class=\"e54XAe GtAk2e\">Les appartements contemporains poss\u00e8dent une terrasse, une cuisine, un espace repas, une salle de s\u00e9jour, un acc\u00e8s Wi-Fi gratuit, une t\u00e9l\u00e9vision \u00e0 \u00e9cran plat et un bureau.<\/p>\n<p class=\"e54XAe GtAk2e\">L&rsquo;\u00e9tablissement compte 3 restaurants, 2 piscines et 2 plages. Il poss\u00e8de \u00e9galement un centre de sports nautiques, un club pour enfants, une laverie et propose des animations en soir\u00e9e. Les animaux de compagnie sont accept\u00e9s (en suppl\u00e9ment).<\/p>\n<div class=\"carousel-slider-outer carousel-slider-outer-images carousel-slider-outer-76906\">\n\t<style type=\"text\/css\">\n            #id-76906 .carousel-slider-nav-icon {\n                fill: #f1f1f1\n            }\n            #id-76906 .carousel-slider-nav-icon:hover {\n                fill: #00d1b2\n            }\n            #id-76906 .owl-prev,\n            #id-76906 .owl-next,\n            #id-76906 .carousel-slider-nav-icon {\n                height: 48px;\n                width: 48px\n            }\n            #id-76906.arrows-outside .owl-prev {\n                left: -48px\n            }\n            #id-76906.arrows-outside .owl-next {\n                right: -48px\n            }\n        \n\t\t    #id-76906 .owl-dots .owl-dot span {\n                background-color: #f1f1f1;\n                width: 10px;\n                height: 10px;\n            }\n            #id-76906 .owl-dots .owl-dot.active span,\n            #id-76906 .owl-dots .owl-dot:hover span {\n                background-color: #00d1b2\n            }\n\t\t<\/style>\t<div id=\"id-76906\" class=\"owl-carousel carousel-slider arrows-outside arrows-visible-hover dots-hidden dots-center dots-square\" data-slide-type=\"image-carousel\" data-margin=\"10\" data-slide-by=\"1\" data-loop=\"true\" data-lazy-load=\"false\" data-stage-padding=\"0\" data-auto-width=\"false\" data-dots=\"false\" data-nav=\"true\" data-autoplay=\"true\" data-autoplay-timeout=\"5000\" data-autoplay-speed=\"500\" data-autoplay-hover-pause=\"false\" data-colums=\"4\" data-colums-desktop=\"4\" data-colums-small-desktop=\"4\" data-colums-tablet=\"3\" data-colums-small-tablet=\"2\" data-colums-mobile=\"1\">\n\t\t<div class=\"carousel-slider__item\"><img width=\"150\" height=\"150\" src=\"https:\/\/www.adac971.com\/wp-content\/uploads\/2020\/10\/SAL_63712_43-150x150.jpg\" class=\"attachment-thumbnail size-thumbnail\" alt=\"\" loading=\"lazy\" srcset=\"https:\/\/www.adac971.com\/wp-content\/uploads\/2020\/10\/SAL_63712_43-150x150.jpg 150w, https:\/\/www.adac971.com\/wp-content\/uploads\/2020\/10\/SAL_63712_43-100x100.jpg 100w, https:\/\/www.adac971.com\/wp-content\/uploads\/2020\/10\/SAL_63712_43-300x300.jpg 300w, https:\/\/www.adac971.com\/wp-content\/uploads\/2020\/10\/SAL_63712_43-75x75.jpg 75w, https:\/\/www.adac971.com\/wp-content\/uploads\/2020\/10\/SAL_63712_43-50x50.jpg 50w\" sizes=\"(max-width: 150px) 100vw, 150px\" \/><\/div><div class=\"carousel-slider__item\"><img width=\"150\" height=\"150\" src=\"https:\/\/www.adac971.com\/wp-content\/uploads\/2020\/10\/SAL_63781_43-150x150.jpg\" class=\"attachment-thumbnail size-thumbnail\" alt=\"\" loading=\"lazy\" srcset=\"https:\/\/www.adac971.com\/wp-content\/uploads\/2020\/10\/SAL_63781_43-150x150.jpg 150w, https:\/\/www.adac971.com\/wp-content\/uploads\/2020\/10\/SAL_63781_43-100x100.jpg 100w, https:\/\/www.adac971.com\/wp-content\/uploads\/2020\/10\/SAL_63781_43-300x300.jpg 300w, https:\/\/www.adac971.com\/wp-content\/uploads\/2020\/10\/SAL_63781_43-75x75.jpg 75w, https:\/\/www.adac971.com\/wp-content\/uploads\/2020\/10\/SAL_63781_43-50x50.jpg 50w\" sizes=\"(max-width: 150px) 100vw, 150px\" \/><\/div><div class=\"carousel-slider__item\"><img width=\"150\" height=\"150\" src=\"https:\/\/www.adac971.com\/wp-content\/uploads\/2020\/10\/SAL_63790_43-150x150.jpg\" class=\"attachment-thumbnail size-thumbnail\" alt=\"\" loading=\"lazy\" srcset=\"https:\/\/www.adac971.com\/wp-content\/uploads\/2020\/10\/SAL_63790_43-150x150.jpg 150w, https:\/\/www.adac971.com\/wp-content\/uploads\/2020\/10\/SAL_63790_43-100x100.jpg 100w, https:\/\/www.adac971.com\/wp-content\/uploads\/2020\/10\/SAL_63790_43-300x300.jpg 300w, https:\/\/www.adac971.com\/wp-content\/uploads\/2020\/10\/SAL_63790_43-75x75.jpg 75w, https:\/\/www.adac971.com\/wp-content\/uploads\/2020\/10\/SAL_63790_43-50x50.jpg 50w\" sizes=\"(max-width: 150px) 100vw, 150px\" \/><\/div><div class=\"carousel-slider__item\"><img width=\"150\" height=\"150\" src=\"https:\/\/www.adac971.com\/wp-content\/uploads\/2020\/10\/SAL_63836_43-150x150.jpg\" class=\"attachment-thumbnail size-thumbnail\" alt=\"\" loading=\"lazy\" srcset=\"https:\/\/www.adac971.com\/wp-content\/uploads\/2020\/10\/SAL_63836_43-150x150.jpg 150w, https:\/\/www.adac971.com\/wp-content\/uploads\/2020\/10\/SAL_63836_43-100x100.jpg 100w, https:\/\/www.adac971.com\/wp-content\/uploads\/2020\/10\/SAL_63836_43-300x300.jpg 300w, https:\/\/www.adac971.com\/wp-content\/uploads\/2020\/10\/SAL_63836_43-75x75.jpg 75w, https:\/\/www.adac971.com\/wp-content\/uploads\/2020\/10\/SAL_63836_43-50x50.jpg 50w\" sizes=\"(max-width: 150px) 100vw, 150px\" \/><\/div><div class=\"carousel-slider__item\"><img width=\"150\" height=\"150\" src=\"https:\/\/www.adac971.com\/wp-content\/uploads\/2020\/10\/SAL_71884_43-150x150.jpg\" class=\"attachment-thumbnail size-thumbnail\" alt=\"\" loading=\"lazy\" srcset=\"https:\/\/www.adac971.com\/wp-content\/uploads\/2020\/10\/SAL_71884_43-150x150.jpg 150w, https:\/\/www.adac971.com\/wp-content\/uploads\/2020\/10\/SAL_71884_43-100x100.jpg 100w, https:\/\/www.adac971.com\/wp-content\/uploads\/2020\/10\/SAL_71884_43-300x300.jpg 300w, https:\/\/www.adac971.com\/wp-content\/uploads\/2020\/10\/SAL_71884_43-75x75.jpg 75w, https:\/\/www.adac971.com\/wp-content\/uploads\/2020\/10\/SAL_71884_43-50x50.jpg 50w\" sizes=\"(max-width: 150px) 100vw, 150px\" \/><\/div><div class=\"carousel-slider__item\"><img width=\"150\" height=\"150\" src=\"https:\/\/www.adac971.com\/wp-content\/uploads\/2020\/10\/SAL_71905_43-150x150.jpg\" class=\"attachment-thumbnail size-thumbnail\" alt=\"\" loading=\"lazy\" srcset=\"https:\/\/www.adac971.com\/wp-content\/uploads\/2020\/10\/SAL_71905_43-150x150.jpg 150w, https:\/\/www.adac971.com\/wp-content\/uploads\/2020\/10\/SAL_71905_43-100x100.jpg 100w, https:\/\/www.adac971.com\/wp-content\/uploads\/2020\/10\/SAL_71905_43-300x300.jpg 300w, https:\/\/www.adac971.com\/wp-content\/uploads\/2020\/10\/SAL_71905_43-75x75.jpg 75w, https:\/\/www.adac971.com\/wp-content\/uploads\/2020\/10\/SAL_71905_43-50x50.jpg 50w\" sizes=\"(max-width: 150px) 100vw, 150px\" \/><\/div><div class=\"carousel-slider__item\"><img width=\"150\" height=\"150\" src=\"https:\/\/www.adac971.com\/wp-content\/uploads\/2020\/10\/SAL_71923_43-150x150.jpg\" class=\"attachment-thumbnail size-thumbnail\" alt=\"\" loading=\"lazy\" srcset=\"https:\/\/www.adac971.com\/wp-content\/uploads\/2020\/10\/SAL_71923_43-150x150.jpg 150w, https:\/\/www.adac971.com\/wp-content\/uploads\/2020\/10\/SAL_71923_43-100x100.jpg 100w, https:\/\/www.adac971.com\/wp-content\/uploads\/2020\/10\/SAL_71923_43-300x300.jpg 300w, https:\/\/www.adac971.com\/wp-content\/uploads\/2020\/10\/SAL_71923_43-75x75.jpg 75w, https:\/\/www.adac971.com\/wp-content\/uploads\/2020\/10\/SAL_71923_43-50x50.jpg 50w\" sizes=\"(max-width: 150px) 100vw, 150px\" \/><\/div><div class=\"carousel-slider__item\"><img width=\"150\" height=\"150\" src=\"https:\/\/www.adac971.com\/wp-content\/uploads\/2020\/10\/SAL_71937_43-150x150.jpg\" class=\"attachment-thumbnail size-thumbnail\" alt=\"\" loading=\"lazy\" srcset=\"https:\/\/www.adac971.com\/wp-content\/uploads\/2020\/10\/SAL_71937_43-150x150.jpg 150w, https:\/\/www.adac971.com\/wp-content\/uploads\/2020\/10\/SAL_71937_43-100x100.jpg 100w, https:\/\/www.adac971.com\/wp-content\/uploads\/2020\/10\/SAL_71937_43-300x300.jpg 300w, https:\/\/www.adac971.com\/wp-content\/uploads\/2020\/10\/SAL_71937_43-75x75.jpg 75w, https:\/\/www.adac971.com\/wp-content\/uploads\/2020\/10\/SAL_71937_43-50x50.jpg 50w\" sizes=\"(max-width: 150px) 100vw, 150px\" \/><\/div><div class=\"carousel-slider__item\"><img width=\"150\" height=\"150\" src=\"https:\/\/www.adac971.com\/wp-content\/uploads\/2020\/10\/SAL_71998_43-150x150.jpg\" class=\"attachment-thumbnail size-thumbnail\" alt=\"\" loading=\"lazy\" srcset=\"https:\/\/www.adac971.com\/wp-content\/uploads\/2020\/10\/SAL_71998_43-150x150.jpg 150w, https:\/\/www.adac971.com\/wp-content\/uploads\/2020\/10\/SAL_71998_43-100x100.jpg 100w, https:\/\/www.adac971.com\/wp-content\/uploads\/2020\/10\/SAL_71998_43-300x300.jpg 300w, https:\/\/www.adac971.com\/wp-content\/uploads\/2020\/10\/SAL_71998_43-75x75.jpg 75w, https:\/\/www.adac971.com\/wp-content\/uploads\/2020\/10\/SAL_71998_43-50x50.jpg 50w\" sizes=\"(max-width: 150px) 100vw, 150px\" \/><\/div>\t<\/div><!-- #id-## -->\n<\/div>\n\n<\/div>\n<\/div>\n<\/div>\n<\/div>\n<\/div>\n<\/div>\n<\/div>\n<\/div>\n<\/div>\n<\/div>\n<\/div>\n","protected":false},"excerpt":{"rendered":"<p>22% de r\u00e9duction sur l&rsquo;h\u00e9bergement Sur pr\u00e9sentation de la carte ADAC 971 (sauf sur les promotions, soldes et ventes flash, remise non cumulable) \u00a0 \u00a0 0590 47 00 00 \u00a0 \u00a0SEO Pointe le helleux, 97180 Ste-Anne \u00a0 \u00a0 \u00a0 \u00a0 \u00a0 www.pierreetvacances.com \u00a0 https:\/\/www.facebook.com\/pierreetvacances \u00a0 Install\u00e9 au c\u0153ur d&rsquo;une for\u00eat tropicale, ce complexe insulaire en [&hellip;]<\/p>\n","protected":false},"featured_media":76916,"template":"","meta":[],"_links":{"self":[{"href":"https:\/\/www.adac971.com\/index.php\/wp-json\/wp\/v2\/product\/76905"}],"collection":[{"href":"https:\/\/www.adac971.com\/index.php\/wp-json\/wp\/v2\/product"}],"about":[{"href":"https:\/\/www.adac971.com\/index.php\/wp-json\/wp\/v2\/types\/product"}],"wp:featuredmedia":[{"embeddable":true,"href":"https:\/\/www.adac971.com\/index.php\/wp-json\/wp\/v2\/media\/76916"}],"wp:attachment":[{"href":"https:\/\/www.adac971.com\/index.php\/wp-json\/wp\/v2\/media?parent=76905"}],"curies":[{"name":"wp","href":"https:\/\/api.w.org\/{rel}","templated":true}]}}