{"id":76589,"date":"2020-10-26T12:55:52","date_gmt":"2020-10-26T11:55:52","guid":{"rendered":"http:\/\/adaccomumu.cluster028.hosting.ovh.net\/?post_type=product&#038;p=76589"},"modified":"2020-10-26T13:13:42","modified_gmt":"2020-10-26T12:13:42","slug":"kazalu","status":"publish","type":"product","link":"https:\/\/www.adac971.com\/index.php\/product\/kazalu\/","title":{"rendered":"KAZ ALU"},"content":{"rendered":"<h1 class=\"wpsestyles orange-message\">Montage gratuit (sauf ceux n\u00e9cessitant location \u00e9chelle ou \u00e9chaffaudage)<\/h1>\n<p><span class=\"PBLongTxt\">Sur pr\u00e9sentation de la carte ADAC 971 (sauf sur les promotions, soldes et ventes flash, remise non cumulable)<\/span><\/p>\n<div>\u00a0<\/div>\n<table>\n<tbody>\n<tr>\n<td width=\"45\"><img loading=\"lazy\" class=\"alignnone size-full wp-image-75435\" src=\"http:\/\/adaccomumu.cluster028.hosting.ovh.net\/wp-content\/uploads\/2020\/08\/icone-tel-3.png\" alt=\"\" width=\"40\" height=\"37\" \/><\/td>\n<td width=\"19\">\u00a0<\/td>\n<td width=\"555\"><span class=\"PBLongTxt\">0690 47 98 58<\/span><\/td>\n<\/tr>\n<tr>\n<td width=\"45\"><img loading=\"lazy\" class=\"alignnone size-full wp-image-75433\" src=\"http:\/\/adaccomumu.cluster028.hosting.ovh.net\/wp-content\/uploads\/2020\/08\/icone-adresse-2.png\" alt=\"\" width=\"32\" height=\"40\" \/><\/td>\n<td width=\"19\">\u00a0<\/td>\n<td width=\"555\">Rue de la Rigolette &#8211; 97141 Vieux-Fort<\/td>\n<\/tr>\n<tr>\n<td width=\"45\"><img loading=\"lazy\" class=\"alignnone size-full wp-image-75432\" src=\"http:\/\/adaccomumu.cluster028.hosting.ovh.net\/wp-content\/uploads\/2020\/08\/clock-1.png\" alt=\"\" width=\"40\" height=\"40\" \/><\/td>\n<td width=\"19\">\u00a0<\/td>\n<td width=\"555\">\u00a0<\/td>\n<\/tr>\n<tr>\n<td width=\"45\"><img loading=\"lazy\" class=\"alignnone size-full wp-image-75436\" src=\"http:\/\/adaccomumu.cluster028.hosting.ovh.net\/wp-content\/uploads\/2020\/08\/mail-icone-2.jpg\" alt=\"\" width=\"40\" height=\"30\" \/><\/td>\n<td width=\"19\">\u00a0<\/td>\n<td width=\"555\">\n<div>\n<div class=\"dwo3fsh8 g5ia77u1 rt8b4zig n8ej3o3l agehan2d sk4xxmp2 rq0escxv q9uorilb kvgmc6g5 cxmmr5t8 oygrvhab hcukyx3x jb3vyjys rz4wbd8a qt6c0cv9 a8nywdso l9j0dhe7 i1ao9s8h k4urcfbm\">\n<div class=\"j83agx80 cbu4d94t sj5x9vvc cxgpxx05\">\n<div class=\"rq0escxv l9j0dhe7 du4w35lb j83agx80 pfnyh3mw jifvfom9 ll8tlv6m owycx6da btwxx1t3 hv4rvrfc dati1w0a jb3vyjys b5q2rw42 lq239pai mysgfdmx hddg9phg\">\n<div class=\"rq0escxv l9j0dhe7 du4w35lb j83agx80 cbu4d94t g5gj957u d2edcug0 hpfvmrgz rj1gh0hx buofh1pr o8rfisnq p8fzw8mz pcp91wgn iuny7tx3 ipjc6fyt\">\n<div class=\"j83agx80 cbu4d94t ew0dbk1b irj2b8pg\">\n<div class=\"qzhwtbm6 knvmm38d\">\n<div>\n<div class=\"dwo3fsh8 g5ia77u1 rt8b4zig n8ej3o3l agehan2d sk4xxmp2 rq0escxv q9uorilb kvgmc6g5 cxmmr5t8 oygrvhab hcukyx3x jb3vyjys rz4wbd8a qt6c0cv9 a8nywdso l9j0dhe7 i1ao9s8h k4urcfbm\">\n<div class=\"j83agx80 cbu4d94t sj5x9vvc cxgpxx05\">\n<div class=\"rq0escxv l9j0dhe7 du4w35lb j83agx80 pfnyh3mw jifvfom9 ll8tlv6m owycx6da btwxx1t3 hv4rvrfc dati1w0a jb3vyjys b5q2rw42 lq239pai mysgfdmx hddg9phg\">\n<div class=\"rq0escxv l9j0dhe7 du4w35lb j83agx80 cbu4d94t g5gj957u d2edcug0 hpfvmrgz rj1gh0hx buofh1pr o8rfisnq p8fzw8mz pcp91wgn iuny7tx3 ipjc6fyt\">\n<div class=\"j83agx80 cbu4d94t ew0dbk1b irj2b8pg\">\n<div class=\"qzhwtbm6 knvmm38d\">\n<div>\n<div class=\"dwo3fsh8 g5ia77u1 rt8b4zig n8ej3o3l agehan2d sk4xxmp2 rq0escxv q9uorilb kvgmc6g5 cxmmr5t8 oygrvhab hcukyx3x jb3vyjys rz4wbd8a qt6c0cv9 a8nywdso l9j0dhe7 i1ao9s8h k4urcfbm\">\n<div class=\"j83agx80 cbu4d94t sj5x9vvc cxgpxx05\">\n<div class=\"rq0escxv l9j0dhe7 du4w35lb j83agx80 pfnyh3mw jifvfom9 ll8tlv6m owycx6da btwxx1t3 hv4rvrfc dati1w0a jb3vyjys b5q2rw42 lq239pai mysgfdmx hddg9phg\">\n<div class=\"rq0escxv l9j0dhe7 du4w35lb j83agx80 cbu4d94t g5gj957u d2edcug0 hpfvmrgz rj1gh0hx buofh1pr o8rfisnq p8fzw8mz pcp91wgn iuny7tx3 ipjc6fyt\">\n<div class=\"j83agx80 cbu4d94t ew0dbk1b irj2b8pg\">\n<div class=\"qzhwtbm6 knvmm38d\">kazalu971@yahoo.fr<\/div>\n<\/div>\n<\/div>\n<\/div>\n<\/div>\n<\/div>\n<\/div>\n<\/div>\n<\/div>\n<\/div>\n<\/div>\n<\/div>\n<\/div>\n<\/div>\n<\/div>\n<\/div>\n<\/div>\n<\/div>\n<\/div>\n<\/div>\n<\/div>\n<\/td>\n<\/tr>\n<tr>\n<td width=\"45\"><img loading=\"lazy\" class=\"alignnone size-full wp-image-75434\" src=\"http:\/\/adaccomumu.cluster028.hosting.ovh.net\/wp-content\/uploads\/2020\/08\/icone-site-2.png\" alt=\"\" width=\"40\" height=\"39\" \/><\/td>\n<td width=\"19\">\u00a0<\/td>\n<td width=\"555\"><a href=\"http:\/\/kazalu.com\" target=\"_blank\" rel=\"noopener noreferrer\">http:\/\/kazalu.com<\/a><\/td>\n<\/tr>\n<tr>\n<td width=\"45\"><img loading=\"lazy\" class=\"alignnone size-full wp-image-75490\" src=\"http:\/\/adaccomumu.cluster028.hosting.ovh.net\/wp-content\/uploads\/2020\/08\/facebook.png\" alt=\"\" width=\"40\" height=\"40\" \/><\/td>\n<td width=\"19\">\u00a0<\/td>\n<td width=\"555\">\u00a0<\/td>\n<\/tr>\n<\/tbody>\n<\/table>\n<div class=\"j83agx80\">\n<div class=\"dwo3fsh8 g5ia77u1 rt8b4zig n8ej3o3l agehan2d sk4xxmp2 rq0escxv q9uorilb kvgmc6g5 cxmmr5t8 oygrvhab hcukyx3x jb3vyjys rz4wbd8a qt6c0cv9 a8nywdso l9j0dhe7 i1ao9s8h k4urcfbm\">\n<div class=\"j83agx80 cbu4d94t sj5x9vvc cxgpxx05\">\n<div class=\"rq0escxv l9j0dhe7 du4w35lb j83agx80 pfnyh3mw jifvfom9 ll8tlv6m owycx6da btwxx1t3 hv4rvrfc dati1w0a jb3vyjys b5q2rw42 lq239pai mysgfdmx hddg9phg\">\n<div class=\"rq0escxv l9j0dhe7 du4w35lb j83agx80 cbu4d94t g5gj957u d2edcug0 hpfvmrgz rj1gh0hx buofh1pr o8rfisnq p8fzw8mz pcp91wgn iuny7tx3 ipjc6fyt\">\n<div class=\"j83agx80 cbu4d94t ew0dbk1b irj2b8pg\">\n<div class=\"qzhwtbm6 knvmm38d\">\n<div class=\"j83agx80 cbu4d94t ew0dbk1b irj2b8pg\">\n<div class=\"qzhwtbm6 knvmm38d\">\n<div class=\"kvgmc6g5 cxmmr5t8 oygrvhab hcukyx3x c1et5uql\">\n<div dir=\"auto\">\n<div dir=\"auto\">\n<div id=\"ultimate-heading-41005f94d31368e0e\" class=\"uvc-heading ult-adjust-bottom-margin ultimate-heading-41005f94d31368e0e uvc-5127 \" data-hspacer=\"no_spacer\" data-halign=\"left\">\n<div class=\"uvc-main-heading ult-responsive\" data-ultimate-target=\".uvc-heading.ultimate-heading-41005f94d31368e0e h3\" data-responsive-json-new=\"{&quot;font-size&quot;:&quot;desktop:36px;&quot;,&quot;line-height&quot;:&quot;desktop:36px;&quot;}\">\n<div id=\"text_BLOCK_XIV2C7VRRC\" class=\"block-text \">\u00a0<\/div>\n<\/div>\n<div>Kaz\u2019Alu est une entreprise artisanale sp\u00e9cialis\u00e9e dans la fabrication sur-mesure de menuiseries aluminium.<\/p>\n<p>Install\u00e9e en Guadeloupe depuis 2003, nous mettons notre exp\u00e9rience ainsi que notre savoir-faire au service des professionnels et des particuliers pour r\u00e9pondre \u00e0 vos besoins d\u2019am\u00e9nagement et de s\u00e9curisation.<\/p>\n<div class=\"carousel-slider-outer carousel-slider-outer-images carousel-slider-outer-76592\">\n\t<style type=\"text\/css\">\n            #id-76592 .carousel-slider-nav-icon {\n                fill: #f1f1f1\n            }\n            #id-76592 .carousel-slider-nav-icon:hover {\n                fill: #00d1b2\n            }\n            #id-76592 .owl-prev,\n            #id-76592 .owl-next,\n            #id-76592 .carousel-slider-nav-icon {\n                height: 48px;\n                width: 48px\n            }\n            #id-76592.arrows-outside .owl-prev {\n                left: -48px\n            }\n            #id-76592.arrows-outside .owl-next {\n                right: -48px\n            }\n        \n\t\t    #id-76592 .owl-dots .owl-dot span {\n                background-color: #f1f1f1;\n                width: 10px;\n                height: 10px;\n            }\n            #id-76592 .owl-dots .owl-dot.active span,\n            #id-76592 .owl-dots .owl-dot:hover span {\n                background-color: #00d1b2\n            }\n\t\t<\/style>\t<div id=\"id-76592\" class=\"owl-carousel carousel-slider arrows-outside arrows-visible-hover dots-hidden dots-center dots-square\" data-slide-type=\"image-carousel\" data-margin=\"10\" data-slide-by=\"1\" data-loop=\"true\" data-lazy-load=\"false\" data-stage-padding=\"0\" data-auto-width=\"false\" data-dots=\"false\" data-nav=\"true\" data-autoplay=\"true\" data-autoplay-timeout=\"5000\" data-autoplay-speed=\"500\" data-autoplay-hover-pause=\"false\" data-colums=\"4\" data-colums-desktop=\"4\" data-colums-small-desktop=\"4\" data-colums-tablet=\"3\" data-colums-small-tablet=\"2\" data-colums-mobile=\"1\">\n\t\t<div class=\"carousel-slider__item\"><img width=\"300\" height=\"300\" src=\"https:\/\/www.adac971.com\/wp-content\/uploads\/2020\/10\/PIC_0244-350x350-1-300x300.jpg\" class=\"attachment-medium size-medium\" alt=\"\" loading=\"lazy\" srcset=\"https:\/\/www.adac971.com\/wp-content\/uploads\/2020\/10\/PIC_0244-350x350-1-300x300.jpg 300w, https:\/\/www.adac971.com\/wp-content\/uploads\/2020\/10\/PIC_0244-350x350-1-150x150.jpg 150w, https:\/\/www.adac971.com\/wp-content\/uploads\/2020\/10\/PIC_0244-350x350-1-100x100.jpg 100w, https:\/\/www.adac971.com\/wp-content\/uploads\/2020\/10\/PIC_0244-350x350-1-75x75.jpg 75w, https:\/\/www.adac971.com\/wp-content\/uploads\/2020\/10\/PIC_0244-350x350-1-50x50.jpg 50w, https:\/\/www.adac971.com\/wp-content\/uploads\/2020\/10\/PIC_0244-350x350-1.jpg 350w\" sizes=\"(max-width: 300px) 100vw, 300px\" \/><\/div><div class=\"carousel-slider__item\"><img width=\"300\" height=\"300\" src=\"https:\/\/www.adac971.com\/wp-content\/uploads\/2020\/10\/PIC_0246-350x350-1-300x300.jpg\" class=\"attachment-medium size-medium\" alt=\"\" loading=\"lazy\" srcset=\"https:\/\/www.adac971.com\/wp-content\/uploads\/2020\/10\/PIC_0246-350x350-1-300x300.jpg 300w, https:\/\/www.adac971.com\/wp-content\/uploads\/2020\/10\/PIC_0246-350x350-1-150x150.jpg 150w, https:\/\/www.adac971.com\/wp-content\/uploads\/2020\/10\/PIC_0246-350x350-1-100x100.jpg 100w, https:\/\/www.adac971.com\/wp-content\/uploads\/2020\/10\/PIC_0246-350x350-1-75x75.jpg 75w, https:\/\/www.adac971.com\/wp-content\/uploads\/2020\/10\/PIC_0246-350x350-1-50x50.jpg 50w, https:\/\/www.adac971.com\/wp-content\/uploads\/2020\/10\/PIC_0246-350x350-1.jpg 350w\" sizes=\"(max-width: 300px) 100vw, 300px\" \/><\/div><div class=\"carousel-slider__item\"><img width=\"300\" height=\"300\" src=\"https:\/\/www.adac971.com\/wp-content\/uploads\/2020\/10\/PIC_0250-350x350-1-300x300.jpg\" class=\"attachment-medium size-medium\" alt=\"\" loading=\"lazy\" srcset=\"https:\/\/www.adac971.com\/wp-content\/uploads\/2020\/10\/PIC_0250-350x350-1-300x300.jpg 300w, https:\/\/www.adac971.com\/wp-content\/uploads\/2020\/10\/PIC_0250-350x350-1-150x150.jpg 150w, https:\/\/www.adac971.com\/wp-content\/uploads\/2020\/10\/PIC_0250-350x350-1-100x100.jpg 100w, https:\/\/www.adac971.com\/wp-content\/uploads\/2020\/10\/PIC_0250-350x350-1-75x75.jpg 75w, https:\/\/www.adac971.com\/wp-content\/uploads\/2020\/10\/PIC_0250-350x350-1-50x50.jpg 50w, https:\/\/www.adac971.com\/wp-content\/uploads\/2020\/10\/PIC_0250-350x350-1.jpg 350w\" sizes=\"(max-width: 300px) 100vw, 300px\" \/><\/div><div class=\"carousel-slider__item\"><img width=\"300\" height=\"300\" src=\"https:\/\/www.adac971.com\/wp-content\/uploads\/2020\/10\/PIC_0305-350x350-1-300x300.jpg\" class=\"attachment-medium size-medium\" alt=\"\" loading=\"lazy\" srcset=\"https:\/\/www.adac971.com\/wp-content\/uploads\/2020\/10\/PIC_0305-350x350-1-300x300.jpg 300w, https:\/\/www.adac971.com\/wp-content\/uploads\/2020\/10\/PIC_0305-350x350-1-150x150.jpg 150w, https:\/\/www.adac971.com\/wp-content\/uploads\/2020\/10\/PIC_0305-350x350-1-100x100.jpg 100w, https:\/\/www.adac971.com\/wp-content\/uploads\/2020\/10\/PIC_0305-350x350-1-75x75.jpg 75w, https:\/\/www.adac971.com\/wp-content\/uploads\/2020\/10\/PIC_0305-350x350-1-50x50.jpg 50w, https:\/\/www.adac971.com\/wp-content\/uploads\/2020\/10\/PIC_0305-350x350-1.jpg 350w\" sizes=\"(max-width: 300px) 100vw, 300px\" \/><\/div><div class=\"carousel-slider__item\"><img width=\"300\" height=\"300\" src=\"https:\/\/www.adac971.com\/wp-content\/uploads\/2020\/10\/PIC_0320-350x350-1-300x300.jpg\" class=\"attachment-medium size-medium\" alt=\"\" loading=\"lazy\" srcset=\"https:\/\/www.adac971.com\/wp-content\/uploads\/2020\/10\/PIC_0320-350x350-1-300x300.jpg 300w, https:\/\/www.adac971.com\/wp-content\/uploads\/2020\/10\/PIC_0320-350x350-1-150x150.jpg 150w, https:\/\/www.adac971.com\/wp-content\/uploads\/2020\/10\/PIC_0320-350x350-1-100x100.jpg 100w, https:\/\/www.adac971.com\/wp-content\/uploads\/2020\/10\/PIC_0320-350x350-1-75x75.jpg 75w, https:\/\/www.adac971.com\/wp-content\/uploads\/2020\/10\/PIC_0320-350x350-1-50x50.jpg 50w, https:\/\/www.adac971.com\/wp-content\/uploads\/2020\/10\/PIC_0320-350x350-1.jpg 350w\" sizes=\"(max-width: 300px) 100vw, 300px\" \/><\/div><div class=\"carousel-slider__item\"><img width=\"300\" height=\"300\" src=\"https:\/\/www.adac971.com\/wp-content\/uploads\/2020\/10\/PIC_0332-350x350-1-300x300.jpg\" class=\"attachment-medium size-medium\" alt=\"\" loading=\"lazy\" srcset=\"https:\/\/www.adac971.com\/wp-content\/uploads\/2020\/10\/PIC_0332-350x350-1-300x300.jpg 300w, https:\/\/www.adac971.com\/wp-content\/uploads\/2020\/10\/PIC_0332-350x350-1-150x150.jpg 150w, https:\/\/www.adac971.com\/wp-content\/uploads\/2020\/10\/PIC_0332-350x350-1-100x100.jpg 100w, https:\/\/www.adac971.com\/wp-content\/uploads\/2020\/10\/PIC_0332-350x350-1-75x75.jpg 75w, https:\/\/www.adac971.com\/wp-content\/uploads\/2020\/10\/PIC_0332-350x350-1-50x50.jpg 50w, https:\/\/www.adac971.com\/wp-content\/uploads\/2020\/10\/PIC_0332-350x350-1.jpg 350w\" sizes=\"(max-width: 300px) 100vw, 300px\" \/><\/div><div class=\"carousel-slider__item\"><img width=\"300\" height=\"300\" src=\"https:\/\/www.adac971.com\/wp-content\/uploads\/2020\/10\/PIC_0554-350x350-1-300x300.jpg\" class=\"attachment-medium size-medium\" alt=\"\" loading=\"lazy\" srcset=\"https:\/\/www.adac971.com\/wp-content\/uploads\/2020\/10\/PIC_0554-350x350-1-300x300.jpg 300w, https:\/\/www.adac971.com\/wp-content\/uploads\/2020\/10\/PIC_0554-350x350-1-150x150.jpg 150w, https:\/\/www.adac971.com\/wp-content\/uploads\/2020\/10\/PIC_0554-350x350-1-100x100.jpg 100w, https:\/\/www.adac971.com\/wp-content\/uploads\/2020\/10\/PIC_0554-350x350-1-75x75.jpg 75w, https:\/\/www.adac971.com\/wp-content\/uploads\/2020\/10\/PIC_0554-350x350-1-50x50.jpg 50w, https:\/\/www.adac971.com\/wp-content\/uploads\/2020\/10\/PIC_0554-350x350-1.jpg 350w\" sizes=\"(max-width: 300px) 100vw, 300px\" \/><\/div><div class=\"carousel-slider__item\"><img width=\"300\" height=\"300\" src=\"https:\/\/www.adac971.com\/wp-content\/uploads\/2020\/10\/PIC_0555-350x350-1-300x300.jpg\" class=\"attachment-medium size-medium\" alt=\"\" loading=\"lazy\" srcset=\"https:\/\/www.adac971.com\/wp-content\/uploads\/2020\/10\/PIC_0555-350x350-1-300x300.jpg 300w, https:\/\/www.adac971.com\/wp-content\/uploads\/2020\/10\/PIC_0555-350x350-1-150x150.jpg 150w, https:\/\/www.adac971.com\/wp-content\/uploads\/2020\/10\/PIC_0555-350x350-1-100x100.jpg 100w, https:\/\/www.adac971.com\/wp-content\/uploads\/2020\/10\/PIC_0555-350x350-1-75x75.jpg 75w, https:\/\/www.adac971.com\/wp-content\/uploads\/2020\/10\/PIC_0555-350x350-1-50x50.jpg 50w, https:\/\/www.adac971.com\/wp-content\/uploads\/2020\/10\/PIC_0555-350x350-1.jpg 350w\" sizes=\"(max-width: 300px) 100vw, 300px\" \/><\/div><div class=\"carousel-slider__item\"><img width=\"300\" height=\"300\" src=\"https:\/\/www.adac971.com\/wp-content\/uploads\/2020\/10\/PIC_0559-350x350-1-300x300.jpg\" class=\"attachment-medium size-medium\" alt=\"\" loading=\"lazy\" srcset=\"https:\/\/www.adac971.com\/wp-content\/uploads\/2020\/10\/PIC_0559-350x350-1-300x300.jpg 300w, https:\/\/www.adac971.com\/wp-content\/uploads\/2020\/10\/PIC_0559-350x350-1-150x150.jpg 150w, https:\/\/www.adac971.com\/wp-content\/uploads\/2020\/10\/PIC_0559-350x350-1-100x100.jpg 100w, https:\/\/www.adac971.com\/wp-content\/uploads\/2020\/10\/PIC_0559-350x350-1-75x75.jpg 75w, https:\/\/www.adac971.com\/wp-content\/uploads\/2020\/10\/PIC_0559-350x350-1-50x50.jpg 50w, https:\/\/www.adac971.com\/wp-content\/uploads\/2020\/10\/PIC_0559-350x350-1.jpg 350w\" sizes=\"(max-width: 300px) 100vw, 300px\" \/><\/div><div class=\"carousel-slider__item\"><img width=\"300\" height=\"300\" src=\"https:\/\/www.adac971.com\/wp-content\/uploads\/2020\/10\/PIC_0621-350x350-1-300x300.jpg\" class=\"attachment-medium size-medium\" alt=\"\" loading=\"lazy\" srcset=\"https:\/\/www.adac971.com\/wp-content\/uploads\/2020\/10\/PIC_0621-350x350-1-300x300.jpg 300w, https:\/\/www.adac971.com\/wp-content\/uploads\/2020\/10\/PIC_0621-350x350-1-150x150.jpg 150w, https:\/\/www.adac971.com\/wp-content\/uploads\/2020\/10\/PIC_0621-350x350-1-100x100.jpg 100w, https:\/\/www.adac971.com\/wp-content\/uploads\/2020\/10\/PIC_0621-350x350-1-75x75.jpg 75w, https:\/\/www.adac971.com\/wp-content\/uploads\/2020\/10\/PIC_0621-350x350-1-50x50.jpg 50w, https:\/\/www.adac971.com\/wp-content\/uploads\/2020\/10\/PIC_0621-350x350-1.jpg 350w\" sizes=\"(max-width: 300px) 100vw, 300px\" \/><\/div><div class=\"carousel-slider__item\"><img width=\"300\" height=\"300\" src=\"https:\/\/www.adac971.com\/wp-content\/uploads\/2020\/10\/PIC_1013-350x350-1-300x300.jpg\" class=\"attachment-medium size-medium\" alt=\"\" loading=\"lazy\" srcset=\"https:\/\/www.adac971.com\/wp-content\/uploads\/2020\/10\/PIC_1013-350x350-1-300x300.jpg 300w, https:\/\/www.adac971.com\/wp-content\/uploads\/2020\/10\/PIC_1013-350x350-1-150x150.jpg 150w, https:\/\/www.adac971.com\/wp-content\/uploads\/2020\/10\/PIC_1013-350x350-1-100x100.jpg 100w, https:\/\/www.adac971.com\/wp-content\/uploads\/2020\/10\/PIC_1013-350x350-1-75x75.jpg 75w, https:\/\/www.adac971.com\/wp-content\/uploads\/2020\/10\/PIC_1013-350x350-1-50x50.jpg 50w, https:\/\/www.adac971.com\/wp-content\/uploads\/2020\/10\/PIC_1013-350x350-1.jpg 350w\" sizes=\"(max-width: 300px) 100vw, 300px\" \/><\/div>\t<\/div><!-- #id-## -->\n<\/div>\n\n<\/div>\n<\/div>\n<\/div>\n<\/div>\n<\/div>\n<\/div>\n<\/div>\n<\/div>\n<\/div>\n<\/div>\n<\/div>\n<\/div>\n<\/div>\n<\/div>\n","protected":false},"excerpt":{"rendered":"<p>Montage gratuit (sauf ceux n\u00e9cessitant location \u00e9chelle ou \u00e9chaffaudage) Sur pr\u00e9sentation de la carte ADAC 971 (sauf sur les promotions, soldes et ventes flash, remise non cumulable) \u00a0 \u00a0 0690 47 98 58 \u00a0 Rue de la Rigolette &#8211; 97141 Vieux-Fort \u00a0 \u00a0 \u00a0 kazalu971@yahoo.fr \u00a0 http:\/\/kazalu.com \u00a0 \u00a0 \u00a0 Kaz\u2019Alu est une entreprise artisanale [&hellip;]<\/p>\n","protected":false},"featured_media":76591,"template":"","meta":[],"_links":{"self":[{"href":"https:\/\/www.adac971.com\/index.php\/wp-json\/wp\/v2\/product\/76589"}],"collection":[{"href":"https:\/\/www.adac971.com\/index.php\/wp-json\/wp\/v2\/product"}],"about":[{"href":"https:\/\/www.adac971.com\/index.php\/wp-json\/wp\/v2\/types\/product"}],"wp:featuredmedia":[{"embeddable":true,"href":"https:\/\/www.adac971.com\/index.php\/wp-json\/wp\/v2\/media\/76591"}],"wp:attachment":[{"href":"https:\/\/www.adac971.com\/index.php\/wp-json\/wp\/v2\/media?parent=76589"}],"curies":[{"name":"wp","href":"https:\/\/api.w.org\/{rel}","templated":true}]}}