{"id":76574,"date":"2020-10-26T03:41:36","date_gmt":"2020-10-26T02:41:36","guid":{"rendered":"http:\/\/adaccomumu.cluster028.hosting.ovh.net\/?post_type=product&#038;p=76574"},"modified":"2020-11-24T17:07:09","modified_gmt":"2020-11-24T16:07:09","slug":"karukera-assainissement-abymes","status":"publish","type":"product","link":"https:\/\/www.adac971.com\/index.php\/product\/karukera-assainissement-abymes\/","title":{"rendered":"KARUKERA ASSAINISSEMENT ABYMES"},"content":{"rendered":"<h1 class=\"wpsestyles orange-message\">Jusqu&rsquo;\u00e0 8% de remise<\/h1>\n<p><span class=\"PBLongTxt\">Sur pr\u00e9sentation de la carte ADAC 971 (sauf sur les promotions, soldes et ventes flash, remise non cumulable)<\/span><\/p>\n<div>\u00a0<\/div>\n<table>\n<tbody>\n<tr>\n<td width=\"45\"><img loading=\"lazy\" class=\"alignnone size-full wp-image-75435\" src=\"http:\/\/adaccomumu.cluster028.hosting.ovh.net\/wp-content\/uploads\/2020\/08\/icone-tel-3.png\" alt=\"\" width=\"40\" height=\"37\" \/><\/td>\n<td width=\"19\">\u00a0<\/td>\n<td width=\"555\"><span class=\"PBLongTxt\">0590 20 00 20<\/span><\/td>\n<\/tr>\n<tr>\n<td width=\"45\"><img loading=\"lazy\" class=\"alignnone size-full wp-image-75433\" src=\"http:\/\/adaccomumu.cluster028.hosting.ovh.net\/wp-content\/uploads\/2020\/08\/icone-adresse-2.png\" alt=\"\" width=\"32\" height=\"40\" \/><\/td>\n<td width=\"19\">\u00a0<\/td>\n<td width=\"555\">\n<p>Salle d&rsquo;asile, Petit-P\u00e9rou &#8211; 97139 Les ABYMES<\/p>\n<\/td>\n<\/tr>\n<tr>\n<td width=\"45\"><img loading=\"lazy\" class=\"alignnone size-full wp-image-75432\" src=\"http:\/\/adaccomumu.cluster028.hosting.ovh.net\/wp-content\/uploads\/2020\/08\/clock-1.png\" alt=\"\" width=\"40\" height=\"40\" \/><\/td>\n<td width=\"19\">\u00a0<\/td>\n<td width=\"555\">Lundi au Vendredi 7h00-17h00<\/td>\n<\/tr>\n<tr>\n<td width=\"45\"><img loading=\"lazy\" class=\"alignnone size-full wp-image-75436\" src=\"http:\/\/adaccomumu.cluster028.hosting.ovh.net\/wp-content\/uploads\/2020\/08\/mail-icone-2.jpg\" alt=\"\" width=\"40\" height=\"30\" \/><\/td>\n<td width=\"19\">\u00a0<\/td>\n<td width=\"555\">\n<div>\n<div class=\"dwo3fsh8 g5ia77u1 rt8b4zig n8ej3o3l agehan2d sk4xxmp2 rq0escxv q9uorilb kvgmc6g5 cxmmr5t8 oygrvhab hcukyx3x jb3vyjys rz4wbd8a qt6c0cv9 a8nywdso l9j0dhe7 i1ao9s8h k4urcfbm\">\n<div class=\"j83agx80 cbu4d94t sj5x9vvc cxgpxx05\">\n<div class=\"rq0escxv l9j0dhe7 du4w35lb j83agx80 pfnyh3mw jifvfom9 ll8tlv6m owycx6da btwxx1t3 hv4rvrfc dati1w0a jb3vyjys b5q2rw42 lq239pai mysgfdmx hddg9phg\">\n<div class=\"rq0escxv l9j0dhe7 du4w35lb j83agx80 cbu4d94t g5gj957u d2edcug0 hpfvmrgz rj1gh0hx buofh1pr o8rfisnq p8fzw8mz pcp91wgn iuny7tx3 ipjc6fyt\">\n<div class=\"j83agx80 cbu4d94t ew0dbk1b irj2b8pg\">\n<div class=\"qzhwtbm6 knvmm38d\">\n<div>\n<div class=\"dwo3fsh8 g5ia77u1 rt8b4zig n8ej3o3l agehan2d sk4xxmp2 rq0escxv q9uorilb kvgmc6g5 cxmmr5t8 oygrvhab hcukyx3x jb3vyjys rz4wbd8a qt6c0cv9 a8nywdso l9j0dhe7 i1ao9s8h k4urcfbm\">\n<div class=\"j83agx80 cbu4d94t sj5x9vvc cxgpxx05\">\n<div class=\"rq0escxv l9j0dhe7 du4w35lb j83agx80 pfnyh3mw jifvfom9 ll8tlv6m owycx6da btwxx1t3 hv4rvrfc dati1w0a jb3vyjys b5q2rw42 lq239pai mysgfdmx hddg9phg\">\n<div class=\"rq0escxv l9j0dhe7 du4w35lb j83agx80 cbu4d94t g5gj957u d2edcug0 hpfvmrgz rj1gh0hx buofh1pr o8rfisnq p8fzw8mz pcp91wgn iuny7tx3 ipjc6fyt\">\n<div class=\"j83agx80 cbu4d94t ew0dbk1b irj2b8pg\">\n<div class=\"qzhwtbm6 knvmm38d\">\n<div>\n<div class=\"dwo3fsh8 g5ia77u1 rt8b4zig n8ej3o3l agehan2d sk4xxmp2 rq0escxv q9uorilb kvgmc6g5 cxmmr5t8 oygrvhab hcukyx3x jb3vyjys rz4wbd8a qt6c0cv9 a8nywdso l9j0dhe7 i1ao9s8h k4urcfbm\">\n<div class=\"j83agx80 cbu4d94t sj5x9vvc cxgpxx05\">\n<div class=\"rq0escxv l9j0dhe7 du4w35lb j83agx80 pfnyh3mw jifvfom9 ll8tlv6m owycx6da btwxx1t3 hv4rvrfc dati1w0a jb3vyjys b5q2rw42 lq239pai mysgfdmx hddg9phg\">\n<div class=\"rq0escxv l9j0dhe7 du4w35lb j83agx80 cbu4d94t g5gj957u d2edcug0 hpfvmrgz rj1gh0hx buofh1pr o8rfisnq p8fzw8mz pcp91wgn iuny7tx3 ipjc6fyt\">\n<div class=\"j83agx80 cbu4d94t ew0dbk1b irj2b8pg\">\n<div class=\"qzhwtbm6 knvmm38d\">\u00a0<\/div>\n<\/div>\n<\/div>\n<\/div>\n<\/div>\n<\/div>\n<\/div>\n<\/div>\n<\/div>\n<\/div>\n<\/div>\n<\/div>\n<\/div>\n<\/div>\n<\/div>\n<\/div>\n<\/div>\n<\/div>\n<\/div>\n<\/div>\n<\/div>\n<\/td>\n<\/tr>\n<tr>\n<td width=\"45\"><img loading=\"lazy\" class=\"alignnone size-full wp-image-75434\" src=\"http:\/\/adaccomumu.cluster028.hosting.ovh.net\/wp-content\/uploads\/2020\/08\/icone-site-2.png\" alt=\"\" width=\"40\" height=\"39\" \/><\/td>\n<td width=\"19\">\u00a0<\/td>\n<td width=\"555\"><a href=\"https:\/\/www.karukera-assainissement.fr\/\" target=\"_blank\" rel=\"noopener noreferrer\">https:\/\/www.karukera-assainissement.fr\/<\/a><\/td>\n<\/tr>\n<tr>\n<td width=\"45\"><img loading=\"lazy\" class=\"alignnone size-full wp-image-75490\" src=\"http:\/\/adaccomumu.cluster028.hosting.ovh.net\/wp-content\/uploads\/2020\/08\/facebook.png\" alt=\"\" width=\"40\" height=\"40\" \/><\/td>\n<td width=\"19\">\u00a0<\/td>\n<td width=\"555\"><a href=\"https:\/\/www.facebook.com\/karukeraassainissement\" target=\"_blank\" rel=\"noopener noreferrer\">https:\/\/www.facebook.com\/karukeraassainissement<\/a><\/td>\n<\/tr>\n<\/tbody>\n<\/table>\n<div class=\"j83agx80\">\n<div class=\"dwo3fsh8 g5ia77u1 rt8b4zig n8ej3o3l agehan2d sk4xxmp2 rq0escxv q9uorilb kvgmc6g5 cxmmr5t8 oygrvhab hcukyx3x jb3vyjys rz4wbd8a qt6c0cv9 a8nywdso l9j0dhe7 i1ao9s8h k4urcfbm\">\n<div class=\"j83agx80 cbu4d94t sj5x9vvc cxgpxx05\">\n<div class=\"rq0escxv l9j0dhe7 du4w35lb j83agx80 pfnyh3mw jifvfom9 ll8tlv6m owycx6da btwxx1t3 hv4rvrfc dati1w0a jb3vyjys b5q2rw42 lq239pai mysgfdmx hddg9phg\">\n<div class=\"rq0escxv l9j0dhe7 du4w35lb j83agx80 cbu4d94t g5gj957u d2edcug0 hpfvmrgz rj1gh0hx buofh1pr o8rfisnq p8fzw8mz pcp91wgn iuny7tx3 ipjc6fyt\">\n<div class=\"j83agx80 cbu4d94t ew0dbk1b irj2b8pg\">\n<div class=\"qzhwtbm6 knvmm38d\">\n<div class=\"j83agx80 cbu4d94t ew0dbk1b irj2b8pg\">\n<div class=\"qzhwtbm6 knvmm38d\">\n<div class=\"kvgmc6g5 cxmmr5t8 oygrvhab hcukyx3x c1et5uql\">\n<div dir=\"auto\">\n<div dir=\"auto\">\n<div id=\"ultimate-heading-41005f94d31368e0e\" class=\"uvc-heading ult-adjust-bottom-margin ultimate-heading-41005f94d31368e0e uvc-5127 \" data-hspacer=\"no_spacer\" data-halign=\"left\">\n<div class=\"uvc-main-heading ult-responsive\" data-ultimate-target=\".uvc-heading.ultimate-heading-41005f94d31368e0e h3\" data-responsive-json-new=\"{&quot;font-size&quot;:&quot;desktop:36px;&quot;,&quot;line-height&quot;:&quot;desktop:36px;&quot;}\">\n<div id=\"text_BLOCK_XIV2C7VRRC\" class=\"block-text \">\u00a0<\/div>\n<div id=\"text_BLOCK_AXNI0DHSG3\" class=\"block-text \">\u00a0<\/div>\n<div>\u00ab\u00a0Notre entreprise est sp\u00e9cialis\u00e9e dans la vidange de fosses septiques et de bacs \u00e0 graisse, de travaux d&rsquo;hydrocurage et de pompage ainsi que dans le nettoyage industriel. Nous sommes \u00e0 votre service pour la location de toilettes chimiques, le curage, le drainage et le d\u00e9gazage de cuves ainsi que pour l&rsquo;inspection vid\u00e9o de canalisations. Nos professionnels assurent \u00e9galement la mise en conformit\u00e9 de vos syst\u00e8mes d&rsquo;assainissement et le raccordement au tout \u00e0 l&rsquo;\u00e9gout. Nous sommes \u00e0 votre disposition de lundi au dimanche 24h\/24.\u00a0\u00bb<\/div>\n<div>\u00a0<\/div>\n<\/div>\n<div><div class=\"carousel-slider-outer carousel-slider-outer-images carousel-slider-outer-76578\">\n\t<style type=\"text\/css\">\n            #id-76578 .carousel-slider-nav-icon {\n                fill: #f1f1f1\n            }\n            #id-76578 .carousel-slider-nav-icon:hover {\n                fill: #00d1b2\n            }\n            #id-76578 .owl-prev,\n            #id-76578 .owl-next,\n            #id-76578 .carousel-slider-nav-icon {\n                height: 48px;\n                width: 48px\n            }\n            #id-76578.arrows-outside .owl-prev {\n                left: -48px\n            }\n            #id-76578.arrows-outside .owl-next {\n                right: -48px\n            }\n        \n\t\t    #id-76578 .owl-dots .owl-dot span {\n                background-color: #f1f1f1;\n                width: 10px;\n                height: 10px;\n            }\n            #id-76578 .owl-dots .owl-dot.active span,\n            #id-76578 .owl-dots .owl-dot:hover span {\n                background-color: #00d1b2\n            }\n\t\t<\/style>\t<div id=\"id-76578\" class=\"owl-carousel carousel-slider arrows-outside arrows-visible-hover dots-hidden dots-center dots-square\" data-slide-type=\"image-carousel\" data-margin=\"10\" data-slide-by=\"1\" data-loop=\"true\" data-lazy-load=\"false\" data-stage-padding=\"0\" data-auto-width=\"false\" data-dots=\"false\" data-nav=\"true\" data-autoplay=\"true\" data-autoplay-timeout=\"5000\" data-autoplay-speed=\"500\" data-autoplay-hover-pause=\"false\" data-colums=\"1\" data-colums-desktop=\"1\" data-colums-small-desktop=\"1\" data-colums-tablet=\"1\" data-colums-small-tablet=\"1\" data-colums-mobile=\"1\">\n\t\t<div class=\"carousel-slider__item\"><img width=\"2048\" height=\"1363\" src=\"https:\/\/www.adac971.com\/wp-content\/uploads\/2020\/10\/1400220_622707861100857_663462130_o.jpg\" class=\"attachment-full size-full\" alt=\"\" loading=\"lazy\" srcset=\"https:\/\/www.adac971.com\/wp-content\/uploads\/2020\/10\/1400220_622707861100857_663462130_o.jpg 2048w, https:\/\/www.adac971.com\/wp-content\/uploads\/2020\/10\/1400220_622707861100857_663462130_o-300x200.jpg 300w, https:\/\/www.adac971.com\/wp-content\/uploads\/2020\/10\/1400220_622707861100857_663462130_o-1024x682.jpg 1024w, https:\/\/www.adac971.com\/wp-content\/uploads\/2020\/10\/1400220_622707861100857_663462130_o-768x511.jpg 768w, https:\/\/www.adac971.com\/wp-content\/uploads\/2020\/10\/1400220_622707861100857_663462130_o-1536x1022.jpg 1536w\" sizes=\"(max-width: 2048px) 100vw, 2048px\" \/><\/div><div class=\"carousel-slider__item\"><img width=\"2048\" height=\"1018\" src=\"https:\/\/www.adac971.com\/wp-content\/uploads\/2020\/10\/25438733_1667409543297345_6878731517528211496_o.jpg\" class=\"attachment-full size-full\" alt=\"\" loading=\"lazy\" srcset=\"https:\/\/www.adac971.com\/wp-content\/uploads\/2020\/10\/25438733_1667409543297345_6878731517528211496_o.jpg 2048w, https:\/\/www.adac971.com\/wp-content\/uploads\/2020\/10\/25438733_1667409543297345_6878731517528211496_o-300x149.jpg 300w, https:\/\/www.adac971.com\/wp-content\/uploads\/2020\/10\/25438733_1667409543297345_6878731517528211496_o-1024x509.jpg 1024w, https:\/\/www.adac971.com\/wp-content\/uploads\/2020\/10\/25438733_1667409543297345_6878731517528211496_o-768x382.jpg 768w, https:\/\/www.adac971.com\/wp-content\/uploads\/2020\/10\/25438733_1667409543297345_6878731517528211496_o-1536x764.jpg 1536w\" sizes=\"(max-width: 2048px) 100vw, 2048px\" \/><\/div><div class=\"carousel-slider__item\"><img width=\"1848\" height=\"1230\" src=\"https:\/\/www.adac971.com\/wp-content\/uploads\/2020\/10\/52960035_2238410382863922_5685494027873419264_o.jpg\" class=\"attachment-full size-full\" alt=\"\" loading=\"lazy\" srcset=\"https:\/\/www.adac971.com\/wp-content\/uploads\/2020\/10\/52960035_2238410382863922_5685494027873419264_o.jpg 1848w, https:\/\/www.adac971.com\/wp-content\/uploads\/2020\/10\/52960035_2238410382863922_5685494027873419264_o-300x200.jpg 300w, https:\/\/www.adac971.com\/wp-content\/uploads\/2020\/10\/52960035_2238410382863922_5685494027873419264_o-1024x682.jpg 1024w, https:\/\/www.adac971.com\/wp-content\/uploads\/2020\/10\/52960035_2238410382863922_5685494027873419264_o-768x511.jpg 768w, https:\/\/www.adac971.com\/wp-content\/uploads\/2020\/10\/52960035_2238410382863922_5685494027873419264_o-1536x1022.jpg 1536w\" sizes=\"(max-width: 1848px) 100vw, 1848px\" \/><\/div><div class=\"carousel-slider__item\"><img width=\"1280\" height=\"960\" src=\"https:\/\/www.adac971.com\/wp-content\/uploads\/2020\/10\/892921_618284764876500_2099548990_o.jpg\" class=\"attachment-full size-full\" alt=\"\" loading=\"lazy\" srcset=\"https:\/\/www.adac971.com\/wp-content\/uploads\/2020\/10\/892921_618284764876500_2099548990_o.jpg 1280w, https:\/\/www.adac971.com\/wp-content\/uploads\/2020\/10\/892921_618284764876500_2099548990_o-300x225.jpg 300w, https:\/\/www.adac971.com\/wp-content\/uploads\/2020\/10\/892921_618284764876500_2099548990_o-1024x768.jpg 1024w, https:\/\/www.adac971.com\/wp-content\/uploads\/2020\/10\/892921_618284764876500_2099548990_o-768x576.jpg 768w\" sizes=\"(max-width: 1280px) 100vw, 1280px\" \/><\/div>\t<\/div><!-- #id-## -->\n<\/div>\n<\/div>\n<div class=\"uvc-main-heading ult-responsive\" data-ultimate-target=\".uvc-heading.ultimate-heading-41005f94d31368e0e h3\" data-responsive-json-new=\"{&quot;font-size&quot;:&quot;desktop:36px;&quot;,&quot;line-height&quot;:&quot;desktop:36px;&quot;}\">\n<div>\u00a0<\/div>\n<\/div>\n<div>\n<p><iframe title=\"Karukera Assainissement 2020 : -Des Experts, l\u00e0, pour vous!-\" width=\"640\" height=\"360\" src=\"https:\/\/www.youtube.com\/embed\/kW9kY92FKVg?feature=oembed\" frameborder=\"0\" allow=\"accelerometer; autoplay; clipboard-write; encrypted-media; gyroscope; picture-in-picture\" allowfullscreen><\/iframe><\/p>\n<\/div>\n<div>\u00a0<\/div>\n<\/div>\n<\/div>\n<\/div>\n<\/div>\n<\/div>\n<\/div>\n<\/div>\n<\/div>\n<\/div>\n<\/div>\n<\/div>\n<\/div>\n<\/div>\n","protected":false},"excerpt":{"rendered":"<p>Jusqu&rsquo;\u00e0 8% de remise Sur pr\u00e9sentation de la carte ADAC 971 (sauf sur les promotions, soldes et ventes flash, remise non cumulable) \u00a0 \u00a0 0590 20 00 20 \u00a0 Salle d&rsquo;asile, Petit-P\u00e9rou &#8211; 97139 Les ABYMES \u00a0 Lundi au Vendredi 7h00-17h00 \u00a0 \u00a0 \u00a0 https:\/\/www.karukera-assainissement.fr\/ \u00a0 https:\/\/www.facebook.com\/karukeraassainissement \u00a0 \u00a0 \u00ab\u00a0Notre entreprise est sp\u00e9cialis\u00e9e dans la [&hellip;]<\/p>\n","protected":false},"featured_media":76576,"template":"","meta":[],"_links":{"self":[{"href":"https:\/\/www.adac971.com\/index.php\/wp-json\/wp\/v2\/product\/76574"}],"collection":[{"href":"https:\/\/www.adac971.com\/index.php\/wp-json\/wp\/v2\/product"}],"about":[{"href":"https:\/\/www.adac971.com\/index.php\/wp-json\/wp\/v2\/types\/product"}],"wp:featuredmedia":[{"embeddable":true,"href":"https:\/\/www.adac971.com\/index.php\/wp-json\/wp\/v2\/media\/76576"}],"wp:attachment":[{"href":"https:\/\/www.adac971.com\/index.php\/wp-json\/wp\/v2\/media?parent=76574"}],"curies":[{"name":"wp","href":"https:\/\/api.w.org\/{rel}","templated":true}]}}