{"id":76550,"date":"2020-10-26T02:31:34","date_gmt":"2020-10-26T01:31:34","guid":{"rendered":"http:\/\/adaccomumu.cluster028.hosting.ovh.net\/?post_type=product&#038;p=76550"},"modified":"2020-10-26T02:48:02","modified_gmt":"2020-10-26T01:48:02","slug":"kiabi-la-jaille","status":"publish","type":"product","link":"https:\/\/www.adac971.com\/index.php\/product\/kiabi-la-jaille\/","title":{"rendered":"KIABI LA JAILLE"},"content":{"rendered":"<h1 class=\"wpsestyles orange-message\">10% \u00e0 partir de 50\u20ac d&rsquo;achat<\/h1>\n<p><span class=\"PBLongTxt\">Sur pr\u00e9sentation de la carte ADAC 971 (sauf sur les promotions, soldes et ventes flash, remise non cumulable)<\/span><\/p>\n<div>\u00a0<\/div>\n<table>\n<tbody>\n<tr>\n<td width=\"45\"><img loading=\"lazy\" class=\"alignnone size-full wp-image-75435\" src=\"http:\/\/adaccomumu.cluster028.hosting.ovh.net\/wp-content\/uploads\/2020\/08\/icone-tel-3.png\" alt=\"\" width=\"40\" height=\"37\" \/><\/td>\n<td width=\"19\">\u00a0<\/td>\n<td width=\"555\"><span class=\"PBLongTxt\">0590 95 48 35<\/span><\/td>\n<\/tr>\n<tr>\n<td width=\"45\"><img loading=\"lazy\" class=\"alignnone size-full wp-image-75433\" src=\"http:\/\/adaccomumu.cluster028.hosting.ovh.net\/wp-content\/uploads\/2020\/08\/icone-adresse-2.png\" alt=\"\" width=\"32\" height=\"40\" \/><\/td>\n<td width=\"19\">\u00a0<\/td>\n<td width=\"555\"><span class=\"d2edcug0 hpfvmrgz qv66sw1b c1et5uql rrkovp55 jq4qci2q a3bd9o3v knj5qynh py34i1dx\"><span class=\"a8c37x1j ni8dbmo4 stjgntxs l9j0dhe7\">ZAC de la grande Voie, Lieu-dit La Jaille &#8211; 97122 Baie-Mahault<\/span><\/span><\/td>\n<\/tr>\n<tr>\n<td width=\"45\"><img loading=\"lazy\" class=\"alignnone size-full wp-image-75432\" src=\"http:\/\/adaccomumu.cluster028.hosting.ovh.net\/wp-content\/uploads\/2020\/08\/clock-1.png\" alt=\"\" width=\"40\" height=\"40\" \/><\/td>\n<td width=\"19\">\u00a0<\/td>\n<td width=\"555\">Du Lundi au Vendredi 09h00-19h00, Samedi 9h00-19h30, Dimanche 9h00-13h00<\/td>\n<\/tr>\n<tr>\n<td width=\"45\"><img loading=\"lazy\" class=\"alignnone size-full wp-image-75436\" src=\"http:\/\/adaccomumu.cluster028.hosting.ovh.net\/wp-content\/uploads\/2020\/08\/mail-icone-2.jpg\" alt=\"\" width=\"40\" height=\"30\" \/><\/td>\n<td width=\"19\">\u00a0<\/td>\n<td width=\"555\">\n<div>\n<div class=\"dwo3fsh8 g5ia77u1 rt8b4zig n8ej3o3l agehan2d sk4xxmp2 rq0escxv q9uorilb kvgmc6g5 cxmmr5t8 oygrvhab hcukyx3x jb3vyjys rz4wbd8a qt6c0cv9 a8nywdso l9j0dhe7 i1ao9s8h k4urcfbm\">\n<div class=\"j83agx80 cbu4d94t sj5x9vvc cxgpxx05\">\n<div class=\"rq0escxv l9j0dhe7 du4w35lb j83agx80 pfnyh3mw jifvfom9 ll8tlv6m owycx6da btwxx1t3 hv4rvrfc dati1w0a jb3vyjys b5q2rw42 lq239pai mysgfdmx hddg9phg\">\n<div class=\"rq0escxv l9j0dhe7 du4w35lb j83agx80 cbu4d94t g5gj957u d2edcug0 hpfvmrgz rj1gh0hx buofh1pr o8rfisnq p8fzw8mz pcp91wgn iuny7tx3 ipjc6fyt\">\n<div class=\"j83agx80 cbu4d94t ew0dbk1b irj2b8pg\">\n<div class=\"qzhwtbm6 knvmm38d\">\n<div>\n<div class=\"dwo3fsh8 g5ia77u1 rt8b4zig n8ej3o3l agehan2d sk4xxmp2 rq0escxv q9uorilb kvgmc6g5 cxmmr5t8 oygrvhab hcukyx3x jb3vyjys rz4wbd8a qt6c0cv9 a8nywdso l9j0dhe7 i1ao9s8h k4urcfbm\">\n<div class=\"j83agx80 cbu4d94t sj5x9vvc cxgpxx05\">\n<div class=\"rq0escxv l9j0dhe7 du4w35lb j83agx80 pfnyh3mw jifvfom9 ll8tlv6m owycx6da btwxx1t3 hv4rvrfc dati1w0a jb3vyjys b5q2rw42 lq239pai mysgfdmx hddg9phg\">\n<div class=\"rq0escxv l9j0dhe7 du4w35lb j83agx80 cbu4d94t g5gj957u d2edcug0 hpfvmrgz rj1gh0hx buofh1pr o8rfisnq p8fzw8mz pcp91wgn iuny7tx3 ipjc6fyt\">\n<div class=\"j83agx80 cbu4d94t ew0dbk1b irj2b8pg\">\n<div class=\"qzhwtbm6 knvmm38d\">\u00a0<\/div>\n<\/div>\n<\/div>\n<\/div>\n<\/div>\n<\/div>\n<\/div>\n<\/div>\n<\/div>\n<\/div>\n<\/div>\n<\/div>\n<\/div>\n<\/div>\n<\/td>\n<\/tr>\n<tr>\n<td width=\"45\"><img loading=\"lazy\" class=\"alignnone size-full wp-image-75434\" src=\"http:\/\/adaccomumu.cluster028.hosting.ovh.net\/wp-content\/uploads\/2020\/08\/icone-site-2.png\" alt=\"\" width=\"40\" height=\"39\" \/><\/td>\n<td width=\"19\">\u00a0<\/td>\n<td width=\"555\"><a href=\"http:\/\/www.kiabi-antilles.com\" target=\"_blank\" rel=\"noopener noreferrer\">http:\/\/www.kiabi-antilles.com<\/a><\/td>\n<\/tr>\n<tr>\n<td width=\"45\"><img loading=\"lazy\" class=\"alignnone size-full wp-image-75490\" src=\"http:\/\/adaccomumu.cluster028.hosting.ovh.net\/wp-content\/uploads\/2020\/08\/facebook.png\" alt=\"\" width=\"40\" height=\"40\" \/><\/td>\n<td width=\"19\">\u00a0<\/td>\n<td width=\"555\"><a href=\"https:\/\/www.facebook.com\/kiabi.antilles.guyane\/\" target=\"_blank\" rel=\"noopener noreferrer\">https:\/\/www.facebook.com\/kiabi.antilles.guyane\/<\/a><\/td>\n<\/tr>\n<\/tbody>\n<\/table>\n<div class=\"j83agx80\">\n<div class=\"dwo3fsh8 g5ia77u1 rt8b4zig n8ej3o3l agehan2d sk4xxmp2 rq0escxv q9uorilb kvgmc6g5 cxmmr5t8 oygrvhab hcukyx3x jb3vyjys rz4wbd8a qt6c0cv9 a8nywdso l9j0dhe7 i1ao9s8h k4urcfbm\">\n<div class=\"j83agx80 cbu4d94t sj5x9vvc cxgpxx05\">\n<div class=\"rq0escxv l9j0dhe7 du4w35lb j83agx80 pfnyh3mw jifvfom9 ll8tlv6m owycx6da btwxx1t3 hv4rvrfc dati1w0a jb3vyjys b5q2rw42 lq239pai mysgfdmx hddg9phg\">\n<div class=\"rq0escxv l9j0dhe7 du4w35lb j83agx80 cbu4d94t g5gj957u d2edcug0 hpfvmrgz rj1gh0hx buofh1pr o8rfisnq p8fzw8mz pcp91wgn iuny7tx3 ipjc6fyt\">\n<div class=\"j83agx80 cbu4d94t ew0dbk1b irj2b8pg\">\n<div class=\"qzhwtbm6 knvmm38d\">\n<div class=\"j83agx80 cbu4d94t ew0dbk1b irj2b8pg\">\n<div class=\"qzhwtbm6 knvmm38d\">\n<div class=\"kvgmc6g5 cxmmr5t8 oygrvhab hcukyx3x c1et5uql\">\n<div dir=\"auto\">\n<div dir=\"auto\">\n<div id=\"ultimate-heading-41005f94d31368e0e\" class=\"uvc-heading ult-adjust-bottom-margin ultimate-heading-41005f94d31368e0e uvc-5127 \" data-hspacer=\"no_spacer\" data-halign=\"left\">\n<div class=\"uvc-main-heading ult-responsive\" data-ultimate-target=\".uvc-heading.ultimate-heading-41005f94d31368e0e h3\" data-responsive-json-new=\"{&quot;font-size&quot;:&quot;desktop:36px;&quot;,&quot;line-height&quot;:&quot;desktop:36px;&quot;}\">\n<div id=\"text_BLOCK_XIV2C7VRRC\" class=\"block-text \">\u00a0<\/div>\n<div id=\"text_BLOCK_AXNI0DHSG3\" class=\"block-text \">\n<div class=\"kvgmc6g5 cxmmr5t8 oygrvhab hcukyx3x c1et5uql\">\n<div dir=\"auto\">\n<h2>KIABI: l\u2019histoire d\u2019un nom<\/h2>\n<p>\u00ab On nous avait propos\u00e9 La Grande Armoire, mais cela ne collait pas avec les sonorit\u00e9s du moment ! Nous souhaitions quelque chose de court et qui reste \u00e0 l\u2019esprit. Finalement, nous avons opt\u00e9 pour KIABI pour dire tout simplement \u00ab qui habille \u00bb ! Cela ne voulait rien dire \u00e0 l\u2019\u00e9tranger mais ce fut un coup de c\u0153ur pour l\u2019\u00e9quipe ! \u00bb PATRICK MULLIEZ, Fondateur de Kiabi.<\/p>\n<p>Retrouvez toute la mode femme, homme, enfants, b\u00e9b\u00e9 \u00e0 petits prix ..\u00a0Comme en m\u00e9tropole<\/p>\n<\/div>\n<div style=\"width: 640px;\" class=\"wp-video\"><!--[if lt IE 9]><script>document.createElement('video');<\/script><![endif]-->\n<video class=\"wp-video-shortcode\" id=\"video-76550-1\" width=\"640\" height=\"360\" preload=\"metadata\" controls=\"controls\"><source type=\"video\/mp4\" src=\"https:\/\/www.kiabi-antilles.com\/img\/tendances\/2020\/octobre\/Kiabi_trends.mp4?_=1\" \/><a href=\"https:\/\/www.kiabi-antilles.com\/img\/tendances\/2020\/octobre\/Kiabi_trends.mp4\">https:\/\/www.kiabi-antilles.com\/img\/tendances\/2020\/octobre\/Kiabi_trends.mp4<\/a><\/video><\/div>\n<\/div>\n<\/div>\n<\/div>\n<\/div>\n<\/div>\n<\/div>\n<\/div>\n<\/div>\n<\/div>\n<\/div>\n<\/div>\n<\/div>\n<\/div>\n<\/div>\n<\/div>\n<\/div>\n","protected":false},"excerpt":{"rendered":"<p>10% \u00e0 partir de 50\u20ac d&rsquo;achat Sur pr\u00e9sentation de la carte ADAC 971 (sauf sur les promotions, soldes et ventes flash, remise non cumulable) \u00a0 \u00a0 0590 95 48 35 \u00a0 ZAC de la grande Voie, Lieu-dit La Jaille &#8211; 97122 Baie-Mahault \u00a0 Du Lundi au Vendredi 09h00-19h00, Samedi 9h00-19h30, Dimanche 9h00-13h00 \u00a0 \u00a0 \u00a0 [&hellip;]<\/p>\n","protected":false},"featured_media":76552,"template":"","meta":[],"_links":{"self":[{"href":"https:\/\/www.adac971.com\/index.php\/wp-json\/wp\/v2\/product\/76550"}],"collection":[{"href":"https:\/\/www.adac971.com\/index.php\/wp-json\/wp\/v2\/product"}],"about":[{"href":"https:\/\/www.adac971.com\/index.php\/wp-json\/wp\/v2\/types\/product"}],"wp:featuredmedia":[{"embeddable":true,"href":"https:\/\/www.adac971.com\/index.php\/wp-json\/wp\/v2\/media\/76552"}],"wp:attachment":[{"href":"https:\/\/www.adac971.com\/index.php\/wp-json\/wp\/v2\/media?parent=76550"}],"curies":[{"name":"wp","href":"https:\/\/api.w.org\/{rel}","templated":true}]}}