{"id":76537,"date":"2020-10-25T03:12:59","date_gmt":"2020-10-25T02:12:59","guid":{"rendered":"http:\/\/adaccomumu.cluster028.hosting.ovh.net\/?post_type=product&#038;p=76537"},"modified":"2020-10-26T02:08:01","modified_gmt":"2020-10-26T01:08:01","slug":"celio-destreland","status":"publish","type":"product","link":"https:\/\/www.adac971.com\/index.php\/product\/celio-destreland\/","title":{"rendered":"CELIO DESTRELAND"},"content":{"rendered":"<h1 class=\"wpsestyles orange-message\">Jusqu&rsquo;\u00e0 5% de remise sur tous les articles<\/h1>\n<p><span class=\"PBLongTxt\">Sur pr\u00e9sentation de la carte ADAC 971 (sauf sur les promotions, soldes et ventes flash, remise non cumulable)<\/span><\/p>\n<div>\u00a0<\/div>\n<table>\n<tbody>\n<tr>\n<td width=\"45\"><img loading=\"lazy\" class=\"alignnone size-full wp-image-75435\" src=\"http:\/\/adaccomumu.cluster028.hosting.ovh.net\/wp-content\/uploads\/2020\/08\/icone-tel-3.png\" alt=\"\" width=\"40\" height=\"37\" \/><\/td>\n<td width=\"19\">\u00a0<\/td>\n<td width=\"555\"><span class=\"PBLongTxt\">0590 25 04 10<\/span><\/td>\n<\/tr>\n<tr>\n<td width=\"45\"><img loading=\"lazy\" class=\"alignnone size-full wp-image-75433\" src=\"http:\/\/adaccomumu.cluster028.hosting.ovh.net\/wp-content\/uploads\/2020\/08\/icone-adresse-2.png\" alt=\"\" width=\"32\" height=\"40\" \/><\/td>\n<td width=\"19\">\u00a0<\/td>\n<td width=\"555\"><span class=\"d2edcug0 hpfvmrgz qv66sw1b c1et5uql rrkovp55 jq4qci2q a3bd9o3v knj5qynh py34i1dx\"><span class=\"a8c37x1j ni8dbmo4 stjgntxs l9j0dhe7\">Centre Commmercial Destreland , 97122 Baie-Mahault<\/span><\/span><\/td>\n<\/tr>\n<tr>\n<td width=\"45\"><img loading=\"lazy\" class=\"alignnone size-full wp-image-75432\" src=\"http:\/\/adaccomumu.cluster028.hosting.ovh.net\/wp-content\/uploads\/2020\/08\/clock-1.png\" alt=\"\" width=\"40\" height=\"40\" \/><\/td>\n<td width=\"19\">\u00a0<\/td>\n<td width=\"555\">Du Lundi au Vendredi 09h00-20h00 , Samedi 9h00-20h30<\/td>\n<\/tr>\n<tr>\n<td width=\"45\"><img loading=\"lazy\" class=\"alignnone size-full wp-image-75436\" src=\"http:\/\/adaccomumu.cluster028.hosting.ovh.net\/wp-content\/uploads\/2020\/08\/mail-icone-2.jpg\" alt=\"\" width=\"40\" height=\"30\" \/><\/td>\n<td width=\"19\">\u00a0<\/td>\n<td width=\"555\">\n<div>\n<div class=\"dwo3fsh8 g5ia77u1 rt8b4zig n8ej3o3l agehan2d sk4xxmp2 rq0escxv q9uorilb kvgmc6g5 cxmmr5t8 oygrvhab hcukyx3x jb3vyjys rz4wbd8a qt6c0cv9 a8nywdso l9j0dhe7 i1ao9s8h k4urcfbm\">\n<div class=\"j83agx80 cbu4d94t sj5x9vvc cxgpxx05\">\n<div class=\"rq0escxv l9j0dhe7 du4w35lb j83agx80 pfnyh3mw jifvfom9 ll8tlv6m owycx6da btwxx1t3 hv4rvrfc dati1w0a jb3vyjys b5q2rw42 lq239pai mysgfdmx hddg9phg\">\n<div class=\"rq0escxv l9j0dhe7 du4w35lb j83agx80 cbu4d94t g5gj957u d2edcug0 hpfvmrgz rj1gh0hx buofh1pr o8rfisnq p8fzw8mz pcp91wgn iuny7tx3 ipjc6fyt\">\n<div class=\"j83agx80 cbu4d94t ew0dbk1b irj2b8pg\">\n<div class=\"qzhwtbm6 knvmm38d\">\n<div>\n<div class=\"dwo3fsh8 g5ia77u1 rt8b4zig n8ej3o3l agehan2d sk4xxmp2 rq0escxv q9uorilb kvgmc6g5 cxmmr5t8 oygrvhab hcukyx3x jb3vyjys rz4wbd8a qt6c0cv9 a8nywdso l9j0dhe7 i1ao9s8h k4urcfbm\">\n<div class=\"j83agx80 cbu4d94t sj5x9vvc cxgpxx05\">\n<div class=\"rq0escxv l9j0dhe7 du4w35lb j83agx80 pfnyh3mw jifvfom9 ll8tlv6m owycx6da btwxx1t3 hv4rvrfc dati1w0a jb3vyjys b5q2rw42 lq239pai mysgfdmx hddg9phg\">\n<div class=\"rq0escxv l9j0dhe7 du4w35lb j83agx80 cbu4d94t g5gj957u d2edcug0 hpfvmrgz rj1gh0hx buofh1pr o8rfisnq p8fzw8mz pcp91wgn iuny7tx3 ipjc6fyt\">\n<div class=\"j83agx80 cbu4d94t ew0dbk1b irj2b8pg\">\n<div class=\"qzhwtbm6 knvmm38d\">\u00a0<\/div>\n<\/div>\n<\/div>\n<\/div>\n<\/div>\n<\/div>\n<\/div>\n<\/div>\n<\/div>\n<\/div>\n<\/div>\n<\/div>\n<\/div>\n<\/div>\n<\/td>\n<\/tr>\n<tr>\n<td width=\"45\"><img loading=\"lazy\" class=\"alignnone size-full wp-image-75434\" src=\"http:\/\/adaccomumu.cluster028.hosting.ovh.net\/wp-content\/uploads\/2020\/08\/icone-site-2.png\" alt=\"\" width=\"40\" height=\"39\" \/><\/td>\n<td width=\"19\">\u00a0<\/td>\n<td width=\"555\"><a href=\"http:\/\/destreland.com\/boutique\/celio\" target=\"_blank\" rel=\"noopener noreferrer\">http:\/\/destreland.com\/boutique\/celio<\/a><\/td>\n<\/tr>\n<tr>\n<td width=\"45\"><img loading=\"lazy\" class=\"alignnone size-full wp-image-75490\" src=\"http:\/\/adaccomumu.cluster028.hosting.ovh.net\/wp-content\/uploads\/2020\/08\/facebook.png\" alt=\"\" width=\"40\" height=\"40\" \/><\/td>\n<td width=\"19\">\u00a0<\/td>\n<td width=\"555\"><a href=\"https:\/\/www.facebook.com\/celioenguadeloupe\" target=\"_blank\" rel=\"noopener noreferrer\">https:\/\/www.facebook.com\/celioenguadeloupe<\/a><\/td>\n<\/tr>\n<\/tbody>\n<\/table>\n<div class=\"j83agx80\">\n<div class=\"dwo3fsh8 g5ia77u1 rt8b4zig n8ej3o3l agehan2d sk4xxmp2 rq0escxv q9uorilb kvgmc6g5 cxmmr5t8 oygrvhab hcukyx3x jb3vyjys rz4wbd8a qt6c0cv9 a8nywdso l9j0dhe7 i1ao9s8h k4urcfbm\">\n<div class=\"j83agx80 cbu4d94t sj5x9vvc cxgpxx05\">\n<div class=\"rq0escxv l9j0dhe7 du4w35lb j83agx80 pfnyh3mw jifvfom9 ll8tlv6m owycx6da btwxx1t3 hv4rvrfc dati1w0a jb3vyjys b5q2rw42 lq239pai mysgfdmx hddg9phg\">\n<div class=\"rq0escxv l9j0dhe7 du4w35lb j83agx80 cbu4d94t g5gj957u d2edcug0 hpfvmrgz rj1gh0hx buofh1pr o8rfisnq p8fzw8mz pcp91wgn iuny7tx3 ipjc6fyt\">\n<div class=\"j83agx80 cbu4d94t ew0dbk1b irj2b8pg\">\n<div class=\"qzhwtbm6 knvmm38d\">\n<div class=\"j83agx80 cbu4d94t ew0dbk1b irj2b8pg\">\n<div class=\"qzhwtbm6 knvmm38d\">\n<div class=\"kvgmc6g5 cxmmr5t8 oygrvhab hcukyx3x c1et5uql\">\n<div dir=\"auto\">\n<div dir=\"auto\">\n<div id=\"ultimate-heading-41005f94d31368e0e\" class=\"uvc-heading ult-adjust-bottom-margin ultimate-heading-41005f94d31368e0e uvc-5127 \" data-hspacer=\"no_spacer\" data-halign=\"left\">\n<div class=\"uvc-main-heading ult-responsive\" data-ultimate-target=\".uvc-heading.ultimate-heading-41005f94d31368e0e h3\" data-responsive-json-new=\"{&quot;font-size&quot;:&quot;desktop:36px;&quot;,&quot;line-height&quot;:&quot;desktop:36px;&quot;}\">\n<div id=\"text_BLOCK_XIV2C7VRRC\" class=\"block-text \">\u00a0<\/div>\n<div id=\"text_BLOCK_AXNI0DHSG3\" class=\"block-text \">\n<div class=\"kvgmc6g5 cxmmr5t8 oygrvhab hcukyx3x c1et5uql\">\n<div dir=\"auto\">celio* est la marque de mode internationale d\u00e9di\u00e9e \u00e0 l&rsquo;homme proposant les produits incontournables du vestiaire masculin.<\/div>\n<\/div>\n<div class=\"o9v6fnle cxmmr5t8 oygrvhab hcukyx3x c1et5uql\">\n<div dir=\"auto\">Retrouvez 3 boutiques celio* en Guadeloupe :<\/div>\n<div dir=\"auto\">&#8211; celio Jarry<\/div>\n<div dir=\"auto\">&#8211; celio Destreland<\/div>\n<div dir=\"auto\">&#8211; celio Milenis<\/div>\n<div dir=\"auto\">\u00a0<\/div>\n<\/div>\n<div dir=\"auto\"><div class=\"carousel-slider-outer carousel-slider-outer-images carousel-slider-outer-76540\">\n\t<style type=\"text\/css\">\n            #id-76540 .carousel-slider-nav-icon {\n                fill: #f1f1f1\n            }\n            #id-76540 .carousel-slider-nav-icon:hover {\n                fill: #00d1b2\n            }\n            #id-76540 .owl-prev,\n            #id-76540 .owl-next,\n            #id-76540 .carousel-slider-nav-icon {\n                height: 48px;\n                width: 48px\n            }\n            #id-76540.arrows-outside .owl-prev {\n                left: -48px\n            }\n            #id-76540.arrows-outside .owl-next {\n                right: -48px\n            }\n        \n\t\t    #id-76540 .owl-dots .owl-dot span {\n                background-color: #f1f1f1;\n                width: 10px;\n                height: 10px;\n            }\n            #id-76540 .owl-dots .owl-dot.active span,\n            #id-76540 .owl-dots .owl-dot:hover span {\n                background-color: #00d1b2\n            }\n\t\t<\/style>\t<div id=\"id-76540\" class=\"owl-carousel carousel-slider arrows-outside arrows-visible-hover dots-hidden dots-center dots-square\" data-slide-type=\"image-carousel\" data-margin=\"10\" data-slide-by=\"1\" data-loop=\"true\" data-lazy-load=\"false\" data-stage-padding=\"0\" data-auto-width=\"false\" data-dots=\"false\" data-nav=\"true\" data-autoplay=\"true\" data-autoplay-timeout=\"5000\" data-autoplay-speed=\"500\" data-autoplay-hover-pause=\"false\" data-colums=\"1\" data-colums-desktop=\"1\" data-colums-small-desktop=\"1\" data-colums-tablet=\"1\" data-colums-small-tablet=\"1\" data-colums-mobile=\"1\">\n\t\t<div class=\"carousel-slider__item\"><img width=\"832\" height=\"540\" src=\"https:\/\/www.adac971.com\/wp-content\/uploads\/2020\/10\/27ce17ffe45deccf2497dac596ecb22c8ef3c693.jpeg\" class=\"attachment-full size-full\" alt=\"\" loading=\"lazy\" srcset=\"https:\/\/www.adac971.com\/wp-content\/uploads\/2020\/10\/27ce17ffe45deccf2497dac596ecb22c8ef3c693.jpeg 832w, https:\/\/www.adac971.com\/wp-content\/uploads\/2020\/10\/27ce17ffe45deccf2497dac596ecb22c8ef3c693-300x195.jpeg 300w, https:\/\/www.adac971.com\/wp-content\/uploads\/2020\/10\/27ce17ffe45deccf2497dac596ecb22c8ef3c693-768x498.jpeg 768w\" sizes=\"(max-width: 832px) 100vw, 832px\" \/><\/div><div class=\"carousel-slider__item\"><img width=\"832\" height=\"540\" src=\"https:\/\/www.adac971.com\/wp-content\/uploads\/2020\/10\/80488f56155d29403120fcb4ac7a21c453f6de57.jpeg\" class=\"attachment-full size-full\" alt=\"\" loading=\"lazy\" srcset=\"https:\/\/www.adac971.com\/wp-content\/uploads\/2020\/10\/80488f56155d29403120fcb4ac7a21c453f6de57.jpeg 832w, https:\/\/www.adac971.com\/wp-content\/uploads\/2020\/10\/80488f56155d29403120fcb4ac7a21c453f6de57-300x195.jpeg 300w, https:\/\/www.adac971.com\/wp-content\/uploads\/2020\/10\/80488f56155d29403120fcb4ac7a21c453f6de57-768x498.jpeg 768w\" sizes=\"(max-width: 832px) 100vw, 832px\" \/><\/div><div class=\"carousel-slider__item\"><img width=\"832\" height=\"540\" src=\"https:\/\/www.adac971.com\/wp-content\/uploads\/2020\/10\/277466a7fd494deeeb1987034fad870b735187d1.jpeg\" class=\"attachment-full size-full\" alt=\"\" loading=\"lazy\" srcset=\"https:\/\/www.adac971.com\/wp-content\/uploads\/2020\/10\/277466a7fd494deeeb1987034fad870b735187d1.jpeg 832w, https:\/\/www.adac971.com\/wp-content\/uploads\/2020\/10\/277466a7fd494deeeb1987034fad870b735187d1-300x195.jpeg 300w, https:\/\/www.adac971.com\/wp-content\/uploads\/2020\/10\/277466a7fd494deeeb1987034fad870b735187d1-768x498.jpeg 768w\" sizes=\"(max-width: 832px) 100vw, 832px\" \/><\/div><div class=\"carousel-slider__item\"><img width=\"940\" height=\"788\" src=\"https:\/\/www.adac971.com\/wp-content\/uploads\/2020\/10\/20525736_315305785596291_1916389228601982527_n.png\" class=\"attachment-full size-full\" alt=\"\" loading=\"lazy\" srcset=\"https:\/\/www.adac971.com\/wp-content\/uploads\/2020\/10\/20525736_315305785596291_1916389228601982527_n.png 940w, https:\/\/www.adac971.com\/wp-content\/uploads\/2020\/10\/20525736_315305785596291_1916389228601982527_n-300x251.png 300w, https:\/\/www.adac971.com\/wp-content\/uploads\/2020\/10\/20525736_315305785596291_1916389228601982527_n-768x644.png 768w\" sizes=\"(max-width: 940px) 100vw, 940px\" \/><\/div><div class=\"carousel-slider__item\"><img width=\"810\" height=\"450\" src=\"https:\/\/www.adac971.com\/wp-content\/uploads\/2020\/10\/20621990_316501472143389_5254673448965136337_n.png\" class=\"attachment-full size-full\" alt=\"\" loading=\"lazy\" srcset=\"https:\/\/www.adac971.com\/wp-content\/uploads\/2020\/10\/20621990_316501472143389_5254673448965136337_n.png 810w, https:\/\/www.adac971.com\/wp-content\/uploads\/2020\/10\/20621990_316501472143389_5254673448965136337_n-300x167.png 300w, https:\/\/www.adac971.com\/wp-content\/uploads\/2020\/10\/20621990_316501472143389_5254673448965136337_n-768x427.png 768w\" sizes=\"(max-width: 810px) 100vw, 810px\" \/><\/div><div class=\"carousel-slider__item\"><img width=\"810\" height=\"450\" src=\"https:\/\/www.adac971.com\/wp-content\/uploads\/2020\/10\/20994278_322304981563038_1441489531981402791_n.png\" class=\"attachment-full size-full\" alt=\"\" loading=\"lazy\" srcset=\"https:\/\/www.adac971.com\/wp-content\/uploads\/2020\/10\/20994278_322304981563038_1441489531981402791_n.png 810w, https:\/\/www.adac971.com\/wp-content\/uploads\/2020\/10\/20994278_322304981563038_1441489531981402791_n-300x167.png 300w, https:\/\/www.adac971.com\/wp-content\/uploads\/2020\/10\/20994278_322304981563038_1441489531981402791_n-768x427.png 768w\" sizes=\"(max-width: 810px) 100vw, 810px\" \/><\/div>\t<\/div><!-- #id-## -->\n<\/div>\n<\/div>\n<\/div>\n<\/div>\n<\/div>\n<\/div>\n<\/div>\n<\/div>\n<\/div>\n<\/div>\n<\/div>\n<\/div>\n<\/div>\n<\/div>\n<\/div>\n<\/div>\n<\/div>\n","protected":false},"excerpt":{"rendered":"<p>Jusqu&rsquo;\u00e0 5% de remise sur tous les articles Sur pr\u00e9sentation de la carte ADAC 971 (sauf sur les promotions, soldes et ventes flash, remise non cumulable) \u00a0 \u00a0 0590 25 04 10 \u00a0 Centre Commmercial Destreland , 97122 Baie-Mahault \u00a0 Du Lundi au Vendredi 09h00-20h00 , Samedi 9h00-20h30 \u00a0 \u00a0 \u00a0 http:\/\/destreland.com\/boutique\/celio \u00a0 https:\/\/www.facebook.com\/celioenguadeloupe \u00a0 [&hellip;]<\/p>\n","protected":false},"featured_media":76538,"template":"","meta":[],"_links":{"self":[{"href":"https:\/\/www.adac971.com\/index.php\/wp-json\/wp\/v2\/product\/76537"}],"collection":[{"href":"https:\/\/www.adac971.com\/index.php\/wp-json\/wp\/v2\/product"}],"about":[{"href":"https:\/\/www.adac971.com\/index.php\/wp-json\/wp\/v2\/types\/product"}],"wp:featuredmedia":[{"embeddable":true,"href":"https:\/\/www.adac971.com\/index.php\/wp-json\/wp\/v2\/media\/76538"}],"wp:attachment":[{"href":"https:\/\/www.adac971.com\/index.php\/wp-json\/wp\/v2\/media?parent=76537"}],"curies":[{"name":"wp","href":"https:\/\/api.w.org\/{rel}","templated":true}]}}