{"id":76495,"date":"2020-10-25T01:25:19","date_gmt":"2020-10-24T23:25:19","guid":{"rendered":"http:\/\/adaccomumu.cluster028.hosting.ovh.net\/?post_type=product&#038;p=76495"},"modified":"2020-10-25T01:41:14","modified_gmt":"2020-10-24T23:41:14","slug":"siapoc-jarry","status":"publish","type":"product","link":"https:\/\/www.adac971.com\/index.php\/product\/siapoc-jarry\/","title":{"rendered":"SIAPOC JARRY"},"content":{"rendered":"<h1 class=\"wpsestyles orange-message\"><strong>Jusqu&rsquo;\u00e0 35% de remise sur les peintures et 25% de r\u00e9duction sur les articles accessoires<\/strong><\/h1>\n<p><span class=\"PBLongTxt\">Sur pr\u00e9sentation de la carte ADAC 971 (sauf sur les promotions, remise non cumulable)<\/span><\/p>\n<div>\u00a0<\/div>\n<table>\n<tbody>\n<tr>\n<td width=\"45\"><img loading=\"lazy\" class=\"alignnone size-full wp-image-75435\" src=\"http:\/\/adaccomumu.cluster028.hosting.ovh.net\/wp-content\/uploads\/2020\/08\/icone-tel-3.png\" alt=\"\" width=\"40\" height=\"37\" \/><\/td>\n<td width=\"19\">\u00a0<\/td>\n<td width=\"555\"><span class=\"PBLongTxt\">0590 26 75 99<\/span><\/td>\n<\/tr>\n<tr>\n<td width=\"45\"><img loading=\"lazy\" class=\"alignnone size-full wp-image-75433\" src=\"http:\/\/adaccomumu.cluster028.hosting.ovh.net\/wp-content\/uploads\/2020\/08\/icone-adresse-2.png\" alt=\"\" width=\"32\" height=\"40\" \/><\/td>\n<td width=\"19\">\u00a0<\/td>\n<td width=\"555\"><span class=\"d2edcug0 hpfvmrgz qv66sw1b c1et5uql rrkovp55 jq4qci2q a3bd9o3v knj5qynh py34i1dx\"><span class=\"a8c37x1j ni8dbmo4 stjgntxs l9j0dhe7\">89 Rue Nobel \u2013 ZI Jarry 97122 Baie Mahault<\/span><\/span><\/td>\n<\/tr>\n<tr>\n<td width=\"45\"><img loading=\"lazy\" class=\"alignnone size-full wp-image-75432\" src=\"http:\/\/adaccomumu.cluster028.hosting.ovh.net\/wp-content\/uploads\/2020\/08\/clock-1.png\" alt=\"\" width=\"40\" height=\"40\" \/><\/td>\n<td width=\"19\">\u00a0<\/td>\n<td width=\"555\">\n<div class=\"description\">Lundi au Vendredi de 06h30 \u00e0 16h00<\/div>\n<\/td>\n<\/tr>\n<tr>\n<td width=\"45\"><img loading=\"lazy\" class=\"alignnone size-full wp-image-75436\" src=\"http:\/\/adaccomumu.cluster028.hosting.ovh.net\/wp-content\/uploads\/2020\/08\/mail-icone-2.jpg\" alt=\"\" width=\"40\" height=\"30\" \/><\/td>\n<td width=\"19\">\u00a0<\/td>\n<td width=\"555\">\n<div>\n<div class=\"dwo3fsh8 g5ia77u1 rt8b4zig n8ej3o3l agehan2d sk4xxmp2 rq0escxv q9uorilb kvgmc6g5 cxmmr5t8 oygrvhab hcukyx3x jb3vyjys rz4wbd8a qt6c0cv9 a8nywdso l9j0dhe7 i1ao9s8h k4urcfbm\">\n<div class=\"j83agx80 cbu4d94t sj5x9vvc cxgpxx05\">\n<div class=\"rq0escxv l9j0dhe7 du4w35lb j83agx80 pfnyh3mw jifvfom9 ll8tlv6m owycx6da btwxx1t3 hv4rvrfc dati1w0a jb3vyjys b5q2rw42 lq239pai mysgfdmx hddg9phg\">\n<div class=\"rq0escxv l9j0dhe7 du4w35lb j83agx80 cbu4d94t g5gj957u d2edcug0 hpfvmrgz rj1gh0hx buofh1pr o8rfisnq p8fzw8mz pcp91wgn iuny7tx3 ipjc6fyt\">\n<div class=\"j83agx80 cbu4d94t ew0dbk1b irj2b8pg\">\n<div class=\"qzhwtbm6 knvmm38d\"><span class=\"d2edcug0 hpfvmrgz qv66sw1b c1et5uql rrkovp55 a8c37x1j keod5gw0 nxhoafnm aigsh9s9 d3f4x2em fe6kdd0r mau55g9w c8b282yb iv3no6db jq4qci2q a3bd9o3v knj5qynh oo9gr5id hzawbc8m\" dir=\"auto\"><span class=\"d2edcug0 hpfvmrgz qv66sw1b c1et5uql rrkovp55 jq4qci2q a3bd9o3v knj5qynh py34i1dx\">contact@siapoc.fr<\/span><\/span><\/div>\n<\/div>\n<\/div>\n<\/div>\n<\/div>\n<\/div>\n<\/div>\n<\/td>\n<\/tr>\n<tr>\n<td width=\"45\"><img loading=\"lazy\" class=\"alignnone size-full wp-image-75434\" src=\"http:\/\/adaccomumu.cluster028.hosting.ovh.net\/wp-content\/uploads\/2020\/08\/icone-site-2.png\" alt=\"\" width=\"40\" height=\"39\" \/><\/td>\n<td width=\"19\">\u00a0<\/td>\n<td width=\"555\"><a href=\"http:\/\/www.siapoc.fr\/\" target=\"_blank\" rel=\"noopener noreferrer\">http:\/\/www.siapoc.fr\/<\/a><\/td>\n<\/tr>\n<tr>\n<td width=\"45\"><img loading=\"lazy\" class=\"alignnone size-full wp-image-75490\" src=\"http:\/\/adaccomumu.cluster028.hosting.ovh.net\/wp-content\/uploads\/2020\/08\/facebook.png\" alt=\"\" width=\"40\" height=\"40\" \/><\/td>\n<td width=\"19\">\u00a0<\/td>\n<td width=\"555\"><a href=\"https:\/\/www.facebook.com\/Siapoc.Guadeloupe.Baie.Mahault\" target=\"_blank\" rel=\"noopener noreferrer\">https:\/\/www.facebook.com\/Siapoc.Guadeloupe.Baie.Mahault<\/a><\/td>\n<\/tr>\n<\/tbody>\n<\/table>\n<div>\u00a0<\/div>\n<div class=\"j83agx80\">\n<div>\n<div class=\"dwo3fsh8 g5ia77u1 rt8b4zig n8ej3o3l agehan2d sk4xxmp2 rq0escxv q9uorilb kvgmc6g5 cxmmr5t8 oygrvhab hcukyx3x jb3vyjys rz4wbd8a qt6c0cv9 a8nywdso l9j0dhe7 i1ao9s8h k4urcfbm\">\n<div class=\"j83agx80 cbu4d94t sj5x9vvc cxgpxx05\">\n<div class=\"rq0escxv l9j0dhe7 du4w35lb j83agx80 pfnyh3mw jifvfom9 ll8tlv6m owycx6da btwxx1t3 hv4rvrfc dati1w0a jb3vyjys b5q2rw42 lq239pai mysgfdmx hddg9phg\">\n<div class=\"rq0escxv l9j0dhe7 du4w35lb j83agx80 cbu4d94t g5gj957u d2edcug0 hpfvmrgz rj1gh0hx buofh1pr o8rfisnq p8fzw8mz pcp91wgn iuny7tx3 ipjc6fyt\">\n<div class=\"j83agx80 cbu4d94t ew0dbk1b irj2b8pg\">\n<div class=\"qzhwtbm6 knvmm38d\">\n<div class=\"j83agx80 cbu4d94t ew0dbk1b irj2b8pg\">\n<div class=\"qzhwtbm6 knvmm38d\">\n<div class=\"kvgmc6g5 cxmmr5t8 oygrvhab hcukyx3x c1et5uql\">\n<div dir=\"auto\">SIAPOC vous accompagne avec des solutions peintures expertes pens\u00e9es, con\u00e7ues &amp; d\u00e9velopp\u00e9es pour bien vivre sous nos latitudes.<\/div>\n<\/div>\n<\/div>\n<\/div>\n<\/div>\n<\/div>\n<\/div>\n<\/div>\n<\/div>\n<\/div>\n<\/div>\n<\/div>\n<div class=\"j83agx80\">\n<div>\n<div class=\"dwo3fsh8 g5ia77u1 rt8b4zig n8ej3o3l agehan2d sk4xxmp2 rq0escxv q9uorilb kvgmc6g5 cxmmr5t8 oygrvhab hcukyx3x jb3vyjys rz4wbd8a qt6c0cv9 a8nywdso l9j0dhe7 i1ao9s8h k4urcfbm\">\n<div class=\"j83agx80 cbu4d94t sj5x9vvc cxgpxx05\">\n<div class=\"rq0escxv l9j0dhe7 du4w35lb j83agx80 pfnyh3mw jifvfom9 ll8tlv6m owycx6da btwxx1t3 hv4rvrfc dati1w0a jb3vyjys b5q2rw42 lq239pai mysgfdmx hddg9phg\">\n<div class=\"rq0escxv l9j0dhe7 du4w35lb j83agx80 cbu4d94t g5gj957u d2edcug0 hpfvmrgz rj1gh0hx buofh1pr o8rfisnq p8fzw8mz pcp91wgn iuny7tx3 ipjc6fyt\">\n<div class=\"j83agx80 cbu4d94t ew0dbk1b irj2b8pg\">\n<div class=\"qzhwtbm6 knvmm38d\">\n<div class=\"j83agx80 cbu4d94t ew0dbk1b irj2b8pg\">\n<div class=\"qzhwtbm6 knvmm38d\">\u00a0<\/div>\n<div class=\"qzhwtbm6 knvmm38d\">\n<div class=\"kvgmc6g5 cxmmr5t8 oygrvhab hcukyx3x c1et5uql\">\n<div dir=\"auto\">L&rsquo;EXPERT TROPICAL DEPUIS 1965<\/div>\n<\/div>\n<div class=\"o9v6fnle cxmmr5t8 oygrvhab hcukyx3x c1et5uql\">\n<div dir=\"auto\">Siapoc est bien plus qu\u2019un nom. C\u2019est une histoire, un univers, une expertise, &#8230;<\/div>\n<\/div>\n<div class=\"o9v6fnle cxmmr5t8 oygrvhab hcukyx3x c1et5uql\">\n<div dir=\"auto\">Cr\u00e9\u00e9e en 1965 en Martinique, la Soci\u00e9t\u00e9 Antillaise de Peintures et de Produits Chimiques, SIAPOC, s\u2019est impos\u00e9e au fil des ann\u00e9es comme le leader de la peinture sur le march\u00e9 des Antilles-Guyane.<\/div>\n<\/div>\n<div class=\"o9v6fnle cxmmr5t8 oygrvhab hcukyx3x c1et5uql\">\n<div dir=\"auto\">Nos peintures fabriqu\u00e9es localement depuis plus de 50 ans sont con\u00e7ues et d\u00e9velopp\u00e9es en int\u00e9grant les exigences particuli\u00e8res inh\u00e9rentes \u00e0 notre climat.<\/div>\n<\/div>\n<div class=\"o9v6fnle cxmmr5t8 oygrvhab hcukyx3x c1et5uql\">\n<div dir=\"auto\">Ainsi, notre exp\u00e9rience nous conf\u00e8re une autorit\u00e9 unique dans le bassin carib\u00e9en pour proposer des solutions techniques parfaitement adapt\u00e9es aux conditions climatiques s\u00e9v\u00e8res de nos r\u00e9gions.<\/div>\n<\/div>\n<div class=\"o9v6fnle cxmmr5t8 oygrvhab hcukyx3x c1et5uql\">\n<div dir=\"auto\">En effet, notre large gamme nous permet de proposer une solution adapt\u00e9e sur chacun des segments du march\u00e9 des peintures, destin\u00e9es \u00e0 la r\u00e9novation et la d\u00e9coration du b\u00e2timent ainsi qu\u2019\u00e0 la construction neuve.<\/div>\n<\/div>\n<div class=\"o9v6fnle cxmmr5t8 oygrvhab hcukyx3x c1et5uql\">\n<div dir=\"auto\">De plus, nos \u00e9quipes commerciales sont \u00e0 votre disposition aussi bien dans nos magasins que sur le terrain pour vous accompagner tout au long de vos projets.<\/div>\n<\/div>\n<div class=\"o9v6fnle cxmmr5t8 oygrvhab hcukyx3x c1et5uql\">\n<div dir=\"auto\">Nos produits sont commercialis\u00e9s dans notre propre r\u00e9seau (6 magasins int\u00e9gr\u00e9s), dans les Grandes Surfaces de Bricolage et les n\u00e9goces en mat\u00e9riaux de construction ainsi qu\u2019au travers d\u2019un r\u00e9seau de revendeurs ind\u00e9pendants.<\/div>\n<div dir=\"auto\">\u00a0<\/div>\n<\/div>\n<div dir=\"auto\"><div class=\"carousel-slider-outer carousel-slider-outer-images carousel-slider-outer-76497\">\n\t<style type=\"text\/css\">\n            #id-76497 .carousel-slider-nav-icon {\n                fill: #f1f1f1\n            }\n            #id-76497 .carousel-slider-nav-icon:hover {\n                fill: #00d1b2\n            }\n            #id-76497 .owl-prev,\n            #id-76497 .owl-next,\n            #id-76497 .carousel-slider-nav-icon {\n                height: 48px;\n                width: 48px\n            }\n            #id-76497.arrows-outside .owl-prev {\n                left: -48px\n            }\n            #id-76497.arrows-outside .owl-next {\n                right: -48px\n            }\n        \n\t\t    #id-76497 .owl-dots .owl-dot span {\n                background-color: #f1f1f1;\n                width: 10px;\n                height: 10px;\n            }\n            #id-76497 .owl-dots .owl-dot.active span,\n            #id-76497 .owl-dots .owl-dot:hover span {\n                background-color: #00d1b2\n            }\n\t\t<\/style>\t<div id=\"id-76497\" class=\"owl-carousel carousel-slider arrows-outside arrows-visible-hover dots-hidden dots-center dots-square\" data-slide-type=\"image-carousel\" data-margin=\"10\" data-slide-by=\"1\" data-loop=\"true\" data-lazy-load=\"false\" data-stage-padding=\"0\" data-auto-width=\"false\" data-dots=\"false\" data-nav=\"true\" data-autoplay=\"true\" data-autoplay-timeout=\"5000\" data-autoplay-speed=\"500\" data-autoplay-hover-pause=\"false\" data-colums=\"2\" data-colums-desktop=\"2\" data-colums-small-desktop=\"2\" data-colums-tablet=\"2\" data-colums-small-tablet=\"2\" data-colums-mobile=\"1\">\n\t\t<div class=\"carousel-slider__item\"><img width=\"900\" height=\"968\" src=\"https:\/\/www.adac971.com\/wp-content\/uploads\/2020\/10\/26024222_560385517641544_117910645457680365_o.jpg\" class=\"attachment-full size-full\" alt=\"\" loading=\"lazy\" srcset=\"https:\/\/www.adac971.com\/wp-content\/uploads\/2020\/10\/26024222_560385517641544_117910645457680365_o.jpg 900w, https:\/\/www.adac971.com\/wp-content\/uploads\/2020\/10\/26024222_560385517641544_117910645457680365_o-279x300.jpg 279w, https:\/\/www.adac971.com\/wp-content\/uploads\/2020\/10\/26024222_560385517641544_117910645457680365_o-768x826.jpg 768w, https:\/\/www.adac971.com\/wp-content\/uploads\/2020\/10\/26024222_560385517641544_117910645457680365_o-300x323.jpg 300w\" sizes=\"(max-width: 900px) 100vw, 900px\" \/><\/div><div class=\"carousel-slider__item\"><img width=\"900\" height=\"968\" src=\"https:\/\/www.adac971.com\/wp-content\/uploads\/2020\/10\/26685504_567579270255502_1296298664610733833_o.png\" class=\"attachment-full size-full\" alt=\"\" loading=\"lazy\" srcset=\"https:\/\/www.adac971.com\/wp-content\/uploads\/2020\/10\/26685504_567579270255502_1296298664610733833_o.png 900w, https:\/\/www.adac971.com\/wp-content\/uploads\/2020\/10\/26685504_567579270255502_1296298664610733833_o-279x300.png 279w, https:\/\/www.adac971.com\/wp-content\/uploads\/2020\/10\/26685504_567579270255502_1296298664610733833_o-768x826.png 768w, https:\/\/www.adac971.com\/wp-content\/uploads\/2020\/10\/26685504_567579270255502_1296298664610733833_o-300x323.png 300w\" sizes=\"(max-width: 900px) 100vw, 900px\" \/><\/div><div class=\"carousel-slider__item\"><img width=\"900\" height=\"968\" src=\"https:\/\/www.adac971.com\/wp-content\/uploads\/2020\/10\/26961776_572792206400875_254356697603987988_o.png\" class=\"attachment-full size-full\" alt=\"\" loading=\"lazy\" srcset=\"https:\/\/www.adac971.com\/wp-content\/uploads\/2020\/10\/26961776_572792206400875_254356697603987988_o.png 900w, https:\/\/www.adac971.com\/wp-content\/uploads\/2020\/10\/26961776_572792206400875_254356697603987988_o-279x300.png 279w, https:\/\/www.adac971.com\/wp-content\/uploads\/2020\/10\/26961776_572792206400875_254356697603987988_o-768x826.png 768w, https:\/\/www.adac971.com\/wp-content\/uploads\/2020\/10\/26961776_572792206400875_254356697603987988_o-300x323.png 300w\" sizes=\"(max-width: 900px) 100vw, 900px\" \/><\/div><div class=\"carousel-slider__item\"><img width=\"1080\" height=\"1080\" src=\"https:\/\/www.adac971.com\/wp-content\/uploads\/2020\/10\/92374637_1157107171302706_4163192468088553472_o.png\" class=\"attachment-full size-full\" alt=\"\" loading=\"lazy\" srcset=\"https:\/\/www.adac971.com\/wp-content\/uploads\/2020\/10\/92374637_1157107171302706_4163192468088553472_o.png 1080w, https:\/\/www.adac971.com\/wp-content\/uploads\/2020\/10\/92374637_1157107171302706_4163192468088553472_o-300x300.png 300w, https:\/\/www.adac971.com\/wp-content\/uploads\/2020\/10\/92374637_1157107171302706_4163192468088553472_o-1024x1024.png 1024w, https:\/\/www.adac971.com\/wp-content\/uploads\/2020\/10\/92374637_1157107171302706_4163192468088553472_o-150x150.png 150w, https:\/\/www.adac971.com\/wp-content\/uploads\/2020\/10\/92374637_1157107171302706_4163192468088553472_o-768x768.png 768w, https:\/\/www.adac971.com\/wp-content\/uploads\/2020\/10\/92374637_1157107171302706_4163192468088553472_o-100x100.png 100w, https:\/\/www.adac971.com\/wp-content\/uploads\/2020\/10\/92374637_1157107171302706_4163192468088553472_o-75x75.png 75w, https:\/\/www.adac971.com\/wp-content\/uploads\/2020\/10\/92374637_1157107171302706_4163192468088553472_o-50x50.png 50w\" sizes=\"(max-width: 1080px) 100vw, 1080px\" \/><\/div><div class=\"carousel-slider__item\"><img width=\"1200\" height=\"1200\" src=\"https:\/\/www.adac971.com\/wp-content\/uploads\/2020\/10\/101919375_1203105013369588_715370375592017920_o.png\" class=\"attachment-full size-full\" alt=\"\" loading=\"lazy\" srcset=\"https:\/\/www.adac971.com\/wp-content\/uploads\/2020\/10\/101919375_1203105013369588_715370375592017920_o.png 1200w, https:\/\/www.adac971.com\/wp-content\/uploads\/2020\/10\/101919375_1203105013369588_715370375592017920_o-300x300.png 300w, https:\/\/www.adac971.com\/wp-content\/uploads\/2020\/10\/101919375_1203105013369588_715370375592017920_o-1024x1024.png 1024w, https:\/\/www.adac971.com\/wp-content\/uploads\/2020\/10\/101919375_1203105013369588_715370375592017920_o-150x150.png 150w, https:\/\/www.adac971.com\/wp-content\/uploads\/2020\/10\/101919375_1203105013369588_715370375592017920_o-768x768.png 768w, https:\/\/www.adac971.com\/wp-content\/uploads\/2020\/10\/101919375_1203105013369588_715370375592017920_o-100x100.png 100w, https:\/\/www.adac971.com\/wp-content\/uploads\/2020\/10\/101919375_1203105013369588_715370375592017920_o-75x75.png 75w, https:\/\/www.adac971.com\/wp-content\/uploads\/2020\/10\/101919375_1203105013369588_715370375592017920_o-50x50.png 50w\" sizes=\"(max-width: 1200px) 100vw, 1200px\" \/><\/div><div class=\"carousel-slider__item\"><img width=\"1080\" height=\"1080\" src=\"https:\/\/www.adac971.com\/wp-content\/uploads\/2020\/10\/107516479_1230275703985852_7459555639802188097_o.png\" class=\"attachment-full size-full\" alt=\"\" loading=\"lazy\" srcset=\"https:\/\/www.adac971.com\/wp-content\/uploads\/2020\/10\/107516479_1230275703985852_7459555639802188097_o.png 1080w, https:\/\/www.adac971.com\/wp-content\/uploads\/2020\/10\/107516479_1230275703985852_7459555639802188097_o-300x300.png 300w, https:\/\/www.adac971.com\/wp-content\/uploads\/2020\/10\/107516479_1230275703985852_7459555639802188097_o-1024x1024.png 1024w, https:\/\/www.adac971.com\/wp-content\/uploads\/2020\/10\/107516479_1230275703985852_7459555639802188097_o-150x150.png 150w, https:\/\/www.adac971.com\/wp-content\/uploads\/2020\/10\/107516479_1230275703985852_7459555639802188097_o-768x768.png 768w, https:\/\/www.adac971.com\/wp-content\/uploads\/2020\/10\/107516479_1230275703985852_7459555639802188097_o-100x100.png 100w, https:\/\/www.adac971.com\/wp-content\/uploads\/2020\/10\/107516479_1230275703985852_7459555639802188097_o-75x75.png 75w, https:\/\/www.adac971.com\/wp-content\/uploads\/2020\/10\/107516479_1230275703985852_7459555639802188097_o-50x50.png 50w\" sizes=\"(max-width: 1080px) 100vw, 1080px\" \/><\/div>\t<\/div><!-- #id-## -->\n<\/div>\n<\/div>\n<\/div>\n<\/div>\n<\/div>\n<\/div>\n<\/div>\n<\/div>\n<\/div>\n<\/div>\n<\/div>\n<\/div>\n","protected":false},"excerpt":{"rendered":"<p>Jusqu&rsquo;\u00e0 35% de remise sur les peintures et 25% de r\u00e9duction sur les articles accessoires Sur pr\u00e9sentation de la carte ADAC 971 (sauf sur les promotions, remise non cumulable) \u00a0 \u00a0 0590 26 75 99 \u00a0 89 Rue Nobel \u2013 ZI Jarry 97122 Baie Mahault \u00a0 Lundi au Vendredi de 06h30 \u00e0 16h00 \u00a0 contact@siapoc.fr [&hellip;]<\/p>\n","protected":false},"featured_media":76496,"template":"","meta":[],"_links":{"self":[{"href":"https:\/\/www.adac971.com\/index.php\/wp-json\/wp\/v2\/product\/76495"}],"collection":[{"href":"https:\/\/www.adac971.com\/index.php\/wp-json\/wp\/v2\/product"}],"about":[{"href":"https:\/\/www.adac971.com\/index.php\/wp-json\/wp\/v2\/types\/product"}],"wp:featuredmedia":[{"embeddable":true,"href":"https:\/\/www.adac971.com\/index.php\/wp-json\/wp\/v2\/media\/76496"}],"wp:attachment":[{"href":"https:\/\/www.adac971.com\/index.php\/wp-json\/wp\/v2\/media?parent=76495"}],"curies":[{"name":"wp","href":"https:\/\/api.w.org\/{rel}","templated":true}]}}