{"id":76494,"date":"2020-10-25T01:20:17","date_gmt":"2020-10-24T23:20:17","guid":{"rendered":"http:\/\/adaccomumu.cluster028.hosting.ovh.net\/?post_type=product&#038;p=76494"},"modified":"2020-10-25T01:23:00","modified_gmt":"2020-10-24T23:23:00","slug":"ets-pommez-petit-bourg","status":"publish","type":"product","link":"https:\/\/www.adac971.com\/index.php\/product\/ets-pommez-petit-bourg\/","title":{"rendered":"ETS POMMEZ PETIT-BOURG"},"content":{"rendered":"<h1 class=\"wpsestyles orange-message\"><strong>Jusqu&rsquo;\u00e0 10% de remise sur tous les articles<\/strong><\/h1>\n<p><span class=\"PBLongTxt\">Sur pr\u00e9sentation de la carte ADAC 971 (sauf sur les promotions, remise non cumulable)<\/span><\/p>\n<div>\u00a0<\/div>\n<table>\n<tbody>\n<tr>\n<td width=\"45\"><img loading=\"lazy\" class=\"alignnone size-full wp-image-75435\" src=\"http:\/\/adaccomumu.cluster028.hosting.ovh.net\/wp-content\/uploads\/2020\/08\/icone-tel-3.png\" alt=\"\" width=\"40\" height=\"37\" \/><\/td>\n<td width=\"19\">\u00a0<\/td>\n<td width=\"555\"><span class=\"PBLongTxt\">0590 95 49 97<\/span><\/td>\n<\/tr>\n<tr>\n<td width=\"45\"><img loading=\"lazy\" class=\"alignnone size-full wp-image-75433\" src=\"http:\/\/adaccomumu.cluster028.hosting.ovh.net\/wp-content\/uploads\/2020\/08\/icone-adresse-2.png\" alt=\"\" width=\"32\" height=\"40\" \/><\/td>\n<td width=\"19\">\u00a0<\/td>\n<td width=\"555\"><span class=\"PBLongTxt\">L\u00e9zarde, ZAC de Colin &#8211; 97170 PETIT-BOURG<\/span><\/td>\n<\/tr>\n<tr>\n<td width=\"45\"><img loading=\"lazy\" class=\"alignnone size-full wp-image-75432\" src=\"http:\/\/adaccomumu.cluster028.hosting.ovh.net\/wp-content\/uploads\/2020\/08\/clock-1.png\" alt=\"\" width=\"40\" height=\"40\" \/><\/td>\n<td width=\"19\">\u00a0<\/td>\n<td width=\"555\">\n<div class=\"description\">Lundi au Vendredi de 07h00 \u00e0 17h30 &#8211; Samedi 07h00 \u00e0 14h00<\/div>\n<\/td>\n<\/tr>\n<tr>\n<td width=\"45\"><img loading=\"lazy\" class=\"alignnone size-full wp-image-75436\" src=\"http:\/\/adaccomumu.cluster028.hosting.ovh.net\/wp-content\/uploads\/2020\/08\/mail-icone-2.jpg\" alt=\"\" width=\"40\" height=\"30\" \/><\/td>\n<td width=\"19\">\u00a0<\/td>\n<td width=\"555\">\u00a0<\/td>\n<\/tr>\n<tr>\n<td width=\"45\"><img loading=\"lazy\" class=\"alignnone size-full wp-image-75434\" src=\"http:\/\/adaccomumu.cluster028.hosting.ovh.net\/wp-content\/uploads\/2020\/08\/icone-site-2.png\" alt=\"\" width=\"40\" height=\"39\" \/><\/td>\n<td width=\"19\">\u00a0<\/td>\n<td width=\"555\"><a href=\"http:\/\/www.qsj.fr\/\" target=\"_blank\" rel=\"noopener noreferrer\">http:\/\/www.qsj.fr\/<\/a><\/td>\n<\/tr>\n<tr>\n<td width=\"45\"><img loading=\"lazy\" class=\"alignnone size-full wp-image-75490\" src=\"http:\/\/adaccomumu.cluster028.hosting.ovh.net\/wp-content\/uploads\/2020\/08\/facebook.png\" alt=\"\" width=\"40\" height=\"40\" \/><\/td>\n<td width=\"19\">\u00a0<\/td>\n<td width=\"555\"><a href=\"https:\/\/www.facebook.com\/PommezEts\">https:\/\/www.facebook.com\/PommezEts<\/a><\/td>\n<\/tr>\n<\/tbody>\n<\/table>\n<h3 class=\"page-subheading\">QUINCAILLERIE POMMEZ<br \/>L&rsquo;INCONTOURNABLE DE LA QUINCAILLERIE EN GUADELOUPE<\/h3>\n<p>Entreprise familiale fond\u00e9e depuis 1991, est sp\u00e9cialis\u00e9e dans la vente de mat\u00e9riaux de construction, de bois d&rsquo;am\u00e9nagement, de carrelage, de mat\u00e9riel sanitaire, d&rsquo; outillage et de mat\u00e9riel de jardinage.<\/p>\n<p>Forts de notre exp\u00e9rience, nous savons vous conseiller dans le choix de vos mat\u00e9riaux, en fonction de vos besoins et de votre budget.<\/p>\n<p>Nous pouvons \u00e9galement vous \u00e9tablir des devis gratuits et vous donner des conseils personnalis\u00e9s pour vous aider au mieux dans vos travaux. Nous disposons aussi d&rsquo;un service apr\u00e8s-vente.<\/p>\n<p>La Quincaillerie Pommez reste \u00e0 votre enti\u00e8re disposition pour toutes questions suppl\u00e9mentaires concernant les mat\u00e9riaux de construction, carrelage et autres produits propos\u00e9s.<\/p>\n<ul>\n<li><strong>\u00a0Produits de premi\u00e8re qualit\u00e9<\/strong><\/li>\n<li><strong>\u00a0 Qualit\u00e9 du service<\/strong><\/li>\n<li><strong>\u00a0 Service de livraison \u00e0 domicile<\/strong><\/li>\n<\/ul>\n<div class=\"carousel-slider-outer carousel-slider-outer-images carousel-slider-outer-76486\">\n\t<style type=\"text\/css\">\n            #id-76486 .carousel-slider-nav-icon {\n                fill: #f1f1f1\n            }\n            #id-76486 .carousel-slider-nav-icon:hover {\n                fill: #00d1b2\n            }\n            #id-76486 .owl-prev,\n            #id-76486 .owl-next,\n            #id-76486 .carousel-slider-nav-icon {\n                height: 48px;\n                width: 48px\n            }\n            #id-76486.arrows-outside .owl-prev {\n                left: -48px\n            }\n            #id-76486.arrows-outside .owl-next {\n                right: -48px\n            }\n        \n\t\t    #id-76486 .owl-dots .owl-dot span {\n                background-color: #f1f1f1;\n                width: 10px;\n                height: 10px;\n            }\n            #id-76486 .owl-dots .owl-dot.active span,\n            #id-76486 .owl-dots .owl-dot:hover span {\n                background-color: #00d1b2\n            }\n\t\t<\/style>\t<div id=\"id-76486\" class=\"owl-carousel carousel-slider arrows-outside arrows-visible-hover dots-hidden dots-center dots-square\" data-slide-type=\"image-carousel\" data-margin=\"10\" data-slide-by=\"1\" data-loop=\"true\" data-lazy-load=\"false\" data-stage-padding=\"0\" data-auto-width=\"false\" data-dots=\"false\" data-nav=\"true\" data-autoplay=\"true\" data-autoplay-timeout=\"5000\" data-autoplay-speed=\"500\" data-autoplay-hover-pause=\"false\" data-colums=\"1\" data-colums-desktop=\"1\" data-colums-small-desktop=\"1\" data-colums-tablet=\"1\" data-colums-small-tablet=\"1\" data-colums-mobile=\"1\">\n\t\t<div class=\"carousel-slider__item\"><img width=\"720\" height=\"960\" src=\"https:\/\/www.adac971.com\/wp-content\/uploads\/2020\/10\/44755099_696934670693859_7527893766447824896_n.jpg\" class=\"attachment-full size-full\" alt=\"\" loading=\"lazy\" srcset=\"https:\/\/www.adac971.com\/wp-content\/uploads\/2020\/10\/44755099_696934670693859_7527893766447824896_n.jpg 720w, https:\/\/www.adac971.com\/wp-content\/uploads\/2020\/10\/44755099_696934670693859_7527893766447824896_n-225x300.jpg 225w, https:\/\/www.adac971.com\/wp-content\/uploads\/2020\/10\/44755099_696934670693859_7527893766447824896_n-300x400.jpg 300w\" sizes=\"(max-width: 720px) 100vw, 720px\" \/><\/div><div class=\"carousel-slider__item\"><img width=\"720\" height=\"960\" src=\"https:\/\/www.adac971.com\/wp-content\/uploads\/2020\/10\/44974748_699254093795250_2826153313299333120_n.jpg\" class=\"attachment-full size-full\" alt=\"\" loading=\"lazy\" srcset=\"https:\/\/www.adac971.com\/wp-content\/uploads\/2020\/10\/44974748_699254093795250_2826153313299333120_n.jpg 720w, https:\/\/www.adac971.com\/wp-content\/uploads\/2020\/10\/44974748_699254093795250_2826153313299333120_n-225x300.jpg 225w, https:\/\/www.adac971.com\/wp-content\/uploads\/2020\/10\/44974748_699254093795250_2826153313299333120_n-300x400.jpg 300w\" sizes=\"(max-width: 720px) 100vw, 720px\" \/><\/div><div class=\"carousel-slider__item\"><img width=\"720\" height=\"960\" src=\"https:\/\/www.adac971.com\/wp-content\/uploads\/2020\/10\/45004861_699254043795255_5824888140652871680_n.jpg\" class=\"attachment-full size-full\" alt=\"\" loading=\"lazy\" srcset=\"https:\/\/www.adac971.com\/wp-content\/uploads\/2020\/10\/45004861_699254043795255_5824888140652871680_n.jpg 720w, https:\/\/www.adac971.com\/wp-content\/uploads\/2020\/10\/45004861_699254043795255_5824888140652871680_n-225x300.jpg 225w, https:\/\/www.adac971.com\/wp-content\/uploads\/2020\/10\/45004861_699254043795255_5824888140652871680_n-300x400.jpg 300w\" sizes=\"(max-width: 720px) 100vw, 720px\" \/><\/div><div class=\"carousel-slider__item\"><img width=\"720\" height=\"960\" src=\"https:\/\/www.adac971.com\/wp-content\/uploads\/2020\/10\/45081641_699254237128569_5219183153599479808_n.jpg\" class=\"attachment-full size-full\" alt=\"\" loading=\"lazy\" srcset=\"https:\/\/www.adac971.com\/wp-content\/uploads\/2020\/10\/45081641_699254237128569_5219183153599479808_n.jpg 720w, https:\/\/www.adac971.com\/wp-content\/uploads\/2020\/10\/45081641_699254237128569_5219183153599479808_n-225x300.jpg 225w, https:\/\/www.adac971.com\/wp-content\/uploads\/2020\/10\/45081641_699254237128569_5219183153599479808_n-300x400.jpg 300w\" sizes=\"(max-width: 720px) 100vw, 720px\" \/><\/div><div class=\"carousel-slider__item\"><img width=\"720\" height=\"960\" src=\"https:\/\/www.adac971.com\/wp-content\/uploads\/2020\/10\/45109439_699254063795253_7947022814362468352_n.jpg\" class=\"attachment-full size-full\" alt=\"\" loading=\"lazy\" srcset=\"https:\/\/www.adac971.com\/wp-content\/uploads\/2020\/10\/45109439_699254063795253_7947022814362468352_n.jpg 720w, https:\/\/www.adac971.com\/wp-content\/uploads\/2020\/10\/45109439_699254063795253_7947022814362468352_n-225x300.jpg 225w, https:\/\/www.adac971.com\/wp-content\/uploads\/2020\/10\/45109439_699254063795253_7947022814362468352_n-300x400.jpg 300w\" sizes=\"(max-width: 720px) 100vw, 720px\" \/><\/div><div class=\"carousel-slider__item\"><img width=\"720\" height=\"960\" src=\"https:\/\/www.adac971.com\/wp-content\/uploads\/2020\/10\/45145385_699254127128580_6758418927618883584_n.jpg\" class=\"attachment-full size-full\" alt=\"\" loading=\"lazy\" srcset=\"https:\/\/www.adac971.com\/wp-content\/uploads\/2020\/10\/45145385_699254127128580_6758418927618883584_n.jpg 720w, https:\/\/www.adac971.com\/wp-content\/uploads\/2020\/10\/45145385_699254127128580_6758418927618883584_n-225x300.jpg 225w, https:\/\/www.adac971.com\/wp-content\/uploads\/2020\/10\/45145385_699254127128580_6758418927618883584_n-300x400.jpg 300w\" sizes=\"(max-width: 720px) 100vw, 720px\" \/><\/div><div class=\"carousel-slider__item\"><img width=\"1536\" height=\"2048\" src=\"https:\/\/www.adac971.com\/wp-content\/uploads\/2020\/10\/67280102_863180557402602_4269631842266644480_o.jpg\" class=\"attachment-full size-full\" alt=\"\" loading=\"lazy\" srcset=\"https:\/\/www.adac971.com\/wp-content\/uploads\/2020\/10\/67280102_863180557402602_4269631842266644480_o.jpg 1536w, https:\/\/www.adac971.com\/wp-content\/uploads\/2020\/10\/67280102_863180557402602_4269631842266644480_o-225x300.jpg 225w, https:\/\/www.adac971.com\/wp-content\/uploads\/2020\/10\/67280102_863180557402602_4269631842266644480_o-768x1024.jpg 768w, https:\/\/www.adac971.com\/wp-content\/uploads\/2020\/10\/67280102_863180557402602_4269631842266644480_o-1152x1536.jpg 1152w, https:\/\/www.adac971.com\/wp-content\/uploads\/2020\/10\/67280102_863180557402602_4269631842266644480_o-300x400.jpg 300w\" sizes=\"(max-width: 1536px) 100vw, 1536px\" \/><\/div>\t<\/div><!-- #id-## -->\n<\/div>\n\n","protected":false},"excerpt":{"rendered":"<p>Jusqu&rsquo;\u00e0 10% de remise sur tous les articles Sur pr\u00e9sentation de la carte ADAC 971 (sauf sur les promotions, remise non cumulable) \u00a0 \u00a0 0590 95 49 97 \u00a0 L\u00e9zarde, ZAC de Colin &#8211; 97170 PETIT-BOURG \u00a0 Lundi au Vendredi de 07h00 \u00e0 17h30 &#8211; Samedi 07h00 \u00e0 14h00 \u00a0 \u00a0 \u00a0 http:\/\/www.qsj.fr\/ \u00a0 https:\/\/www.facebook.com\/PommezEts [&hellip;]<\/p>\n","protected":false},"featured_media":76484,"template":"","meta":[],"_links":{"self":[{"href":"https:\/\/www.adac971.com\/index.php\/wp-json\/wp\/v2\/product\/76494"}],"collection":[{"href":"https:\/\/www.adac971.com\/index.php\/wp-json\/wp\/v2\/product"}],"about":[{"href":"https:\/\/www.adac971.com\/index.php\/wp-json\/wp\/v2\/types\/product"}],"wp:featuredmedia":[{"embeddable":true,"href":"https:\/\/www.adac971.com\/index.php\/wp-json\/wp\/v2\/media\/76484"}],"wp:attachment":[{"href":"https:\/\/www.adac971.com\/index.php\/wp-json\/wp\/v2\/media?parent=76494"}],"curies":[{"name":"wp","href":"https:\/\/api.w.org\/{rel}","templated":true}]}}