{"id":76165,"date":"2020-09-30T00:27:58","date_gmt":"2020-09-29T22:27:58","guid":{"rendered":"http:\/\/adaccomumu.cluster028.hosting.ovh.net\/?post_type=product&#038;p=76165"},"modified":"2020-10-24T23:11:50","modified_gmt":"2020-10-24T21:11:50","slug":"blandin-pap","status":"publish","type":"product","link":"https:\/\/www.adac971.com\/index.php\/product\/blandin-pap\/","title":{"rendered":"BLANDIN PAP"},"content":{"rendered":"<h1 class=\"wpsestyles orange-message\"><strong>Jusqu&rsquo;\u00e0 20% de remise<\/strong><\/h1>\n<p>apr\u00e8s pr\u00e9sentation de la carte ADAC 971 (hors promo, soldes, ventes flash)<\/p>\n<p>&nbsp;<\/p>\n<table>\n<tbody>\n<tr>\n<td width=\"45\"><img loading=\"lazy\" class=\"alignnone size-full wp-image-75435\" src=\"http:\/\/adaccomumu.cluster028.hosting.ovh.net\/wp-content\/uploads\/2020\/08\/icone-tel-3.png\" alt=\"\" width=\"40\" height=\"37\" \/><\/td>\n<td width=\"19\">\u00a0<\/td>\n<td width=\"555\">\n<div class=\"dwo3fsh8 g5ia77u1 rt8b4zig n8ej3o3l agehan2d sk4xxmp2 rq0escxv q9uorilb kvgmc6g5 cxmmr5t8 oygrvhab hcukyx3x jb3vyjys rz4wbd8a qt6c0cv9 a8nywdso l9j0dhe7 i1ao9s8h k4urcfbm\">\n<div class=\"j83agx80 cbu4d94t sj5x9vvc cxgpxx05\">\n<div class=\"rq0escxv l9j0dhe7 du4w35lb j83agx80 pfnyh3mw jifvfom9 ll8tlv6m owycx6da btwxx1t3 hv4rvrfc dati1w0a jb3vyjys b5q2rw42 lq239pai mysgfdmx hddg9phg\">\n<div class=\"rq0escxv l9j0dhe7 du4w35lb j83agx80 cbu4d94t g5gj957u d2edcug0 hpfvmrgz rj1gh0hx buofh1pr o8rfisnq p8fzw8mz pcp91wgn iuny7tx3 ipjc6fyt\">\n<div class=\"j83agx80 cbu4d94t ew0dbk1b irj2b8pg\">\n<div class=\"qzhwtbm6 knvmm38d\">0590 38 17 17<\/div>\n<\/div>\n<\/div>\n<\/div>\n<\/div>\n<\/div>\n<\/td>\n<\/tr>\n<tr>\n<td width=\"45\"><img loading=\"lazy\" class=\"alignnone size-full wp-image-75433\" src=\"http:\/\/adaccomumu.cluster028.hosting.ovh.net\/wp-content\/uploads\/2020\/08\/icone-adresse-2.png\" alt=\"\" width=\"32\" height=\"40\" \/><\/td>\n<td width=\"19\">\u00a0<\/td>\n<td width=\"555\">\n<div class=\"dwo3fsh8 g5ia77u1 rt8b4zig n8ej3o3l agehan2d sk4xxmp2 rq0escxv q9uorilb kvgmc6g5 cxmmr5t8 oygrvhab hcukyx3x jb3vyjys rz4wbd8a qt6c0cv9 a8nywdso l9j0dhe7 i1ao9s8h k4urcfbm\">\n<div class=\"j83agx80 cbu4d94t sj5x9vvc cxgpxx05\">\n<div class=\"rq0escxv l9j0dhe7 du4w35lb j83agx80 pfnyh3mw jifvfom9 ll8tlv6m owycx6da btwxx1t3 hv4rvrfc dati1w0a jb3vyjys b5q2rw42 lq239pai mysgfdmx hddg9phg\">\n<div class=\"rq0escxv l9j0dhe7 du4w35lb j83agx80 cbu4d94t g5gj957u d2edcug0 hpfvmrgz rj1gh0hx buofh1pr o8rfisnq p8fzw8mz pcp91wgn iuny7tx3 ipjc6fyt\">\n<div class=\"j83agx80 cbu4d94t ew0dbk1b irj2b8pg\">\n<div class=\"qzhwtbm6 knvmm38d\"><span class=\"d2edcug0 hpfvmrgz qv66sw1b c1et5uql rrkovp55 jq4qci2q a3bd9o3v knj5qynh py34i1dx\"><span class=\"a8c37x1j ni8dbmo4 stjgntxs l9j0dhe7\">Rue Achille\u00a0 Ren\u00e9 Boisneuf &#8211; 97110 POINTE A PITRE<\/span><\/span><\/div>\n<\/div>\n<\/div>\n<\/div>\n<\/div>\n<\/div>\n<\/td>\n<\/tr>\n<tr>\n<td width=\"45\"><img loading=\"lazy\" class=\"alignnone size-full wp-image-75432\" src=\"http:\/\/adaccomumu.cluster028.hosting.ovh.net\/wp-content\/uploads\/2020\/08\/clock-1.png\" alt=\"\" width=\"40\" height=\"40\" \/><\/td>\n<td width=\"19\">\u00a0<\/td>\n<td width=\"555\">Lundi au Vendredi 7h00-12h30\u00a0 &#8211; 14h15 &#8211; 16h30, Samedi 8h00 &#8211; 12h30<\/td>\n<\/tr>\n<tr>\n<td width=\"45\"><img loading=\"lazy\" class=\"alignnone size-full wp-image-75436\" src=\"http:\/\/adaccomumu.cluster028.hosting.ovh.net\/wp-content\/uploads\/2020\/08\/mail-icone-2.jpg\" alt=\"\" width=\"40\" height=\"30\" \/><\/td>\n<td width=\"19\">\u00a0<\/td>\n<td width=\"555\">\n<div class=\"dwo3fsh8 g5ia77u1 rt8b4zig n8ej3o3l agehan2d sk4xxmp2 rq0escxv q9uorilb kvgmc6g5 cxmmr5t8 oygrvhab hcukyx3x jb3vyjys rz4wbd8a qt6c0cv9 a8nywdso l9j0dhe7 i1ao9s8h k4urcfbm\">\n<div class=\"j83agx80 cbu4d94t sj5x9vvc cxgpxx05\">\n<div class=\"rq0escxv l9j0dhe7 du4w35lb j83agx80 pfnyh3mw jifvfom9 ll8tlv6m owycx6da btwxx1t3 hv4rvrfc dati1w0a jb3vyjys b5q2rw42 lq239pai mysgfdmx hddg9phg\">\n<div class=\"rq0escxv l9j0dhe7 du4w35lb j83agx80 cbu4d94t g5gj957u d2edcug0 hpfvmrgz rj1gh0hx buofh1pr o8rfisnq p8fzw8mz pcp91wgn iuny7tx3 ipjc6fyt\">\n<div class=\"j83agx80 cbu4d94t ew0dbk1b irj2b8pg\">\n<div class=\"qzhwtbm6 knvmm38d\">\n<div class=\"dwo3fsh8 g5ia77u1 rt8b4zig n8ej3o3l agehan2d sk4xxmp2 rq0escxv q9uorilb kvgmc6g5 cxmmr5t8 oygrvhab hcukyx3x jb3vyjys rz4wbd8a qt6c0cv9 a8nywdso l9j0dhe7 i1ao9s8h k4urcfbm\">\n<div class=\"j83agx80 cbu4d94t sj5x9vvc cxgpxx05\">\n<div class=\"rq0escxv l9j0dhe7 du4w35lb j83agx80 pfnyh3mw jifvfom9 ll8tlv6m owycx6da btwxx1t3 hv4rvrfc dati1w0a jb3vyjys b5q2rw42 lq239pai mysgfdmx hddg9phg\">\n<div class=\"rq0escxv l9j0dhe7 du4w35lb j83agx80 cbu4d94t g5gj957u d2edcug0 hpfvmrgz rj1gh0hx buofh1pr o8rfisnq p8fzw8mz pcp91wgn iuny7tx3 ipjc6fyt\">\n<div class=\"j83agx80 cbu4d94t ew0dbk1b irj2b8pg\">\n<div class=\"qzhwtbm6 knvmm38d\">\n<div class=\"dwo3fsh8 g5ia77u1 rt8b4zig n8ej3o3l agehan2d sk4xxmp2 rq0escxv q9uorilb kvgmc6g5 cxmmr5t8 oygrvhab hcukyx3x jb3vyjys rz4wbd8a qt6c0cv9 a8nywdso l9j0dhe7 i1ao9s8h k4urcfbm\">\n<div class=\"j83agx80 cbu4d94t sj5x9vvc cxgpxx05\">\n<div class=\"rq0escxv l9j0dhe7 du4w35lb j83agx80 pfnyh3mw jifvfom9 ll8tlv6m owycx6da btwxx1t3 hv4rvrfc dati1w0a jb3vyjys b5q2rw42 lq239pai mysgfdmx hddg9phg\">\n<div class=\"rq0escxv l9j0dhe7 du4w35lb j83agx80 cbu4d94t g5gj957u d2edcug0 hpfvmrgz rj1gh0hx buofh1pr o8rfisnq p8fzw8mz pcp91wgn iuny7tx3 ipjc6fyt\">\n<div class=\"j83agx80 cbu4d94t ew0dbk1b irj2b8pg\">\n<div class=\"qzhwtbm6 knvmm38d\">\n<div class=\"dwo3fsh8 g5ia77u1 rt8b4zig n8ej3o3l agehan2d sk4xxmp2 rq0escxv q9uorilb kvgmc6g5 cxmmr5t8 oygrvhab hcukyx3x jb3vyjys rz4wbd8a qt6c0cv9 a8nywdso l9j0dhe7 i1ao9s8h k4urcfbm\">\n<div class=\"j83agx80 cbu4d94t sj5x9vvc cxgpxx05\">\n<div class=\"rq0escxv l9j0dhe7 du4w35lb j83agx80 pfnyh3mw jifvfom9 ll8tlv6m owycx6da btwxx1t3 hv4rvrfc dati1w0a jb3vyjys b5q2rw42 lq239pai mysgfdmx hddg9phg\">\n<div class=\"rq0escxv l9j0dhe7 du4w35lb j83agx80 cbu4d94t g5gj957u d2edcug0 hpfvmrgz rj1gh0hx buofh1pr o8rfisnq p8fzw8mz pcp91wgn iuny7tx3 ipjc6fyt\">\n<div class=\"j83agx80 cbu4d94t ew0dbk1b irj2b8pg\">\n<div class=\"qzhwtbm6 knvmm38d\">\n<div class=\"dwo3fsh8 g5ia77u1 rt8b4zig n8ej3o3l agehan2d sk4xxmp2 rq0escxv q9uorilb kvgmc6g5 cxmmr5t8 oygrvhab hcukyx3x jb3vyjys rz4wbd8a qt6c0cv9 a8nywdso l9j0dhe7 i1ao9s8h k4urcfbm\">\n<div class=\"j83agx80 cbu4d94t sj5x9vvc cxgpxx05\">\n<div class=\"rq0escxv l9j0dhe7 du4w35lb j83agx80 pfnyh3mw jifvfom9 ll8tlv6m owycx6da btwxx1t3 hv4rvrfc dati1w0a jb3vyjys b5q2rw42 lq239pai mysgfdmx hddg9phg\">\n<div class=\"rq0escxv l9j0dhe7 du4w35lb j83agx80 cbu4d94t g5gj957u d2edcug0 hpfvmrgz rj1gh0hx buofh1pr o8rfisnq p8fzw8mz pcp91wgn iuny7tx3 ipjc6fyt\">\n<div class=\"j83agx80 cbu4d94t ew0dbk1b irj2b8pg\">\n<div class=\"qzhwtbm6 knvmm38d\">\n<div class=\"dwo3fsh8 g5ia77u1 rt8b4zig n8ej3o3l agehan2d sk4xxmp2 rq0escxv q9uorilb kvgmc6g5 cxmmr5t8 oygrvhab hcukyx3x jb3vyjys rz4wbd8a qt6c0cv9 a8nywdso l9j0dhe7 i1ao9s8h k4urcfbm\">\n<div class=\"j83agx80 cbu4d94t sj5x9vvc cxgpxx05\">\n<div class=\"rq0escxv l9j0dhe7 du4w35lb j83agx80 pfnyh3mw jifvfom9 ll8tlv6m owycx6da btwxx1t3 hv4rvrfc dati1w0a jb3vyjys b5q2rw42 lq239pai mysgfdmx hddg9phg\">\n<div class=\"rq0escxv l9j0dhe7 du4w35lb j83agx80 cbu4d94t g5gj957u d2edcug0 hpfvmrgz rj1gh0hx buofh1pr o8rfisnq p8fzw8mz pcp91wgn iuny7tx3 ipjc6fyt\">\n<div class=\"j83agx80 cbu4d94t ew0dbk1b irj2b8pg\">\n<div class=\"qzhwtbm6 knvmm38d\">\n<div class=\"dwo3fsh8 g5ia77u1 rt8b4zig n8ej3o3l agehan2d sk4xxmp2 rq0escxv q9uorilb kvgmc6g5 cxmmr5t8 oygrvhab hcukyx3x jb3vyjys rz4wbd8a qt6c0cv9 a8nywdso l9j0dhe7 i1ao9s8h k4urcfbm\">\n<div class=\"j83agx80 cbu4d94t sj5x9vvc cxgpxx05\">\n<div class=\"rq0escxv l9j0dhe7 du4w35lb j83agx80 pfnyh3mw jifvfom9 ll8tlv6m owycx6da btwxx1t3 hv4rvrfc dati1w0a jb3vyjys b5q2rw42 lq239pai mysgfdmx hddg9phg\">\n<div class=\"rq0escxv l9j0dhe7 du4w35lb j83agx80 cbu4d94t g5gj957u d2edcug0 hpfvmrgz rj1gh0hx buofh1pr o8rfisnq p8fzw8mz pcp91wgn iuny7tx3 ipjc6fyt\">\n<div class=\"j83agx80 cbu4d94t ew0dbk1b irj2b8pg\">\n<div class=\"qzhwtbm6 knvmm38d\">\n<div class=\"dwo3fsh8 g5ia77u1 rt8b4zig n8ej3o3l agehan2d sk4xxmp2 rq0escxv q9uorilb kvgmc6g5 cxmmr5t8 oygrvhab hcukyx3x jb3vyjys rz4wbd8a qt6c0cv9 a8nywdso l9j0dhe7 i1ao9s8h k4urcfbm\">\n<div class=\"j83agx80 cbu4d94t sj5x9vvc cxgpxx05\">\n<div class=\"rq0escxv l9j0dhe7 du4w35lb j83agx80 pfnyh3mw jifvfom9 ll8tlv6m owycx6da btwxx1t3 hv4rvrfc dati1w0a jb3vyjys b5q2rw42 lq239pai mysgfdmx hddg9phg\">\n<div class=\"rq0escxv l9j0dhe7 du4w35lb j83agx80 cbu4d94t g5gj957u d2edcug0 hpfvmrgz rj1gh0hx buofh1pr o8rfisnq p8fzw8mz pcp91wgn iuny7tx3 ipjc6fyt\">\n<div class=\"j83agx80 cbu4d94t ew0dbk1b irj2b8pg\">\n<div class=\"qzhwtbm6 knvmm38d\">\n<div class=\"dwo3fsh8 g5ia77u1 rt8b4zig n8ej3o3l agehan2d sk4xxmp2 rq0escxv q9uorilb kvgmc6g5 cxmmr5t8 oygrvhab hcukyx3x jb3vyjys rz4wbd8a qt6c0cv9 a8nywdso l9j0dhe7 i1ao9s8h k4urcfbm\">\n<div class=\"j83agx80 cbu4d94t sj5x9vvc cxgpxx05\">\n<div class=\"rq0escxv l9j0dhe7 du4w35lb j83agx80 pfnyh3mw jifvfom9 ll8tlv6m owycx6da btwxx1t3 hv4rvrfc dati1w0a jb3vyjys b5q2rw42 lq239pai mysgfdmx hddg9phg\">\n<div class=\"rq0escxv l9j0dhe7 du4w35lb j83agx80 cbu4d94t g5gj957u d2edcug0 hpfvmrgz rj1gh0hx buofh1pr o8rfisnq p8fzw8mz pcp91wgn iuny7tx3 ipjc6fyt\">\n<div class=\"j83agx80 cbu4d94t ew0dbk1b irj2b8pg\">\n<div class=\"qzhwtbm6 knvmm38d\">\n<div class=\"dwo3fsh8 g5ia77u1 rt8b4zig n8ej3o3l agehan2d sk4xxmp2 rq0escxv q9uorilb kvgmc6g5 cxmmr5t8 oygrvhab hcukyx3x jb3vyjys rz4wbd8a qt6c0cv9 a8nywdso l9j0dhe7 i1ao9s8h k4urcfbm\">\n<div class=\"j83agx80 cbu4d94t sj5x9vvc cxgpxx05\">\n<div class=\"rq0escxv l9j0dhe7 du4w35lb j83agx80 pfnyh3mw jifvfom9 ll8tlv6m owycx6da btwxx1t3 hv4rvrfc dati1w0a jb3vyjys b5q2rw42 lq239pai mysgfdmx hddg9phg\">\n<div class=\"rq0escxv l9j0dhe7 du4w35lb j83agx80 cbu4d94t g5gj957u d2edcug0 hpfvmrgz rj1gh0hx buofh1pr o8rfisnq p8fzw8mz pcp91wgn iuny7tx3 ipjc6fyt\">\n<div class=\"j83agx80 cbu4d94t ew0dbk1b irj2b8pg\">\n<div class=\"qzhwtbm6 knvmm38d\">\u00a0<\/div>\n<\/div>\n<\/div>\n<\/div>\n<\/div>\n<\/div>\n<\/div>\n<\/div>\n<\/div>\n<\/div>\n<\/div>\n<\/div>\n<\/div>\n<\/div>\n<\/div>\n<\/div>\n<\/div>\n<\/div>\n<\/div>\n<\/div>\n<\/div>\n<\/div>\n<\/div>\n<\/div>\n<\/div>\n<\/div>\n<\/div>\n<\/div>\n<\/div>\n<\/div>\n<\/div>\n<\/div>\n<\/div>\n<\/div>\n<\/div>\n<\/div>\n<\/div>\n<\/div>\n<\/div>\n<\/div>\n<\/div>\n<\/div>\n<\/div>\n<\/div>\n<\/div>\n<\/div>\n<\/div>\n<\/div>\n<\/div>\n<\/div>\n<\/div>\n<\/div>\n<\/div>\n<\/div>\n<\/div>\n<\/div>\n<\/div>\n<\/div>\n<\/div>\n<\/div>\n<\/td>\n<\/tr>\n<tr>\n<td width=\"45\"><img loading=\"lazy\" class=\"alignnone size-full wp-image-75434\" src=\"http:\/\/adaccomumu.cluster028.hosting.ovh.net\/wp-content\/uploads\/2020\/08\/icone-site-2.png\" alt=\"\" width=\"40\" height=\"39\" \/><\/td>\n<td width=\"19\">\u00a0<\/td>\n<td width=\"555\"><a href=\"http:\/\/www.blandin.gp\/\" target=\"_blank\" rel=\"noopener noreferrer\">http:\/\/www.blandin.gp\/<\/a><\/td>\n<\/tr>\n<tr>\n<td width=\"45\"><img loading=\"lazy\" class=\"alignnone size-full wp-image-75490\" src=\"http:\/\/adaccomumu.cluster028.hosting.ovh.net\/wp-content\/uploads\/2020\/08\/facebook.png\" alt=\"\" width=\"40\" height=\"40\" \/><\/td>\n<td width=\"19\">\u00a0<\/td>\n<td width=\"555\"><a href=\"https:\/\/www.facebook.com\/BlandinGuadeloupe\" target=\"_blank\" rel=\"noopener noreferrer\">https:\/\/www.facebook.com\/BlandinGuadeloupe<\/a><\/td>\n<\/tr>\n<\/tbody>\n<\/table>\n<div>\u00a0<\/div>\n<div>\n<div class=\"kvgmc6g5 cxmmr5t8 oygrvhab hcukyx3x c1et5uql\">\n<div dir=\"auto\">Depuis plus de 60 ans, l\u2019enseigne Blandin est sp\u00e9cialis\u00e9e dans la vente de mat\u00e9riel \u00e9lectrique mais aussi dans le confort et la s\u00e9curit\u00e9 pour l\u2019habitat. Nos \u00e9quipes d\u2019experts sont \u00e0 votre service pour vous proposer les meilleures solutions et r\u00e9pondre au mieux \u00e0 vos projets que vous soyez particuliers ou professionnels.<\/div>\n<\/div>\n<div class=\"o9v6fnle cxmmr5t8 oygrvhab hcukyx3x c1et5uql\">\n<div dir=\"auto\">De la maison individuelle \u00e0 l\u2019entreprise, l\u2019\u00e9lectricit\u00e9 fait partie de notre quotidien.<\/div>\n<div dir=\"auto\">Avec Blandin Guadeloupe, profitez des meilleurs produits con\u00e7us par les marques leaders mondiales dans chacune des gammes de produits :<\/div>\n<\/div>\n<div class=\"o9v6fnle cxmmr5t8 oygrvhab hcukyx3x c1et5uql\">\n<div dir=\"auto\">&#8211; Appareillage et protection \u00e9lectrique<\/div>\n<div dir=\"auto\">&#8211; C\u00e2bles et conduits<\/div>\n<div dir=\"auto\">&#8211; \u00c9clairages et luminaires<\/div>\n<div dir=\"auto\">&#8211; Groupes \u00e9lectrog\u00e8nes<\/div>\n<div dir=\"auto\">&#8211; Domotique et s\u00e9curit\u00e9<\/div>\n<div dir=\"auto\">&#8211; Climatisation et ventilation<\/div>\n<div dir=\"auto\">&#8211; Syst\u00e8me de c\u00e2blage VDI<\/div>\n<div dir=\"auto\">&#8211; Outillages<\/div>\n<\/div>\n<\/div>\n<div>\u00a0<\/div>\n<div><div class=\"carousel-slider-outer carousel-slider-outer-images carousel-slider-outer-76457\">\n\t<style type=\"text\/css\">\n            #id-76457 .carousel-slider-nav-icon {\n                fill: #f1f1f1\n            }\n            #id-76457 .carousel-slider-nav-icon:hover {\n                fill: #00d1b2\n            }\n            #id-76457 .owl-prev,\n            #id-76457 .owl-next,\n            #id-76457 .carousel-slider-nav-icon {\n                height: 48px;\n                width: 48px\n            }\n            #id-76457.arrows-outside .owl-prev {\n                left: -48px\n            }\n            #id-76457.arrows-outside .owl-next {\n                right: -48px\n            }\n        \n\t\t    #id-76457 .owl-dots .owl-dot span {\n                background-color: #f1f1f1;\n                width: 10px;\n                height: 10px;\n            }\n            #id-76457 .owl-dots .owl-dot.active span,\n            #id-76457 .owl-dots .owl-dot:hover span {\n                background-color: #00d1b2\n            }\n\t\t<\/style>\t<div id=\"id-76457\" class=\"owl-carousel carousel-slider arrows-outside arrows-visible-hover dots-hidden dots-center dots-square\" data-slide-type=\"image-carousel\" data-margin=\"10\" data-slide-by=\"1\" data-loop=\"true\" data-lazy-load=\"false\" data-stage-padding=\"0\" data-auto-width=\"false\" data-dots=\"false\" data-nav=\"true\" data-autoplay=\"true\" data-autoplay-timeout=\"5000\" data-autoplay-speed=\"500\" data-autoplay-hover-pause=\"false\" data-colums=\"1\" data-colums-desktop=\"1\" data-colums-small-desktop=\"1\" data-colums-tablet=\"1\" data-colums-small-tablet=\"1\" data-colums-mobile=\"1\">\n\t\t<div class=\"carousel-slider__item\"><img width=\"821\" height=\"622\" src=\"https:\/\/www.adac971.com\/wp-content\/uploads\/2020\/10\/show-room-BLG-1.jpg\" class=\"attachment-full size-full\" alt=\"\" loading=\"lazy\" srcset=\"https:\/\/www.adac971.com\/wp-content\/uploads\/2020\/10\/show-room-BLG-1.jpg 821w, https:\/\/www.adac971.com\/wp-content\/uploads\/2020\/10\/show-room-BLG-1-300x227.jpg 300w, https:\/\/www.adac971.com\/wp-content\/uploads\/2020\/10\/show-room-BLG-1-768x582.jpg 768w\" sizes=\"(max-width: 821px) 100vw, 821px\" \/><\/div><div class=\"carousel-slider__item\"><img width=\"638\" height=\"960\" src=\"https:\/\/www.adac971.com\/wp-content\/uploads\/2020\/10\/99042530_2930841053664271_1207578502501498880_n-1.jpg\" class=\"attachment-full size-full\" alt=\"\" loading=\"lazy\" srcset=\"https:\/\/www.adac971.com\/wp-content\/uploads\/2020\/10\/99042530_2930841053664271_1207578502501498880_n-1.jpg 638w, https:\/\/www.adac971.com\/wp-content\/uploads\/2020\/10\/99042530_2930841053664271_1207578502501498880_n-1-199x300.jpg 199w, https:\/\/www.adac971.com\/wp-content\/uploads\/2020\/10\/99042530_2930841053664271_1207578502501498880_n-1-300x451.jpg 300w\" sizes=\"(max-width: 638px) 100vw, 638px\" \/><\/div><div class=\"carousel-slider__item\"><img width=\"646\" height=\"960\" src=\"https:\/\/www.adac971.com\/wp-content\/uploads\/2020\/10\/107530584_3052315321516843_4182216909540764993_n-1.jpg\" class=\"attachment-full size-full\" alt=\"\" loading=\"lazy\" srcset=\"https:\/\/www.adac971.com\/wp-content\/uploads\/2020\/10\/107530584_3052315321516843_4182216909540764993_n-1.jpg 646w, https:\/\/www.adac971.com\/wp-content\/uploads\/2020\/10\/107530584_3052315321516843_4182216909540764993_n-1-202x300.jpg 202w, https:\/\/www.adac971.com\/wp-content\/uploads\/2020\/10\/107530584_3052315321516843_4182216909540764993_n-1-300x446.jpg 300w\" sizes=\"(max-width: 646px) 100vw, 646px\" \/><\/div><div class=\"carousel-slider__item\"><img width=\"662\" height=\"887\" src=\"https:\/\/www.adac971.com\/wp-content\/uploads\/2020\/10\/107599797_3052186828196359_3035558202989896018_n-1.jpg\" class=\"attachment-full size-full\" alt=\"\" loading=\"lazy\" srcset=\"https:\/\/www.adac971.com\/wp-content\/uploads\/2020\/10\/107599797_3052186828196359_3035558202989896018_n-1.jpg 662w, https:\/\/www.adac971.com\/wp-content\/uploads\/2020\/10\/107599797_3052186828196359_3035558202989896018_n-1-224x300.jpg 224w, https:\/\/www.adac971.com\/wp-content\/uploads\/2020\/10\/107599797_3052186828196359_3035558202989896018_n-1-300x402.jpg 300w\" sizes=\"(max-width: 662px) 100vw, 662px\" \/><\/div><div class=\"carousel-slider__item\"><img width=\"770\" height=\"960\" src=\"https:\/\/www.adac971.com\/wp-content\/uploads\/2020\/10\/107683102_3052315338183508_1733523262306232758_n-1.jpg\" class=\"attachment-full size-full\" alt=\"\" loading=\"lazy\" srcset=\"https:\/\/www.adac971.com\/wp-content\/uploads\/2020\/10\/107683102_3052315338183508_1733523262306232758_n-1.jpg 770w, https:\/\/www.adac971.com\/wp-content\/uploads\/2020\/10\/107683102_3052315338183508_1733523262306232758_n-1-241x300.jpg 241w, https:\/\/www.adac971.com\/wp-content\/uploads\/2020\/10\/107683102_3052315338183508_1733523262306232758_n-1-768x958.jpg 768w, https:\/\/www.adac971.com\/wp-content\/uploads\/2020\/10\/107683102_3052315338183508_1733523262306232758_n-1-300x374.jpg 300w\" sizes=\"(max-width: 770px) 100vw, 770px\" \/><\/div><div class=\"carousel-slider__item\"><img width=\"960\" height=\"960\" src=\"https:\/\/www.adac971.com\/wp-content\/uploads\/2020\/10\/108171065_3059797324101976_2745801738240550965_n-1.jpg\" class=\"attachment-full size-full\" alt=\"\" loading=\"lazy\" srcset=\"https:\/\/www.adac971.com\/wp-content\/uploads\/2020\/10\/108171065_3059797324101976_2745801738240550965_n-1.jpg 960w, https:\/\/www.adac971.com\/wp-content\/uploads\/2020\/10\/108171065_3059797324101976_2745801738240550965_n-1-300x300.jpg 300w, https:\/\/www.adac971.com\/wp-content\/uploads\/2020\/10\/108171065_3059797324101976_2745801738240550965_n-1-150x150.jpg 150w, https:\/\/www.adac971.com\/wp-content\/uploads\/2020\/10\/108171065_3059797324101976_2745801738240550965_n-1-768x768.jpg 768w, https:\/\/www.adac971.com\/wp-content\/uploads\/2020\/10\/108171065_3059797324101976_2745801738240550965_n-1-100x100.jpg 100w, https:\/\/www.adac971.com\/wp-content\/uploads\/2020\/10\/108171065_3059797324101976_2745801738240550965_n-1-75x75.jpg 75w, https:\/\/www.adac971.com\/wp-content\/uploads\/2020\/10\/108171065_3059797324101976_2745801738240550965_n-1-50x50.jpg 50w\" sizes=\"(max-width: 960px) 100vw, 960px\" \/><\/div><div class=\"carousel-slider__item\"><img width=\"941\" height=\"620\" src=\"https:\/\/www.adac971.com\/wp-content\/uploads\/2020\/10\/109356377_3073739416041100_5504408822665681938_n-1.jpg\" class=\"attachment-full size-full\" alt=\"\" loading=\"lazy\" srcset=\"https:\/\/www.adac971.com\/wp-content\/uploads\/2020\/10\/109356377_3073739416041100_5504408822665681938_n-1.jpg 941w, https:\/\/www.adac971.com\/wp-content\/uploads\/2020\/10\/109356377_3073739416041100_5504408822665681938_n-1-300x198.jpg 300w, https:\/\/www.adac971.com\/wp-content\/uploads\/2020\/10\/109356377_3073739416041100_5504408822665681938_n-1-768x506.jpg 768w\" sizes=\"(max-width: 941px) 100vw, 941px\" \/><\/div><div class=\"carousel-slider__item\"><img width=\"800\" height=\"800\" src=\"https:\/\/www.adac971.com\/wp-content\/uploads\/2020\/10\/109806899_3073739219374453_2704431529761296784_n-1.jpg\" class=\"attachment-full size-full\" alt=\"\" loading=\"lazy\" srcset=\"https:\/\/www.adac971.com\/wp-content\/uploads\/2020\/10\/109806899_3073739219374453_2704431529761296784_n-1.jpg 800w, https:\/\/www.adac971.com\/wp-content\/uploads\/2020\/10\/109806899_3073739219374453_2704431529761296784_n-1-300x300.jpg 300w, https:\/\/www.adac971.com\/wp-content\/uploads\/2020\/10\/109806899_3073739219374453_2704431529761296784_n-1-150x150.jpg 150w, https:\/\/www.adac971.com\/wp-content\/uploads\/2020\/10\/109806899_3073739219374453_2704431529761296784_n-1-768x768.jpg 768w, https:\/\/www.adac971.com\/wp-content\/uploads\/2020\/10\/109806899_3073739219374453_2704431529761296784_n-1-100x100.jpg 100w, https:\/\/www.adac971.com\/wp-content\/uploads\/2020\/10\/109806899_3073739219374453_2704431529761296784_n-1-75x75.jpg 75w, https:\/\/www.adac971.com\/wp-content\/uploads\/2020\/10\/109806899_3073739219374453_2704431529761296784_n-1-50x50.jpg 50w\" sizes=\"(max-width: 800px) 100vw, 800px\" \/><\/div><div class=\"carousel-slider__item\"><img width=\"960\" height=\"960\" src=\"https:\/\/www.adac971.com\/wp-content\/uploads\/2020\/10\/109937115_3076028549145520_4429356549535011749_n-1.jpg\" class=\"attachment-full size-full\" alt=\"\" loading=\"lazy\" srcset=\"https:\/\/www.adac971.com\/wp-content\/uploads\/2020\/10\/109937115_3076028549145520_4429356549535011749_n-1.jpg 960w, https:\/\/www.adac971.com\/wp-content\/uploads\/2020\/10\/109937115_3076028549145520_4429356549535011749_n-1-300x300.jpg 300w, https:\/\/www.adac971.com\/wp-content\/uploads\/2020\/10\/109937115_3076028549145520_4429356549535011749_n-1-150x150.jpg 150w, https:\/\/www.adac971.com\/wp-content\/uploads\/2020\/10\/109937115_3076028549145520_4429356549535011749_n-1-768x768.jpg 768w, https:\/\/www.adac971.com\/wp-content\/uploads\/2020\/10\/109937115_3076028549145520_4429356549535011749_n-1-100x100.jpg 100w, https:\/\/www.adac971.com\/wp-content\/uploads\/2020\/10\/109937115_3076028549145520_4429356549535011749_n-1-75x75.jpg 75w, https:\/\/www.adac971.com\/wp-content\/uploads\/2020\/10\/109937115_3076028549145520_4429356549535011749_n-1-50x50.jpg 50w\" sizes=\"(max-width: 960px) 100vw, 960px\" \/><\/div><div class=\"carousel-slider__item\"><img width=\"960\" height=\"720\" src=\"https:\/\/www.adac971.com\/wp-content\/uploads\/2020\/10\/110009298_3087918307956544_8517369427825654253_n-1.jpg\" class=\"attachment-full size-full\" alt=\"\" loading=\"lazy\" srcset=\"https:\/\/www.adac971.com\/wp-content\/uploads\/2020\/10\/110009298_3087918307956544_8517369427825654253_n-1.jpg 960w, https:\/\/www.adac971.com\/wp-content\/uploads\/2020\/10\/110009298_3087918307956544_8517369427825654253_n-1-300x225.jpg 300w, https:\/\/www.adac971.com\/wp-content\/uploads\/2020\/10\/110009298_3087918307956544_8517369427825654253_n-1-768x576.jpg 768w\" sizes=\"(max-width: 960px) 100vw, 960px\" \/><\/div><div class=\"carousel-slider__item\"><img width=\"940\" height=\"788\" src=\"https:\/\/www.adac971.com\/wp-content\/uploads\/2020\/10\/119065435_3230640293684344_1602059196154869895_n-1.png\" class=\"attachment-full size-full\" alt=\"\" loading=\"lazy\" srcset=\"https:\/\/www.adac971.com\/wp-content\/uploads\/2020\/10\/119065435_3230640293684344_1602059196154869895_n-1.png 940w, https:\/\/www.adac971.com\/wp-content\/uploads\/2020\/10\/119065435_3230640293684344_1602059196154869895_n-1-300x251.png 300w, https:\/\/www.adac971.com\/wp-content\/uploads\/2020\/10\/119065435_3230640293684344_1602059196154869895_n-1-768x644.png 768w\" sizes=\"(max-width: 940px) 100vw, 940px\" \/><\/div><div class=\"carousel-slider__item\"><img width=\"940\" height=\"788\" src=\"https:\/\/www.adac971.com\/wp-content\/uploads\/2020\/10\/119067723_3230572827024424_1752603757961350307_n-1.png\" class=\"attachment-full size-full\" alt=\"\" loading=\"lazy\" srcset=\"https:\/\/www.adac971.com\/wp-content\/uploads\/2020\/10\/119067723_3230572827024424_1752603757961350307_n-1.png 940w, https:\/\/www.adac971.com\/wp-content\/uploads\/2020\/10\/119067723_3230572827024424_1752603757961350307_n-1-300x251.png 300w, https:\/\/www.adac971.com\/wp-content\/uploads\/2020\/10\/119067723_3230572827024424_1752603757961350307_n-1-768x644.png 768w\" sizes=\"(max-width: 940px) 100vw, 940px\" \/><\/div>\t<\/div><!-- #id-## -->\n<\/div>\n<\/div>\n<p>&nbsp;<\/p>\n","protected":false},"excerpt":{"rendered":"<p>Jusqu&rsquo;\u00e0 20% de remise apr\u00e8s pr\u00e9sentation de la carte ADAC 971 (hors promo, soldes, ventes flash) &nbsp; \u00a0 0590 38 17 17 \u00a0 Rue Achille\u00a0 Ren\u00e9 Boisneuf &#8211; 97110 POINTE A PITRE \u00a0 Lundi au Vendredi 7h00-12h30\u00a0 &#8211; 14h15 &#8211; 16h30, Samedi 8h00 &#8211; 12h30 \u00a0 \u00a0 \u00a0 http:\/\/www.blandin.gp\/ \u00a0 https:\/\/www.facebook.com\/BlandinGuadeloupe \u00a0 Depuis plus de [&hellip;]<\/p>\n","protected":false},"featured_media":76163,"template":"","meta":[],"_links":{"self":[{"href":"https:\/\/www.adac971.com\/index.php\/wp-json\/wp\/v2\/product\/76165"}],"collection":[{"href":"https:\/\/www.adac971.com\/index.php\/wp-json\/wp\/v2\/product"}],"about":[{"href":"https:\/\/www.adac971.com\/index.php\/wp-json\/wp\/v2\/types\/product"}],"wp:featuredmedia":[{"embeddable":true,"href":"https:\/\/www.adac971.com\/index.php\/wp-json\/wp\/v2\/media\/76163"}],"wp:attachment":[{"href":"https:\/\/www.adac971.com\/index.php\/wp-json\/wp\/v2\/media?parent=76165"}],"curies":[{"name":"wp","href":"https:\/\/api.w.org\/{rel}","templated":true}]}}