{"id":76048,"date":"2020-09-29T18:31:14","date_gmt":"2020-09-29T16:31:14","guid":{"rendered":"http:\/\/adaccomumu.cluster028.hosting.ovh.net\/?post_type=product&#038;p=76048"},"modified":"2020-10-27T22:44:01","modified_gmt":"2020-10-27T21:44:01","slug":"gite-les-palmistes","status":"publish","type":"product","link":"https:\/\/www.adac971.com\/index.php\/product\/gite-les-palmistes\/","title":{"rendered":"GITE LES PALMISTES"},"content":{"rendered":"<h2 class=\"wpsestyles orange-message\">13% de r\u00e9duction sur l&rsquo;h\u00e9bergement et la location de v\u00e9hicules<\/h2>\n<p>apr\u00e8s pr\u00e9sentation de la carte ADAC 971 (hors promotions, soldes et ventes flash)<\/p>\n<p>&nbsp;<\/p>\n<table>\n<tbody>\n<tr>\n<td width=\"45\"><img loading=\"lazy\" class=\"alignnone size-full wp-image-75435\" src=\"http:\/\/adaccomumu.cluster028.hosting.ovh.net\/wp-content\/uploads\/2020\/08\/icone-tel-3.png\" alt=\"\" width=\"40\" height=\"37\" \/><\/td>\n<td width=\"19\">\u00a0<\/td>\n<td width=\"555\">\n<div class=\"dwo3fsh8 g5ia77u1 rt8b4zig n8ej3o3l agehan2d sk4xxmp2 rq0escxv q9uorilb kvgmc6g5 cxmmr5t8 oygrvhab hcukyx3x jb3vyjys rz4wbd8a qt6c0cv9 a8nywdso l9j0dhe7 i1ao9s8h k4urcfbm\">\n<div class=\"j83agx80 cbu4d94t sj5x9vvc cxgpxx05\">\n<div class=\"rq0escxv l9j0dhe7 du4w35lb j83agx80 pfnyh3mw jifvfom9 ll8tlv6m owycx6da btwxx1t3 hv4rvrfc dati1w0a jb3vyjys b5q2rw42 lq239pai mysgfdmx hddg9phg\">\n<div class=\"rq0escxv l9j0dhe7 du4w35lb j83agx80 cbu4d94t g5gj957u d2edcug0 hpfvmrgz rj1gh0hx buofh1pr o8rfisnq p8fzw8mz pcp91wgn iuny7tx3 ipjc6fyt\">\n<div class=\"j83agx80 cbu4d94t ew0dbk1b irj2b8pg\">\n<div class=\"qzhwtbm6 knvmm38d\">0690 35 94 45<\/div>\n<\/div>\n<\/div>\n<\/div>\n<\/div>\n<\/div>\n<\/td>\n<\/tr>\n<tr>\n<td width=\"45\"><img loading=\"lazy\" class=\"alignnone size-full wp-image-75433\" src=\"http:\/\/adaccomumu.cluster028.hosting.ovh.net\/wp-content\/uploads\/2020\/08\/icone-adresse-2.png\" alt=\"\" width=\"32\" height=\"40\" \/><\/td>\n<td width=\"19\">\u00a0<\/td>\n<td width=\"555\">\n<div class=\"dwo3fsh8 g5ia77u1 rt8b4zig n8ej3o3l agehan2d sk4xxmp2 rq0escxv q9uorilb kvgmc6g5 cxmmr5t8 oygrvhab hcukyx3x jb3vyjys rz4wbd8a qt6c0cv9 a8nywdso l9j0dhe7 i1ao9s8h k4urcfbm\">\n<div class=\"j83agx80 cbu4d94t sj5x9vvc cxgpxx05\">\n<div class=\"rq0escxv l9j0dhe7 du4w35lb j83agx80 pfnyh3mw jifvfom9 ll8tlv6m owycx6da btwxx1t3 hv4rvrfc dati1w0a jb3vyjys b5q2rw42 lq239pai mysgfdmx hddg9phg\">\n<div class=\"rq0escxv l9j0dhe7 du4w35lb j83agx80 cbu4d94t g5gj957u d2edcug0 hpfvmrgz rj1gh0hx buofh1pr o8rfisnq p8fzw8mz pcp91wgn iuny7tx3 ipjc6fyt\">\n<div class=\"j83agx80 cbu4d94t ew0dbk1b irj2b8pg\">\n<div class=\"qzhwtbm6 knvmm38d\"><span class=\"d2edcug0 hpfvmrgz qv66sw1b c1et5uql rrkovp55 jq4qci2q a3bd9o3v knj5qynh py34i1dx\"><span class=\"a8c37x1j ni8dbmo4 stjgntxs l9j0dhe7\">Chemin de la Baie Palmiste ZA Cocoyer 97118 Saint-Fran\u00e7ois<\/span><\/span><\/div>\n<\/div>\n<\/div>\n<\/div>\n<\/div>\n<\/div>\n<\/td>\n<\/tr>\n<tr>\n<td width=\"45\"><img loading=\"lazy\" class=\"alignnone size-full wp-image-75432\" src=\"http:\/\/adaccomumu.cluster028.hosting.ovh.net\/wp-content\/uploads\/2020\/08\/clock-1.png\" alt=\"\" width=\"40\" height=\"40\" \/><\/td>\n<td width=\"19\">\u00a0<\/td>\n<td width=\"555\">\n<div class=\"description\">Toujours ouvert<\/div>\n<\/td>\n<\/tr>\n<tr>\n<td width=\"45\"><img loading=\"lazy\" class=\"alignnone size-full wp-image-75436\" src=\"http:\/\/adaccomumu.cluster028.hosting.ovh.net\/wp-content\/uploads\/2020\/08\/mail-icone-2.jpg\" alt=\"\" width=\"40\" height=\"30\" \/><\/td>\n<td width=\"19\">\u00a0<\/td>\n<td width=\"555\">\n<div class=\"dwo3fsh8 g5ia77u1 rt8b4zig n8ej3o3l agehan2d sk4xxmp2 rq0escxv q9uorilb kvgmc6g5 cxmmr5t8 oygrvhab hcukyx3x jb3vyjys rz4wbd8a qt6c0cv9 a8nywdso l9j0dhe7 i1ao9s8h k4urcfbm\">\n<div class=\"j83agx80 cbu4d94t sj5x9vvc cxgpxx05\">\n<div class=\"rq0escxv l9j0dhe7 du4w35lb j83agx80 pfnyh3mw jifvfom9 ll8tlv6m owycx6da btwxx1t3 hv4rvrfc dati1w0a jb3vyjys b5q2rw42 lq239pai mysgfdmx hddg9phg\">\n<div class=\"rq0escxv l9j0dhe7 du4w35lb j83agx80 cbu4d94t g5gj957u d2edcug0 hpfvmrgz rj1gh0hx buofh1pr o8rfisnq p8fzw8mz pcp91wgn iuny7tx3 ipjc6fyt\">\n<div class=\"j83agx80 cbu4d94t ew0dbk1b irj2b8pg\">\n<div class=\"qzhwtbm6 knvmm38d\">\n<div class=\"dwo3fsh8 g5ia77u1 rt8b4zig n8ej3o3l agehan2d sk4xxmp2 rq0escxv q9uorilb kvgmc6g5 cxmmr5t8 oygrvhab hcukyx3x jb3vyjys rz4wbd8a qt6c0cv9 a8nywdso l9j0dhe7 i1ao9s8h k4urcfbm\">\n<div class=\"j83agx80 cbu4d94t sj5x9vvc cxgpxx05\">\n<div class=\"rq0escxv l9j0dhe7 du4w35lb j83agx80 pfnyh3mw jifvfom9 ll8tlv6m owycx6da btwxx1t3 hv4rvrfc dati1w0a jb3vyjys b5q2rw42 lq239pai mysgfdmx hddg9phg\">\n<div class=\"rq0escxv l9j0dhe7 du4w35lb j83agx80 cbu4d94t g5gj957u d2edcug0 hpfvmrgz rj1gh0hx buofh1pr o8rfisnq p8fzw8mz pcp91wgn iuny7tx3 ipjc6fyt\">\n<div class=\"j83agx80 cbu4d94t ew0dbk1b irj2b8pg\">\n<div class=\"qzhwtbm6 knvmm38d\">\n<div class=\"dwo3fsh8 g5ia77u1 rt8b4zig n8ej3o3l agehan2d sk4xxmp2 rq0escxv q9uorilb kvgmc6g5 cxmmr5t8 oygrvhab hcukyx3x jb3vyjys rz4wbd8a qt6c0cv9 a8nywdso l9j0dhe7 i1ao9s8h k4urcfbm\">\n<div class=\"j83agx80 cbu4d94t sj5x9vvc cxgpxx05\">\n<div class=\"rq0escxv l9j0dhe7 du4w35lb j83agx80 pfnyh3mw jifvfom9 ll8tlv6m owycx6da btwxx1t3 hv4rvrfc dati1w0a jb3vyjys b5q2rw42 lq239pai mysgfdmx hddg9phg\">\n<div class=\"rq0escxv l9j0dhe7 du4w35lb j83agx80 cbu4d94t g5gj957u d2edcug0 hpfvmrgz rj1gh0hx buofh1pr o8rfisnq p8fzw8mz pcp91wgn iuny7tx3 ipjc6fyt\">\n<div class=\"j83agx80 cbu4d94t ew0dbk1b irj2b8pg\">\n<div class=\"qzhwtbm6 knvmm38d\">\n<div class=\"dwo3fsh8 g5ia77u1 rt8b4zig n8ej3o3l agehan2d sk4xxmp2 rq0escxv q9uorilb kvgmc6g5 cxmmr5t8 oygrvhab hcukyx3x jb3vyjys rz4wbd8a qt6c0cv9 a8nywdso l9j0dhe7 i1ao9s8h k4urcfbm\">\n<div class=\"j83agx80 cbu4d94t sj5x9vvc cxgpxx05\">\n<div class=\"rq0escxv l9j0dhe7 du4w35lb j83agx80 pfnyh3mw jifvfom9 ll8tlv6m owycx6da btwxx1t3 hv4rvrfc dati1w0a jb3vyjys b5q2rw42 lq239pai mysgfdmx hddg9phg\">\n<div class=\"rq0escxv l9j0dhe7 du4w35lb j83agx80 cbu4d94t g5gj957u d2edcug0 hpfvmrgz rj1gh0hx buofh1pr o8rfisnq p8fzw8mz pcp91wgn iuny7tx3 ipjc6fyt\">\n<div class=\"j83agx80 cbu4d94t ew0dbk1b irj2b8pg\">\n<div class=\"qzhwtbm6 knvmm38d\">\n<div class=\"dwo3fsh8 g5ia77u1 rt8b4zig n8ej3o3l agehan2d sk4xxmp2 rq0escxv q9uorilb kvgmc6g5 cxmmr5t8 oygrvhab hcukyx3x jb3vyjys rz4wbd8a qt6c0cv9 a8nywdso l9j0dhe7 i1ao9s8h k4urcfbm\">\n<div class=\"j83agx80 cbu4d94t sj5x9vvc cxgpxx05\">\n<div class=\"rq0escxv l9j0dhe7 du4w35lb j83agx80 pfnyh3mw jifvfom9 ll8tlv6m owycx6da btwxx1t3 hv4rvrfc dati1w0a jb3vyjys b5q2rw42 lq239pai mysgfdmx hddg9phg\">\n<div class=\"rq0escxv l9j0dhe7 du4w35lb j83agx80 cbu4d94t g5gj957u d2edcug0 hpfvmrgz rj1gh0hx buofh1pr o8rfisnq p8fzw8mz pcp91wgn iuny7tx3 ipjc6fyt\">\n<div class=\"j83agx80 cbu4d94t ew0dbk1b irj2b8pg\">\n<div class=\"qzhwtbm6 knvmm38d\">\n<div class=\"dwo3fsh8 g5ia77u1 rt8b4zig n8ej3o3l agehan2d sk4xxmp2 rq0escxv q9uorilb kvgmc6g5 cxmmr5t8 oygrvhab hcukyx3x jb3vyjys rz4wbd8a qt6c0cv9 a8nywdso l9j0dhe7 i1ao9s8h k4urcfbm\">\n<div class=\"j83agx80 cbu4d94t sj5x9vvc cxgpxx05\">\n<div class=\"rq0escxv l9j0dhe7 du4w35lb j83agx80 pfnyh3mw jifvfom9 ll8tlv6m owycx6da btwxx1t3 hv4rvrfc dati1w0a jb3vyjys b5q2rw42 lq239pai mysgfdmx hddg9phg\">\n<div class=\"rq0escxv l9j0dhe7 du4w35lb j83agx80 cbu4d94t g5gj957u d2edcug0 hpfvmrgz rj1gh0hx buofh1pr o8rfisnq p8fzw8mz pcp91wgn iuny7tx3 ipjc6fyt\">\n<div class=\"j83agx80 cbu4d94t ew0dbk1b irj2b8pg\">\n<div class=\"qzhwtbm6 knvmm38d\">\n<div class=\"dwo3fsh8 g5ia77u1 rt8b4zig n8ej3o3l agehan2d sk4xxmp2 rq0escxv q9uorilb kvgmc6g5 cxmmr5t8 oygrvhab hcukyx3x jb3vyjys rz4wbd8a qt6c0cv9 a8nywdso l9j0dhe7 i1ao9s8h k4urcfbm\">\n<div class=\"j83agx80 cbu4d94t sj5x9vvc cxgpxx05\">\n<div class=\"rq0escxv l9j0dhe7 du4w35lb j83agx80 pfnyh3mw jifvfom9 ll8tlv6m owycx6da btwxx1t3 hv4rvrfc dati1w0a jb3vyjys b5q2rw42 lq239pai mysgfdmx hddg9phg\">\n<div class=\"rq0escxv l9j0dhe7 du4w35lb j83agx80 cbu4d94t g5gj957u d2edcug0 hpfvmrgz rj1gh0hx buofh1pr o8rfisnq p8fzw8mz pcp91wgn iuny7tx3 ipjc6fyt\">\n<div class=\"j83agx80 cbu4d94t ew0dbk1b irj2b8pg\">\n<div class=\"qzhwtbm6 knvmm38d\">gitelespalmistes@gmail.com<\/div>\n<\/div>\n<\/div>\n<\/div>\n<\/div>\n<\/div>\n<\/div>\n<\/div>\n<\/div>\n<\/div>\n<\/div>\n<\/div>\n<\/div>\n<\/div>\n<\/div>\n<\/div>\n<\/div>\n<\/div>\n<\/div>\n<\/div>\n<\/div>\n<\/div>\n<\/div>\n<\/div>\n<\/div>\n<\/div>\n<\/div>\n<\/div>\n<\/div>\n<\/div>\n<\/div>\n<\/div>\n<\/div>\n<\/div>\n<\/div>\n<\/div>\n<\/div>\n<\/div>\n<\/div>\n<\/div>\n<\/div>\n<\/div>\n<\/td>\n<\/tr>\n<tr>\n<td width=\"45\"><img loading=\"lazy\" class=\"alignnone size-full wp-image-75434\" src=\"http:\/\/adaccomumu.cluster028.hosting.ovh.net\/wp-content\/uploads\/2020\/08\/icone-site-2.png\" alt=\"\" width=\"40\" height=\"39\" \/><\/td>\n<td width=\"19\">\u00a0<\/td>\n<td width=\"555\"><a href=\"http:\/\/gite-les-palmistes0.webnode.fr\/\" target=\"_blank\" rel=\"noopener noreferrer\">http:\/\/gite-les-palmistes0.webnode.fr\/<\/a><\/td>\n<\/tr>\n<tr>\n<td width=\"45\"><img loading=\"lazy\" class=\"alignnone size-full wp-image-75490\" src=\"http:\/\/adaccomumu.cluster028.hosting.ovh.net\/wp-content\/uploads\/2020\/08\/facebook.png\" alt=\"\" width=\"40\" height=\"40\" \/><\/td>\n<td width=\"19\">\u00a0<\/td>\n<td width=\"555\"><a href=\"https:\/\/www.facebook.com\/giteslespalmistes\" target=\"_blank\" rel=\"noopener noreferrer\">https:\/\/www.facebook.com\/giteslespalmistes<\/a><\/td>\n<\/tr>\n<\/tbody>\n<\/table>\n<div class=\"qzhwtbm6 knvmm38d\">\u00a0<\/div>\n<div>\n<p>Venez passer vos prochaines vacances en Guadeloupe et appr\u00e9cier les levers de soleil.<\/p>\n<p>Si vous recherchez la tranquillit\u00e9 et la convivialit\u00e9, le g\u00eete \u00ab\u00a0Les Palmistes\u00a0\u00bb est fait pour vous .<\/p>\n<p>Un emplacement de choix o\u00f9 r\u00e8gne calme et s\u00e9r\u00e9nit\u00e9, ce g\u00eete tr\u00e8s spacieux d&rsquo;une superficie de 230m2 vous conviendra. Situ\u00e9\u00a0\u00e0 Saint-Fran\u00e7ois, \u00e0 proximit\u00e9 d&rsquo;une zone touristique, vous pourrez d\u00e9couvrir et profiter de la Pointe des Ch\u00e2teaux ,du sentier d&rsquo;interpr\u00e9tation de la Pointe \u00e0 Cabrits, de la Marina, du Casino, du March\u00e9 aux \u00e9pices, du golf&#8230; et surtout de ses belles plages au sable blanc.<\/p>\n<p>Le g\u00eete \u00ab\u00a0Les Palmistes\u00a0\u00bb sera heureux de vous accueillir pour vos vacances !<\/p>\n<p>A votre arriv\u00e9e un accueil gourmand vous sera r\u00e9serv\u00e9.<\/p>\n<p><u>Remarques:<\/u>\u00a0Les fumeurs sont les bienvenus, mais il est strictement interdit de fumer \u00e0 l&rsquo;int\u00e9rieur du g\u00eete. Il est possible d &lsquo;accueillir vos animaux de compagnie apr\u00e8s entente au pr\u00e9alable.<\/p>\n<p class=\"footernomargin\"><div class=\"carousel-slider-outer carousel-slider-outer-images carousel-slider-outer-76049\">\n\t<style type=\"text\/css\">\n            #id-76049 .carousel-slider-nav-icon {\n                fill: #f1f1f1\n            }\n            #id-76049 .carousel-slider-nav-icon:hover {\n                fill: #00d1b2\n            }\n            #id-76049 .owl-prev,\n            #id-76049 .owl-next,\n            #id-76049 .carousel-slider-nav-icon {\n                height: 48px;\n                width: 48px\n            }\n            #id-76049.arrows-outside .owl-prev {\n                left: -48px\n            }\n            #id-76049.arrows-outside .owl-next {\n                right: -48px\n            }\n        \n\t\t    #id-76049 .owl-dots .owl-dot span {\n                background-color: #f1f1f1;\n                width: 10px;\n                height: 10px;\n            }\n            #id-76049 .owl-dots .owl-dot.active span,\n            #id-76049 .owl-dots .owl-dot:hover span {\n                background-color: #00d1b2\n            }\n\t\t<\/style>\t<div id=\"id-76049\" class=\"owl-carousel carousel-slider arrows-outside arrows-visible-hover dots-hidden dots-center dots-square\" data-slide-type=\"image-carousel\" data-margin=\"10\" data-slide-by=\"1\" data-loop=\"true\" data-lazy-load=\"false\" data-stage-padding=\"0\" data-auto-width=\"false\" data-dots=\"false\" data-nav=\"true\" data-autoplay=\"true\" data-autoplay-timeout=\"5000\" data-autoplay-speed=\"500\" data-autoplay-hover-pause=\"false\" data-colums=\"2\" data-colums-desktop=\"2\" data-colums-small-desktop=\"2\" data-colums-tablet=\"2\" data-colums-small-tablet=\"2\" data-colums-mobile=\"1\">\n\t\t<div class=\"carousel-slider__item\"><img width=\"2048\" height=\"1536\" src=\"https:\/\/www.adac971.com\/wp-content\/uploads\/2020\/09\/p5-1.jpg\" class=\"attachment-full size-full\" alt=\"\" loading=\"lazy\" srcset=\"https:\/\/www.adac971.com\/wp-content\/uploads\/2020\/09\/p5-1.jpg 2048w, https:\/\/www.adac971.com\/wp-content\/uploads\/2020\/09\/p5-1-300x225.jpg 300w, https:\/\/www.adac971.com\/wp-content\/uploads\/2020\/09\/p5-1-1024x768.jpg 1024w, https:\/\/www.adac971.com\/wp-content\/uploads\/2020\/09\/p5-1-768x576.jpg 768w, https:\/\/www.adac971.com\/wp-content\/uploads\/2020\/09\/p5-1-1536x1152.jpg 1536w\" sizes=\"(max-width: 2048px) 100vw, 2048px\" \/><\/div><div class=\"carousel-slider__item\"><img width=\"2048\" height=\"1536\" src=\"https:\/\/www.adac971.com\/wp-content\/uploads\/2020\/09\/p2-2.jpg\" class=\"attachment-full size-full\" alt=\"\" loading=\"lazy\" srcset=\"https:\/\/www.adac971.com\/wp-content\/uploads\/2020\/09\/p2-2.jpg 2048w, https:\/\/www.adac971.com\/wp-content\/uploads\/2020\/09\/p2-2-300x225.jpg 300w, https:\/\/www.adac971.com\/wp-content\/uploads\/2020\/09\/p2-2-1024x768.jpg 1024w, https:\/\/www.adac971.com\/wp-content\/uploads\/2020\/09\/p2-2-768x576.jpg 768w, https:\/\/www.adac971.com\/wp-content\/uploads\/2020\/09\/p2-2-1536x1152.jpg 1536w\" sizes=\"(max-width: 2048px) 100vw, 2048px\" \/><\/div><div class=\"carousel-slider__item\"><img width=\"2048\" height=\"1536\" src=\"https:\/\/www.adac971.com\/wp-content\/uploads\/2020\/09\/p3-2.jpg\" class=\"attachment-full size-full\" alt=\"\" loading=\"lazy\" srcset=\"https:\/\/www.adac971.com\/wp-content\/uploads\/2020\/09\/p3-2.jpg 2048w, https:\/\/www.adac971.com\/wp-content\/uploads\/2020\/09\/p3-2-300x225.jpg 300w, https:\/\/www.adac971.com\/wp-content\/uploads\/2020\/09\/p3-2-1024x768.jpg 1024w, https:\/\/www.adac971.com\/wp-content\/uploads\/2020\/09\/p3-2-768x576.jpg 768w, https:\/\/www.adac971.com\/wp-content\/uploads\/2020\/09\/p3-2-1536x1152.jpg 1536w\" sizes=\"(max-width: 2048px) 100vw, 2048px\" \/><\/div><div class=\"carousel-slider__item\"><img width=\"2048\" height=\"1365\" src=\"https:\/\/www.adac971.com\/wp-content\/uploads\/2020\/09\/p6-1.jpg\" class=\"attachment-full size-full\" alt=\"\" loading=\"lazy\" srcset=\"https:\/\/www.adac971.com\/wp-content\/uploads\/2020\/09\/p6-1.jpg 2048w, https:\/\/www.adac971.com\/wp-content\/uploads\/2020\/09\/p6-1-300x200.jpg 300w, https:\/\/www.adac971.com\/wp-content\/uploads\/2020\/09\/p6-1-1024x683.jpg 1024w, https:\/\/www.adac971.com\/wp-content\/uploads\/2020\/09\/p6-1-768x512.jpg 768w, https:\/\/www.adac971.com\/wp-content\/uploads\/2020\/09\/p6-1-1536x1024.jpg 1536w\" sizes=\"(max-width: 2048px) 100vw, 2048px\" \/><\/div><div class=\"carousel-slider__item\"><img width=\"2048\" height=\"1365\" src=\"https:\/\/www.adac971.com\/wp-content\/uploads\/2020\/09\/p8-1.jpg\" class=\"attachment-full size-full\" alt=\"\" loading=\"lazy\" srcset=\"https:\/\/www.adac971.com\/wp-content\/uploads\/2020\/09\/p8-1.jpg 2048w, https:\/\/www.adac971.com\/wp-content\/uploads\/2020\/09\/p8-1-300x200.jpg 300w, https:\/\/www.adac971.com\/wp-content\/uploads\/2020\/09\/p8-1-1024x683.jpg 1024w, https:\/\/www.adac971.com\/wp-content\/uploads\/2020\/09\/p8-1-768x512.jpg 768w, https:\/\/www.adac971.com\/wp-content\/uploads\/2020\/09\/p8-1-1536x1024.jpg 1536w\" sizes=\"(max-width: 2048px) 100vw, 2048px\" \/><\/div><div class=\"carousel-slider__item\"><img width=\"2048\" height=\"1369\" src=\"https:\/\/www.adac971.com\/wp-content\/uploads\/2020\/09\/p9.jpg\" class=\"attachment-full size-full\" alt=\"\" loading=\"lazy\" srcset=\"https:\/\/www.adac971.com\/wp-content\/uploads\/2020\/09\/p9.jpg 2048w, https:\/\/www.adac971.com\/wp-content\/uploads\/2020\/09\/p9-300x201.jpg 300w, https:\/\/www.adac971.com\/wp-content\/uploads\/2020\/09\/p9-1024x685.jpg 1024w, https:\/\/www.adac971.com\/wp-content\/uploads\/2020\/09\/p9-768x513.jpg 768w, https:\/\/www.adac971.com\/wp-content\/uploads\/2020\/09\/p9-1536x1027.jpg 1536w\" sizes=\"(max-width: 2048px) 100vw, 2048px\" \/><\/div><div class=\"carousel-slider__item\"><img width=\"2048\" height=\"1536\" src=\"https:\/\/www.adac971.com\/wp-content\/uploads\/2020\/09\/p4-2.jpg\" class=\"attachment-full size-full\" alt=\"\" loading=\"lazy\" srcset=\"https:\/\/www.adac971.com\/wp-content\/uploads\/2020\/09\/p4-2.jpg 2048w, https:\/\/www.adac971.com\/wp-content\/uploads\/2020\/09\/p4-2-300x225.jpg 300w, https:\/\/www.adac971.com\/wp-content\/uploads\/2020\/09\/p4-2-1024x768.jpg 1024w, https:\/\/www.adac971.com\/wp-content\/uploads\/2020\/09\/p4-2-768x576.jpg 768w, https:\/\/www.adac971.com\/wp-content\/uploads\/2020\/09\/p4-2-1536x1152.jpg 1536w\" sizes=\"(max-width: 2048px) 100vw, 2048px\" \/><\/div>\t<\/div><!-- #id-## -->\n<\/div>\n<\/div>\n","protected":false},"excerpt":{"rendered":"<p>13% de r\u00e9duction sur l&rsquo;h\u00e9bergement et la location de v\u00e9hicules apr\u00e8s pr\u00e9sentation de la carte ADAC 971 (hors promotions, soldes et ventes flash) &nbsp; \u00a0 0690 35 94 45 \u00a0 Chemin de la Baie Palmiste ZA Cocoyer 97118 Saint-Fran\u00e7ois \u00a0 Toujours ouvert \u00a0 gitelespalmistes@gmail.com \u00a0 http:\/\/gite-les-palmistes0.webnode.fr\/ \u00a0 https:\/\/www.facebook.com\/giteslespalmistes \u00a0 Venez passer vos prochaines vacances en [&hellip;]<\/p>\n","protected":false},"featured_media":76060,"template":"","meta":[],"_links":{"self":[{"href":"https:\/\/www.adac971.com\/index.php\/wp-json\/wp\/v2\/product\/76048"}],"collection":[{"href":"https:\/\/www.adac971.com\/index.php\/wp-json\/wp\/v2\/product"}],"about":[{"href":"https:\/\/www.adac971.com\/index.php\/wp-json\/wp\/v2\/types\/product"}],"wp:featuredmedia":[{"embeddable":true,"href":"https:\/\/www.adac971.com\/index.php\/wp-json\/wp\/v2\/media\/76060"}],"wp:attachment":[{"href":"https:\/\/www.adac971.com\/index.php\/wp-json\/wp\/v2\/media?parent=76048"}],"curies":[{"name":"wp","href":"https:\/\/api.w.org\/{rel}","templated":true}]}}