{"id":76028,"date":"2020-09-29T18:06:08","date_gmt":"2020-09-29T16:06:08","guid":{"rendered":"http:\/\/adaccomumu.cluster028.hosting.ovh.net\/?post_type=product&#038;p=76028"},"modified":"2020-11-24T17:04:30","modified_gmt":"2020-11-24T16:04:30","slug":"fort-royal","status":"publish","type":"product","link":"https:\/\/www.adac971.com\/index.php\/product\/fort-royal\/","title":{"rendered":"FORT ROYAL"},"content":{"rendered":"<h1 class=\"wpsestyles orange-message\">20% de r\u00e9duction sur les bungalows, les chambres et les suites vue sur mer<\/h1>\n<p>apr\u00e8s pr\u00e9sentation de la carte ADAC 971 (hors promotions, soldes et ventes flash)<\/p>\n<p>&nbsp;<\/p>\n<table>\n<tbody>\n<tr>\n<td width=\"45\"><img loading=\"lazy\" class=\"alignnone size-full wp-image-75435\" src=\"http:\/\/adaccomumu.cluster028.hosting.ovh.net\/wp-content\/uploads\/2020\/08\/icone-tel-3.png\" alt=\"\" width=\"40\" height=\"37\" \/><\/td>\n<td width=\"19\">\u00a0<\/td>\n<td width=\"555\">\n<div class=\"dwo3fsh8 g5ia77u1 rt8b4zig n8ej3o3l agehan2d sk4xxmp2 rq0escxv q9uorilb kvgmc6g5 cxmmr5t8 oygrvhab hcukyx3x jb3vyjys rz4wbd8a qt6c0cv9 a8nywdso l9j0dhe7 i1ao9s8h k4urcfbm\">\n<div class=\"j83agx80 cbu4d94t sj5x9vvc cxgpxx05\">\n<div class=\"rq0escxv l9j0dhe7 du4w35lb j83agx80 pfnyh3mw jifvfom9 ll8tlv6m owycx6da btwxx1t3 hv4rvrfc dati1w0a jb3vyjys b5q2rw42 lq239pai mysgfdmx hddg9phg\">\n<div class=\"rq0escxv l9j0dhe7 du4w35lb j83agx80 cbu4d94t g5gj957u d2edcug0 hpfvmrgz rj1gh0hx buofh1pr o8rfisnq p8fzw8mz pcp91wgn iuny7tx3 ipjc6fyt\">\n<div class=\"j83agx80 cbu4d94t ew0dbk1b irj2b8pg\">\n<div class=\"qzhwtbm6 knvmm38d\">0590 68 76 70<\/div>\n<\/div>\n<\/div>\n<\/div>\n<\/div>\n<\/div>\n<\/td>\n<\/tr>\n<tr>\n<td width=\"45\"><img loading=\"lazy\" class=\"alignnone size-full wp-image-75433\" src=\"http:\/\/adaccomumu.cluster028.hosting.ovh.net\/wp-content\/uploads\/2020\/08\/icone-adresse-2.png\" alt=\"\" width=\"32\" height=\"40\" \/><\/td>\n<td width=\"19\">\u00a0<\/td>\n<td width=\"555\">\n<div class=\"dwo3fsh8 g5ia77u1 rt8b4zig n8ej3o3l agehan2d sk4xxmp2 rq0escxv q9uorilb kvgmc6g5 cxmmr5t8 oygrvhab hcukyx3x jb3vyjys rz4wbd8a qt6c0cv9 a8nywdso l9j0dhe7 i1ao9s8h k4urcfbm\">\n<div class=\"j83agx80 cbu4d94t sj5x9vvc cxgpxx05\">\n<div class=\"rq0escxv l9j0dhe7 du4w35lb j83agx80 pfnyh3mw jifvfom9 ll8tlv6m owycx6da btwxx1t3 hv4rvrfc dati1w0a jb3vyjys b5q2rw42 lq239pai mysgfdmx hddg9phg\">\n<div class=\"rq0escxv l9j0dhe7 du4w35lb j83agx80 cbu4d94t g5gj957u d2edcug0 hpfvmrgz rj1gh0hx buofh1pr o8rfisnq p8fzw8mz pcp91wgn iuny7tx3 ipjc6fyt\">\n<div class=\"j83agx80 cbu4d94t ew0dbk1b irj2b8pg\">\n<div class=\"qzhwtbm6 knvmm38d\"><span class=\"d2edcug0 hpfvmrgz qv66sw1b c1et5uql rrkovp55 jq4qci2q a3bd9o3v knj5qynh py34i1dx\"><span class=\"a8c37x1j ni8dbmo4 stjgntxs l9j0dhe7\">Lieu-dit Petit Bas Vent, 97126 Deshaies<\/span><\/span><\/div>\n<\/div>\n<\/div>\n<\/div>\n<\/div>\n<\/div>\n<\/td>\n<\/tr>\n<tr>\n<td width=\"45\"><img loading=\"lazy\" class=\"alignnone size-full wp-image-75432\" src=\"http:\/\/adaccomumu.cluster028.hosting.ovh.net\/wp-content\/uploads\/2020\/08\/clock-1.png\" alt=\"\" width=\"40\" height=\"40\" \/><\/td>\n<td width=\"19\">\u00a0<\/td>\n<td width=\"555\">\n<div class=\"description\">Toujours ouvert<\/div>\n<\/td>\n<\/tr>\n<tr>\n<td width=\"45\"><img loading=\"lazy\" class=\"alignnone size-full wp-image-75436\" src=\"http:\/\/adaccomumu.cluster028.hosting.ovh.net\/wp-content\/uploads\/2020\/08\/mail-icone-2.jpg\" alt=\"\" width=\"40\" height=\"30\" \/><\/td>\n<td width=\"19\">\u00a0<\/td>\n<td width=\"555\">\n<div class=\"dwo3fsh8 g5ia77u1 rt8b4zig n8ej3o3l agehan2d sk4xxmp2 rq0escxv q9uorilb kvgmc6g5 cxmmr5t8 oygrvhab hcukyx3x jb3vyjys rz4wbd8a qt6c0cv9 a8nywdso l9j0dhe7 i1ao9s8h k4urcfbm\">\n<div class=\"j83agx80 cbu4d94t sj5x9vvc cxgpxx05\">\n<div class=\"rq0escxv l9j0dhe7 du4w35lb j83agx80 pfnyh3mw jifvfom9 ll8tlv6m owycx6da btwxx1t3 hv4rvrfc dati1w0a jb3vyjys b5q2rw42 lq239pai mysgfdmx hddg9phg\">\n<div class=\"rq0escxv l9j0dhe7 du4w35lb j83agx80 cbu4d94t g5gj957u d2edcug0 hpfvmrgz rj1gh0hx buofh1pr o8rfisnq p8fzw8mz pcp91wgn iuny7tx3 ipjc6fyt\">\n<div class=\"j83agx80 cbu4d94t ew0dbk1b irj2b8pg\">\n<div class=\"qzhwtbm6 knvmm38d\">\n<div class=\"dwo3fsh8 g5ia77u1 rt8b4zig n8ej3o3l agehan2d sk4xxmp2 rq0escxv q9uorilb kvgmc6g5 cxmmr5t8 oygrvhab hcukyx3x jb3vyjys rz4wbd8a qt6c0cv9 a8nywdso l9j0dhe7 i1ao9s8h k4urcfbm\">\n<div class=\"j83agx80 cbu4d94t sj5x9vvc cxgpxx05\">\n<div class=\"rq0escxv l9j0dhe7 du4w35lb j83agx80 pfnyh3mw jifvfom9 ll8tlv6m owycx6da btwxx1t3 hv4rvrfc dati1w0a jb3vyjys b5q2rw42 lq239pai mysgfdmx hddg9phg\">\n<div class=\"rq0escxv l9j0dhe7 du4w35lb j83agx80 cbu4d94t g5gj957u d2edcug0 hpfvmrgz rj1gh0hx buofh1pr o8rfisnq p8fzw8mz pcp91wgn iuny7tx3 ipjc6fyt\">\n<div class=\"j83agx80 cbu4d94t ew0dbk1b irj2b8pg\">\n<div class=\"qzhwtbm6 knvmm38d\">\n<div class=\"dwo3fsh8 g5ia77u1 rt8b4zig n8ej3o3l agehan2d sk4xxmp2 rq0escxv q9uorilb kvgmc6g5 cxmmr5t8 oygrvhab hcukyx3x jb3vyjys rz4wbd8a qt6c0cv9 a8nywdso l9j0dhe7 i1ao9s8h k4urcfbm\">\n<div class=\"j83agx80 cbu4d94t sj5x9vvc cxgpxx05\">\n<div class=\"rq0escxv l9j0dhe7 du4w35lb j83agx80 pfnyh3mw jifvfom9 ll8tlv6m owycx6da btwxx1t3 hv4rvrfc dati1w0a jb3vyjys b5q2rw42 lq239pai mysgfdmx hddg9phg\">\n<div class=\"rq0escxv l9j0dhe7 du4w35lb j83agx80 cbu4d94t g5gj957u d2edcug0 hpfvmrgz rj1gh0hx buofh1pr o8rfisnq p8fzw8mz pcp91wgn iuny7tx3 ipjc6fyt\">\n<div class=\"j83agx80 cbu4d94t ew0dbk1b irj2b8pg\">\n<div class=\"qzhwtbm6 knvmm38d\">\n<div class=\"dwo3fsh8 g5ia77u1 rt8b4zig n8ej3o3l agehan2d sk4xxmp2 rq0escxv q9uorilb kvgmc6g5 cxmmr5t8 oygrvhab hcukyx3x jb3vyjys rz4wbd8a qt6c0cv9 a8nywdso l9j0dhe7 i1ao9s8h k4urcfbm\">\n<div class=\"j83agx80 cbu4d94t sj5x9vvc cxgpxx05\">\n<div class=\"rq0escxv l9j0dhe7 du4w35lb j83agx80 pfnyh3mw jifvfom9 ll8tlv6m owycx6da btwxx1t3 hv4rvrfc dati1w0a jb3vyjys b5q2rw42 lq239pai mysgfdmx hddg9phg\">\n<div class=\"rq0escxv l9j0dhe7 du4w35lb j83agx80 cbu4d94t g5gj957u d2edcug0 hpfvmrgz rj1gh0hx buofh1pr o8rfisnq p8fzw8mz pcp91wgn iuny7tx3 ipjc6fyt\">\n<div class=\"j83agx80 cbu4d94t ew0dbk1b irj2b8pg\">\n<div class=\"qzhwtbm6 knvmm38d\">\n<div class=\"dwo3fsh8 g5ia77u1 rt8b4zig n8ej3o3l agehan2d sk4xxmp2 rq0escxv q9uorilb kvgmc6g5 cxmmr5t8 oygrvhab hcukyx3x jb3vyjys rz4wbd8a qt6c0cv9 a8nywdso l9j0dhe7 i1ao9s8h k4urcfbm\">\n<div class=\"j83agx80 cbu4d94t sj5x9vvc cxgpxx05\">\n<div class=\"rq0escxv l9j0dhe7 du4w35lb j83agx80 pfnyh3mw jifvfom9 ll8tlv6m owycx6da btwxx1t3 hv4rvrfc dati1w0a jb3vyjys b5q2rw42 lq239pai mysgfdmx hddg9phg\">\n<div class=\"rq0escxv l9j0dhe7 du4w35lb j83agx80 cbu4d94t g5gj957u d2edcug0 hpfvmrgz rj1gh0hx buofh1pr o8rfisnq p8fzw8mz pcp91wgn iuny7tx3 ipjc6fyt\">\n<div class=\"j83agx80 cbu4d94t ew0dbk1b irj2b8pg\">\n<div class=\"qzhwtbm6 knvmm38d\">\n<div class=\"dwo3fsh8 g5ia77u1 rt8b4zig n8ej3o3l agehan2d sk4xxmp2 rq0escxv q9uorilb kvgmc6g5 cxmmr5t8 oygrvhab hcukyx3x jb3vyjys rz4wbd8a qt6c0cv9 a8nywdso l9j0dhe7 i1ao9s8h k4urcfbm\">\n<div class=\"j83agx80 cbu4d94t sj5x9vvc cxgpxx05\">\n<div class=\"rq0escxv l9j0dhe7 du4w35lb j83agx80 pfnyh3mw jifvfom9 ll8tlv6m owycx6da btwxx1t3 hv4rvrfc dati1w0a jb3vyjys b5q2rw42 lq239pai mysgfdmx hddg9phg\">\n<div class=\"rq0escxv l9j0dhe7 du4w35lb j83agx80 cbu4d94t g5gj957u d2edcug0 hpfvmrgz rj1gh0hx buofh1pr o8rfisnq p8fzw8mz pcp91wgn iuny7tx3 ipjc6fyt\">\n<div class=\"j83agx80 cbu4d94t ew0dbk1b irj2b8pg\">\n<div class=\"qzhwtbm6 knvmm38d\">\n<div class=\"dwo3fsh8 g5ia77u1 rt8b4zig n8ej3o3l agehan2d sk4xxmp2 rq0escxv q9uorilb kvgmc6g5 cxmmr5t8 oygrvhab hcukyx3x jb3vyjys rz4wbd8a qt6c0cv9 a8nywdso l9j0dhe7 i1ao9s8h k4urcfbm\">\n<div class=\"j83agx80 cbu4d94t sj5x9vvc cxgpxx05\">\n<div class=\"rq0escxv l9j0dhe7 du4w35lb j83agx80 pfnyh3mw jifvfom9 ll8tlv6m owycx6da btwxx1t3 hv4rvrfc dati1w0a jb3vyjys b5q2rw42 lq239pai mysgfdmx hddg9phg\">\n<div class=\"rq0escxv l9j0dhe7 du4w35lb j83agx80 cbu4d94t g5gj957u d2edcug0 hpfvmrgz rj1gh0hx buofh1pr o8rfisnq p8fzw8mz pcp91wgn iuny7tx3 ipjc6fyt\">\n<div class=\"j83agx80 cbu4d94t ew0dbk1b irj2b8pg\">\n<div class=\"qzhwtbm6 knvmm38d\">fortroyal@langley.eu<\/div>\n<\/div>\n<\/div>\n<\/div>\n<\/div>\n<\/div>\n<\/div>\n<\/div>\n<\/div>\n<\/div>\n<\/div>\n<\/div>\n<\/div>\n<\/div>\n<\/div>\n<\/div>\n<\/div>\n<\/div>\n<\/div>\n<\/div>\n<\/div>\n<\/div>\n<\/div>\n<\/div>\n<\/div>\n<\/div>\n<\/div>\n<\/div>\n<\/div>\n<\/div>\n<\/div>\n<\/div>\n<\/div>\n<\/div>\n<\/div>\n<\/div>\n<\/div>\n<\/div>\n<\/div>\n<\/div>\n<\/div>\n<\/div>\n<\/td>\n<\/tr>\n<tr>\n<td width=\"45\"><img loading=\"lazy\" class=\"alignnone size-full wp-image-75434\" src=\"http:\/\/adaccomumu.cluster028.hosting.ovh.net\/wp-content\/uploads\/2020\/08\/icone-site-2.png\" alt=\"\" width=\"40\" height=\"39\" \/><\/td>\n<td width=\"19\">\u00a0<\/td>\n<td width=\"555\"><a href=\"http:\/\/www.fortroyal.eu\/\" target=\"_blank\" rel=\"noopener noreferrer\">http:\/\/www.fortroyal.eu\/<\/a><\/td>\n<\/tr>\n<tr>\n<td width=\"45\"><img loading=\"lazy\" class=\"alignnone size-full wp-image-75490\" src=\"http:\/\/adaccomumu.cluster028.hosting.ovh.net\/wp-content\/uploads\/2020\/08\/facebook.png\" alt=\"\" width=\"40\" height=\"40\" \/><\/td>\n<td width=\"19\">\u00a0<\/td>\n<td width=\"555\"><a href=\"https:\/\/www.facebook.com\/ResortFortRoyal\" target=\"_blank\" rel=\"noopener noreferrer\">https:\/\/www.facebook.com\/ResortFortRoyal<\/a><\/td>\n<\/tr>\n<\/tbody>\n<\/table>\n<div class=\"qzhwtbm6 knvmm38d\">\u00a0<\/div>\n<div>\n<p><strong>Le Resort Langley Fort Royal est une destination de r\u00eave situ\u00e9e au bord de l\u2019eau turquoise de Guadeloupe. Des plages s\u2019\u00e9tendant infiniment et des paysages \u00e0 couper le souffle font partie du quotidien \u00e0 Fort Royal. L\u2019h\u00f4tel et ses paisibles environs donnent lieu \u00e0 une exp\u00e9rience unique et exotique dans les Antilles Fran\u00e7aises.<\/strong><\/p>\n<p><strong>Le resort<br \/><\/strong>Le Resort Fort Royal comprend l\u2019h\u00f4tel en lui-m\u00eame, le b\u00e2timent de la r\u00e9ception, le Sail and Surf Center, les terrains de tennis, la piscine, le boulodrome, l\u2019espace massage, le Kids Club (ouvert de novembre \u00e0 mars), le restaurant et le village de bungalows. C&rsquo;est le lieu r\u00eav\u00e9 pour vos vacances.<\/p>\n<p><strong>Les chambres &amp; bungalows<br \/><\/strong>Les chambres sont lumineuses, agr\u00e9ables et spacieuses. La grande majorit\u00e9 des chambres poss\u00e8de des balcons priv\u00e9s donnant sur l\u2019oc\u00e9an. Les chambres sont \u00e9quip\u00e9es de t\u00e9l\u00e9visions et de climatisation. Il vous est possible de choisir entre s\u00e9journer dans une des chambres d\u2019h\u00f4tel ou dans votre propre bungalow. Pour une exp\u00e9rience de confort et de bien-\u00eatre supr\u00eame, quoi de mieux qu\u2019une des suites que le Resort peut vous proposer\u00a0?<\/p>\n<p>L&rsquo;h\u00f4tel a des chambres accessibles aux personnes \u00e0 mobilit\u00e9 r\u00e9duite.<\/p>\n<p><strong>Exploration &amp; Activit\u00e9s<br \/><\/strong>Que vous ayez en t\u00eate des vacances plut\u00f4t reposantes ou des vacances actives et dynamiques, Fort Royal est l\u2019endroit id\u00e9al. Laissez-vous tenter par un des nombreux traitements que nous proposons dans l\u2019espace massage en bord de plage. Vous pouvez \u00e9galement profiter de l\u2019oc\u00e9an gr\u00e2ce aux diverses activit\u00e9s que propose le Sail and Surf Center. Nous vous encourageons \u00e0 explorer l\u2019\u00eele lors des multiples excursions que nous organisons, afin de d\u00e9couvrir son unique faune et flore. Faites la connaissance des for\u00eats tropicales, des volcans, des plages de sable blanc paradisiaques et peut \u00eatre m\u00eame des fameuses cultures de canne \u00e0 sucre.<\/p>\n<p><strong>Le restaurant<br \/><\/strong>Le restaurant et sa vaste terrasse sont situ\u00e9s face \u00e0-la plage. C\u2019est i\u00e7i que nous servons notre copieux petit-d\u00e9jeuner, notre d\u00e9jeuner \u00e0 la carte et notre diner sous forme de buffet. La nourriture servie est d\u2019inspiration internationale.<\/p>\n<p>Notre soci\u00e9t\u00e9 privil\u00e9gie l&rsquo;achat de produits locaux afin de r\u00e9duire son impact carbone.<\/p>\n<p><strong>Le bar de la plage<br \/><\/strong>A quelques pas du restaurant, vous trouverez notre fameux beach bar. Vous pourrez y d\u00e9guster nos d\u00e9licieux cocktails ainsi que ce fameux rhum des Cara\u00efbes tant r\u00e9put\u00e9. Nous servons \u00e9galement des cocktails sans alcool, des bi\u00e8res, des jus de fruits et bien d\u2019autres d\u00e9lices.<\/p>\n<p><strong>Les animaux<br \/><\/strong>Les chiens et les chats de moins de 5 kg (1 maximum) sont les bienvenus dans notre h\u00f4tel au tarif de 9\u20ac \/ jour payable au check-in, uniquement dans les bungalows. Afin de respecter la l\u00e9gislation, les animaux ne sont pas admis dans le restaurant.<\/p>\n<p>&nbsp;<\/p>\n<p class=\"footernomargin\"><div class=\"carousel-slider-outer carousel-slider-outer-images carousel-slider-outer-76029\">\n\t<style type=\"text\/css\">\n            #id-76029 .carousel-slider-nav-icon {\n                fill: #f1f1f1\n            }\n            #id-76029 .carousel-slider-nav-icon:hover {\n                fill: #00d1b2\n            }\n            #id-76029 .owl-prev,\n            #id-76029 .owl-next,\n            #id-76029 .carousel-slider-nav-icon {\n                height: 48px;\n                width: 48px\n            }\n            #id-76029.arrows-outside .owl-prev {\n                left: -48px\n            }\n            #id-76029.arrows-outside .owl-next {\n                right: -48px\n            }\n        \n\t\t    #id-76029 .owl-dots .owl-dot span {\n                background-color: #f1f1f1;\n                width: 10px;\n                height: 10px;\n            }\n            #id-76029 .owl-dots .owl-dot.active span,\n            #id-76029 .owl-dots .owl-dot:hover span {\n                background-color: #00d1b2\n            }\n\t\t<\/style>\t<div id=\"id-76029\" class=\"owl-carousel carousel-slider arrows-outside arrows-visible-hover dots-hidden dots-center dots-square\" data-slide-type=\"image-carousel\" data-margin=\"10\" data-slide-by=\"1\" data-loop=\"true\" data-lazy-load=\"false\" data-stage-padding=\"0\" data-auto-width=\"false\" data-dots=\"false\" data-nav=\"true\" data-autoplay=\"true\" data-autoplay-timeout=\"5000\" data-autoplay-speed=\"500\" data-autoplay-hover-pause=\"false\" data-colums=\"3\" data-colums-desktop=\"3\" data-colums-small-desktop=\"3\" data-colums-tablet=\"3\" data-colums-small-tablet=\"2\" data-colums-mobile=\"1\">\n\t\t<div class=\"carousel-slider__item\"><img width=\"385\" height=\"250\" src=\"https:\/\/www.adac971.com\/wp-content\/uploads\/2020\/09\/l1.jpg\" class=\"attachment-full size-full\" alt=\"\" loading=\"lazy\" srcset=\"https:\/\/www.adac971.com\/wp-content\/uploads\/2020\/09\/l1.jpg 385w, https:\/\/www.adac971.com\/wp-content\/uploads\/2020\/09\/l1-300x195.jpg 300w\" sizes=\"(max-width: 385px) 100vw, 385px\" \/><\/div><div class=\"carousel-slider__item\"><img width=\"385\" height=\"250\" src=\"https:\/\/www.adac971.com\/wp-content\/uploads\/2020\/09\/l2.jpg\" class=\"attachment-full size-full\" alt=\"\" loading=\"lazy\" srcset=\"https:\/\/www.adac971.com\/wp-content\/uploads\/2020\/09\/l2.jpg 385w, https:\/\/www.adac971.com\/wp-content\/uploads\/2020\/09\/l2-300x195.jpg 300w\" sizes=\"(max-width: 385px) 100vw, 385px\" \/><\/div><div class=\"carousel-slider__item\"><img width=\"385\" height=\"250\" src=\"https:\/\/www.adac971.com\/wp-content\/uploads\/2020\/09\/l3.jpg\" class=\"attachment-full size-full\" alt=\"\" loading=\"lazy\" srcset=\"https:\/\/www.adac971.com\/wp-content\/uploads\/2020\/09\/l3.jpg 385w, https:\/\/www.adac971.com\/wp-content\/uploads\/2020\/09\/l3-300x195.jpg 300w\" sizes=\"(max-width: 385px) 100vw, 385px\" \/><\/div><div class=\"carousel-slider__item\"><img width=\"385\" height=\"250\" src=\"https:\/\/www.adac971.com\/wp-content\/uploads\/2020\/09\/l4.jpg\" class=\"attachment-full size-full\" alt=\"\" loading=\"lazy\" srcset=\"https:\/\/www.adac971.com\/wp-content\/uploads\/2020\/09\/l4.jpg 385w, https:\/\/www.adac971.com\/wp-content\/uploads\/2020\/09\/l4-300x195.jpg 300w\" sizes=\"(max-width: 385px) 100vw, 385px\" \/><\/div><div class=\"carousel-slider__item\"><img width=\"368\" height=\"200\" src=\"https:\/\/www.adac971.com\/wp-content\/uploads\/2020\/09\/l5.png\" class=\"attachment-full size-full\" alt=\"\" loading=\"lazy\" srcset=\"https:\/\/www.adac971.com\/wp-content\/uploads\/2020\/09\/l5.png 368w, https:\/\/www.adac971.com\/wp-content\/uploads\/2020\/09\/l5-300x163.png 300w\" sizes=\"(max-width: 368px) 100vw, 368px\" \/><\/div><div class=\"carousel-slider__item\"><img width=\"368\" height=\"200\" src=\"https:\/\/www.adac971.com\/wp-content\/uploads\/2020\/09\/l6.jpg\" class=\"attachment-full size-full\" alt=\"\" loading=\"lazy\" srcset=\"https:\/\/www.adac971.com\/wp-content\/uploads\/2020\/09\/l6.jpg 368w, https:\/\/www.adac971.com\/wp-content\/uploads\/2020\/09\/l6-300x163.jpg 300w\" sizes=\"(max-width: 368px) 100vw, 368px\" \/><\/div><div class=\"carousel-slider__item\"><img width=\"368\" height=\"200\" src=\"https:\/\/www.adac971.com\/wp-content\/uploads\/2020\/09\/l7.jpg\" class=\"attachment-full size-full\" alt=\"\" loading=\"lazy\" srcset=\"https:\/\/www.adac971.com\/wp-content\/uploads\/2020\/09\/l7.jpg 368w, https:\/\/www.adac971.com\/wp-content\/uploads\/2020\/09\/l7-300x163.jpg 300w\" sizes=\"(max-width: 368px) 100vw, 368px\" \/><\/div><div class=\"carousel-slider__item\"><img width=\"368\" height=\"200\" src=\"https:\/\/www.adac971.com\/wp-content\/uploads\/2020\/09\/l8.jpg\" class=\"attachment-full size-full\" alt=\"\" loading=\"lazy\" srcset=\"https:\/\/www.adac971.com\/wp-content\/uploads\/2020\/09\/l8.jpg 368w, https:\/\/www.adac971.com\/wp-content\/uploads\/2020\/09\/l8-300x163.jpg 300w\" sizes=\"(max-width: 368px) 100vw, 368px\" \/><\/div><div class=\"carousel-slider__item\"><img width=\"368\" height=\"200\" src=\"https:\/\/www.adac971.com\/wp-content\/uploads\/2020\/09\/l9.jpg\" class=\"attachment-full size-full\" alt=\"\" loading=\"lazy\" srcset=\"https:\/\/www.adac971.com\/wp-content\/uploads\/2020\/09\/l9.jpg 368w, https:\/\/www.adac971.com\/wp-content\/uploads\/2020\/09\/l9-300x163.jpg 300w\" sizes=\"(max-width: 368px) 100vw, 368px\" \/><\/div><div class=\"carousel-slider__item\"><img width=\"368\" height=\"200\" src=\"https:\/\/www.adac971.com\/wp-content\/uploads\/2020\/09\/l10.jpg\" class=\"attachment-full size-full\" alt=\"\" loading=\"lazy\" srcset=\"https:\/\/www.adac971.com\/wp-content\/uploads\/2020\/09\/l10.jpg 368w, https:\/\/www.adac971.com\/wp-content\/uploads\/2020\/09\/l10-300x163.jpg 300w\" sizes=\"(max-width: 368px) 100vw, 368px\" \/><\/div><div class=\"carousel-slider__item\"><img width=\"368\" height=\"200\" src=\"https:\/\/www.adac971.com\/wp-content\/uploads\/2020\/09\/l11.jpg\" class=\"attachment-full size-full\" alt=\"\" loading=\"lazy\" srcset=\"https:\/\/www.adac971.com\/wp-content\/uploads\/2020\/09\/l11.jpg 368w, https:\/\/www.adac971.com\/wp-content\/uploads\/2020\/09\/l11-300x163.jpg 300w\" sizes=\"(max-width: 368px) 100vw, 368px\" \/><\/div><div class=\"carousel-slider__item\"><img width=\"368\" height=\"200\" src=\"https:\/\/www.adac971.com\/wp-content\/uploads\/2020\/09\/l12.png\" class=\"attachment-full size-full\" alt=\"\" loading=\"lazy\" srcset=\"https:\/\/www.adac971.com\/wp-content\/uploads\/2020\/09\/l12.png 368w, https:\/\/www.adac971.com\/wp-content\/uploads\/2020\/09\/l12-300x163.png 300w\" sizes=\"(max-width: 368px) 100vw, 368px\" \/><\/div><div class=\"carousel-slider__item\"><img width=\"368\" height=\"200\" src=\"https:\/\/www.adac971.com\/wp-content\/uploads\/2020\/09\/l13.jpg\" class=\"attachment-full size-full\" alt=\"\" loading=\"lazy\" srcset=\"https:\/\/www.adac971.com\/wp-content\/uploads\/2020\/09\/l13.jpg 368w, https:\/\/www.adac971.com\/wp-content\/uploads\/2020\/09\/l13-300x163.jpg 300w\" sizes=\"(max-width: 368px) 100vw, 368px\" \/><\/div><div class=\"carousel-slider__item\"><img width=\"368\" height=\"200\" src=\"https:\/\/www.adac971.com\/wp-content\/uploads\/2020\/09\/l14.jpg\" class=\"attachment-full size-full\" alt=\"\" loading=\"lazy\" srcset=\"https:\/\/www.adac971.com\/wp-content\/uploads\/2020\/09\/l14.jpg 368w, https:\/\/www.adac971.com\/wp-content\/uploads\/2020\/09\/l14-300x163.jpg 300w\" sizes=\"(max-width: 368px) 100vw, 368px\" \/><\/div><div class=\"carousel-slider__item\"><img width=\"368\" height=\"200\" src=\"https:\/\/www.adac971.com\/wp-content\/uploads\/2020\/09\/l15.jpg\" class=\"attachment-full size-full\" alt=\"\" loading=\"lazy\" srcset=\"https:\/\/www.adac971.com\/wp-content\/uploads\/2020\/09\/l15.jpg 368w, https:\/\/www.adac971.com\/wp-content\/uploads\/2020\/09\/l15-300x163.jpg 300w\" sizes=\"(max-width: 368px) 100vw, 368px\" \/><\/div>\t<\/div><!-- #id-## -->\n<\/div>\n<\/div>\n","protected":false},"excerpt":{"rendered":"<p>20% de r\u00e9duction sur les bungalows, les chambres et les suites vue sur mer apr\u00e8s pr\u00e9sentation de la carte ADAC 971 (hors promotions, soldes et ventes flash) &nbsp; \u00a0 0590 68 76 70 \u00a0 Lieu-dit Petit Bas Vent, 97126 Deshaies \u00a0 Toujours ouvert \u00a0 fortroyal@langley.eu \u00a0 http:\/\/www.fortroyal.eu\/ \u00a0 https:\/\/www.facebook.com\/ResortFortRoyal \u00a0 Le Resort Langley Fort Royal [&hellip;]<\/p>\n","protected":false},"featured_media":76059,"template":"","meta":[],"_links":{"self":[{"href":"https:\/\/www.adac971.com\/index.php\/wp-json\/wp\/v2\/product\/76028"}],"collection":[{"href":"https:\/\/www.adac971.com\/index.php\/wp-json\/wp\/v2\/product"}],"about":[{"href":"https:\/\/www.adac971.com\/index.php\/wp-json\/wp\/v2\/types\/product"}],"wp:featuredmedia":[{"embeddable":true,"href":"https:\/\/www.adac971.com\/index.php\/wp-json\/wp\/v2\/media\/76059"}],"wp:attachment":[{"href":"https:\/\/www.adac971.com\/index.php\/wp-json\/wp\/v2\/media?parent=76028"}],"curies":[{"name":"wp","href":"https:\/\/api.w.org\/{rel}","templated":true}]}}