{"id":76020,"date":"2020-09-29T17:40:15","date_gmt":"2020-09-29T15:40:15","guid":{"rendered":"http:\/\/adaccomumu.cluster028.hosting.ovh.net\/?post_type=product&#038;p=76020"},"modified":"2020-11-24T17:02:42","modified_gmt":"2020-11-24T16:02:42","slug":"fleurs-des-iles","status":"publish","type":"product","link":"https:\/\/www.adac971.com\/index.php\/product\/fleurs-des-iles\/","title":{"rendered":"FLEURS DES ILES"},"content":{"rendered":"<h1 class=\"wpsestyles orange-message\">10% de r\u00e9duction sur l&rsquo;h\u00e9bergement \u00e0 partir de 4 nuits (du 01\/04 au 30\/11)<br \/>et 5% de r\u00e9duction pour tout s\u00e9jour de 7 nuits minimum (entre le 01\/12 et le 31\/03).<\/h1>\n<p>apr\u00e8s pr\u00e9sentation de la carte ADAC 971 (hors promotions, soldes et ventes flash)<\/p>\n<p>&nbsp;<\/p>\n<table>\n<tbody>\n<tr>\n<td width=\"45\"><img loading=\"lazy\" class=\"alignnone size-full wp-image-75435\" src=\"http:\/\/adaccomumu.cluster028.hosting.ovh.net\/wp-content\/uploads\/2020\/08\/icone-tel-3.png\" alt=\"\" width=\"40\" height=\"37\" \/><\/td>\n<td width=\"19\">\u00a0<\/td>\n<td width=\"555\">\n<div class=\"dwo3fsh8 g5ia77u1 rt8b4zig n8ej3o3l agehan2d sk4xxmp2 rq0escxv q9uorilb kvgmc6g5 cxmmr5t8 oygrvhab hcukyx3x jb3vyjys rz4wbd8a qt6c0cv9 a8nywdso l9j0dhe7 i1ao9s8h k4urcfbm\">\n<div class=\"j83agx80 cbu4d94t sj5x9vvc cxgpxx05\">\n<div class=\"rq0escxv l9j0dhe7 du4w35lb j83agx80 pfnyh3mw jifvfom9 ll8tlv6m owycx6da btwxx1t3 hv4rvrfc dati1w0a jb3vyjys b5q2rw42 lq239pai mysgfdmx hddg9phg\">\n<div class=\"rq0escxv l9j0dhe7 du4w35lb j83agx80 cbu4d94t g5gj957u d2edcug0 hpfvmrgz rj1gh0hx buofh1pr o8rfisnq p8fzw8mz pcp91wgn iuny7tx3 ipjc6fyt\">\n<div class=\"j83agx80 cbu4d94t ew0dbk1b irj2b8pg\">\n<div class=\"qzhwtbm6 knvmm38d\">0590 28 54 44<\/div>\n<\/div>\n<\/div>\n<\/div>\n<\/div>\n<\/div>\n<\/td>\n<\/tr>\n<tr>\n<td width=\"45\"><img loading=\"lazy\" class=\"alignnone size-full wp-image-75433\" src=\"http:\/\/adaccomumu.cluster028.hosting.ovh.net\/wp-content\/uploads\/2020\/08\/icone-adresse-2.png\" alt=\"\" width=\"32\" height=\"40\" \/><\/td>\n<td width=\"19\">\u00a0<\/td>\n<td width=\"555\">\n<div class=\"dwo3fsh8 g5ia77u1 rt8b4zig n8ej3o3l agehan2d sk4xxmp2 rq0escxv q9uorilb kvgmc6g5 cxmmr5t8 oygrvhab hcukyx3x jb3vyjys rz4wbd8a qt6c0cv9 a8nywdso l9j0dhe7 i1ao9s8h k4urcfbm\">\n<div class=\"j83agx80 cbu4d94t sj5x9vvc cxgpxx05\">\n<div class=\"rq0escxv l9j0dhe7 du4w35lb j83agx80 pfnyh3mw jifvfom9 ll8tlv6m owycx6da btwxx1t3 hv4rvrfc dati1w0a jb3vyjys b5q2rw42 lq239pai mysgfdmx hddg9phg\">\n<div class=\"rq0escxv l9j0dhe7 du4w35lb j83agx80 cbu4d94t g5gj957u d2edcug0 hpfvmrgz rj1gh0hx buofh1pr o8rfisnq p8fzw8mz pcp91wgn iuny7tx3 ipjc6fyt\">\n<div class=\"j83agx80 cbu4d94t ew0dbk1b irj2b8pg\">\n<div class=\"qzhwtbm6 knvmm38d\"><span class=\"d2edcug0 hpfvmrgz qv66sw1b c1et5uql rrkovp55 jq4qci2q a3bd9o3v knj5qynh py34i1dx\"><span class=\"a8c37x1j ni8dbmo4 stjgntxs l9j0dhe7\">PLage de la Grande Anse, 97126 Deshaies<\/span><\/span><\/div>\n<\/div>\n<\/div>\n<\/div>\n<\/div>\n<\/div>\n<\/td>\n<\/tr>\n<tr>\n<td width=\"45\"><img loading=\"lazy\" class=\"alignnone size-full wp-image-75432\" src=\"http:\/\/adaccomumu.cluster028.hosting.ovh.net\/wp-content\/uploads\/2020\/08\/clock-1.png\" alt=\"\" width=\"40\" height=\"40\" \/><\/td>\n<td width=\"19\">\u00a0<\/td>\n<td width=\"555\">\n<div class=\"description\">\u00a0<\/div>\n<\/td>\n<\/tr>\n<tr>\n<td width=\"45\"><img loading=\"lazy\" class=\"alignnone size-full wp-image-75436\" src=\"http:\/\/adaccomumu.cluster028.hosting.ovh.net\/wp-content\/uploads\/2020\/08\/mail-icone-2.jpg\" alt=\"\" width=\"40\" height=\"30\" \/><\/td>\n<td width=\"19\">\u00a0<\/td>\n<td width=\"555\">\n<div class=\"dwo3fsh8 g5ia77u1 rt8b4zig n8ej3o3l agehan2d sk4xxmp2 rq0escxv q9uorilb kvgmc6g5 cxmmr5t8 oygrvhab hcukyx3x jb3vyjys rz4wbd8a qt6c0cv9 a8nywdso l9j0dhe7 i1ao9s8h k4urcfbm\">\n<div class=\"j83agx80 cbu4d94t sj5x9vvc cxgpxx05\">\n<div class=\"rq0escxv l9j0dhe7 du4w35lb j83agx80 pfnyh3mw jifvfom9 ll8tlv6m owycx6da btwxx1t3 hv4rvrfc dati1w0a jb3vyjys b5q2rw42 lq239pai mysgfdmx hddg9phg\">\n<div class=\"rq0escxv l9j0dhe7 du4w35lb j83agx80 cbu4d94t g5gj957u d2edcug0 hpfvmrgz rj1gh0hx buofh1pr o8rfisnq p8fzw8mz pcp91wgn iuny7tx3 ipjc6fyt\">\n<div class=\"j83agx80 cbu4d94t ew0dbk1b irj2b8pg\">\n<div class=\"qzhwtbm6 knvmm38d\">\n<div class=\"dwo3fsh8 g5ia77u1 rt8b4zig n8ej3o3l agehan2d sk4xxmp2 rq0escxv q9uorilb kvgmc6g5 cxmmr5t8 oygrvhab hcukyx3x jb3vyjys rz4wbd8a qt6c0cv9 a8nywdso l9j0dhe7 i1ao9s8h k4urcfbm\">\n<div class=\"j83agx80 cbu4d94t sj5x9vvc cxgpxx05\">\n<div class=\"rq0escxv l9j0dhe7 du4w35lb j83agx80 pfnyh3mw jifvfom9 ll8tlv6m owycx6da btwxx1t3 hv4rvrfc dati1w0a jb3vyjys b5q2rw42 lq239pai mysgfdmx hddg9phg\">\n<div class=\"rq0escxv l9j0dhe7 du4w35lb j83agx80 cbu4d94t g5gj957u d2edcug0 hpfvmrgz rj1gh0hx buofh1pr o8rfisnq p8fzw8mz pcp91wgn iuny7tx3 ipjc6fyt\">\n<div class=\"j83agx80 cbu4d94t ew0dbk1b irj2b8pg\">\n<div class=\"qzhwtbm6 knvmm38d\">\n<div class=\"dwo3fsh8 g5ia77u1 rt8b4zig n8ej3o3l agehan2d sk4xxmp2 rq0escxv q9uorilb kvgmc6g5 cxmmr5t8 oygrvhab hcukyx3x jb3vyjys rz4wbd8a qt6c0cv9 a8nywdso l9j0dhe7 i1ao9s8h k4urcfbm\">\n<div class=\"j83agx80 cbu4d94t sj5x9vvc cxgpxx05\">\n<div class=\"rq0escxv l9j0dhe7 du4w35lb j83agx80 pfnyh3mw jifvfom9 ll8tlv6m owycx6da btwxx1t3 hv4rvrfc dati1w0a jb3vyjys b5q2rw42 lq239pai mysgfdmx hddg9phg\">\n<div class=\"rq0escxv l9j0dhe7 du4w35lb j83agx80 cbu4d94t g5gj957u d2edcug0 hpfvmrgz rj1gh0hx buofh1pr o8rfisnq p8fzw8mz pcp91wgn iuny7tx3 ipjc6fyt\">\n<div class=\"j83agx80 cbu4d94t ew0dbk1b irj2b8pg\">\n<div class=\"qzhwtbm6 knvmm38d\">\n<div class=\"dwo3fsh8 g5ia77u1 rt8b4zig n8ej3o3l agehan2d sk4xxmp2 rq0escxv q9uorilb kvgmc6g5 cxmmr5t8 oygrvhab hcukyx3x jb3vyjys rz4wbd8a qt6c0cv9 a8nywdso l9j0dhe7 i1ao9s8h k4urcfbm\">\n<div class=\"j83agx80 cbu4d94t sj5x9vvc cxgpxx05\">\n<div class=\"rq0escxv l9j0dhe7 du4w35lb j83agx80 pfnyh3mw jifvfom9 ll8tlv6m owycx6da btwxx1t3 hv4rvrfc dati1w0a jb3vyjys b5q2rw42 lq239pai mysgfdmx hddg9phg\">\n<div class=\"rq0escxv l9j0dhe7 du4w35lb j83agx80 cbu4d94t g5gj957u d2edcug0 hpfvmrgz rj1gh0hx buofh1pr o8rfisnq p8fzw8mz pcp91wgn iuny7tx3 ipjc6fyt\">\n<div class=\"j83agx80 cbu4d94t ew0dbk1b irj2b8pg\">\n<div class=\"qzhwtbm6 knvmm38d\">\n<div class=\"dwo3fsh8 g5ia77u1 rt8b4zig n8ej3o3l agehan2d sk4xxmp2 rq0escxv q9uorilb kvgmc6g5 cxmmr5t8 oygrvhab hcukyx3x jb3vyjys rz4wbd8a qt6c0cv9 a8nywdso l9j0dhe7 i1ao9s8h k4urcfbm\">\n<div class=\"j83agx80 cbu4d94t sj5x9vvc cxgpxx05\">\n<div class=\"rq0escxv l9j0dhe7 du4w35lb j83agx80 pfnyh3mw jifvfom9 ll8tlv6m owycx6da btwxx1t3 hv4rvrfc dati1w0a jb3vyjys b5q2rw42 lq239pai mysgfdmx hddg9phg\">\n<div class=\"rq0escxv l9j0dhe7 du4w35lb j83agx80 cbu4d94t g5gj957u d2edcug0 hpfvmrgz rj1gh0hx buofh1pr o8rfisnq p8fzw8mz pcp91wgn iuny7tx3 ipjc6fyt\">\n<div class=\"j83agx80 cbu4d94t ew0dbk1b irj2b8pg\">\n<div class=\"qzhwtbm6 knvmm38d\">\n<div class=\"dwo3fsh8 g5ia77u1 rt8b4zig n8ej3o3l agehan2d sk4xxmp2 rq0escxv q9uorilb kvgmc6g5 cxmmr5t8 oygrvhab hcukyx3x jb3vyjys rz4wbd8a qt6c0cv9 a8nywdso l9j0dhe7 i1ao9s8h k4urcfbm\">\n<div class=\"j83agx80 cbu4d94t sj5x9vvc cxgpxx05\">\n<div class=\"rq0escxv l9j0dhe7 du4w35lb j83agx80 pfnyh3mw jifvfom9 ll8tlv6m owycx6da btwxx1t3 hv4rvrfc dati1w0a jb3vyjys b5q2rw42 lq239pai mysgfdmx hddg9phg\">\n<div class=\"rq0escxv l9j0dhe7 du4w35lb j83agx80 cbu4d94t g5gj957u d2edcug0 hpfvmrgz rj1gh0hx buofh1pr o8rfisnq p8fzw8mz pcp91wgn iuny7tx3 ipjc6fyt\">\n<div class=\"j83agx80 cbu4d94t ew0dbk1b irj2b8pg\">\n<div class=\"qzhwtbm6 knvmm38d\">\n<div class=\"dwo3fsh8 g5ia77u1 rt8b4zig n8ej3o3l agehan2d sk4xxmp2 rq0escxv q9uorilb kvgmc6g5 cxmmr5t8 oygrvhab hcukyx3x jb3vyjys rz4wbd8a qt6c0cv9 a8nywdso l9j0dhe7 i1ao9s8h k4urcfbm\">\n<div class=\"j83agx80 cbu4d94t sj5x9vvc cxgpxx05\">\n<div class=\"rq0escxv l9j0dhe7 du4w35lb j83agx80 pfnyh3mw jifvfom9 ll8tlv6m owycx6da btwxx1t3 hv4rvrfc dati1w0a jb3vyjys b5q2rw42 lq239pai mysgfdmx hddg9phg\">\n<div class=\"rq0escxv l9j0dhe7 du4w35lb j83agx80 cbu4d94t g5gj957u d2edcug0 hpfvmrgz rj1gh0hx buofh1pr o8rfisnq p8fzw8mz pcp91wgn iuny7tx3 ipjc6fyt\">\n<div class=\"j83agx80 cbu4d94t ew0dbk1b irj2b8pg\">\n<div class=\"qzhwtbm6 knvmm38d\">fleursdesiles@wanadoo.fr<\/div>\n<\/div>\n<\/div>\n<\/div>\n<\/div>\n<\/div>\n<\/div>\n<\/div>\n<\/div>\n<\/div>\n<\/div>\n<\/div>\n<\/div>\n<\/div>\n<\/div>\n<\/div>\n<\/div>\n<\/div>\n<\/div>\n<\/div>\n<\/div>\n<\/div>\n<\/div>\n<\/div>\n<\/div>\n<\/div>\n<\/div>\n<\/div>\n<\/div>\n<\/div>\n<\/div>\n<\/div>\n<\/div>\n<\/div>\n<\/div>\n<\/div>\n<\/div>\n<\/div>\n<\/div>\n<\/div>\n<\/div>\n<\/div>\n<\/td>\n<\/tr>\n<tr>\n<td width=\"45\"><img loading=\"lazy\" class=\"alignnone size-full wp-image-75434\" src=\"http:\/\/adaccomumu.cluster028.hosting.ovh.net\/wp-content\/uploads\/2020\/08\/icone-site-2.png\" alt=\"\" width=\"40\" height=\"39\" \/><\/td>\n<td width=\"19\">\u00a0<\/td>\n<td width=\"555\"><a href=\"http:\/\/www.fleursdesiles.com\/\" target=\"_blank\" rel=\"noopener noreferrer\">http:\/\/www.fleursdesiles.com\/<\/a><\/td>\n<\/tr>\n<tr>\n<td width=\"45\"><img loading=\"lazy\" class=\"alignnone size-full wp-image-75490\" src=\"http:\/\/adaccomumu.cluster028.hosting.ovh.net\/wp-content\/uploads\/2020\/08\/facebook.png\" alt=\"\" width=\"40\" height=\"40\" \/><\/td>\n<td width=\"19\">\u00a0<\/td>\n<td width=\"555\"><a href=\"https:\/\/www.facebook.com\/Fleurs-des-Iles-253079091464453\" target=\"_blank\" rel=\"noopener noreferrer\">https:\/\/www.facebook.com\/Fleurs-des-Iles-253079091464453<\/a><\/td>\n<\/tr>\n<\/tbody>\n<\/table>\n<div class=\"qzhwtbm6 knvmm38d\">\u00a0<\/div>\n<div>\n<p>Notre location en Guadeloupe est compos\u00e9e de 24 bungalows individuels avec sa piscine priv\u00e9e, l\u2019endroit id\u00e9al pour la d\u00e9tente et se trouve \u00e0 deux pas du bord de mer.<\/p>\n<p>la Location de bungalow \u00e0\u00a0Deshaies est un petit coin de paradis entre mer, montagne et plage.<\/p>\n<p>Cette location est un lieu de repos id\u00e9al, et un point de d\u00e9part pour la d\u00e9couverte du Parc National de Guadeloupe, du Jardin Botanique de Guadeloupe, et de la d\u00e9couverte des fonds sous-marins avec les clubs de plong\u00e9es de Guadeloupe.<\/p>\n<p><strong>Location bord de mer :<\/strong><\/p>\n<p>Les bungalows ont une situation exceptionnelle avec un\u00a0acc\u00e8s\u00a0direct \u00e0 la mer et \u00e0 la plage de\u00a0Deshaies, une des plus belles plages et une des plus grandes de Deshaies.<\/p>\n<p>&nbsp;<\/p>\n<p><strong>Situation de la Location de Bungalow \u00e0\u00a0Deshaies<\/strong><\/p>\n<p>Fleurs des Iles\u00a0se situe sur Basse-Terre, la partie la plus montagneuse de Guadeloupe, qui poss\u00e8de une v\u00e9g\u00e9tation luxuriante.\u00a0La location se trouve \u00e0 1 km 7 du bourg de Deshaies. L\u2019a\u00e9roport international de Guadeloupe est \u00e0 47 km.<\/p>\n<p>Pour vos d\u00e9placements, une location de voiture est indispensable en Guadeloupe pour pouvoir\u00a0profiter de votre location \u00e0 Deshaies\u00a0de bungalow en\u00a0Guadeloupe, nous pouvons si vous le souhaitez vous conseiller sur les loueurs de v\u00e9hicules\u00a0professionnels.<\/p>\n<p><strong>Location de Bungalow \u00e0 Deshaies en bord de plage<\/strong><\/p>\n<p>D\u2019architecture cr\u00e9ole de plain-pied, les bungalows sont implant\u00e9s dans un jardin tropical. Les Bungalow sont r\u00e9partis autour d\u2019une piscine.\u00a0Les Bungalow ont un\u00a0acc\u00e8s\u00a0direct \u00e0 la\u00a0plage\u00a0de Deshaies.<\/p>\n<p>De la terrasse de votre Bungalow \u00e0 Deshaies\u00a0ou de votre gite, vous pouvez vous connecter par\u00a0wifi \u00e0 internet, et vous disposez d\u2019un point\u00a0<strong>internet gratuit \u00e0 la r\u00e9ception.<\/strong><\/p>\n<div class=\"carousel-slider-outer carousel-slider-outer-images carousel-slider-outer-76021\">\n\t<style type=\"text\/css\">\n            #id-76021 .carousel-slider-nav-icon {\n                fill: #f1f1f1\n            }\n            #id-76021 .carousel-slider-nav-icon:hover {\n                fill: #00d1b2\n            }\n            #id-76021 .owl-prev,\n            #id-76021 .owl-next,\n            #id-76021 .carousel-slider-nav-icon {\n                height: 48px;\n                width: 48px\n            }\n            #id-76021.arrows-outside .owl-prev {\n                left: -48px\n            }\n            #id-76021.arrows-outside .owl-next {\n                right: -48px\n            }\n        \n\t\t    #id-76021 .owl-dots .owl-dot span {\n                background-color: #f1f1f1;\n                width: 10px;\n                height: 10px;\n            }\n            #id-76021 .owl-dots .owl-dot.active span,\n            #id-76021 .owl-dots .owl-dot:hover span {\n                background-color: #00d1b2\n            }\n\t\t<\/style>\t<div id=\"id-76021\" class=\"owl-carousel carousel-slider arrows-outside arrows-visible-hover dots-hidden dots-center dots-square\" data-slide-type=\"image-carousel\" data-margin=\"10\" data-slide-by=\"1\" data-loop=\"true\" data-lazy-load=\"false\" data-stage-padding=\"0\" data-auto-width=\"false\" data-dots=\"false\" data-nav=\"true\" data-autoplay=\"true\" data-autoplay-timeout=\"5000\" data-autoplay-speed=\"500\" data-autoplay-hover-pause=\"false\" data-colums=\"1\" data-colums-desktop=\"1\" data-colums-small-desktop=\"1\" data-colums-tablet=\"1\" data-colums-small-tablet=\"1\" data-colums-mobile=\"1\">\n\t\t<div class=\"carousel-slider__item\"><img width=\"622\" height=\"416\" src=\"https:\/\/www.adac971.com\/wp-content\/uploads\/2020\/09\/fleur2.jpg\" class=\"attachment-full size-full\" alt=\"\" loading=\"lazy\" srcset=\"https:\/\/www.adac971.com\/wp-content\/uploads\/2020\/09\/fleur2.jpg 622w, https:\/\/www.adac971.com\/wp-content\/uploads\/2020\/09\/fleur2-300x201.jpg 300w\" sizes=\"(max-width: 622px) 100vw, 622px\" \/><\/div><div class=\"carousel-slider__item\"><img width=\"622\" height=\"416\" src=\"https:\/\/www.adac971.com\/wp-content\/uploads\/2020\/09\/fleur3.jpg\" class=\"attachment-full size-full\" alt=\"\" loading=\"lazy\" srcset=\"https:\/\/www.adac971.com\/wp-content\/uploads\/2020\/09\/fleur3.jpg 622w, https:\/\/www.adac971.com\/wp-content\/uploads\/2020\/09\/fleur3-300x201.jpg 300w\" sizes=\"(max-width: 622px) 100vw, 622px\" \/><\/div><div class=\"carousel-slider__item\"><img width=\"750\" height=\"300\" src=\"https:\/\/www.adac971.com\/wp-content\/uploads\/2020\/09\/fleur4.jpg\" class=\"attachment-full size-full\" alt=\"\" loading=\"lazy\" srcset=\"https:\/\/www.adac971.com\/wp-content\/uploads\/2020\/09\/fleur4.jpg 750w, https:\/\/www.adac971.com\/wp-content\/uploads\/2020\/09\/fleur4-300x120.jpg 300w\" sizes=\"(max-width: 750px) 100vw, 750px\" \/><\/div><div class=\"carousel-slider__item\"><img width=\"750\" height=\"300\" src=\"https:\/\/www.adac971.com\/wp-content\/uploads\/2020\/09\/fleur5.jpg\" class=\"attachment-full size-full\" alt=\"\" loading=\"lazy\" srcset=\"https:\/\/www.adac971.com\/wp-content\/uploads\/2020\/09\/fleur5.jpg 750w, https:\/\/www.adac971.com\/wp-content\/uploads\/2020\/09\/fleur5-300x120.jpg 300w\" sizes=\"(max-width: 750px) 100vw, 750px\" \/><\/div><div class=\"carousel-slider__item\"><img width=\"1024\" height=\"683\" src=\"https:\/\/www.adac971.com\/wp-content\/uploads\/2020\/09\/fleurs1.jpg\" class=\"attachment-full size-full\" alt=\"\" loading=\"lazy\" srcset=\"https:\/\/www.adac971.com\/wp-content\/uploads\/2020\/09\/fleurs1.jpg 1024w, https:\/\/www.adac971.com\/wp-content\/uploads\/2020\/09\/fleurs1-300x200.jpg 300w, https:\/\/www.adac971.com\/wp-content\/uploads\/2020\/09\/fleurs1-768x512.jpg 768w\" sizes=\"(max-width: 1024px) 100vw, 1024px\" \/><\/div>\t<\/div><!-- #id-## -->\n<\/div>\n\n<\/div>\n","protected":false},"excerpt":{"rendered":"<p>10% de r\u00e9duction sur l&rsquo;h\u00e9bergement \u00e0 partir de 4 nuits (du 01\/04 au 30\/11)et 5% de r\u00e9duction pour tout s\u00e9jour de 7 nuits minimum (entre le 01\/12 et le 31\/03). apr\u00e8s pr\u00e9sentation de la carte ADAC 971 (hors promotions, soldes et ventes flash) &nbsp; \u00a0 0590 28 54 44 \u00a0 PLage de la Grande Anse, [&hellip;]<\/p>\n","protected":false},"featured_media":76027,"template":"","meta":[],"_links":{"self":[{"href":"https:\/\/www.adac971.com\/index.php\/wp-json\/wp\/v2\/product\/76020"}],"collection":[{"href":"https:\/\/www.adac971.com\/index.php\/wp-json\/wp\/v2\/product"}],"about":[{"href":"https:\/\/www.adac971.com\/index.php\/wp-json\/wp\/v2\/types\/product"}],"wp:featuredmedia":[{"embeddable":true,"href":"https:\/\/www.adac971.com\/index.php\/wp-json\/wp\/v2\/media\/76027"}],"wp:attachment":[{"href":"https:\/\/www.adac971.com\/index.php\/wp-json\/wp\/v2\/media?parent=76020"}],"curies":[{"name":"wp","href":"https:\/\/api.w.org\/{rel}","templated":true}]}}