{"id":75942,"date":"2020-09-28T06:16:44","date_gmt":"2020-09-28T04:16:44","guid":{"rendered":"http:\/\/adaccomumu.cluster028.hosting.ovh.net\/?post_type=product&#038;p=75942"},"modified":"2021-12-10T08:13:18","modified_gmt":"2021-12-10T07:13:18","slug":"gwadaboum","status":"publish","type":"product","link":"https:\/\/www.adac971.com\/index.php\/product\/gwadaboum\/","title":{"rendered":"GWADABOUM"},"content":{"rendered":"<h1 class=\"wpsestyles orange-message\">35% de r\u00e9ductions sur toutes les entr\u00e9es normales jusqu&rsquo;\u00e0 2 enfants et 2 adultes pour un seul passage par <br \/>jour.<\/h1>\n<p>apr\u00e8s pr\u00e9sentation de la carte ADAC 971 (hors promotions, soldes et ventes flash)<\/p>\n<p>&nbsp;<\/p>\n<table>\n<tbody>\n<tr>\n<td width=\"45\"><img loading=\"lazy\" class=\"alignnone size-full wp-image-75435\" src=\"http:\/\/adaccomumu.cluster028.hosting.ovh.net\/wp-content\/uploads\/2020\/08\/icone-tel-3.png\" alt=\"\" width=\"40\" height=\"37\" \/><\/td>\n<td width=\"19\">\u00a0<\/td>\n<td width=\"555\">0590 47 24 59<\/td>\n<\/tr>\n<tr>\n<td width=\"45\"><img loading=\"lazy\" class=\"alignnone size-full wp-image-75433\" src=\"http:\/\/adaccomumu.cluster028.hosting.ovh.net\/wp-content\/uploads\/2020\/08\/icone-adresse-2.png\" alt=\"\" width=\"32\" height=\"40\" \/><\/td>\n<td width=\"19\">\u00a0<\/td>\n<td width=\"555\">\n<div>\n<div class=\"dwo3fsh8 g5ia77u1 rt8b4zig n8ej3o3l agehan2d sk4xxmp2 rq0escxv q9uorilb kvgmc6g5 cxmmr5t8 oygrvhab hcukyx3x jb3vyjys rz4wbd8a qt6c0cv9 a8nywdso l9j0dhe7 i1ao9s8h k4urcfbm\">\n<div class=\"j83agx80 cbu4d94t sj5x9vvc cxgpxx05\">\n<div class=\"rq0escxv l9j0dhe7 du4w35lb j83agx80 pfnyh3mw jifvfom9 ll8tlv6m owycx6da btwxx1t3 hv4rvrfc dati1w0a jb3vyjys b5q2rw42 lq239pai mysgfdmx hddg9phg\">\n<div class=\"rq0escxv l9j0dhe7 du4w35lb j83agx80 cbu4d94t g5gj957u d2edcug0 hpfvmrgz rj1gh0hx buofh1pr o8rfisnq p8fzw8mz pcp91wgn iuny7tx3 ipjc6fyt\">\n<div class=\"j83agx80 cbu4d94t ew0dbk1b irj2b8pg\">\n<div class=\"qzhwtbm6 knvmm38d\">\n<div><span class=\"d2edcug0 hpfvmrgz qv66sw1b c1et5uql rrkovp55 jq4qci2q a3bd9o3v knj5qynh py34i1dx\"><span class=\"a8c37x1j ni8dbmo4 stjgntxs l9j0dhe7\">Morne Vergain 97139 Les Abymes<\/span><\/span><\/div>\n<\/div>\n<\/div>\n<\/div>\n<\/div>\n<\/div>\n<\/div>\n<\/div>\n<\/td>\n<\/tr>\n<tr>\n<td width=\"45\"><img loading=\"lazy\" class=\"alignnone size-full wp-image-75432\" src=\"http:\/\/adaccomumu.cluster028.hosting.ovh.net\/wp-content\/uploads\/2020\/08\/clock-1.png\" alt=\"\" width=\"40\" height=\"40\" \/><\/td>\n<td width=\"19\">\u00a0<\/td>\n<td width=\"555\">\n<div class=\"description\">Lundi au Vendredi de 10h \u00e0 19h<\/div>\n<\/td>\n<\/tr>\n<tr>\n<td width=\"45\"><img loading=\"lazy\" class=\"alignnone size-full wp-image-75436\" src=\"http:\/\/adaccomumu.cluster028.hosting.ovh.net\/wp-content\/uploads\/2020\/08\/mail-icone-2.jpg\" alt=\"\" width=\"40\" height=\"30\" \/><\/td>\n<td width=\"19\">\u00a0<\/td>\n<td width=\"555\">\n<div>\n<div class=\"dwo3fsh8 g5ia77u1 rt8b4zig n8ej3o3l agehan2d sk4xxmp2 rq0escxv q9uorilb kvgmc6g5 cxmmr5t8 oygrvhab hcukyx3x jb3vyjys rz4wbd8a qt6c0cv9 a8nywdso l9j0dhe7 i1ao9s8h k4urcfbm\">\n<div class=\"j83agx80 cbu4d94t sj5x9vvc cxgpxx05\">\n<div class=\"rq0escxv l9j0dhe7 du4w35lb j83agx80 pfnyh3mw jifvfom9 ll8tlv6m owycx6da btwxx1t3 hv4rvrfc dati1w0a jb3vyjys b5q2rw42 lq239pai mysgfdmx hddg9phg\">\n<div class=\"rq0escxv l9j0dhe7 du4w35lb j83agx80 cbu4d94t g5gj957u d2edcug0 hpfvmrgz rj1gh0hx buofh1pr o8rfisnq p8fzw8mz pcp91wgn iuny7tx3 ipjc6fyt\">\n<div class=\"j83agx80 cbu4d94t ew0dbk1b irj2b8pg\">\n<div class=\"qzhwtbm6 knvmm38d\">\n<div>\n<div class=\"dwo3fsh8 g5ia77u1 rt8b4zig n8ej3o3l agehan2d sk4xxmp2 rq0escxv q9uorilb kvgmc6g5 cxmmr5t8 oygrvhab hcukyx3x jb3vyjys rz4wbd8a qt6c0cv9 a8nywdso l9j0dhe7 i1ao9s8h k4urcfbm\">\n<div class=\"j83agx80 cbu4d94t sj5x9vvc cxgpxx05\">\n<div class=\"rq0escxv l9j0dhe7 du4w35lb j83agx80 pfnyh3mw jifvfom9 ll8tlv6m owycx6da btwxx1t3 hv4rvrfc dati1w0a jb3vyjys b5q2rw42 lq239pai mysgfdmx hddg9phg\">\n<div class=\"rq0escxv l9j0dhe7 du4w35lb j83agx80 cbu4d94t g5gj957u d2edcug0 hpfvmrgz rj1gh0hx buofh1pr o8rfisnq p8fzw8mz pcp91wgn iuny7tx3 ipjc6fyt\">\n<div class=\"j83agx80 cbu4d94t ew0dbk1b irj2b8pg\">\n<div class=\"qzhwtbm6 knvmm38d\">\n<div>\n<div class=\"dwo3fsh8 g5ia77u1 rt8b4zig n8ej3o3l agehan2d sk4xxmp2 rq0escxv q9uorilb kvgmc6g5 cxmmr5t8 oygrvhab hcukyx3x jb3vyjys rz4wbd8a qt6c0cv9 a8nywdso l9j0dhe7 i1ao9s8h k4urcfbm\">\n<div class=\"j83agx80 cbu4d94t sj5x9vvc cxgpxx05\">\n<div class=\"rq0escxv l9j0dhe7 du4w35lb j83agx80 pfnyh3mw jifvfom9 ll8tlv6m owycx6da btwxx1t3 hv4rvrfc dati1w0a jb3vyjys b5q2rw42 lq239pai mysgfdmx hddg9phg\">\n<div class=\"rq0escxv l9j0dhe7 du4w35lb j83agx80 cbu4d94t g5gj957u d2edcug0 hpfvmrgz rj1gh0hx buofh1pr o8rfisnq p8fzw8mz pcp91wgn iuny7tx3 ipjc6fyt\">\n<div class=\"j83agx80 cbu4d94t ew0dbk1b irj2b8pg\">\n<div class=\"qzhwtbm6 knvmm38d\">\n<div>\n<div class=\"dwo3fsh8 g5ia77u1 rt8b4zig n8ej3o3l agehan2d sk4xxmp2 rq0escxv q9uorilb kvgmc6g5 cxmmr5t8 oygrvhab hcukyx3x jb3vyjys rz4wbd8a qt6c0cv9 a8nywdso l9j0dhe7 i1ao9s8h k4urcfbm\">\n<div class=\"j83agx80 cbu4d94t sj5x9vvc cxgpxx05\">\n<div class=\"rq0escxv l9j0dhe7 du4w35lb j83agx80 pfnyh3mw jifvfom9 ll8tlv6m owycx6da btwxx1t3 hv4rvrfc dati1w0a jb3vyjys b5q2rw42 lq239pai mysgfdmx hddg9phg\">\n<div class=\"rq0escxv l9j0dhe7 du4w35lb j83agx80 cbu4d94t g5gj957u d2edcug0 hpfvmrgz rj1gh0hx buofh1pr o8rfisnq p8fzw8mz pcp91wgn iuny7tx3 ipjc6fyt\">\n<div class=\"j83agx80 cbu4d94t ew0dbk1b irj2b8pg\">\n<div class=\"qzhwtbm6 knvmm38d\"><span class=\"d2edcug0 hpfvmrgz qv66sw1b c1et5uql rrkovp55 a8c37x1j keod5gw0 nxhoafnm aigsh9s9 d3f4x2em fe6kdd0r mau55g9w c8b282yb iv3no6db jq4qci2q a3bd9o3v knj5qynh oo9gr5id hzawbc8m\" dir=\"auto\"><span class=\"d2edcug0 hpfvmrgz qv66sw1b c1et5uql rrkovp55 jq4qci2q a3bd9o3v knj5qynh py34i1dx\">contact@gwadaboum.com<\/span><\/span><\/div>\n<\/div>\n<\/div>\n<\/div>\n<\/div>\n<\/div>\n<\/div>\n<\/div>\n<\/div>\n<\/div>\n<\/div>\n<\/div>\n<\/div>\n<\/div>\n<\/div>\n<\/div>\n<\/div>\n<\/div>\n<\/div>\n<\/div>\n<\/div>\n<\/div>\n<\/div>\n<\/div>\n<\/div>\n<\/div>\n<\/div>\n<\/div>\n<\/td>\n<\/tr>\n<tr>\n<td width=\"45\"><img loading=\"lazy\" class=\"alignnone size-full wp-image-75434\" src=\"http:\/\/adaccomumu.cluster028.hosting.ovh.net\/wp-content\/uploads\/2020\/08\/icone-site-2.png\" alt=\"\" width=\"40\" height=\"39\" \/><\/td>\n<td width=\"19\">\u00a0<\/td>\n<td width=\"555\"><a href=\"http:\/\/www.gwadaboum.com\/\" target=\"_blank\" rel=\"noopener noreferrer\">http:\/\/www.gwadaboum.com\/<\/a><\/td>\n<\/tr>\n<tr>\n<td width=\"45\"><img loading=\"lazy\" class=\"alignnone size-full wp-image-75490\" src=\"http:\/\/adaccomumu.cluster028.hosting.ovh.net\/wp-content\/uploads\/2020\/08\/facebook.png\" alt=\"\" width=\"40\" height=\"40\" \/><\/td>\n<td width=\"19\">\u00a0<\/td>\n<td width=\"555\"><a href=\"https:\/\/www.facebook.com\/Gwadaboum\" target=\"_blank\" rel=\"noopener noreferrer\">https:\/\/www.facebook.com\/Gwadaboum<\/a><\/td>\n<\/tr>\n<\/tbody>\n<\/table>\n<div>\u00a0<\/div>\n<div class=\"j83agx80\">\n<div>\n<div class=\"dwo3fsh8 g5ia77u1 rt8b4zig n8ej3o3l agehan2d sk4xxmp2 rq0escxv q9uorilb kvgmc6g5 cxmmr5t8 oygrvhab hcukyx3x jb3vyjys rz4wbd8a qt6c0cv9 a8nywdso l9j0dhe7 i1ao9s8h k4urcfbm\">\n<div class=\"j83agx80 cbu4d94t sj5x9vvc cxgpxx05\">\n<div class=\"rq0escxv l9j0dhe7 du4w35lb j83agx80 pfnyh3mw jifvfom9 ll8tlv6m owycx6da btwxx1t3 hv4rvrfc dati1w0a jb3vyjys b5q2rw42 lq239pai mysgfdmx hddg9phg\">\n<div class=\"rq0escxv l9j0dhe7 du4w35lb j83agx80 cbu4d94t g5gj957u d2edcug0 hpfvmrgz rj1gh0hx buofh1pr o8rfisnq p8fzw8mz pcp91wgn iuny7tx3 ipjc6fyt\">\n<div class=\"j83agx80 cbu4d94t ew0dbk1b irj2b8pg\">\n<div class=\"qzhwtbm6 knvmm38d\">\n<div class=\"j83agx80\">\n<div>\n<div class=\"dwo3fsh8 g5ia77u1 rt8b4zig n8ej3o3l agehan2d sk4xxmp2 rq0escxv q9uorilb kvgmc6g5 cxmmr5t8 oygrvhab hcukyx3x jb3vyjys rz4wbd8a qt6c0cv9 a8nywdso l9j0dhe7 i1ao9s8h k4urcfbm\">\n<div class=\"j83agx80 cbu4d94t sj5x9vvc cxgpxx05\">\n<div class=\"rq0escxv l9j0dhe7 du4w35lb j83agx80 pfnyh3mw jifvfom9 ll8tlv6m owycx6da btwxx1t3 hv4rvrfc dati1w0a jb3vyjys b5q2rw42 lq239pai mysgfdmx hddg9phg\">\n<div class=\"rq0escxv l9j0dhe7 du4w35lb j83agx80 cbu4d94t g5gj957u d2edcug0 hpfvmrgz rj1gh0hx buofh1pr o8rfisnq p8fzw8mz pcp91wgn iuny7tx3 ipjc6fyt\">\n<div class=\"j83agx80 cbu4d94t ew0dbk1b irj2b8pg\">\n<div class=\"qzhwtbm6 knvmm38d\">\n<div class=\"j83agx80 cbu4d94t ew0dbk1b irj2b8pg\">\n<div class=\"qzhwtbm6 knvmm38d\">\n<div class=\"j83agx80\">\n<div>\n<div class=\"dwo3fsh8 g5ia77u1 rt8b4zig n8ej3o3l agehan2d sk4xxmp2 rq0escxv q9uorilb kvgmc6g5 cxmmr5t8 oygrvhab hcukyx3x jb3vyjys rz4wbd8a qt6c0cv9 a8nywdso l9j0dhe7 i1ao9s8h k4urcfbm\">\n<div class=\"j83agx80 cbu4d94t sj5x9vvc cxgpxx05\">\n<div class=\"rq0escxv l9j0dhe7 du4w35lb j83agx80 pfnyh3mw jifvfom9 ll8tlv6m owycx6da btwxx1t3 hv4rvrfc dati1w0a jb3vyjys b5q2rw42 lq239pai mysgfdmx hddg9phg\">\n<div class=\"rq0escxv l9j0dhe7 du4w35lb j83agx80 cbu4d94t g5gj957u d2edcug0 hpfvmrgz rj1gh0hx buofh1pr o8rfisnq p8fzw8mz pcp91wgn iuny7tx3 ipjc6fyt\">\n<div class=\"j83agx80 cbu4d94t ew0dbk1b irj2b8pg\">\n<div class=\"qzhwtbm6 knvmm38d\">\n<div class=\"j83agx80 cbu4d94t ew0dbk1b irj2b8pg\">\n<div class=\"qzhwtbm6 knvmm38d\"><span class=\"d2edcug0 hpfvmrgz qv66sw1b c1et5uql rrkovp55 jq4qci2q a3bd9o3v knj5qynh oo9gr5id hzawbc8m\">Un espace couvert et climatis\u00e9 de jeux G\u00c9ANTS pour les enfants de 0 \u00e0 12 ans !<\/span><\/div>\n<\/div>\n<\/div>\n<\/div>\n<\/div>\n<\/div>\n<\/div>\n<\/div>\n<\/div>\n<\/div>\n<div class=\"j83agx80\">\n<div>\n<div class=\"dwo3fsh8 g5ia77u1 rt8b4zig n8ej3o3l agehan2d sk4xxmp2 rq0escxv q9uorilb kvgmc6g5 cxmmr5t8 oygrvhab hcukyx3x jb3vyjys rz4wbd8a qt6c0cv9 a8nywdso l9j0dhe7 i1ao9s8h k4urcfbm\">\n<div class=\"j83agx80 cbu4d94t sj5x9vvc cxgpxx05\">\n<div class=\"rq0escxv l9j0dhe7 du4w35lb j83agx80 pfnyh3mw jifvfom9 ll8tlv6m owycx6da btwxx1t3 hv4rvrfc dati1w0a jb3vyjys b5q2rw42 lq239pai mysgfdmx hddg9phg\">\n<div class=\"rq0escxv l9j0dhe7 du4w35lb j83agx80 cbu4d94t g5gj957u d2edcug0 hpfvmrgz rj1gh0hx buofh1pr o8rfisnq p8fzw8mz pcp91wgn iuny7tx3 ipjc6fyt\">\n<div class=\"j83agx80 cbu4d94t ew0dbk1b irj2b8pg\">\n<div class=\"qzhwtbm6 knvmm38d\">\n<div class=\"j83agx80 cbu4d94t ew0dbk1b irj2b8pg\">\n<div class=\"qzhwtbm6 knvmm38d\">\u00a0<\/div>\n<div class=\"qzhwtbm6 knvmm38d\"><span class=\"d2edcug0 hpfvmrgz qv66sw1b c1et5uql rrkovp55 jq4qci2q a3bd9o3v knj5qynh oo9gr5id hzawbc8m\">Les enfants ont acc\u00e8s \u00e0 des jeux s\u00e9curis\u00e9s et adapt\u00e9s \u00e0 leur \u00e2ge sous la surveillance de leurs parents. La baby structure pour les mini cocos (jusqu\u2019\u00e0 3 ans ) Les plus petits peuvent jouer en toute s\u00e9curit\u00e9 dans un espace prot\u00e9g\u00e9 qui leur est r\u00e9serv\u00e9 : Piscine \u00e0 balles, mini-toboggan et formes en mousse La grande structure pour les ti cocos (\u00e0 partir de 4 ans) : Un immense jeu color\u00e9 ! Structure tubulaire de 100 m\u00b2 au sol et 5 m de haut o\u00f9 s\u2019encha\u00eenent : toboggans g\u00e9ants, piscine \u00e0 balles, parcours aventure et ponts de singes, tyrolienne, labyrinthe\u2026 et le \u00ab Ti Coco Race \u00bb : piste de mini kart* \u00e9lectrique Un espace multi-sport de grand d\u00e9foulement, o\u00f9 les petits champions en herbe pourront jouer au foot et au basket. Deux grands trampolines Et bien s\u00fbr un ch\u00e2teau gonflable pour les infatigables qui auront encore de l\u2019\u00e9nergie ! Mais aussi la DISCO BOUM : une mini discoth\u00e8que pour les enfants Et un grand MUR D&rsquo;ESCALADE : le seul et l&rsquo;unique en Guadeloupe Et pour les accompagnants, l\u2019espace salon et snack\/bar \u2026 avec acc\u00e8s WIFI GRATUIT ATTENTION ! CHAUSSETTES OBLIGATOIRES POUR TOUT LE MONDE : LES ADULTES COMME LES ENFANTS !!!!!<\/span><\/div>\n<\/div>\n<\/div>\n<\/div>\n<\/div>\n<\/div>\n<\/div>\n<\/div>\n<\/div>\n<\/div>\n<\/div>\n<\/div>\n<\/div>\n<\/div>\n<\/div>\n<\/div>\n<\/div>\n<\/div>\n<\/div>\n<\/div>\n<\/div>\n<\/div>\n<\/div>\n<\/div>\n<\/div>\n<\/div>\n<\/div>\n<\/div>\n<p>&nbsp;<\/p>\n<div><div class=\"carousel-slider-outer carousel-slider-outer-images carousel-slider-outer-75944\">\n\t<style type=\"text\/css\">\n            #id-75944 .carousel-slider-nav-icon {\n                fill: #f1f1f1\n            }\n            #id-75944 .carousel-slider-nav-icon:hover {\n                fill: #00d1b2\n            }\n            #id-75944 .owl-prev,\n            #id-75944 .owl-next,\n            #id-75944 .carousel-slider-nav-icon {\n                height: 48px;\n                width: 48px\n            }\n            #id-75944.arrows-outside .owl-prev {\n                left: -48px\n            }\n            #id-75944.arrows-outside .owl-next {\n                right: -48px\n            }\n        \n\t\t    #id-75944 .owl-dots .owl-dot span {\n                background-color: #f1f1f1;\n                width: 10px;\n                height: 10px;\n            }\n            #id-75944 .owl-dots .owl-dot.active span,\n            #id-75944 .owl-dots .owl-dot:hover span {\n                background-color: #00d1b2\n            }\n\t\t<\/style>\t<div id=\"id-75944\" class=\"owl-carousel carousel-slider arrows-outside arrows-visible-hover dots-hidden dots-center dots-square\" data-slide-type=\"image-carousel\" data-margin=\"10\" data-slide-by=\"1\" data-loop=\"true\" data-lazy-load=\"false\" data-stage-padding=\"0\" data-auto-width=\"false\" data-dots=\"false\" data-nav=\"true\" data-autoplay=\"true\" data-autoplay-timeout=\"5000\" data-autoplay-speed=\"500\" data-autoplay-hover-pause=\"false\" data-colums=\"2\" data-colums-desktop=\"2\" data-colums-small-desktop=\"2\" data-colums-tablet=\"2\" data-colums-small-tablet=\"2\" data-colums-mobile=\"1\">\n\t\t<div class=\"carousel-slider__item\"><img width=\"1920\" height=\"1920\" src=\"https:\/\/www.adac971.com\/wp-content\/uploads\/2020\/09\/gwada11.jpg\" class=\"attachment-full size-full\" alt=\"\" loading=\"lazy\" srcset=\"https:\/\/www.adac971.com\/wp-content\/uploads\/2020\/09\/gwada11.jpg 1920w, https:\/\/www.adac971.com\/wp-content\/uploads\/2020\/09\/gwada11-300x300.jpg 300w, https:\/\/www.adac971.com\/wp-content\/uploads\/2020\/09\/gwada11-100x100.jpg 100w, https:\/\/www.adac971.com\/wp-content\/uploads\/2020\/09\/gwada11-1024x1024.jpg 1024w, https:\/\/www.adac971.com\/wp-content\/uploads\/2020\/09\/gwada11-150x150.jpg 150w, https:\/\/www.adac971.com\/wp-content\/uploads\/2020\/09\/gwada11-768x768.jpg 768w, https:\/\/www.adac971.com\/wp-content\/uploads\/2020\/09\/gwada11-1536x1536.jpg 1536w, https:\/\/www.adac971.com\/wp-content\/uploads\/2020\/09\/gwada11-75x75.jpg 75w, https:\/\/www.adac971.com\/wp-content\/uploads\/2020\/09\/gwada11-50x50.jpg 50w\" sizes=\"(max-width: 1920px) 100vw, 1920px\" \/><\/div><div class=\"carousel-slider__item\"><img width=\"1920\" height=\"1920\" src=\"https:\/\/www.adac971.com\/wp-content\/uploads\/2020\/09\/gwada10.jpg\" class=\"attachment-full size-full\" alt=\"\" loading=\"lazy\" srcset=\"https:\/\/www.adac971.com\/wp-content\/uploads\/2020\/09\/gwada10.jpg 1920w, https:\/\/www.adac971.com\/wp-content\/uploads\/2020\/09\/gwada10-300x300.jpg 300w, https:\/\/www.adac971.com\/wp-content\/uploads\/2020\/09\/gwada10-100x100.jpg 100w, https:\/\/www.adac971.com\/wp-content\/uploads\/2020\/09\/gwada10-1024x1024.jpg 1024w, https:\/\/www.adac971.com\/wp-content\/uploads\/2020\/09\/gwada10-150x150.jpg 150w, https:\/\/www.adac971.com\/wp-content\/uploads\/2020\/09\/gwada10-768x768.jpg 768w, https:\/\/www.adac971.com\/wp-content\/uploads\/2020\/09\/gwada10-1536x1536.jpg 1536w, https:\/\/www.adac971.com\/wp-content\/uploads\/2020\/09\/gwada10-75x75.jpg 75w, https:\/\/www.adac971.com\/wp-content\/uploads\/2020\/09\/gwada10-50x50.jpg 50w\" sizes=\"(max-width: 1920px) 100vw, 1920px\" \/><\/div><div class=\"carousel-slider__item\"><img width=\"1920\" height=\"1920\" src=\"https:\/\/www.adac971.com\/wp-content\/uploads\/2020\/09\/gwada9.jpg\" class=\"attachment-full size-full\" alt=\"\" loading=\"lazy\" srcset=\"https:\/\/www.adac971.com\/wp-content\/uploads\/2020\/09\/gwada9.jpg 1920w, https:\/\/www.adac971.com\/wp-content\/uploads\/2020\/09\/gwada9-300x300.jpg 300w, https:\/\/www.adac971.com\/wp-content\/uploads\/2020\/09\/gwada9-100x100.jpg 100w, https:\/\/www.adac971.com\/wp-content\/uploads\/2020\/09\/gwada9-1024x1024.jpg 1024w, https:\/\/www.adac971.com\/wp-content\/uploads\/2020\/09\/gwada9-150x150.jpg 150w, https:\/\/www.adac971.com\/wp-content\/uploads\/2020\/09\/gwada9-768x768.jpg 768w, https:\/\/www.adac971.com\/wp-content\/uploads\/2020\/09\/gwada9-1536x1536.jpg 1536w, https:\/\/www.adac971.com\/wp-content\/uploads\/2020\/09\/gwada9-75x75.jpg 75w, https:\/\/www.adac971.com\/wp-content\/uploads\/2020\/09\/gwada9-50x50.jpg 50w\" sizes=\"(max-width: 1920px) 100vw, 1920px\" \/><\/div><div class=\"carousel-slider__item\"><img width=\"1920\" height=\"1920\" src=\"https:\/\/www.adac971.com\/wp-content\/uploads\/2020\/09\/gwada8.jpg\" class=\"attachment-full size-full\" alt=\"\" loading=\"lazy\" srcset=\"https:\/\/www.adac971.com\/wp-content\/uploads\/2020\/09\/gwada8.jpg 1920w, https:\/\/www.adac971.com\/wp-content\/uploads\/2020\/09\/gwada8-300x300.jpg 300w, https:\/\/www.adac971.com\/wp-content\/uploads\/2020\/09\/gwada8-100x100.jpg 100w, https:\/\/www.adac971.com\/wp-content\/uploads\/2020\/09\/gwada8-1024x1024.jpg 1024w, https:\/\/www.adac971.com\/wp-content\/uploads\/2020\/09\/gwada8-150x150.jpg 150w, https:\/\/www.adac971.com\/wp-content\/uploads\/2020\/09\/gwada8-768x768.jpg 768w, https:\/\/www.adac971.com\/wp-content\/uploads\/2020\/09\/gwada8-1536x1536.jpg 1536w, https:\/\/www.adac971.com\/wp-content\/uploads\/2020\/09\/gwada8-75x75.jpg 75w, https:\/\/www.adac971.com\/wp-content\/uploads\/2020\/09\/gwada8-50x50.jpg 50w\" sizes=\"(max-width: 1920px) 100vw, 1920px\" \/><\/div><div class=\"carousel-slider__item\"><img width=\"1920\" height=\"1920\" src=\"https:\/\/www.adac971.com\/wp-content\/uploads\/2020\/09\/gwada7.jpg\" class=\"attachment-full size-full\" alt=\"\" loading=\"lazy\" srcset=\"https:\/\/www.adac971.com\/wp-content\/uploads\/2020\/09\/gwada7.jpg 1920w, https:\/\/www.adac971.com\/wp-content\/uploads\/2020\/09\/gwada7-300x300.jpg 300w, https:\/\/www.adac971.com\/wp-content\/uploads\/2020\/09\/gwada7-100x100.jpg 100w, https:\/\/www.adac971.com\/wp-content\/uploads\/2020\/09\/gwada7-1024x1024.jpg 1024w, https:\/\/www.adac971.com\/wp-content\/uploads\/2020\/09\/gwada7-150x150.jpg 150w, https:\/\/www.adac971.com\/wp-content\/uploads\/2020\/09\/gwada7-768x768.jpg 768w, https:\/\/www.adac971.com\/wp-content\/uploads\/2020\/09\/gwada7-1536x1536.jpg 1536w, https:\/\/www.adac971.com\/wp-content\/uploads\/2020\/09\/gwada7-75x75.jpg 75w, https:\/\/www.adac971.com\/wp-content\/uploads\/2020\/09\/gwada7-50x50.jpg 50w\" sizes=\"(max-width: 1920px) 100vw, 1920px\" \/><\/div><div class=\"carousel-slider__item\"><img width=\"1920\" height=\"1920\" src=\"https:\/\/www.adac971.com\/wp-content\/uploads\/2020\/09\/gwada6.jpg\" class=\"attachment-full size-full\" alt=\"\" loading=\"lazy\" srcset=\"https:\/\/www.adac971.com\/wp-content\/uploads\/2020\/09\/gwada6.jpg 1920w, https:\/\/www.adac971.com\/wp-content\/uploads\/2020\/09\/gwada6-300x300.jpg 300w, https:\/\/www.adac971.com\/wp-content\/uploads\/2020\/09\/gwada6-100x100.jpg 100w, https:\/\/www.adac971.com\/wp-content\/uploads\/2020\/09\/gwada6-1024x1024.jpg 1024w, https:\/\/www.adac971.com\/wp-content\/uploads\/2020\/09\/gwada6-150x150.jpg 150w, https:\/\/www.adac971.com\/wp-content\/uploads\/2020\/09\/gwada6-768x768.jpg 768w, https:\/\/www.adac971.com\/wp-content\/uploads\/2020\/09\/gwada6-1536x1536.jpg 1536w, https:\/\/www.adac971.com\/wp-content\/uploads\/2020\/09\/gwada6-75x75.jpg 75w, https:\/\/www.adac971.com\/wp-content\/uploads\/2020\/09\/gwada6-50x50.jpg 50w\" sizes=\"(max-width: 1920px) 100vw, 1920px\" \/><\/div><div class=\"carousel-slider__item\"><img width=\"1920\" height=\"1920\" src=\"https:\/\/www.adac971.com\/wp-content\/uploads\/2020\/09\/gwada5.jpg\" class=\"attachment-full size-full\" alt=\"\" loading=\"lazy\" srcset=\"https:\/\/www.adac971.com\/wp-content\/uploads\/2020\/09\/gwada5.jpg 1920w, https:\/\/www.adac971.com\/wp-content\/uploads\/2020\/09\/gwada5-300x300.jpg 300w, https:\/\/www.adac971.com\/wp-content\/uploads\/2020\/09\/gwada5-100x100.jpg 100w, https:\/\/www.adac971.com\/wp-content\/uploads\/2020\/09\/gwada5-1024x1024.jpg 1024w, https:\/\/www.adac971.com\/wp-content\/uploads\/2020\/09\/gwada5-150x150.jpg 150w, https:\/\/www.adac971.com\/wp-content\/uploads\/2020\/09\/gwada5-768x768.jpg 768w, https:\/\/www.adac971.com\/wp-content\/uploads\/2020\/09\/gwada5-1536x1536.jpg 1536w, https:\/\/www.adac971.com\/wp-content\/uploads\/2020\/09\/gwada5-75x75.jpg 75w, https:\/\/www.adac971.com\/wp-content\/uploads\/2020\/09\/gwada5-50x50.jpg 50w\" sizes=\"(max-width: 1920px) 100vw, 1920px\" \/><\/div><div class=\"carousel-slider__item\"><img width=\"1920\" height=\"1920\" src=\"https:\/\/www.adac971.com\/wp-content\/uploads\/2020\/09\/gwada4.jpg\" class=\"attachment-full size-full\" alt=\"\" loading=\"lazy\" srcset=\"https:\/\/www.adac971.com\/wp-content\/uploads\/2020\/09\/gwada4.jpg 1920w, https:\/\/www.adac971.com\/wp-content\/uploads\/2020\/09\/gwada4-300x300.jpg 300w, https:\/\/www.adac971.com\/wp-content\/uploads\/2020\/09\/gwada4-100x100.jpg 100w, https:\/\/www.adac971.com\/wp-content\/uploads\/2020\/09\/gwada4-1024x1024.jpg 1024w, https:\/\/www.adac971.com\/wp-content\/uploads\/2020\/09\/gwada4-150x150.jpg 150w, https:\/\/www.adac971.com\/wp-content\/uploads\/2020\/09\/gwada4-768x768.jpg 768w, https:\/\/www.adac971.com\/wp-content\/uploads\/2020\/09\/gwada4-1536x1536.jpg 1536w, https:\/\/www.adac971.com\/wp-content\/uploads\/2020\/09\/gwada4-75x75.jpg 75w, https:\/\/www.adac971.com\/wp-content\/uploads\/2020\/09\/gwada4-50x50.jpg 50w\" sizes=\"(max-width: 1920px) 100vw, 1920px\" \/><\/div><div class=\"carousel-slider__item\"><img width=\"1920\" height=\"1920\" src=\"https:\/\/www.adac971.com\/wp-content\/uploads\/2020\/09\/gwada3.jpg\" class=\"attachment-full size-full\" alt=\"\" loading=\"lazy\" srcset=\"https:\/\/www.adac971.com\/wp-content\/uploads\/2020\/09\/gwada3.jpg 1920w, https:\/\/www.adac971.com\/wp-content\/uploads\/2020\/09\/gwada3-300x300.jpg 300w, https:\/\/www.adac971.com\/wp-content\/uploads\/2020\/09\/gwada3-100x100.jpg 100w, https:\/\/www.adac971.com\/wp-content\/uploads\/2020\/09\/gwada3-1024x1024.jpg 1024w, https:\/\/www.adac971.com\/wp-content\/uploads\/2020\/09\/gwada3-150x150.jpg 150w, https:\/\/www.adac971.com\/wp-content\/uploads\/2020\/09\/gwada3-768x768.jpg 768w, https:\/\/www.adac971.com\/wp-content\/uploads\/2020\/09\/gwada3-1536x1536.jpg 1536w, https:\/\/www.adac971.com\/wp-content\/uploads\/2020\/09\/gwada3-75x75.jpg 75w, https:\/\/www.adac971.com\/wp-content\/uploads\/2020\/09\/gwada3-50x50.jpg 50w\" sizes=\"(max-width: 1920px) 100vw, 1920px\" \/><\/div><div class=\"carousel-slider__item\"><img width=\"1920\" height=\"1920\" src=\"https:\/\/www.adac971.com\/wp-content\/uploads\/2020\/09\/gwada2.jpg\" class=\"attachment-full size-full\" alt=\"\" loading=\"lazy\" srcset=\"https:\/\/www.adac971.com\/wp-content\/uploads\/2020\/09\/gwada2.jpg 1920w, https:\/\/www.adac971.com\/wp-content\/uploads\/2020\/09\/gwada2-300x300.jpg 300w, https:\/\/www.adac971.com\/wp-content\/uploads\/2020\/09\/gwada2-100x100.jpg 100w, https:\/\/www.adac971.com\/wp-content\/uploads\/2020\/09\/gwada2-1024x1024.jpg 1024w, https:\/\/www.adac971.com\/wp-content\/uploads\/2020\/09\/gwada2-150x150.jpg 150w, https:\/\/www.adac971.com\/wp-content\/uploads\/2020\/09\/gwada2-768x768.jpg 768w, https:\/\/www.adac971.com\/wp-content\/uploads\/2020\/09\/gwada2-1536x1536.jpg 1536w, https:\/\/www.adac971.com\/wp-content\/uploads\/2020\/09\/gwada2-75x75.jpg 75w, https:\/\/www.adac971.com\/wp-content\/uploads\/2020\/09\/gwada2-50x50.jpg 50w\" sizes=\"(max-width: 1920px) 100vw, 1920px\" \/><\/div><div class=\"carousel-slider__item\"><img width=\"1920\" height=\"1920\" src=\"https:\/\/www.adac971.com\/wp-content\/uploads\/2020\/09\/gwada1.jpg\" class=\"attachment-full size-full\" alt=\"\" loading=\"lazy\" srcset=\"https:\/\/www.adac971.com\/wp-content\/uploads\/2020\/09\/gwada1.jpg 1920w, https:\/\/www.adac971.com\/wp-content\/uploads\/2020\/09\/gwada1-300x300.jpg 300w, https:\/\/www.adac971.com\/wp-content\/uploads\/2020\/09\/gwada1-100x100.jpg 100w, https:\/\/www.adac971.com\/wp-content\/uploads\/2020\/09\/gwada1-1024x1024.jpg 1024w, https:\/\/www.adac971.com\/wp-content\/uploads\/2020\/09\/gwada1-150x150.jpg 150w, https:\/\/www.adac971.com\/wp-content\/uploads\/2020\/09\/gwada1-768x768.jpg 768w, https:\/\/www.adac971.com\/wp-content\/uploads\/2020\/09\/gwada1-1536x1536.jpg 1536w, https:\/\/www.adac971.com\/wp-content\/uploads\/2020\/09\/gwada1-75x75.jpg 75w, https:\/\/www.adac971.com\/wp-content\/uploads\/2020\/09\/gwada1-50x50.jpg 50w\" sizes=\"(max-width: 1920px) 100vw, 1920px\" \/><\/div>\t<\/div><!-- #id-## -->\n<\/div>\n<\/div>\n","protected":false},"excerpt":{"rendered":"<p>35% de r\u00e9ductions sur toutes les entr\u00e9es normales jusqu&rsquo;\u00e0 2 enfants et 2 adultes pour un seul passage par jour. apr\u00e8s pr\u00e9sentation de la carte ADAC 971 (hors promotions, soldes et ventes flash) &nbsp; \u00a0 0590 47 24 59 \u00a0 Morne Vergain 97139 Les Abymes \u00a0 Lundi au Vendredi de 10h \u00e0 19h \u00a0 contact@gwadaboum.com [&hellip;]<\/p>\n","protected":false},"featured_media":75943,"template":"","meta":[],"_links":{"self":[{"href":"https:\/\/www.adac971.com\/index.php\/wp-json\/wp\/v2\/product\/75942"}],"collection":[{"href":"https:\/\/www.adac971.com\/index.php\/wp-json\/wp\/v2\/product"}],"about":[{"href":"https:\/\/www.adac971.com\/index.php\/wp-json\/wp\/v2\/types\/product"}],"wp:featuredmedia":[{"embeddable":true,"href":"https:\/\/www.adac971.com\/index.php\/wp-json\/wp\/v2\/media\/75943"}],"wp:attachment":[{"href":"https:\/\/www.adac971.com\/index.php\/wp-json\/wp\/v2\/media?parent=75942"}],"curies":[{"name":"wp","href":"https:\/\/api.w.org\/{rel}","templated":true}]}}