{"id":75737,"date":"2020-09-27T04:00:56","date_gmt":"2020-09-27T02:00:56","guid":{"rendered":"http:\/\/adaccomumu.cluster028.hosting.ovh.net\/?post_type=product&#038;p=75737"},"modified":"2020-10-27T22:15:03","modified_gmt":"2020-10-27T21:15:03","slug":"renault-jarry","status":"publish","type":"product","link":"https:\/\/www.adac971.com\/index.php\/product\/renault-jarry\/","title":{"rendered":"RENAULT JARRY"},"content":{"rendered":"<h1 class=\"wpsestyles orange-message\">15% de remise sur le prix d&rsquo;un v\u00e9hicule neuf et 10% sur les pi\u00e8ces d\u00e9tach\u00e9es (hors atelier)<\/h1>\n<p>apr\u00e8s pr\u00e9sentation de la carte ADAC 971 (sauf sur les promotions,remise non cumulable)<\/p>\n<p>&nbsp;<\/p>\n<table>\n<tbody>\n<tr>\n<td width=\"45\"><img loading=\"lazy\" class=\"alignnone size-full wp-image-75435\" src=\"http:\/\/adaccomumu.cluster028.hosting.ovh.net\/wp-content\/uploads\/2020\/08\/icone-tel-3.png\" alt=\"\" width=\"40\" height=\"37\" \/><\/td>\n<td width=\"19\">\u00a0<\/td>\n<td width=\"555\">0590 32 68 00<\/td>\n<\/tr>\n<tr>\n<td width=\"45\"><img loading=\"lazy\" class=\"alignnone size-full wp-image-75433\" src=\"http:\/\/adaccomumu.cluster028.hosting.ovh.net\/wp-content\/uploads\/2020\/08\/icone-adresse-2.png\" alt=\"\" width=\"32\" height=\"40\" \/><\/td>\n<td width=\"19\">\u00a0<\/td>\n<td width=\"555\">\n<div>\n<div class=\"dwo3fsh8 g5ia77u1 rt8b4zig n8ej3o3l agehan2d sk4xxmp2 rq0escxv q9uorilb kvgmc6g5 cxmmr5t8 oygrvhab hcukyx3x jb3vyjys rz4wbd8a qt6c0cv9 a8nywdso l9j0dhe7 i1ao9s8h k4urcfbm\">\n<div class=\"j83agx80 cbu4d94t sj5x9vvc cxgpxx05\">\n<div class=\"rq0escxv l9j0dhe7 du4w35lb j83agx80 pfnyh3mw jifvfom9 ll8tlv6m owycx6da btwxx1t3 hv4rvrfc dati1w0a jb3vyjys b5q2rw42 lq239pai mysgfdmx hddg9phg\">\n<div class=\"rq0escxv l9j0dhe7 du4w35lb j83agx80 cbu4d94t g5gj957u d2edcug0 hpfvmrgz rj1gh0hx buofh1pr o8rfisnq p8fzw8mz pcp91wgn iuny7tx3 ipjc6fyt\">\n<div class=\"j83agx80 cbu4d94t ew0dbk1b irj2b8pg\">\n<div class=\"qzhwtbm6 knvmm38d\"><span class=\"d2edcug0 hpfvmrgz qv66sw1b c1et5uql rrkovp55 a8c37x1j keod5gw0 nxhoafnm aigsh9s9 d3f4x2em fe6kdd0r mau55g9w c8b282yb iv3no6db jq4qci2q a3bd9o3v knj5qynh oo9gr5id hzawbc8m\" dir=\"auto\"><span class=\"d2edcug0 hpfvmrgz qv66sw1b c1et5uql rrkovp55 jq4qci2q a3bd9o3v knj5qynh py34i1dx\"><span class=\"a8c37x1j ni8dbmo4 stjgntxs l9j0dhe7\">Rue Thomas Edison 97122 Baie Mahault, Guadeloupe<\/span><\/span><\/span><\/div>\n<\/div>\n<\/div>\n<\/div>\n<\/div>\n<\/div>\n<\/div>\n<\/td>\n<\/tr>\n<tr>\n<td width=\"45\"><img loading=\"lazy\" class=\"alignnone size-full wp-image-75432\" src=\"http:\/\/adaccomumu.cluster028.hosting.ovh.net\/wp-content\/uploads\/2020\/08\/clock-1.png\" alt=\"\" width=\"40\" height=\"40\" \/><\/td>\n<td width=\"19\">\u00a0<\/td>\n<td width=\"555\">\n<div class=\"description\">Lundi au Vendredi de 8h30 \u00e0 18h00 &#8211; samedi 9h \u00e0 12h30<\/div>\n<\/td>\n<\/tr>\n<tr>\n<td width=\"45\"><img loading=\"lazy\" class=\"alignnone size-full wp-image-75436\" src=\"http:\/\/adaccomumu.cluster028.hosting.ovh.net\/wp-content\/uploads\/2020\/08\/mail-icone-2.jpg\" alt=\"\" width=\"40\" height=\"30\" \/><\/td>\n<td width=\"19\">\u00a0<\/td>\n<td width=\"555\">\u00a0<\/td>\n<\/tr>\n<tr>\n<td width=\"45\"><img loading=\"lazy\" class=\"alignnone size-full wp-image-75434\" src=\"http:\/\/adaccomumu.cluster028.hosting.ovh.net\/wp-content\/uploads\/2020\/08\/icone-site-2.png\" alt=\"\" width=\"40\" height=\"39\" \/><\/td>\n<td width=\"19\">\u00a0<\/td>\n<td width=\"555\"><a href=\"https:\/\/www.renault-guadeloupe.fr\/\" target=\"_blank\" rel=\"noopener noreferrer\">https:\/\/www.renault-guadeloupe.fr\/<\/a><\/td>\n<\/tr>\n<tr>\n<td width=\"45\"><img loading=\"lazy\" class=\"alignnone size-full wp-image-75490\" src=\"http:\/\/adaccomumu.cluster028.hosting.ovh.net\/wp-content\/uploads\/2020\/08\/facebook.png\" alt=\"\" width=\"40\" height=\"40\" \/><\/td>\n<td width=\"19\">\u00a0<\/td>\n<td width=\"555\"><a href=\"https:\/\/www.facebook.com\/RenaultGuadeloupe\" target=\"_blank\" rel=\"noopener noreferrer\">https:\/\/www.facebook.com\/RenaultGuadeloupe<\/a><\/td>\n<\/tr>\n<\/tbody>\n<\/table>\n<p>&nbsp;<\/p>\n<p><span class=\"pq6dq46d tbxw36s4 knj5qynh kvgmc6g5 ditlmg2l oygrvhab nvdbi5me sf5mxxl7 gl3lb2sf hhz5lgdu\"><img loading=\"lazy\" src=\"https:\/\/static.xx.fbcdn.net\/images\/emoji.php\/v9\/t15\/1\/16\/1f49b.png\" alt=\"\ud83d\udc9b\" width=\"16\" height=\"16\" \/><\/span>Nouveau Renault ARKANA<span class=\"pq6dq46d tbxw36s4 knj5qynh kvgmc6g5 ditlmg2l oygrvhab nvdbi5me sf5mxxl7 gl3lb2sf hhz5lgdu\"><img loading=\"lazy\" src=\"https:\/\/static.xx.fbcdn.net\/images\/emoji.php\/v9\/t15\/1\/16\/1f49b.png\" alt=\"\ud83d\udc9b\" width=\"16\" height=\"16\" \/><\/span><br \/>Un SUV comme vous n\u2019en avez jamais vu : la stature du SUV et le dynamisme du coup\u00e9, propuls\u00e9s par un moteur hybride innovant.<br \/>Nous aurons bient\u00f4t la chance d\u2019avoir ce v\u00e9hicule en\u00a0<a class=\"oajrlxb2 g5ia77u1 qu0x051f esr5mh6w e9989ue4 r7d6kgcz rq0escxv nhd2j8a9 nc684nl6 p7hjln8o kvgmc6g5 cxmmr5t8 oygrvhab hcukyx3x jb3vyjys rz4wbd8a qt6c0cv9 a8nywdso i1ao9s8h esuyzwwr f1sip0of lzcic4wl oo9gr5id gpro0wi8 lrazzd5p\" role=\"link\" href=\"https:\/\/www.facebook.com\/hashtag\/guadeloupe?__eep__=6&amp;__cft__[0]=AZWAF0YyqRsTzO4-cfbveJuLiB2sl6oQRxbZB3qA6ZHyUQtg2aDkajwCXCx-jinkInHelXArAK1NHHvUeSMrmHQmjAMsWGxdcJjAs30ePpkuS43SiIK83nKaGeOJaVLLJrNx25BxBU2tttoTOL8OhDSO992G3oai0zaEybdwTRDL5m9uofuIG6Uj3F7TkGiF96Q\" tabindex=\"0\">#Guadeloupe<\/a>\u00a0(1er trimestre 2021)<span class=\"pq6dq46d tbxw36s4 knj5qynh kvgmc6g5 ditlmg2l oygrvhab nvdbi5me sf5mxxl7 gl3lb2sf hhz5lgdu\"><img loading=\"lazy\" src=\"https:\/\/static.xx.fbcdn.net\/images\/emoji.php\/v9\/t2\/1\/16\/1f60d.png\" alt=\"\ud83d\ude0d\" width=\"16\" height=\"16\" \/><\/span><br \/><a class=\"oajrlxb2 g5ia77u1 qu0x051f esr5mh6w e9989ue4 r7d6kgcz rq0escxv nhd2j8a9 nc684nl6 p7hjln8o kvgmc6g5 cxmmr5t8 oygrvhab hcukyx3x jb3vyjys rz4wbd8a qt6c0cv9 a8nywdso i1ao9s8h esuyzwwr f1sip0of lzcic4wl oo9gr5id gpro0wi8 lrazzd5p\" role=\"link\" href=\"https:\/\/www.facebook.com\/hashtag\/renaultguadeloupe?__eep__=6&amp;__cft__[0]=AZWAF0YyqRsTzO4-cfbveJuLiB2sl6oQRxbZB3qA6ZHyUQtg2aDkajwCXCx-jinkInHelXArAK1NHHvUeSMrmHQmjAMsWGxdcJjAs30ePpkuS43SiIK83nKaGeOJaVLLJrNx25BxBU2tttoTOL8OhDSO992G3oai0zaEybdwTRDL5m9uofuIG6Uj3F7TkGiF96Q\" tabindex=\"0\">#RenaultGuadeloupe<\/a><\/p>\n<p>&nbsp;<\/p>\n<div class=\"carousel-slider-outer carousel-slider-outer-images carousel-slider-outer-75738\">\n\t<style type=\"text\/css\">\n            #id-75738 .carousel-slider-nav-icon {\n                fill: #f1f1f1\n            }\n            #id-75738 .carousel-slider-nav-icon:hover {\n                fill: #00d1b2\n            }\n            #id-75738 .owl-prev,\n            #id-75738 .owl-next,\n            #id-75738 .carousel-slider-nav-icon {\n                height: 48px;\n                width: 48px\n            }\n            #id-75738.arrows-outside .owl-prev {\n                left: -48px\n            }\n            #id-75738.arrows-outside .owl-next {\n                right: -48px\n            }\n        \n\t\t    #id-75738 .owl-dots .owl-dot span {\n                background-color: #f1f1f1;\n                width: 10px;\n                height: 10px;\n            }\n            #id-75738 .owl-dots .owl-dot.active span,\n            #id-75738 .owl-dots .owl-dot:hover span {\n                background-color: #00d1b2\n            }\n\t\t<\/style>\t<div id=\"id-75738\" class=\"owl-carousel carousel-slider arrows-outside arrows-visible-hover dots-hidden dots-center dots-square\" data-slide-type=\"image-carousel\" data-margin=\"10\" data-slide-by=\"1\" data-loop=\"true\" data-lazy-load=\"false\" data-stage-padding=\"0\" data-auto-width=\"false\" data-dots=\"false\" data-nav=\"true\" data-autoplay=\"true\" data-autoplay-timeout=\"5000\" data-autoplay-speed=\"500\" data-autoplay-hover-pause=\"false\" data-colums=\"2\" data-colums-desktop=\"2\" data-colums-small-desktop=\"2\" data-colums-tablet=\"2\" data-colums-small-tablet=\"2\" data-colums-mobile=\"1\">\n\t\t<div class=\"carousel-slider__item\"><img width=\"1000\" height=\"1000\" src=\"https:\/\/www.adac971.com\/wp-content\/uploads\/2020\/09\/renault1-1.jpg\" class=\"attachment-full size-full\" alt=\"\" loading=\"lazy\" srcset=\"https:\/\/www.adac971.com\/wp-content\/uploads\/2020\/09\/renault1-1.jpg 1000w, https:\/\/www.adac971.com\/wp-content\/uploads\/2020\/09\/renault1-1-300x300.jpg 300w, https:\/\/www.adac971.com\/wp-content\/uploads\/2020\/09\/renault1-1-100x100.jpg 100w, https:\/\/www.adac971.com\/wp-content\/uploads\/2020\/09\/renault1-1-150x150.jpg 150w, https:\/\/www.adac971.com\/wp-content\/uploads\/2020\/09\/renault1-1-768x768.jpg 768w, https:\/\/www.adac971.com\/wp-content\/uploads\/2020\/09\/renault1-1-75x75.jpg 75w, https:\/\/www.adac971.com\/wp-content\/uploads\/2020\/09\/renault1-1-50x50.jpg 50w\" sizes=\"(max-width: 1000px) 100vw, 1000px\" \/><\/div><div class=\"carousel-slider__item\"><img width=\"1000\" height=\"1000\" src=\"https:\/\/www.adac971.com\/wp-content\/uploads\/2020\/09\/renault-3.jpg\" class=\"attachment-full size-full\" alt=\"\" loading=\"lazy\" srcset=\"https:\/\/www.adac971.com\/wp-content\/uploads\/2020\/09\/renault-3.jpg 1000w, https:\/\/www.adac971.com\/wp-content\/uploads\/2020\/09\/renault-3-300x300.jpg 300w, https:\/\/www.adac971.com\/wp-content\/uploads\/2020\/09\/renault-3-100x100.jpg 100w, https:\/\/www.adac971.com\/wp-content\/uploads\/2020\/09\/renault-3-150x150.jpg 150w, https:\/\/www.adac971.com\/wp-content\/uploads\/2020\/09\/renault-3-768x768.jpg 768w, https:\/\/www.adac971.com\/wp-content\/uploads\/2020\/09\/renault-3-75x75.jpg 75w, https:\/\/www.adac971.com\/wp-content\/uploads\/2020\/09\/renault-3-50x50.jpg 50w\" sizes=\"(max-width: 1000px) 100vw, 1000px\" \/><\/div><div class=\"carousel-slider__item\"><img width=\"1000\" height=\"1000\" src=\"https:\/\/www.adac971.com\/wp-content\/uploads\/2020\/09\/renault-2.jpg\" class=\"attachment-full size-full\" alt=\"\" loading=\"lazy\" srcset=\"https:\/\/www.adac971.com\/wp-content\/uploads\/2020\/09\/renault-2.jpg 1000w, https:\/\/www.adac971.com\/wp-content\/uploads\/2020\/09\/renault-2-300x300.jpg 300w, https:\/\/www.adac971.com\/wp-content\/uploads\/2020\/09\/renault-2-100x100.jpg 100w, https:\/\/www.adac971.com\/wp-content\/uploads\/2020\/09\/renault-2-150x150.jpg 150w, https:\/\/www.adac971.com\/wp-content\/uploads\/2020\/09\/renault-2-768x768.jpg 768w, https:\/\/www.adac971.com\/wp-content\/uploads\/2020\/09\/renault-2-75x75.jpg 75w, https:\/\/www.adac971.com\/wp-content\/uploads\/2020\/09\/renault-2-50x50.jpg 50w\" sizes=\"(max-width: 1000px) 100vw, 1000px\" \/><\/div><div class=\"carousel-slider__item\"><img width=\"1000\" height=\"1000\" src=\"https:\/\/www.adac971.com\/wp-content\/uploads\/2020\/09\/renault4.jpg\" class=\"attachment-full size-full\" alt=\"\" loading=\"lazy\" srcset=\"https:\/\/www.adac971.com\/wp-content\/uploads\/2020\/09\/renault4.jpg 1000w, https:\/\/www.adac971.com\/wp-content\/uploads\/2020\/09\/renault4-300x300.jpg 300w, https:\/\/www.adac971.com\/wp-content\/uploads\/2020\/09\/renault4-100x100.jpg 100w, https:\/\/www.adac971.com\/wp-content\/uploads\/2020\/09\/renault4-150x150.jpg 150w, https:\/\/www.adac971.com\/wp-content\/uploads\/2020\/09\/renault4-768x768.jpg 768w, https:\/\/www.adac971.com\/wp-content\/uploads\/2020\/09\/renault4-75x75.jpg 75w, https:\/\/www.adac971.com\/wp-content\/uploads\/2020\/09\/renault4-50x50.jpg 50w\" sizes=\"(max-width: 1000px) 100vw, 1000px\" \/><\/div>\t<\/div><!-- #id-## -->\n<\/div>\n\n<p>&nbsp;<\/p>\n<div class=\"carousel-slider-outer carousel-slider-outer-images carousel-slider-outer-75822\">\n\t<style type=\"text\/css\">\n            #id-75822 .carousel-slider-nav-icon {\n                fill: #f1f1f1\n            }\n            #id-75822 .carousel-slider-nav-icon:hover {\n                fill: #00d1b2\n            }\n            #id-75822 .owl-prev,\n            #id-75822 .owl-next,\n            #id-75822 .carousel-slider-nav-icon {\n                height: 48px;\n                width: 48px\n            }\n            #id-75822.arrows-outside .owl-prev {\n                left: -48px\n            }\n            #id-75822.arrows-outside .owl-next {\n                right: -48px\n            }\n        \n\t\t    #id-75822 .owl-dots .owl-dot span {\n                background-color: #f1f1f1;\n                width: 10px;\n                height: 10px;\n            }\n            #id-75822 .owl-dots .owl-dot.active span,\n            #id-75822 .owl-dots .owl-dot:hover span {\n                background-color: #00d1b2\n            }\n\t\t<\/style>\t<div id=\"id-75822\" class=\"owl-carousel carousel-slider arrows-outside arrows-visible-hover dots-hidden dots-center dots-square\" data-slide-type=\"image-carousel\" data-margin=\"10\" data-slide-by=\"1\" data-loop=\"true\" data-lazy-load=\"false\" data-stage-padding=\"0\" data-auto-width=\"false\" data-dots=\"false\" data-nav=\"true\" data-autoplay=\"true\" data-autoplay-timeout=\"5000\" data-autoplay-speed=\"500\" data-autoplay-hover-pause=\"false\" data-colums=\"1\" data-colums-desktop=\"1\" data-colums-small-desktop=\"1\" data-colums-tablet=\"1\" data-colums-small-tablet=\"1\" data-colums-mobile=\"1\">\n\t\t<div class=\"carousel-slider__item\"><img width=\"1500\" height=\"903\" src=\"https:\/\/www.adac971.com\/wp-content\/uploads\/2020\/09\/KANGOO.jpg\" class=\"attachment-full size-full\" alt=\"\" loading=\"lazy\" srcset=\"https:\/\/www.adac971.com\/wp-content\/uploads\/2020\/09\/KANGOO.jpg 1500w, https:\/\/www.adac971.com\/wp-content\/uploads\/2020\/09\/KANGOO-300x181.jpg 300w, https:\/\/www.adac971.com\/wp-content\/uploads\/2020\/09\/KANGOO-1024x616.jpg 1024w, https:\/\/www.adac971.com\/wp-content\/uploads\/2020\/09\/KANGOO-768x462.jpg 768w\" sizes=\"(max-width: 1500px) 100vw, 1500px\" \/><\/div><div class=\"carousel-slider__item\"><img width=\"1500\" height=\"903\" src=\"https:\/\/www.adac971.com\/wp-content\/uploads\/2020\/09\/ESPACE.jpg\" class=\"attachment-full size-full\" alt=\"\" loading=\"lazy\" srcset=\"https:\/\/www.adac971.com\/wp-content\/uploads\/2020\/09\/ESPACE.jpg 1500w, https:\/\/www.adac971.com\/wp-content\/uploads\/2020\/09\/ESPACE-300x181.jpg 300w, https:\/\/www.adac971.com\/wp-content\/uploads\/2020\/09\/ESPACE-1024x616.jpg 1024w, https:\/\/www.adac971.com\/wp-content\/uploads\/2020\/09\/ESPACE-768x462.jpg 768w\" sizes=\"(max-width: 1500px) 100vw, 1500px\" \/><\/div><div class=\"carousel-slider__item\"><img width=\"1500\" height=\"903\" src=\"https:\/\/www.adac971.com\/wp-content\/uploads\/2020\/09\/KOLEOS.jpg\" class=\"attachment-full size-full\" alt=\"\" loading=\"lazy\" srcset=\"https:\/\/www.adac971.com\/wp-content\/uploads\/2020\/09\/KOLEOS.jpg 1500w, https:\/\/www.adac971.com\/wp-content\/uploads\/2020\/09\/KOLEOS-300x181.jpg 300w, https:\/\/www.adac971.com\/wp-content\/uploads\/2020\/09\/KOLEOS-1024x616.jpg 1024w, https:\/\/www.adac971.com\/wp-content\/uploads\/2020\/09\/KOLEOS-768x462.jpg 768w\" sizes=\"(max-width: 1500px) 100vw, 1500px\" \/><\/div><div class=\"carousel-slider__item\"><img width=\"1500\" height=\"903\" src=\"https:\/\/www.adac971.com\/wp-content\/uploads\/2020\/09\/KADJAR.jpg\" class=\"attachment-full size-full\" alt=\"\" loading=\"lazy\" srcset=\"https:\/\/www.adac971.com\/wp-content\/uploads\/2020\/09\/KADJAR.jpg 1500w, https:\/\/www.adac971.com\/wp-content\/uploads\/2020\/09\/KADJAR-300x181.jpg 300w, https:\/\/www.adac971.com\/wp-content\/uploads\/2020\/09\/KADJAR-1024x616.jpg 1024w, https:\/\/www.adac971.com\/wp-content\/uploads\/2020\/09\/KADJAR-768x462.jpg 768w\" sizes=\"(max-width: 1500px) 100vw, 1500px\" \/><\/div><div class=\"carousel-slider__item\"><img width=\"1500\" height=\"903\" src=\"https:\/\/www.adac971.com\/wp-content\/uploads\/2020\/09\/SCENIC.jpg\" class=\"attachment-full size-full\" alt=\"\" loading=\"lazy\" srcset=\"https:\/\/www.adac971.com\/wp-content\/uploads\/2020\/09\/SCENIC.jpg 1500w, https:\/\/www.adac971.com\/wp-content\/uploads\/2020\/09\/SCENIC-300x181.jpg 300w, https:\/\/www.adac971.com\/wp-content\/uploads\/2020\/09\/SCENIC-1024x616.jpg 1024w, https:\/\/www.adac971.com\/wp-content\/uploads\/2020\/09\/SCENIC-768x462.jpg 768w\" sizes=\"(max-width: 1500px) 100vw, 1500px\" \/><\/div><div class=\"carousel-slider__item\"><img width=\"1500\" height=\"903\" src=\"https:\/\/www.adac971.com\/wp-content\/uploads\/2020\/09\/MEGANE.jpg\" class=\"attachment-full size-full\" alt=\"\" loading=\"lazy\" srcset=\"https:\/\/www.adac971.com\/wp-content\/uploads\/2020\/09\/MEGANE.jpg 1500w, https:\/\/www.adac971.com\/wp-content\/uploads\/2020\/09\/MEGANE-300x181.jpg 300w, https:\/\/www.adac971.com\/wp-content\/uploads\/2020\/09\/MEGANE-1024x616.jpg 1024w, https:\/\/www.adac971.com\/wp-content\/uploads\/2020\/09\/MEGANE-768x462.jpg 768w\" sizes=\"(max-width: 1500px) 100vw, 1500px\" \/><\/div><div class=\"carousel-slider__item\"><img width=\"1500\" height=\"903\" src=\"https:\/\/www.adac971.com\/wp-content\/uploads\/2020\/09\/CLIO2.jpg\" class=\"attachment-full size-full\" alt=\"\" loading=\"lazy\" srcset=\"https:\/\/www.adac971.com\/wp-content\/uploads\/2020\/09\/CLIO2.jpg 1500w, https:\/\/www.adac971.com\/wp-content\/uploads\/2020\/09\/CLIO2-300x181.jpg 300w, https:\/\/www.adac971.com\/wp-content\/uploads\/2020\/09\/CLIO2-1024x616.jpg 1024w, https:\/\/www.adac971.com\/wp-content\/uploads\/2020\/09\/CLIO2-768x462.jpg 768w\" sizes=\"(max-width: 1500px) 100vw, 1500px\" \/><\/div><div class=\"carousel-slider__item\"><img width=\"1500\" height=\"903\" src=\"https:\/\/www.adac971.com\/wp-content\/uploads\/2020\/09\/CLIO.jpg\" class=\"attachment-full size-full\" alt=\"\" loading=\"lazy\" srcset=\"https:\/\/www.adac971.com\/wp-content\/uploads\/2020\/09\/CLIO.jpg 1500w, https:\/\/www.adac971.com\/wp-content\/uploads\/2020\/09\/CLIO-300x181.jpg 300w, https:\/\/www.adac971.com\/wp-content\/uploads\/2020\/09\/CLIO-1024x616.jpg 1024w, https:\/\/www.adac971.com\/wp-content\/uploads\/2020\/09\/CLIO-768x462.jpg 768w\" sizes=\"(max-width: 1500px) 100vw, 1500px\" \/><\/div>\t<\/div><!-- #id-## -->\n<\/div>\n\n","protected":false},"excerpt":{"rendered":"<p>15% de remise sur le prix d&rsquo;un v\u00e9hicule neuf et 10% sur les pi\u00e8ces d\u00e9tach\u00e9es (hors atelier) apr\u00e8s pr\u00e9sentation de la carte ADAC 971 (sauf sur les promotions,remise non cumulable) &nbsp; \u00a0 0590 32 68 00 \u00a0 Rue Thomas Edison 97122 Baie Mahault, Guadeloupe \u00a0 Lundi au Vendredi de 8h30 \u00e0 18h00 &#8211; samedi 9h [&hellip;]<\/p>\n","protected":false},"featured_media":75821,"template":"","meta":[],"_links":{"self":[{"href":"https:\/\/www.adac971.com\/index.php\/wp-json\/wp\/v2\/product\/75737"}],"collection":[{"href":"https:\/\/www.adac971.com\/index.php\/wp-json\/wp\/v2\/product"}],"about":[{"href":"https:\/\/www.adac971.com\/index.php\/wp-json\/wp\/v2\/types\/product"}],"wp:featuredmedia":[{"embeddable":true,"href":"https:\/\/www.adac971.com\/index.php\/wp-json\/wp\/v2\/media\/75821"}],"wp:attachment":[{"href":"https:\/\/www.adac971.com\/index.php\/wp-json\/wp\/v2\/media?parent=75737"}],"curies":[{"name":"wp","href":"https:\/\/api.w.org\/{rel}","templated":true}]}}