{"id":75417,"date":"2020-08-17T18:12:48","date_gmt":"2020-08-17T16:12:48","guid":{"rendered":"http:\/\/adaccomumu.cluster028.hosting.ovh.net\/?post_type=product&#038;p=75417"},"modified":"2020-10-27T22:11:55","modified_gmt":"2020-10-27T21:11:55","slug":"75417","status":"publish","type":"product","link":"https:\/\/www.adac971.com\/index.php\/product\/75417\/","title":{"rendered":"Pa&rsquo;ny\u00e9 du maraicher"},"content":{"rendered":"<h1 class=\"wpsestyles orange-message\">15% de remise<\/h1>\n<p>Sur pr\u00e9sentation de la carte ADAC 971\u00a0(hors promo, soldes et ventes flash)<\/p>\n<p>Livraison de Pa\u2019ny\u00e9s de Fruits et Legumes d\u2019ici et d\u2019ailleurs sur le lieu de travail et \u00e0 domicile. Une composition diff\u00e9rente \u00e0 chaque livraison pour favoriser une diversit\u00e9 alimentaire. Tra\u00e7abilit\u00e9 de tous nos produits<\/p>\n<p>&nbsp;<\/p>\n<table>\n<tbody>\n<tr>\n<td width=\"45\"><img loading=\"lazy\" class=\"alignnone size-full wp-image-75435\" src=\"http:\/\/adaccomumu.cluster028.hosting.ovh.net\/wp-content\/uploads\/2020\/08\/icone-tel-3.png\" alt=\"\" width=\"40\" height=\"37\" \/><\/td>\n<td width=\"19\">\u00a0<\/td>\n<td width=\"555\">06 90 95 91 90<\/td>\n<\/tr>\n<tr>\n<td width=\"45\"><img loading=\"lazy\" class=\"alignnone size-full wp-image-75433\" src=\"http:\/\/adaccomumu.cluster028.hosting.ovh.net\/wp-content\/uploads\/2020\/08\/icone-adresse-2.png\" alt=\"\" width=\"32\" height=\"40\" \/><\/td>\n<td width=\"19\">\u00a0<\/td>\n<td width=\"555\">36 Impasse Antigues, Morne Caruel, 97139 Abymes<\/td>\n<\/tr>\n<tr>\n<td width=\"45\"><img loading=\"lazy\" class=\"alignnone size-full wp-image-75432\" src=\"http:\/\/adaccomumu.cluster028.hosting.ovh.net\/wp-content\/uploads\/2020\/08\/clock-1.png\" alt=\"\" width=\"40\" height=\"40\" \/><\/td>\n<td width=\"19\">\u00a0<\/td>\n<td width=\"555\">\n<div class=\"description\">Lundi au Vendredi de 8h00 \u00e0 19h00<\/div>\n<\/td>\n<\/tr>\n<tr>\n<td width=\"45\"><img loading=\"lazy\" class=\"alignnone size-full wp-image-75436\" src=\"http:\/\/adaccomumu.cluster028.hosting.ovh.net\/wp-content\/uploads\/2020\/08\/mail-icone-2.jpg\" alt=\"\" width=\"40\" height=\"30\" \/><\/td>\n<td width=\"19\">\u00a0<\/td>\n<td width=\"555\"><a class=\"oajrlxb2 g5ia77u1 qu0x051f esr5mh6w e9989ue4 r7d6kgcz rq0escxv nhd2j8a9 nc684nl6 p7hjln8o kvgmc6g5 cxmmr5t8 oygrvhab hcukyx3x jb3vyjys rz4wbd8a qt6c0cv9 a8nywdso i1ao9s8h esuyzwwr f1sip0of lzcic4wl py34i1dx gpro0wi8\" role=\"link\" href=\"mailto:contact@lepanyedumaraicher.com\" target=\"_blank\" rel=\"noopener noreferrer\" tabindex=\"0\">contact@lepanyedumaraicher.com<\/a><\/td>\n<\/tr>\n<tr>\n<td width=\"45\"><img loading=\"lazy\" class=\"alignnone size-full wp-image-75434\" src=\"http:\/\/adaccomumu.cluster028.hosting.ovh.net\/wp-content\/uploads\/2020\/08\/icone-site-2.png\" alt=\"\" width=\"40\" height=\"39\" \/><\/td>\n<td width=\"19\">\u00a0<\/td>\n<td width=\"555\"><a href=\"https:\/\/www.lepanyedumaraicher.com\" target=\"_blank\" rel=\"noopener noreferrer\">https:\/\/www.lepanyedumaraicher.com<\/a><\/td>\n<\/tr>\n<tr>\n<td width=\"45\"><img loading=\"lazy\" class=\"alignnone size-full wp-image-75490\" src=\"http:\/\/adaccomumu.cluster028.hosting.ovh.net\/wp-content\/uploads\/2020\/08\/facebook.png\" alt=\"\" width=\"40\" height=\"40\" \/><\/td>\n<td width=\"19\">\u00a0<\/td>\n<td width=\"555\"><a href=\"https:\/\/www.facebook.com\/Lepanyedumaraicher\/\" target=\"_blank\" rel=\"noopener noreferrer\">https:\/\/www.facebook.com\/Lepanyedumaraicher\/<\/a><\/td>\n<\/tr>\n<\/tbody>\n<\/table>\n<p><img loading=\"lazy\" class=\"alignnone size-large wp-image-75496\" src=\"http:\/\/adaccomumu.cluster028.hosting.ovh.net\/wp-content\/uploads\/2020\/08\/118512759_1492481244288678_2053614312457508063_o-1024x1024.jpg\" alt=\"\" width=\"640\" height=\"640\" srcset=\"https:\/\/www.adac971.com\/wp-content\/uploads\/2020\/08\/118512759_1492481244288678_2053614312457508063_o-1024x1024.jpg 1024w, https:\/\/www.adac971.com\/wp-content\/uploads\/2020\/08\/118512759_1492481244288678_2053614312457508063_o-300x300.jpg 300w, https:\/\/www.adac971.com\/wp-content\/uploads\/2020\/08\/118512759_1492481244288678_2053614312457508063_o-100x100.jpg 100w, https:\/\/www.adac971.com\/wp-content\/uploads\/2020\/08\/118512759_1492481244288678_2053614312457508063_o-150x150.jpg 150w, https:\/\/www.adac971.com\/wp-content\/uploads\/2020\/08\/118512759_1492481244288678_2053614312457508063_o-768x768.jpg 768w, https:\/\/www.adac971.com\/wp-content\/uploads\/2020\/08\/118512759_1492481244288678_2053614312457508063_o-1536x1536.jpg 1536w, https:\/\/www.adac971.com\/wp-content\/uploads\/2020\/08\/118512759_1492481244288678_2053614312457508063_o.jpg 1600w\" sizes=\"(max-width: 640px) 100vw, 640px\" \/><\/p>\n","protected":false},"excerpt":{"rendered":"<p>15% de remise Sur pr\u00e9sentation de la carte ADAC 971\u00a0(hors promo, soldes et ventes flash) Livraison de Pa\u2019ny\u00e9s de Fruits et Legumes d\u2019ici et d\u2019ailleurs sur le lieu de travail et \u00e0 domicile. Une composition diff\u00e9rente \u00e0 chaque livraison pour favoriser une diversit\u00e9 alimentaire. Tra\u00e7abilit\u00e9 de tous nos produits &nbsp; \u00a0 06 90 95 91 [&hellip;]<\/p>\n","protected":false},"featured_media":75419,"template":"","meta":[],"_links":{"self":[{"href":"https:\/\/www.adac971.com\/index.php\/wp-json\/wp\/v2\/product\/75417"}],"collection":[{"href":"https:\/\/www.adac971.com\/index.php\/wp-json\/wp\/v2\/product"}],"about":[{"href":"https:\/\/www.adac971.com\/index.php\/wp-json\/wp\/v2\/types\/product"}],"wp:featuredmedia":[{"embeddable":true,"href":"https:\/\/www.adac971.com\/index.php\/wp-json\/wp\/v2\/media\/75419"}],"wp:attachment":[{"href":"https:\/\/www.adac971.com\/index.php\/wp-json\/wp\/v2\/media?parent=75417"}],"curies":[{"name":"wp","href":"https:\/\/api.w.org\/{rel}","templated":true}]}}