{"id":75408,"date":"2020-08-17T15:28:10","date_gmt":"2020-08-17T13:28:10","guid":{"rendered":"http:\/\/adaccomumu.cluster028.hosting.ovh.net\/?post_type=product&#038;p=75408"},"modified":"2020-10-26T18:00:39","modified_gmt":"2020-10-26T17:00:39","slug":"sinservices","status":"publish","type":"product","link":"https:\/\/www.adac971.com\/index.php\/product\/sinservices\/","title":{"rendered":"SINSERVICES"},"content":{"rendered":"<div id=\"\" class=\"wpsestyles orange-message\"><strong>\u00c0 partir de 10% de r\u00e9duction <span class=\"PBLongTxt\"><span class=\"PBPTitle\"><span class=\"PBMsg\">selon la prestation choisie<\/span><\/span><\/span><\/strong><\/div>\n<p><span class=\"PBLongTxt\"><span class=\"PBPTitle\"><br \/><\/span><span class=\"PBMsg\">(Service d&rsquo;assistance \u00e0 domicile proposant les prestations suivantes: m\u00e9nage, repassage, jardinage, petits bricolages, achat et livraison de courses). (Hors promotions)<\/span><\/span><\/p>\n<p>&nbsp;<\/p>\n<table>\n<tbody>\n<tr>\n<td width=\"45\"><img loading=\"lazy\" class=\"alignnone size-full wp-image-75435\" src=\"http:\/\/adaccomumu.cluster028.hosting.ovh.net\/wp-content\/uploads\/2020\/08\/icone-tel-3.png\" alt=\"\" width=\"40\" height=\"37\" \/><\/td>\n<td width=\"19\">\u00a0<\/td>\n<td width=\"555\">05 90 89 74 95<\/td>\n<\/tr>\n<tr>\n<td width=\"45\"><img loading=\"lazy\" class=\"alignnone size-full wp-image-75433\" src=\"http:\/\/adaccomumu.cluster028.hosting.ovh.net\/wp-content\/uploads\/2020\/08\/icone-adresse-2.png\" alt=\"\" width=\"32\" height=\"40\" \/><\/td>\n<td width=\"19\">\u00a0<\/td>\n<td width=\"555\">Guery (ancien CFA) 97121 PORT-LOUIS<\/td>\n<\/tr>\n<tr>\n<td width=\"45\"><img loading=\"lazy\" class=\"alignnone size-full wp-image-75432\" src=\"http:\/\/adaccomumu.cluster028.hosting.ovh.net\/wp-content\/uploads\/2020\/08\/clock-1.png\" alt=\"\" width=\"40\" height=\"40\" \/><\/td>\n<td width=\"19\">\u00a0<\/td>\n<td width=\"555\">\n<div class=\"description\">Lundi \/ Vendredi de 08h30- 15h30<\/div>\n<\/td>\n<\/tr>\n<tr>\n<td width=\"45\"><img loading=\"lazy\" class=\"alignnone size-full wp-image-75436\" src=\"http:\/\/adaccomumu.cluster028.hosting.ovh.net\/wp-content\/uploads\/2020\/08\/mail-icone-2.jpg\" alt=\"\" width=\"40\" height=\"30\" \/><\/td>\n<td width=\"19\">\u00a0<\/td>\n<td width=\"555\">contact@sinservices.fr<\/td>\n<\/tr>\n<tr>\n<td width=\"45\"><img loading=\"lazy\" class=\"alignnone size-full wp-image-75434\" src=\"http:\/\/adaccomumu.cluster028.hosting.ovh.net\/wp-content\/uploads\/2020\/08\/icone-site-2.png\" alt=\"\" width=\"40\" height=\"39\" \/><\/td>\n<td width=\"19\">\u00a0<\/td>\n<td width=\"555\"><a href=\"https:\/\/sinservices.fr\" target=\"_blank\" rel=\"noopener noreferrer\">https:\/\/sinservices.fr<\/a><\/td>\n<\/tr>\n<\/tbody>\n<\/table>\n<div>\u00a0<\/div>\n<div class=\"wpb_column vc_column_container vc_col-sm-3\">\n<div class=\"vc_column-inner\">\n<div class=\"wpb_wrapper\">\n<div class=\"custom-heading text-left text-justify\">\n<hr \/>\n<div class=\"csRow\">\u00a0<\/div>\n<p>&nbsp;<\/p>\n<p>&nbsp;<\/p>\n<p><strong><span class=\"sub-title\">NETTOYAGE DE BUREAUX<\/span><\/strong><\/p>\n<p class=\"main-title\">Pour l\u2019entretien de vos bureaux, faites appel \u00e0 des sp\u00e9cialistes du nettoyage.<\/p>\n<p class=\"main-title\">Notre \u00e9quipe se d\u00e9place \u00e0 votre bureau pour faire face \u00e0 vos contraintes.<\/p>\n<div class=\"border-wrap\"><img loading=\"lazy\" class=\"alignleft  wp-image-76213\" src=\"http:\/\/adaccomumu.cluster028.hosting.ovh.net\/wp-content\/uploads\/2020\/08\/cleaning-ladies-working.jpg\" alt=\"\" width=\"272\" height=\"181\" srcset=\"https:\/\/www.adac971.com\/wp-content\/uploads\/2020\/08\/cleaning-ladies-working.jpg 626w, https:\/\/www.adac971.com\/wp-content\/uploads\/2020\/08\/cleaning-ladies-working-300x200.jpg 300w\" sizes=\"(max-width: 272px) 100vw, 272px\" \/><\/div>\n<div>\u00a0<\/div>\n<\/div>\n<\/div>\n<\/div>\n<\/div>\n<div class=\"wpb_column vc_column_container vc_col-sm-3\">\n<div class=\"vc_column-inner\">\n<div class=\"wpb_wrapper\">\n<div class=\"custom-heading text-left text-justify\">\n<p>&nbsp;<\/p>\n<p>&nbsp;<\/p>\n<p>&nbsp;<\/p>\n<p>&nbsp;<\/p>\n<p>&nbsp;<\/p>\n<p><strong><span class=\"sub-title\">NETTOYAGE D\u2019IMMEUBLE<\/span><\/strong><\/p>\n<p class=\"main-title\">Quel que soit votre domaine d\u2019activit\u00e9, notre mission est de vous garantir un immeuble<\/p>\n<p class=\"main-title\">propre respectant les conditions et les r\u00e8gles d&rsquo;hygi\u00e8ne<\/p>\n<div class=\"border-wrap\"><img loading=\"lazy\" class=\"alignleft size-medium wp-image-76215\" src=\"http:\/\/adaccomumu.cluster028.hosting.ovh.net\/wp-content\/uploads\/2020\/08\/nettoyage-immeubles-300x200.jpg\" alt=\"\" width=\"300\" height=\"200\" srcset=\"https:\/\/www.adac971.com\/wp-content\/uploads\/2020\/08\/nettoyage-immeubles-300x200.jpg 300w, https:\/\/www.adac971.com\/wp-content\/uploads\/2020\/08\/nettoyage-immeubles.jpg 626w\" sizes=\"(max-width: 300px) 100vw, 300px\" \/><\/div>\n<\/div>\n<\/div>\n<div>\u00a0<\/div>\n<div>\u00a0<\/div>\n<\/div>\n<\/div>\n<div class=\"wpb_column vc_column_container vc_col-sm-3\">\n<div class=\"vc_column-inner\">\n<div class=\"wpb_wrapper\">\n<div class=\"custom-heading text-left text-justify\">\n<p>&nbsp;<\/p>\n<p>&nbsp;<\/p>\n<p>&nbsp;<\/p>\n<p>&nbsp;<\/p>\n<p>&nbsp;<\/p>\n<p><strong><span class=\"sub-title\">NETTOYAGE DE MAISON<\/span><\/strong><\/p>\n<p class=\"main-title\">L\u2019entretien quotidien de votre maison contribue \u00e0 votre bien-\u00eatre et \u00e0 celui de votre famille,<\/p>\n<p class=\"main-title\">c\u2019est pourquoi nous nous engageons \u00e0 le rendre sain et propre.<\/p>\n<div class=\"border-wrap\"><img loading=\"lazy\" class=\"\" src=\"https:\/\/sinservices.fr\/wp-content\/uploads\/2019\/04\/nettoyage-de-maison.jpg\" width=\"393\" height=\"262\" \/><\/div>\n<\/div>\n<div>\u00a0<\/div>\n<\/div>\n<\/div>\n<\/div>\n<div class=\"wpb_column vc_column_container vc_col-sm-3\">\n<div class=\"vc_column-inner\">\n<div class=\"wpb_wrapper\">\n<div class=\"custom-heading text-left text-justify\">\n<p><strong><span class=\"sub-title\">NETTOYAGE DE LOCAUX<\/span><\/strong><\/p>\n<p class=\"main-title\">Le nettoyage de locaux fait partie de nos services propos\u00e9s.<\/p>\n<p class=\"main-title\">Gr\u00e2ce \u00e0 notre personnel qualifi\u00e9 et form\u00e9, nous vous garantissons un service de qualit\u00e9.<\/p>\n<p><img loading=\"lazy\" class=\"\" src=\"https:\/\/sinservices.fr\/wp-content\/uploads\/2019\/04\/nettoyage-locaux.jpg\" width=\"408\" height=\"272\" \/><\/p>\n<\/div>\n<\/div>\n<\/div>\n<\/div>\n","protected":false},"excerpt":{"rendered":"<p><img loading=\"lazy\" class=\"alignnone size-medium wp-image-75438\" src=\"http:\/\/adaccomumu.cluster028.hosting.ovh.net\/wp-content\/uploads\/2020\/08\/10-scaled-300x121.jpg\" alt=\"\" width=\"300\" height=\"121\" srcset=\"https:\/\/www.adac971.com\/wp-content\/uploads\/2020\/08\/10-scaled-300x121.jpg 300w, https:\/\/www.adac971.com\/wp-content\/uploads\/2020\/08\/10-scaled-1024x412.jpg 1024w, https:\/\/www.adac971.com\/wp-content\/uploads\/2020\/08\/10-768x309.jpg 768w, https:\/\/www.adac971.com\/wp-content\/uploads\/2020\/08\/10-1536x618.jpg 1536w, https:\/\/www.adac971.com\/wp-content\/uploads\/2020\/08\/10-2048x824.jpg 2048w\" sizes=\"(max-width: 300px) 100vw, 300px\" \/><\/p>\n","protected":false},"featured_media":75409,"template":"","meta":[],"_links":{"self":[{"href":"https:\/\/www.adac971.com\/index.php\/wp-json\/wp\/v2\/product\/75408"}],"collection":[{"href":"https:\/\/www.adac971.com\/index.php\/wp-json\/wp\/v2\/product"}],"about":[{"href":"https:\/\/www.adac971.com\/index.php\/wp-json\/wp\/v2\/types\/product"}],"wp:featuredmedia":[{"embeddable":true,"href":"https:\/\/www.adac971.com\/index.php\/wp-json\/wp\/v2\/media\/75409"}],"wp:attachment":[{"href":"https:\/\/www.adac971.com\/index.php\/wp-json\/wp\/v2\/media?parent=75408"}],"curies":[{"name":"wp","href":"https:\/\/api.w.org\/{rel}","templated":true}]}}