{"id":76870,"date":"2021-06-10T16:38:49","date_gmt":"2021-06-10T14:38:49","guid":{"rendered":"http:\/\/www.adac971.com\/?page_id=76870"},"modified":"2021-09-13T13:15:33","modified_gmt":"2021-09-13T11:15:33","slug":"parrainage","status":"publish","type":"page","link":"https:\/\/www.adac971.com\/index.php\/parrainage\/","title":{"rendered":"Parrainage"},"content":{"rendered":"<h2>Obtenez votre carte gratuitement en parrainant 5 personnes<\/h2>\n<p><img loading=\"lazy\" src=\"http:\/\/www.adac971.com\/wp-content\/uploads\/2021\/06\/PARTENARIAT-1-scaled-254x300.jpg\" sizes=\"(max-width: 254px) 100vw, 254px\" srcset=\"http:\/\/www.adac971.com\/wp-content\/uploads\/2021\/06\/PARTENARIAT-1-scaled-254x300.jpg 254w, http:\/\/www.adac971.com\/wp-content\/uploads\/2021\/06\/PARTENARIAT-1-scaled-866x1024.jpg 866w, http:\/\/www.adac971.com\/wp-content\/uploads\/2021\/06\/PARTENARIAT-1-768x908.jpg 768w, http:\/\/www.adac971.com\/wp-content\/uploads\/2021\/06\/PARTENARIAT-1-scaled-1298x1536.jpg 1298w, http:\/\/www.adac971.com\/wp-content\/uploads\/2021\/06\/PARTENARIAT-1-scaled-1731x2048.jpg 1731w, http:\/\/www.adac971.com\/wp-content\/uploads\/2021\/06\/PARTENARIAT-1-scaled-300x355.jpg 300w\" alt=\"\" width=\"254\" height=\"300\" \/><\/p>\n<p>Le parrainage concerne uniquement les adh\u00e9rents ayant souscrit un abonnement individuel.<\/p>\n<p>Vous parrainez dans l&rsquo;ann\u00e9e de 1 \u00e0 5 personnes et votre carte vous co\u00fbtera l&rsquo;ann\u00e9e suivante pour:<\/p>\n<p><b>&#8211; 1 personne: 40 \u20ac<\/b><\/p>\n<p><b>&#8211; 2 personnes: 30 \u20ac<\/b><\/p>\n<p><b>&#8211; 3 personnes: 20 \u20ac<\/b><\/p>\n<p><b>&#8211; 4 personnes: 10 \u20ac<\/b><\/p>\n<p><b style=\"font-style: inherit; color: var( --e-global-color-text );\">&#8211; 5 personnes: votre carte sera gratuite.<\/b><\/p>\n\n\n<p><a href=\"http:\/\/www.adac971.com\/index.php\/formulaire-de-virement-parrainage\/\">Demandez le remboursement de votre carte en acc\u00e9dant au formulaire<\/a><\/p>\n","protected":false},"excerpt":{"rendered":"<p>Obtenez votre carte gratuitement en parrainant 5 personnes Le parrainage concerne uniquement les adh\u00e9rents ayant souscrit un abonnement individuel. Vous parrainez dans l&rsquo;ann\u00e9e de 1 \u00e0 5 personnes et votre carte vous co\u00fbtera l&rsquo;ann\u00e9e suivante pour: &#8211; 1 personne: 40 \u20ac &#8211; 2 personnes: 30 \u20ac &#8211; 3 personnes: 20 \u20ac &#8211; 4 personnes: 10 [&hellip;]<\/p>\n","protected":false},"author":1,"featured_media":0,"parent":0,"menu_order":0,"comment_status":"closed","ping_status":"closed","template":"","meta":[],"_links":{"self":[{"href":"https:\/\/www.adac971.com\/index.php\/wp-json\/wp\/v2\/pages\/76870"}],"collection":[{"href":"https:\/\/www.adac971.com\/index.php\/wp-json\/wp\/v2\/pages"}],"about":[{"href":"https:\/\/www.adac971.com\/index.php\/wp-json\/wp\/v2\/types\/page"}],"author":[{"embeddable":true,"href":"https:\/\/www.adac971.com\/index.php\/wp-json\/wp\/v2\/users\/1"}],"replies":[{"embeddable":true,"href":"https:\/\/www.adac971.com\/index.php\/wp-json\/wp\/v2\/comments?post=76870"}],"version-history":[{"count":8,"href":"https:\/\/www.adac971.com\/index.php\/wp-json\/wp\/v2\/pages\/76870\/revisions"}],"predecessor-version":[{"id":76888,"href":"https:\/\/www.adac971.com\/index.php\/wp-json\/wp\/v2\/pages\/76870\/revisions\/76888"}],"wp:attachment":[{"href":"https:\/\/www.adac971.com\/index.php\/wp-json\/wp\/v2\/media?parent=76870"}],"curies":[{"name":"wp","href":"https:\/\/api.w.org\/{rel}","templated":true}]}}