{"id":76351,"date":"2020-10-15T12:15:59","date_gmt":"2020-10-15T10:15:59","guid":{"rendered":"http:\/\/adaccomumu.cluster028.hosting.ovh.net\/?page_id=76351"},"modified":"2020-10-15T12:29:44","modified_gmt":"2020-10-15T10:29:44","slug":"reglement","status":"publish","type":"page","link":"https:\/\/www.adac971.com\/index.php\/reglement\/","title":{"rendered":"R\u00e8glement du parainage"},"content":{"rendered":"\t\t<div data-elementor-type=\"wp-page\" data-elementor-id=\"76351\" class=\"elementor elementor-76351\" data-elementor-settings=\"[]\">\n\t\t\t\t\t\t<div class=\"elementor-inner\">\n\t\t\t\t\t\t\t<div class=\"elementor-section-wrap\">\n\t\t\t\t\t\t\t<section class=\"elementor-section elementor-top-section elementor-element elementor-element-182d15ba elementor-section-boxed elementor-section-height-default elementor-section-height-default\" data-id=\"182d15ba\" data-element_type=\"section\">\n\t\t\t\t\t\t<div class=\"elementor-container elementor-column-gap-default\">\n\t\t\t\t\t\t\t<div class=\"elementor-row\">\n\t\t\t\t\t<div class=\"elementor-column elementor-col-100 elementor-top-column elementor-element elementor-element-634f0ba3\" data-id=\"634f0ba3\" data-element_type=\"column\">\n\t\t\t<div class=\"elementor-column-wrap elementor-element-populated\">\n\t\t\t\t\t\t\t<div class=\"elementor-widget-wrap\">\n\t\t\t\t\t\t<div class=\"elementor-element elementor-element-78904817 elementor-widget elementor-widget-text-editor\" data-id=\"78904817\" data-element_type=\"widget\" data-widget_type=\"text-editor.default\">\n\t\t\t\t<div class=\"elementor-widget-container\">\n\t\t\t\t\t<div class=\"elementor-text-editor elementor-clearfix\"><p>[vc_row][vc_column][vc_column_text]<\/p>\n<h3><b>Article 1 : Association organisatrice<\/b><\/h3>\n<p>L\u2019op\u00e9ration de parrainage est organis\u00e9e par l\u2019association ADAC 971, \u00e9tablie au b\u00e2timent n\u00b01, r\u00e9sidence Garrido, boulevard Patrick Saint-Eloi 97139 aux Abymes. Celle-ci est immatricul\u00e9e en pr\u00e9fecture de Guadeloupe sous le n\u00b0 W9G1003098 (Siret n\u00b0 817639396 00016).<\/p>\n<h3><b>Article 2 : Dates et d\u00e9lais de l\u2019op\u00e9ration de parrainage<\/b><\/h3>\n<p>L\u2019op\u00e9ration de parrainage se d\u00e9roule \u00e0 partir du 01\/08\/2020. L\u2019ADAC 971 se r\u00e9servant le droit de modifier le pr\u00e9sent r\u00e8glement et en particulier les dates de l\u2019op\u00e9ration sans pr\u00e9avis.<\/p>\n<h3><b>Article 3 : Conditions de participation<\/b><\/h3>\n<p><span class=\"PBNumber\">Pour les Parrains ou Marraines&nbsp;<\/span><\/p>\n<p>1. Avoir au moins 18 ans;<\/p>\n<p>2. Disposer d\u2019un abonnement actif (c\u2019est-\u00e0-dire \u00e0 jour) ;<\/p>\n<p>3. Ne parrainer que des filleuls \u00e0 titre individuel, c\u2019est-\u00e0-dire \u00e0 l\u2019exclusion de structures (CSE, administrations, entreprises, associations, etc\u2026).<\/p>\n<p>Outre les conditions pr\u00e9cit\u00e9es, il est pr\u00e9cis\u00e9 qu\u2019une personne r\u00e9pondant \u00e0 la d\u00e9finition de Parrain ne peut se parrainer elle-m\u00eame.<\/p>\n<p><span class=\"PBColHead\"><span class=\"PBNumber\">Pour les Filleul(e)s&nbsp;<\/span><br><\/span><\/p>\n<p>1. Avoir au moins 18 ans;<\/p>\n<p>2. Ne pas avoir dispos\u00e9 au cours des douze (12) mois pr\u00e9c\u00e9dant la demande de Parrainage d\u2019un abonnement \u00e0 l\u2019ADAC 971 ;<\/p>\n<p>3. Avoir imp\u00e9rativement utilis\u00e9 l\u2019interface de Parrainage pr\u00e9vue \u00e0 cet effet sur la page Internet&nbsp;<a href=\"http:\/\/www.adac971.com\/filleul\">Adac971.com\/filleul<\/a><\/p>\n<p>Il est express\u00e9ment pr\u00e9cis\u00e9 que les administrateurs de l\u2019ADAC 971, ses personnels, ses intervenants, ses sous-traitants ou partenaires, ne sont pas autoris\u00e9s \u00e0 participer \u00e0 l\u2019op\u00e9ration de Parrainage, \u00e0 quelque titre que ce soit, pendant toute la dur\u00e9e du contrat les liant \u00e0 leur employeur\/client ou \u00e0 l\u2019ADAC 971, quelle que soit la nature du contrat, et du lien direct ou indirect avec l\u2019organisme.<\/p>\n<p>La seule participation au Parrainage vaut acceptation de la part des participants \u00e0 l\u2019op\u00e9ration de Parrainage des termes du pr\u00e9sent R\u00e8glement.<\/p>\n<p>Nonobstant cette acceptation, les participants \u00e0 l\u2019op\u00e9ration de Parrainage reconnaissent respecter la l\u00e9gislation et la r\u00e9glementation en vigueur applicables en France.<\/p>\n<p><span style=\"color: rgb(226, 101, 0); font-family: &quot;Fjalla One&quot;, sans-serif; font-size: 16px; font-style: normal; font-weight: 400; background-color: rgb(248, 248, 248);\">Article 4 \u2013 Modalit\u00e9s de Parrainage<\/span><br><\/p>\n<p><\/p>\n<p>[\/vc_column_text][\/vc_column][\/vc_row]<\/p><\/div>\n\t\t\t\t<\/div>\n\t\t\t\t<\/div>\n\t\t\t\t\t\t<\/div>\n\t\t\t\t\t<\/div>\n\t\t<\/div>\n\t\t\t\t\t\t\t\t<\/div>\n\t\t\t\t\t<\/div>\n\t\t<\/section>\n\t\t\t\t\t\t<\/div>\n\t\t\t\t\t\t<\/div>\n\t\t\t\t\t<\/div>\n\t\t","protected":false},"excerpt":{"rendered":"<p>[vc_row][vc_column][vc_column_text] Article 1 : Association organisatrice L\u2019op\u00e9ration de parrainage est organis\u00e9e par l\u2019association ADAC 971, \u00e9tablie au b\u00e2timent n\u00b01, r\u00e9sidence Garrido, boulevard Patrick Saint-Eloi 97139 aux Abymes. Celle-ci est immatricul\u00e9e en pr\u00e9fecture de Guadeloupe sous le n\u00b0 W9G1003098 (Siret n\u00b0 817639396 00016). Article 2 : Dates et d\u00e9lais de l\u2019op\u00e9ration de parrainage L\u2019op\u00e9ration de parrainage [&hellip;]<\/p>\n","protected":false},"author":1,"featured_media":0,"parent":0,"menu_order":0,"comment_status":"closed","ping_status":"closed","template":"","meta":[],"_links":{"self":[{"href":"https:\/\/www.adac971.com\/index.php\/wp-json\/wp\/v2\/pages\/76351"}],"collection":[{"href":"https:\/\/www.adac971.com\/index.php\/wp-json\/wp\/v2\/pages"}],"about":[{"href":"https:\/\/www.adac971.com\/index.php\/wp-json\/wp\/v2\/types\/page"}],"author":[{"embeddable":true,"href":"https:\/\/www.adac971.com\/index.php\/wp-json\/wp\/v2\/users\/1"}],"replies":[{"embeddable":true,"href":"https:\/\/www.adac971.com\/index.php\/wp-json\/wp\/v2\/comments?post=76351"}],"version-history":[{"count":5,"href":"https:\/\/www.adac971.com\/index.php\/wp-json\/wp\/v2\/pages\/76351\/revisions"}],"predecessor-version":[{"id":76356,"href":"https:\/\/www.adac971.com\/index.php\/wp-json\/wp\/v2\/pages\/76351\/revisions\/76356"}],"wp:attachment":[{"href":"https:\/\/www.adac971.com\/index.php\/wp-json\/wp\/v2\/media?parent=76351"}],"curies":[{"name":"wp","href":"https:\/\/api.w.org\/{rel}","templated":true}]}}