{"id":76292,"date":"2020-10-06T15:40:32","date_gmt":"2020-10-06T13:40:32","guid":{"rendered":"http:\/\/adaccomumu.cluster028.hosting.ovh.net\/?page_id=76292"},"modified":"2020-10-06T20:58:05","modified_gmt":"2020-10-06T18:58:05","slug":"formulaire-de-desabonnement","status":"publish","type":"page","link":"https:\/\/www.adac971.com\/index.php\/formulaire-de-desabonnement\/","title":{"rendered":"Formulaire de d\u00e9sabonnement"},"content":{"rendered":"<p>[vc_row][vc_column width=\u00a0\u00bb1\/2&Prime;][vc_single_image image=\u00a0\u00bb76299&Prime; img_size=\u00a0\u00bblarge\u00a0\u00bb][vc_row_inner css=\u00a0\u00bb.vc_custom_1433413594838{margin-bottom: 40px !important;}\u00a0\u00bb][vc_column_inner][\/vc_column_inner][\/vc_row_inner][\/vc_column][vc_column width=\u00a0\u00bb1\/2&Prime;]<div class=\"wpforms-container wpforms-container-full\" id=\"wpforms-76291\"><form id=\"wpforms-form-76291\" class=\"wpforms-validate wpforms-form\" data-formid=\"76291\" method=\"post\" enctype=\"multipart\/form-data\" action=\"\/index.php\/wp-json\/wp\/v2\/pages\/76292\" data-token=\"f2c940e4284335a5ac830af5eef0ed20\"><noscript class=\"wpforms-error-noscript\">Veuillez activer JavaScript dans votre navigateur pour remplir ce formulaire.<\/noscript><div class=\"wpforms-field-container\"><div id=\"wpforms-76291-field_0-container\" class=\"wpforms-field wpforms-field-name\" data-field-id=\"0\"><label class=\"wpforms-field-label\" for=\"wpforms-76291-field_0\">Contact <span class=\"wpforms-required-label\">*<\/span><\/label><div class=\"wpforms-field-row wpforms-field-large\"><div class=\"wpforms-field-row-block wpforms-first wpforms-one-half\"><input type=\"text\" id=\"wpforms-76291-field_0\" class=\"wpforms-field-name-first wpforms-field-required\" name=\"wpforms[fields][0][first]\" required><label for=\"wpforms-76291-field_0\" class=\"wpforms-field-sublabel after \">Pr\u00e9nom<\/label><\/div><div class=\"wpforms-field-row-block wpforms-one-half\"><input type=\"text\" id=\"wpforms-76291-field_0-last\" class=\"wpforms-field-name-last wpforms-field-required\" name=\"wpforms[fields][0][last]\" required><label for=\"wpforms-76291-field_0-last\" class=\"wpforms-field-sublabel after \">Nom<\/label><\/div><\/div><\/div><div id=\"wpforms-76291-field_3-container\" class=\"wpforms-field wpforms-field-phone\" data-field-id=\"3\"><label class=\"wpforms-field-label\" for=\"wpforms-76291-field_3\">T\u00e9l\u00e9phone <span class=\"wpforms-required-label\">*<\/span><\/label><input type=\"tel\" id=\"wpforms-76291-field_3\" class=\"wpforms-field-medium wpforms-field-required wpforms-smart-phone-field\" data-rule-smart-phone-field=\"true\" name=\"wpforms[fields][3]\" required><\/div><div id=\"wpforms-76291-field_4-container\" class=\"wpforms-field wpforms-field-text\" data-field-id=\"4\"><label class=\"wpforms-field-label\" for=\"wpforms-76291-field_4\">N\u00b0 de carte <span class=\"wpforms-required-label\">*<\/span><\/label><input type=\"text\" id=\"wpforms-76291-field_4\" class=\"wpforms-field-medium wpforms-field-required\" name=\"wpforms[fields][4]\" required><\/div><div id=\"wpforms-76291-field_1-container\" class=\"wpforms-field wpforms-field-email\" data-field-id=\"1\"><label class=\"wpforms-field-label\" for=\"wpforms-76291-field_1\">Email <span class=\"wpforms-required-label\">*<\/span><\/label><input type=\"email\" id=\"wpforms-76291-field_1\" class=\"wpforms-field-medium wpforms-field-required\" name=\"wpforms[fields][1]\" required><\/div><div id=\"wpforms-76291-field_5-container\" class=\"wpforms-field wpforms-field-select wpforms-field-select-style-classic\" data-field-id=\"5\"><label class=\"wpforms-field-label\" for=\"wpforms-76291-field_5\">Motif <span class=\"wpforms-required-label\">*<\/span><\/label><select id=\"wpforms-76291-field_5\" class=\"wpforms-field-medium wpforms-field-required\" name=\"wpforms[fields][5]\" required=\"required\"><option value=\"Je ne me sers pas de la carte\" >Je ne me sers pas de la carte<\/option><option value=\"Il n&#039;y a pas assez de magasins affili\u00e9s\" >Il n&#039;y a pas assez de magasins affili\u00e9s<\/option><option value=\"Les \u00e9conomies r\u00e9alis\u00e9es ne sont pas satisfaisantes\" >Les \u00e9conomies r\u00e9alis\u00e9es ne sont pas satisfaisantes<\/option><option value=\"Les r\u00e9ductions de sont pas assez \u00e9lev\u00e9es\" >Les r\u00e9ductions de sont pas assez \u00e9lev\u00e9es<\/option><option value=\"La carte est trop ch\u00e8re\" >La carte est trop ch\u00e8re<\/option><option value=\"Je quitte la Guadeloupe\" >Je quitte la Guadeloupe<\/option><\/select><div class=\"wpforms-field-description\">DItes nous pourquoi vous ne souhaitez pas renouveler votre abonnement afin que nous puissions am\u00e9liorer nos services.<\/div><\/div><div id=\"wpforms-76291-field_2-container\" class=\"wpforms-field wpforms-field-textarea\" data-field-id=\"2\"><label class=\"wpforms-field-label\" for=\"wpforms-76291-field_2\">Message<\/label><textarea id=\"wpforms-76291-field_2\" class=\"wpforms-field-medium\" name=\"wpforms[fields][2]\" ><\/textarea><\/div><\/div><div class=\"wpforms-submit-container\" ><input type=\"hidden\" name=\"wpforms[id]\" value=\"76291\"><input type=\"hidden\" name=\"wpforms[author]\" value=\"1\"><button type=\"submit\" name=\"wpforms[submit]\" class=\"wpforms-submit \" id=\"wpforms-submit-76291\" value=\"wpforms-submit\" aria-live=\"assertive\" data-alt-text=\"envoi en cours .....\" data-submit-text=\"ENVOYER\">ENVOYER<\/button><\/div><\/form><\/div>  <!-- .wpforms-container -->[vc_custom_heading text=\u00a0\u00bbRetrouvez-nous :\u00a0\u00bb font_container=\u00a0\u00bbtag:h2|font_size:20|text_align:left\u00a0\u00bb el_class=\u00a0\u00bbheading-title-3&Prime;][vc_column_text]<\/p>\n<div class=\"contact-info\"><i class=\"fa fa-map-marker\"><\/i> avenue Patrick Saint-Eloi 97139 Abymes, Guadeloupe<br \/><i class=\"fa fa-phone\"><\/i> 0590 88 58 83<br \/><i class=\"fa fa-envelope\"><\/i> contact@adac971.com<br \/><i class=\"fa fa-clock-o\"><\/i> Lundi au Jeudi : 8:30 &#8211; 13:30, Vendredi 8:30 &#8211; 12h30<\/div>\n<p>[\/vc_column_text][\/vc_column][\/vc_row]<\/p>\n","protected":false},"excerpt":{"rendered":"<p>[vc_row][vc_column width=\u00a0\u00bb1\/2&Prime;][vc_single_image image=\u00a0\u00bb76299&Prime; img_size=\u00a0\u00bblarge\u00a0\u00bb][vc_row_inner css=\u00a0\u00bb.vc_custom_1433413594838{margin-bottom: 40px !important;}\u00a0\u00bb][vc_column_inner][\/vc_column_inner][\/vc_row_inner][\/vc_column][vc_column width=\u00a0\u00bb1\/2&Prime;][vc_custom_heading text=\u00a0\u00bbRetrouvez-nous :\u00a0\u00bb font_container=\u00a0\u00bbtag:h2|font_size:20|text_align:left\u00a0\u00bb el_class=\u00a0\u00bbheading-title-3&Prime;][vc_column_text] avenue Patrick Saint-Eloi 97139 Abymes, Guadeloupe 0590 88 58 83 contact@adac971.com Lundi au Jeudi : 8:30 &#8211; 13:30, Vendredi 8:30 &#8211; 12h30 [\/vc_column_text][\/vc_column][\/vc_row]<\/p>\n","protected":false},"author":1,"featured_media":0,"parent":0,"menu_order":0,"comment_status":"closed","ping_status":"closed","template":"","meta":[],"_links":{"self":[{"href":"https:\/\/www.adac971.com\/index.php\/wp-json\/wp\/v2\/pages\/76292"}],"collection":[{"href":"https:\/\/www.adac971.com\/index.php\/wp-json\/wp\/v2\/pages"}],"about":[{"href":"https:\/\/www.adac971.com\/index.php\/wp-json\/wp\/v2\/types\/page"}],"author":[{"embeddable":true,"href":"https:\/\/www.adac971.com\/index.php\/wp-json\/wp\/v2\/users\/1"}],"replies":[{"embeddable":true,"href":"https:\/\/www.adac971.com\/index.php\/wp-json\/wp\/v2\/comments?post=76292"}],"version-history":[{"count":7,"href":"https:\/\/www.adac971.com\/index.php\/wp-json\/wp\/v2\/pages\/76292\/revisions"}],"predecessor-version":[{"id":76298,"href":"https:\/\/www.adac971.com\/index.php\/wp-json\/wp\/v2\/pages\/76292\/revisions\/76298"}],"wp:attachment":[{"href":"https:\/\/www.adac971.com\/index.php\/wp-json\/wp\/v2\/media?parent=76292"}],"curies":[{"name":"wp","href":"https:\/\/api.w.org\/{rel}","templated":true}]}}