{"id":75619,"date":"2020-09-07T08:13:47","date_gmt":"2020-09-07T06:13:47","guid":{"rendered":"http:\/\/adaccomumu.cluster028.hosting.ovh.net\/?page_id=75619"},"modified":"2020-09-07T08:24:11","modified_gmt":"2020-09-07T06:24:11","slug":"gwadaboom","status":"publish","type":"page","link":"https:\/\/www.adac971.com\/index.php\/gwadaboom\/","title":{"rendered":"GWADABOOM"},"content":{"rendered":"\n<figure class=\"wp-block-image is-resized\"><img loading=\"lazy\" src=\"https:\/\/scontent.ffdf3-1.fna.fbcdn.net\/v\/t1.0-9\/104539442_3138733199521352_3502488976726378249_o.png?_nc_cat=101&amp;_nc_sid=09cbfe&amp;_nc_ohc=K4YT8W8L7K4AX8B_ysh&amp;_nc_ht=scontent.ffdf3-1.fna&amp;oh=8841bb389108cfc4265c981d4c5b80d7&amp;oe=5F7C8D8E\" alt=\"\" width=\"250\" height=\"250\"\/><\/figure>\n\n\n\n<h2>Aire de jeux et animations pour enfants en Guadeloupe<\/h2>\n\n\n\n<p><span class=\"has-inline-color has-luminous-vivid-orange-color\">50% de r\u00e9duction s<strong>ur le prix de l&rsquo;entr\u00e9e (jusqu&rsquo;\u00e0 3 personnes). <strong>(hors promotions, garderie et \u00e9v\u00e9nements\u00a0sp\u00e9ciaux)<\/strong>\u00a0<\/strong><\/span><\/p>\n\n\n\n<p>GWADABOUM OUVERT TOUS LES JOURS SAUF LE LUNDI !!<\/p>\n\n\n\n<figure class=\"wp-block-image\"><img src=\"http:\/\/www.gwadaboum.com\/images\/accueil.jpg\" alt=\"\"\/><\/figure>\n\n\n\n<h3>6 P\u00d4LES DE JEUX ET POUR TOUS LES \u00c2GES :<\/h3>\n\n\n\n<ul><li>0-3 ans : l\u2019espace Baby<\/li><li>4-12 ans : l\u2019espace aventure<\/li><li>l\u2019espace Grand D\u00e9foulement<\/li><li>la piste de mini-karts \u00e9lectriques<\/li><li>trampoline et l\u00e9gos g\u00e9ants<\/li><li>un espace sp\u00e9cial pour f\u00eater ton anniversaire<\/li><\/ul>\n\n\n\n<figure class=\"wp-block-table\"><table><tbody><tr><td>LES HORAIRES&nbsp;:<br>Pendant la p\u00e9riode scolaire<br>Mercredi\/Samedi\/Dimanche de 10h \u00e0 19h, jusqu&rsquo;\u00e0 20h le samedi<br><br>Pendant les vacances scolaires + jours f\u00e9ri\u00e9s\/ch\u00f4m\u00e9s<br>7j\/7 de 10H \u00e0 19H et 10H \u00e0 20h les vendredi et samedi<br>Juillet\/a\u00f4ut : Ferm\u00e9 le lundi<\/td><td>R\u00c9USSIR 1 SORTIE EN FAMILLE OU ENTRE AMIS EN GUADELOUPE&nbsp;?&nbsp;<a href=\"http:\/\/www.gwadaboum.com\/contact.php\">GWADABOUM&nbsp;!<\/a><br><br>UN ESPACE COUVERT ET CLIMATIS\u00c9 DE JEUX G\u00c9ANTS POUR LES ENFANTS DE 0 \u00c0 12 ANS<\/td><\/tr><\/tbody><\/table><\/figure>\n","protected":false},"excerpt":{"rendered":"<p>Aire de jeux et animations pour enfants en Guadeloupe 50% de r\u00e9duction sur le prix de l&rsquo;entr\u00e9e (jusqu&rsquo;\u00e0 3 personnes). (hors promotions, garderie et \u00e9v\u00e9nements\u00a0sp\u00e9ciaux)\u00a0 GWADABOUM OUVERT TOUS LES JOURS SAUF LE LUNDI !! 6 P\u00d4LES DE JEUX ET POUR TOUS LES \u00c2GES : 0-3 ans : l\u2019espace Baby 4-12 ans : l\u2019espace aventure l\u2019espace [&hellip;]<\/p>\n","protected":false},"author":1,"featured_media":75622,"parent":0,"menu_order":1,"comment_status":"closed","ping_status":"closed","template":"","meta":[],"_links":{"self":[{"href":"https:\/\/www.adac971.com\/index.php\/wp-json\/wp\/v2\/pages\/75619"}],"collection":[{"href":"https:\/\/www.adac971.com\/index.php\/wp-json\/wp\/v2\/pages"}],"about":[{"href":"https:\/\/www.adac971.com\/index.php\/wp-json\/wp\/v2\/types\/page"}],"author":[{"embeddable":true,"href":"https:\/\/www.adac971.com\/index.php\/wp-json\/wp\/v2\/users\/1"}],"replies":[{"embeddable":true,"href":"https:\/\/www.adac971.com\/index.php\/wp-json\/wp\/v2\/comments?post=75619"}],"version-history":[{"count":1,"href":"https:\/\/www.adac971.com\/index.php\/wp-json\/wp\/v2\/pages\/75619\/revisions"}],"predecessor-version":[{"id":75620,"href":"https:\/\/www.adac971.com\/index.php\/wp-json\/wp\/v2\/pages\/75619\/revisions\/75620"}],"wp:featuredmedia":[{"embeddable":true,"href":"https:\/\/www.adac971.com\/index.php\/wp-json\/wp\/v2\/media\/75622"}],"wp:attachment":[{"href":"https:\/\/www.adac971.com\/index.php\/wp-json\/wp\/v2\/media?parent=75619"}],"curies":[{"name":"wp","href":"https:\/\/api.w.org\/{rel}","templated":true}]}}