{"id":75451,"date":"2020-09-07T05:54:28","date_gmt":"2020-09-07T03:54:28","guid":{"rendered":"http:\/\/adaccomumu.cluster028.hosting.ovh.net\/?page_id=75451"},"modified":"2020-10-15T11:38:24","modified_gmt":"2020-10-15T09:38:24","slug":"protection-vie-privee","status":"publish","type":"page","link":"https:\/\/www.adac971.com\/index.php\/protection-vie-privee\/","title":{"rendered":"Politique de protection de la vie priv\u00e9e"},"content":{"rendered":"<p>[vc_row][vc_column][vc_column_text]<\/p>\r\n<figure class=\"wp-block-table is-style-stripes\">\r\n<p>Vos informations personnelles seront conserv\u00e9es pendant toute la dur\u00e9e de votre abonnement.<\/p>\r\n<p>&nbsp;<\/p>\r\n<p>Pendant cette p\u00e9riode, nous mettons en place tous moyens aptes \u00e0 assurer la confidentialit\u00e9 et la s\u00e9curit\u00e9 de vos donn\u00e9es, de mani\u00e8re \u00e0 emp\u00eacher leur endommagement, effacement ou acc\u00e8s par des tiers non autoris\u00e9s.<\/p>\r\n<p>&nbsp;<\/p>\r\n<p>L&rsquo;acc\u00e8s \u00e0 vos donn\u00e9es personnelles est strictement limit\u00e9 \u00e0 notre personnel administratif et, le cas \u00e9ch\u00e9ant, \u00e0 nos partenaires ou sous-traitants. Ceux-ci sont soumis \u00e0 une obligation de confidentialit\u00e9 et ne peuvent utiliser vos donn\u00e9es qu\u2019en conformit\u00e9 avec nos dispositions contractuelles et la l\u00e9gislation applicable.<\/p>\r\n<p>En dehors des cas \u00e9nonc\u00e9s ci-dessus, nous nous engageons \u00e0 ne pas vendre, louer, c\u00e9der ni donner acc\u00e8s \u00e0 des tiers \u00e0 vos donn\u00e9es sans votre consentement pr\u00e9alable, \u00e0 moins d\u2019y \u00eatre contraints en raison d\u2019un motif l\u00e9gitime (obligation l\u00e9gale, lutte contre la fraude ou l\u2019abus, exercice des droits de la d\u00e9fense, etc.).<\/p>\r\n<p>Conform\u00e9ment \u00e0 la loi \u00ab informatique et libert\u00e9s \u00bb du 6 janvier 1978 modifi\u00e9e et au R\u00e8glement europ\u00e9en n\u00b02016\/679\/UE du 27 avril 2016 (applicable d\u00e8s le 25 mai 2018), vous b\u00e9n\u00e9ficiez d\u2019un droit d\u2019acc\u00e8s, de rectification, de portabilit\u00e9 et d\u2019effacement de vos donn\u00e9es ou encore de limitation du traitement.<\/p>\r\n<p>Vous pouvez \u00e9galement, pour des motifs l\u00e9gitimes, vous opposer au traitement des donn\u00e9es vous concernant. Vous pouvez, sous r\u00e9serve de la production d\u2019un justificatif d\u2019identit\u00e9 valide, exercer vos droits en contactant Alexandre SEGOR \u00e0\u00a0<strong>alexandre.segor@adac971.com<\/strong>.<\/p>\r\n<p>Pour toute information compl\u00e9mentaire ou r\u00e9clamation, vous pouvez contacter la Commission Nationale de l\u2019Informatique et des Libert\u00e9s (plus d\u2019informations sur www.cnil.fr).<\/p>\r\n<p>Enfin, nous vous informons de l\u2019existence de la liste d&rsquo;opposition au d\u00e9marchage t\u00e9l\u00e9phonique \u00ab Bloctel \u00bb, sur laquelle vous pouvez vous inscrire (https:\/\/conso.bloctel.fr\/). \u00bb<\/p>\r\n<\/figure>\r\n<p>[\/vc_column_text][\/vc_column][\/vc_row]<\/p>","protected":false},"excerpt":{"rendered":"<p>[vc_row][vc_column][vc_column_text] Vos informations personnelles seront conserv\u00e9es pendant toute la dur\u00e9e de votre abonnement. &nbsp; Pendant cette p\u00e9riode, nous mettons en place tous moyens aptes \u00e0 assurer la confidentialit\u00e9 et la s\u00e9curit\u00e9 de vos donn\u00e9es, de mani\u00e8re \u00e0 emp\u00eacher leur endommagement, effacement ou acc\u00e8s par des tiers non autoris\u00e9s. &nbsp; L&rsquo;acc\u00e8s \u00e0 vos donn\u00e9es personnelles est [&hellip;]<\/p>\n","protected":false},"author":1,"featured_media":0,"parent":0,"menu_order":0,"comment_status":"closed","ping_status":"closed","template":"","meta":[],"_links":{"self":[{"href":"https:\/\/www.adac971.com\/index.php\/wp-json\/wp\/v2\/pages\/75451"}],"collection":[{"href":"https:\/\/www.adac971.com\/index.php\/wp-json\/wp\/v2\/pages"}],"about":[{"href":"https:\/\/www.adac971.com\/index.php\/wp-json\/wp\/v2\/types\/page"}],"author":[{"embeddable":true,"href":"https:\/\/www.adac971.com\/index.php\/wp-json\/wp\/v2\/users\/1"}],"replies":[{"embeddable":true,"href":"https:\/\/www.adac971.com\/index.php\/wp-json\/wp\/v2\/comments?post=75451"}],"version-history":[{"count":2,"href":"https:\/\/www.adac971.com\/index.php\/wp-json\/wp\/v2\/pages\/75451\/revisions"}],"predecessor-version":[{"id":76341,"href":"https:\/\/www.adac971.com\/index.php\/wp-json\/wp\/v2\/pages\/75451\/revisions\/76341"}],"wp:attachment":[{"href":"https:\/\/www.adac971.com\/index.php\/wp-json\/wp\/v2\/media?parent=75451"}],"curies":[{"name":"wp","href":"https:\/\/api.w.org\/{rel}","templated":true}]}}